{"id":3125,"date":"2022-04-08T14:24:33","date_gmt":"2022-04-08T12:24:33","guid":{"rendered":"https:\/\/luaresort.com\/recenzie-hosti\/"},"modified":"2025-08-23T10:37:52","modified_gmt":"2025-08-23T08:37:52","slug":"recenzie-hosti","status":"publish","type":"page","link":"https:\/\/luaresort.com\/sk\/recenzie-hosti\/","title":{"rendered":"Recenzie host\u00ed"},"content":{"rendered":"\n<p>Kvalita je ukryt\u00e1 v detailoch.<\/p>\n\n<p>Okrem poskytovania vysokokvalitn\u00fdch a personalizovan\u00fdch slu\u017eieb venujeme ve\u013ek\u00fa pozornos\u0165 neust\u00e1lemu zlep\u0161ovaniu a rozvoju. Pode\u013ete sa s nami o svoje sk\u00fasenosti, pripomienky a n\u00e1vrhy, aby sme va\u0161u sp\u00e4tn\u00fa v\u00e4zbu mohli vyu\u017ei\u0165 na neust\u00e1le zlep\u0161ovanie na\u0161ich slu\u017eieb a aby ste pri \u010fal\u0161ej n\u00e1v\u0161teve boli e\u0161te spokojnej\u0161\u00ed.<\/p>\n\n<p><\/p>\n\n<script>  \r\n  var hotel = 'luaresort'; \/\/ a sz\u00e1ll\u00e1shely rendszerben haszn\u00e1lt azonos\u00edt\u00f3ja\r\n  var lang = 'sk'; \/\/ a vend\u00e9gv\u00e9lem\u00e9nyek oldal nyelve (gombok, feliratok)\r\n  var view = 5; \/\/ megjelen\u0151 vend\u00e9gv\u00e9lem\u00e9nyek sz\u00e1ma az oldal bet\u00f6lt\u00e9st k\u00f6vet\u0151en\r\n  var step = 5; \/\/ tov\u00e1bbi v\u00e9lem\u00e9nyek bet\u00f6lt\u00e9sekor alkalmazand\u00f3 mennyis\u00e9gi korl\u00e1t\r\n  var color = '8A6D4B'; \/\/ egyedi sz\u00edn hexadecim\u00e1lis sz\u00ednk\u00f3dja \u2018#\u2019 jel n\u00e9lk\u00fcl\r\n<\/script>\r\n<script src=\"https:\/\/nethotelbooking.net\/embedsp.js\"><\/script>\r\n","protected":false},"excerpt":{"rendered":"<p>Kvalita je ukryt\u00e1 v detailoch. Okrem poskytovania vysokokvalitn\u00fdch a personalizovan\u00fdch slu\u017eieb venujeme ve\u013ek\u00fa pozornos\u0165 neust\u00e1lemu zlep\u0161ovaniu a rozvoju. Pode\u013ete sa s nami o svoje sk\u00fasenosti, pripomienky a n\u00e1vrhy, aby sme va\u0161u sp\u00e4tn\u00fa v\u00e4zbu mohli vyu\u017ei\u0165 na neust\u00e1le zlep\u0161ovanie na\u0161ich slu\u017eieb a aby ste pri \u010fal\u0161ej n\u00e1v\u0161teve boli e\u0161te spokojnej\u0161\u00ed.<\/p>\n","protected":false},"author":1,"featured_media":0,"parent":0,"menu_order":0,"comment_status":"closed","ping_status":"closed","template":"","meta":{"inline_featured_image":false,"footnotes":""},"class_list":["post-3125","page","type-page","status-publish","hentry"],"acf":[],"yoast_head":"<!-- This site is optimized with the Yoast SEO plugin v25.8 - https:\/\/yoast.com\/wordpress\/plugins\/seo\/ -->\n<title>Recenzie host\u00ed - LUA Resort Balatonf\u00fcred<\/title>\n<meta name=\"robots\" content=\"index, follow, max-snippet:-1, max-image-preview:large, max-video-preview:-1\" \/>\n<link rel=\"canonical\" href=\"https:\/\/luaresort.com\/sk\/recenzie-hosti\/\" \/>\n<meta property=\"og:locale\" content=\"sk_SK\" \/>\n<meta property=\"og:type\" content=\"article\" \/>\n<meta property=\"og:title\" content=\"Recenzie host\u00ed - LUA Resort Balatonf\u00fcred\" \/>\n<meta property=\"og:description\" content=\"Kvalita je ukryt\u00e1 v detailoch. Okrem poskytovania vysokokvalitn\u00fdch a personalizovan\u00fdch slu\u017eieb venujeme ve\u013ek\u00fa pozornos\u0165 neust\u00e1lemu zlep\u0161ovaniu a rozvoju. Pode\u013ete sa s nami o svoje sk\u00fasenosti, pripomienky a n\u00e1vrhy, aby sme va\u0161u sp\u00e4tn\u00fa v\u00e4zbu mohli vyu\u017ei\u0165 na neust\u00e1le zlep\u0161ovanie na\u0161ich slu\u017eieb a aby ste pri \u010fal\u0161ej n\u00e1v\u0161teve boli e\u0161te spokojnej\u0161\u00ed.\" \/>\n<meta property=\"og:url\" content=\"https:\/\/luaresort.com\/sk\/recenzie-hosti\/\" \/>\n<meta property=\"og:site_name\" content=\"LUA Resort Balatonf\u00fcred\" \/>\n<meta property=\"article:publisher\" content=\"https:\/\/www.facebook.com\/luaresort\" \/>\n<meta property=\"article:modified_time\" content=\"2025-08-23T08:37:52+00:00\" \/>\n<meta name=\"twitter:card\" content=\"summary_large_image\" \/>\n<script type=\"application\/ld+json\" class=\"yoast-schema-graph\">{\"@context\":\"https:\/\/schema.org\",\"@graph\":[{\"@type\":\"WebPage\",\"@id\":\"https:\/\/luaresort.com\/sk\/recenzie-hosti\/\",\"url\":\"https:\/\/luaresort.com\/sk\/recenzie-hosti\/\",\"name\":\"Recenzie host\u00ed - LUA Resort Balatonf\u00fcred\",\"isPartOf\":{\"@id\":\"https:\/\/luaresort.com\/sk\/#website\"},\"datePublished\":\"2022-04-08T12:24:33+00:00\",\"dateModified\":\"2025-08-23T08:37:52+00:00\",\"breadcrumb\":{\"@id\":\"https:\/\/luaresort.com\/sk\/recenzie-hosti\/#breadcrumb\"},\"inLanguage\":\"sk-SK\",\"potentialAction\":[{\"@type\":\"ReadAction\",\"target\":[\"https:\/\/luaresort.com\/sk\/recenzie-hosti\/\"]}]},{\"@type\":\"BreadcrumbList\",\"@id\":\"https:\/\/luaresort.com\/sk\/recenzie-hosti\/#breadcrumb\",\"itemListElement\":[{\"@type\":\"ListItem\",\"position\":1,\"name\":\"Kezd\u0151lap\",\"item\":\"https:\/\/luaresort.com\/sk\/\"},{\"@type\":\"ListItem\",\"position\":2,\"name\":\"Recenzie host\u00ed\"}]},{\"@type\":\"WebSite\",\"@id\":\"https:\/\/luaresort.com\/sk\/#website\",\"url\":\"https:\/\/luaresort.com\/sk\/\",\"name\":\"LUA Resort Balatonf\u00fcred\",\"description\":\"LUA Resort***** Balatonf\u00fcred. Az \u00faj resort sz\u00e1llod\u00e1j\u00e1ban a j\u00f3l\u00e9t j\u00f3ll\u00e9ttel p\u00e1rosul. Felel\u0151s hedonizmus, fenntarthat\u00f3 luxus, szem\u00e9lyre szabott szolg\u00e1ltat\u00e1sok.\",\"publisher\":{\"@id\":\"https:\/\/luaresort.com\/sk\/#organization\"},\"potentialAction\":[{\"@type\":\"SearchAction\",\"target\":{\"@type\":\"EntryPoint\",\"urlTemplate\":\"https:\/\/luaresort.com\/sk\/?s={search_term_string}\"},\"query-input\":{\"@type\":\"PropertyValueSpecification\",\"valueRequired\":true,\"valueName\":\"search_term_string\"}}],\"inLanguage\":\"sk-SK\"},{\"@type\":\"Organization\",\"@id\":\"https:\/\/luaresort.com\/sk\/#organization\",\"name\":\"LUA Resort\",\"url\":\"https:\/\/luaresort.com\/sk\/\",\"logo\":{\"@type\":\"ImageObject\",\"inLanguage\":\"sk-SK\",\"@id\":\"https:\/\/luaresort.com\/sk\/#\/schema\/logo\/image\/\",\"url\":\"https:\/\/luaresort.com\/wp-content\/uploads\/2022\/04\/lua-resort-logo.png\",\"contentUrl\":\"https:\/\/luaresort.com\/wp-content\/uploads\/2022\/04\/lua-resort-logo.png\",\"width\":2048,\"height\":2048,\"caption\":\"LUA Resort\"},\"image\":{\"@id\":\"https:\/\/luaresort.com\/sk\/#\/schema\/logo\/image\/\"},\"sameAs\":[\"https:\/\/www.facebook.com\/luaresort\",\"https:\/\/www.instagram.com\/luaresort\/\"]}]}<\/script>\n<!-- \/ Yoast SEO plugin. -->","yoast_head_json":{"title":"Recenzie host\u00ed - LUA Resort Balatonf\u00fcred","robots":{"index":"index","follow":"follow","max-snippet":"max-snippet:-1","max-image-preview":"max-image-preview:large","max-video-preview":"max-video-preview:-1"},"canonical":"https:\/\/luaresort.com\/sk\/recenzie-hosti\/","og_locale":"sk_SK","og_type":"article","og_title":"Recenzie host\u00ed - LUA Resort Balatonf\u00fcred","og_description":"Kvalita je ukryt\u00e1 v detailoch. Okrem poskytovania vysokokvalitn\u00fdch a personalizovan\u00fdch slu\u017eieb venujeme ve\u013ek\u00fa pozornos\u0165 neust\u00e1lemu zlep\u0161ovaniu a rozvoju. Pode\u013ete sa s nami o svoje sk\u00fasenosti, pripomienky a n\u00e1vrhy, aby sme va\u0161u sp\u00e4tn\u00fa v\u00e4zbu mohli vyu\u017ei\u0165 na neust\u00e1le zlep\u0161ovanie na\u0161ich slu\u017eieb a aby ste pri \u010fal\u0161ej n\u00e1v\u0161teve boli e\u0161te spokojnej\u0161\u00ed.","og_url":"https:\/\/luaresort.com\/sk\/recenzie-hosti\/","og_site_name":"LUA Resort Balatonf\u00fcred","article_publisher":"https:\/\/www.facebook.com\/luaresort","article_modified_time":"2025-08-23T08:37:52+00:00","twitter_card":"summary_large_image","schema":{"@context":"https:\/\/schema.org","@graph":[{"@type":"WebPage","@id":"https:\/\/luaresort.com\/sk\/recenzie-hosti\/","url":"https:\/\/luaresort.com\/sk\/recenzie-hosti\/","name":"Recenzie host\u00ed - LUA Resort Balatonf\u00fcred","isPartOf":{"@id":"https:\/\/luaresort.com\/sk\/#website"},"datePublished":"2022-04-08T12:24:33+00:00","dateModified":"2025-08-23T08:37:52+00:00","breadcrumb":{"@id":"https:\/\/luaresort.com\/sk\/recenzie-hosti\/#breadcrumb"},"inLanguage":"sk-SK","potentialAction":[{"@type":"ReadAction","target":["https:\/\/luaresort.com\/sk\/recenzie-hosti\/"]}]},{"@type":"BreadcrumbList","@id":"https:\/\/luaresort.com\/sk\/recenzie-hosti\/#breadcrumb","itemListElement":[{"@type":"ListItem","position":1,"name":"Kezd\u0151lap","item":"https:\/\/luaresort.com\/sk\/"},{"@type":"ListItem","position":2,"name":"Recenzie host\u00ed"}]},{"@type":"WebSite","@id":"https:\/\/luaresort.com\/sk\/#website","url":"https:\/\/luaresort.com\/sk\/","name":"LUA Resort Balatonf\u00fcred","description":"LUA Resort***** Balatonf\u00fcred. Az \u00faj resort sz\u00e1llod\u00e1j\u00e1ban a j\u00f3l\u00e9t j\u00f3ll\u00e9ttel p\u00e1rosul. Felel\u0151s hedonizmus, fenntarthat\u00f3 luxus, szem\u00e9lyre szabott szolg\u00e1ltat\u00e1sok.","publisher":{"@id":"https:\/\/luaresort.com\/sk\/#organization"},"potentialAction":[{"@type":"SearchAction","target":{"@type":"EntryPoint","urlTemplate":"https:\/\/luaresort.com\/sk\/?s={search_term_string}"},"query-input":{"@type":"PropertyValueSpecification","valueRequired":true,"valueName":"search_term_string"}}],"inLanguage":"sk-SK"},{"@type":"Organization","@id":"https:\/\/luaresort.com\/sk\/#organization","name":"LUA Resort","url":"https:\/\/luaresort.com\/sk\/","logo":{"@type":"ImageObject","inLanguage":"sk-SK","@id":"https:\/\/luaresort.com\/sk\/#\/schema\/logo\/image\/","url":"https:\/\/luaresort.com\/wp-content\/uploads\/2022\/04\/lua-resort-logo.png","contentUrl":"https:\/\/luaresort.com\/wp-content\/uploads\/2022\/04\/lua-resort-logo.png","width":2048,"height":2048,"caption":"LUA Resort"},"image":{"@id":"https:\/\/luaresort.com\/sk\/#\/schema\/logo\/image\/"},"sameAs":["https:\/\/www.facebook.com\/luaresort","https:\/\/www.instagram.com\/luaresort\/"]}]}},"jetpack_sharing_enabled":true,"_links":{"self":[{"href":"https:\/\/luaresort.com\/sk\/wp-json\/wp\/v2\/pages\/3125","targetHints":{"allow":["GET"]}}],"collection":[{"href":"https:\/\/luaresort.com\/sk\/wp-json\/wp\/v2\/pages"}],"about":[{"href":"https:\/\/luaresort.com\/sk\/wp-json\/wp\/v2\/types\/page"}],"author":[{"embeddable":true,"href":"https:\/\/luaresort.com\/sk\/wp-json\/wp\/v2\/users\/1"}],"replies":[{"embeddable":true,"href":"https:\/\/luaresort.com\/sk\/wp-json\/wp\/v2\/comments?post=3125"}],"version-history":[{"count":3,"href":"https:\/\/luaresort.com\/sk\/wp-json\/wp\/v2\/pages\/3125\/revisions"}],"predecessor-version":[{"id":3186,"href":"https:\/\/luaresort.com\/sk\/wp-json\/wp\/v2\/pages\/3125\/revisions\/3186"}],"wp:attachment":[{"href":"https:\/\/luaresort.com\/sk\/wp-json\/wp\/v2\/media?parent=3125"}],"curies":[{"name":"wp","href":"https:\/\/api.w.org\/{rel}","templated":true}]}}