{"id":3115,"date":"2022-05-02T16:05:08","date_gmt":"2022-05-02T14:05:08","guid":{"rendered":"https:\/\/luaresort.com\/spa-wellness\/lua-rooftop-gym\/"},"modified":"2022-08-24T21:53:20","modified_gmt":"2022-08-24T19:53:20","slug":"lua-rooftop-gym","status":"publish","type":"page","link":"https:\/\/luaresort.com\/sk\/spa-wellness\/lua-rooftop-gym\/","title":{"rendered":"LUA Rooftop Gym"},"content":{"rendered":"\n<div class=\"wp-block-group grouped-content\"><div class=\"wp-block-group__inner-container is-layout-flow wp-block-group-is-layout-flow\">\n<div class=\"wp-block-group is-layout-flex wp-block-group-is-layout-flex\">\n<div class=\"wp-block-columns row is-layout-flex wp-container-core-columns-is-layout-9d6595d7 wp-block-columns-is-layout-flex\">\n<div class=\"wp-block-column col-lg-4 is-layout-flow wp-block-column-is-layout-flow\" style=\"flex-basis:33.33%\"><\/div>\n\n\n\n<div class=\"wp-block-column col-lg-8 is-layout-flow wp-block-column-is-layout-flow\" style=\"flex-basis:66.66%\">\n<p>Zosta\u0148te v pohybe!<\/p>\n\n\n\n<p><p class=\"p1\">Na 3. poschod\u00ed n\u00e1\u0161ho hotela n\u00e1jdete posilov\u0148u <strong>TECHNOGYM<\/strong> s panoramatick\u00fdm v\u00fdh\u013eadom a s terasou, s nasleduj\u00facim vybaven\u00edm: 2 be\u017eeck\u00e9 p\u00e1sy, 2 eliptick\u00e9 trena\u017e\u00e9ry, 1 bicykel a multifunk\u010dn\u00e1 lavicu so sadou dumbbell set.<\/p><\/p>\n<\/div>\n<\/div>\n<\/div>\n<\/div><\/div>\n","protected":false},"excerpt":{"rendered":"<p>Zosta\u0148te v pohybe! Na 3. poschod\u00ed n\u00e1\u0161ho hotela n\u00e1jdete posilov\u0148u TECHNOGYM s panoramatick\u00fdm v\u00fdh\u013eadom a s terasou, s nasleduj\u00facim vybaven\u00edm: 2 be\u017eeck\u00e9 p\u00e1sy, 2 eliptick\u00e9 trena\u017e\u00e9ry, 1 bicykel a multifunk\u010dn\u00e1 lavicu so sadou dumbbell set.<\/p>\n","protected":false},"author":1,"featured_media":2544,"parent":3107,"menu_order":4,"comment_status":"closed","ping_status":"closed","template":"template-product.php","meta":{"inline_featured_image":false,"footnotes":""},"class_list":["post-3115","page","type-page","status-publish","has-post-thumbnail","hentry"],"acf":[],"yoast_head":"<!-- This site is optimized with the Yoast SEO plugin v25.8 - https:\/\/yoast.com\/wordpress\/plugins\/seo\/ -->\n<title>LUA Rooftop Gym - LUA Resort Balatonf\u00fcred<\/title>\n<meta name=\"robots\" content=\"index, follow, max-snippet:-1, max-image-preview:large, max-video-preview:-1\" \/>\n<link rel=\"canonical\" href=\"https:\/\/luaresort.com\/sk\/spa-wellness\/lua-rooftop-gym\/\" \/>\n<meta property=\"og:locale\" content=\"sk_SK\" \/>\n<meta property=\"og:type\" content=\"article\" \/>\n<meta property=\"og:title\" content=\"LUA Rooftop Gym - LUA Resort Balatonf\u00fcred\" \/>\n<meta property=\"og:description\" content=\"Zosta\u0148te v pohybe! Na 3. poschod\u00ed n\u00e1\u0161ho hotela n\u00e1jdete posilov\u0148u TECHNOGYM s panoramatick\u00fdm v\u00fdh\u013eadom a s terasou, s nasleduj\u00facim vybaven\u00edm: 2 be\u017eeck\u00e9 p\u00e1sy, 2 eliptick\u00e9 trena\u017e\u00e9ry, 1 bicykel a multifunk\u010dn\u00e1 lavicu so sadou dumbbell set.\" \/>\n<meta property=\"og:url\" content=\"https:\/\/luaresort.com\/sk\/spa-wellness\/lua-rooftop-gym\/\" \/>\n<meta property=\"og:site_name\" content=\"LUA Resort Balatonf\u00fcred\" \/>\n<meta property=\"article:publisher\" content=\"https:\/\/www.facebook.com\/luaresort\" \/>\n<meta property=\"article:modified_time\" content=\"2022-08-24T19:53:20+00:00\" \/>\n<meta property=\"og:image\" content=\"https:\/\/i0.wp.com\/luaresort.com\/wp-content\/uploads\/2022\/05\/luaresort-rooftop-gym-thumbnail.jpg?fit=1440%2C1080&ssl=1\" \/>\n\t<meta property=\"og:image:width\" content=\"1440\" \/>\n\t<meta property=\"og:image:height\" content=\"1080\" \/>\n\t<meta property=\"og:image:type\" content=\"image\/jpeg\" \/>\n<meta name=\"twitter:card\" content=\"summary_large_image\" \/>\n<script type=\"application\/ld+json\" class=\"yoast-schema-graph\">{\"@context\":\"https:\/\/schema.org\",\"@graph\":[{\"@type\":\"WebPage\",\"@id\":\"https:\/\/luaresort.com\/sk\/spa-wellness\/lua-rooftop-gym\/\",\"url\":\"https:\/\/luaresort.com\/sk\/spa-wellness\/lua-rooftop-gym\/\",\"name\":\"LUA Rooftop Gym - LUA Resort Balatonf\u00fcred\",\"isPartOf\":{\"@id\":\"https:\/\/luaresort.com\/sk\/#website\"},\"primaryImageOfPage\":{\"@id\":\"https:\/\/luaresort.com\/sk\/spa-wellness\/lua-rooftop-gym\/#primaryimage\"},\"image\":{\"@id\":\"https:\/\/luaresort.com\/sk\/spa-wellness\/lua-rooftop-gym\/#primaryimage\"},\"thumbnailUrl\":\"https:\/\/i0.wp.com\/luaresort.com\/wp-content\/uploads\/2022\/05\/luaresort-rooftop-gym-thumbnail.jpg?fit=1440%2C1080&ssl=1\",\"datePublished\":\"2022-05-02T14:05:08+00:00\",\"dateModified\":\"2022-08-24T19:53:20+00:00\",\"breadcrumb\":{\"@id\":\"https:\/\/luaresort.com\/sk\/spa-wellness\/lua-rooftop-gym\/#breadcrumb\"},\"inLanguage\":\"sk-SK\",\"potentialAction\":[{\"@type\":\"ReadAction\",\"target\":[\"https:\/\/luaresort.com\/sk\/spa-wellness\/lua-rooftop-gym\/\"]}]},{\"@type\":\"ImageObject\",\"inLanguage\":\"sk-SK\",\"@id\":\"https:\/\/luaresort.com\/sk\/spa-wellness\/lua-rooftop-gym\/#primaryimage\",\"url\":\"https:\/\/i0.wp.com\/luaresort.com\/wp-content\/uploads\/2022\/05\/luaresort-rooftop-gym-thumbnail.jpg?fit=1440%2C1080&ssl=1\",\"contentUrl\":\"https:\/\/i0.wp.com\/luaresort.com\/wp-content\/uploads\/2022\/05\/luaresort-rooftop-gym-thumbnail.jpg?fit=1440%2C1080&ssl=1\",\"width\":1440,\"height\":1080},{\"@type\":\"BreadcrumbList\",\"@id\":\"https:\/\/luaresort.com\/sk\/spa-wellness\/lua-rooftop-gym\/#breadcrumb\",\"itemListElement\":[{\"@type\":\"ListItem\",\"position\":1,\"name\":\"Kezd\u0151lap\",\"item\":\"https:\/\/luaresort.com\/sk\/\"},{\"@type\":\"ListItem\",\"position\":2,\"name\":\"Spa &#038; Wellness\",\"item\":\"https:\/\/luaresort.com\/sk\/spa-wellness\/\"},{\"@type\":\"ListItem\",\"position\":3,\"name\":\"LUA Rooftop Gym\"}]},{\"@type\":\"WebSite\",\"@id\":\"https:\/\/luaresort.com\/sk\/#website\",\"url\":\"https:\/\/luaresort.com\/sk\/\",\"name\":\"LUA Resort Balatonf\u00fcred\",\"description\":\"LUA Resort***** Balatonf\u00fcred. Az \u00faj resort sz\u00e1llod\u00e1j\u00e1ban a j\u00f3l\u00e9t j\u00f3ll\u00e9ttel p\u00e1rosul. Felel\u0151s hedonizmus, fenntarthat\u00f3 luxus, szem\u00e9lyre szabott szolg\u00e1ltat\u00e1sok.\",\"publisher\":{\"@id\":\"https:\/\/luaresort.com\/sk\/#organization\"},\"potentialAction\":[{\"@type\":\"SearchAction\",\"target\":{\"@type\":\"EntryPoint\",\"urlTemplate\":\"https:\/\/luaresort.com\/sk\/?s={search_term_string}\"},\"query-input\":{\"@type\":\"PropertyValueSpecification\",\"valueRequired\":true,\"valueName\":\"search_term_string\"}}],\"inLanguage\":\"sk-SK\"},{\"@type\":\"Organization\",\"@id\":\"https:\/\/luaresort.com\/sk\/#organization\",\"name\":\"LUA Resort\",\"url\":\"https:\/\/luaresort.com\/sk\/\",\"logo\":{\"@type\":\"ImageObject\",\"inLanguage\":\"sk-SK\",\"@id\":\"https:\/\/luaresort.com\/sk\/#\/schema\/logo\/image\/\",\"url\":\"https:\/\/luaresort.com\/wp-content\/uploads\/2022\/04\/lua-resort-logo.png\",\"contentUrl\":\"https:\/\/luaresort.com\/wp-content\/uploads\/2022\/04\/lua-resort-logo.png\",\"width\":2048,\"height\":2048,\"caption\":\"LUA Resort\"},\"image\":{\"@id\":\"https:\/\/luaresort.com\/sk\/#\/schema\/logo\/image\/\"},\"sameAs\":[\"https:\/\/www.facebook.com\/luaresort\",\"https:\/\/www.instagram.com\/luaresort\/\"]}]}<\/script>\n<!-- \/ Yoast SEO plugin. -->","yoast_head_json":{"title":"LUA Rooftop Gym - LUA Resort Balatonf\u00fcred","robots":{"index":"index","follow":"follow","max-snippet":"max-snippet:-1","max-image-preview":"max-image-preview:large","max-video-preview":"max-video-preview:-1"},"canonical":"https:\/\/luaresort.com\/sk\/spa-wellness\/lua-rooftop-gym\/","og_locale":"sk_SK","og_type":"article","og_title":"LUA Rooftop Gym - LUA Resort Balatonf\u00fcred","og_description":"Zosta\u0148te v pohybe! Na 3. poschod\u00ed n\u00e1\u0161ho hotela n\u00e1jdete posilov\u0148u TECHNOGYM s panoramatick\u00fdm v\u00fdh\u013eadom a s terasou, s nasleduj\u00facim vybaven\u00edm: 2 be\u017eeck\u00e9 p\u00e1sy, 2 eliptick\u00e9 trena\u017e\u00e9ry, 1 bicykel a multifunk\u010dn\u00e1 lavicu so sadou dumbbell set.","og_url":"https:\/\/luaresort.com\/sk\/spa-wellness\/lua-rooftop-gym\/","og_site_name":"LUA Resort Balatonf\u00fcred","article_publisher":"https:\/\/www.facebook.com\/luaresort","article_modified_time":"2022-08-24T19:53:20+00:00","og_image":[{"width":1440,"height":1080,"url":"https:\/\/i0.wp.com\/luaresort.com\/wp-content\/uploads\/2022\/05\/luaresort-rooftop-gym-thumbnail.jpg?fit=1440%2C1080&ssl=1","type":"image\/jpeg"}],"twitter_card":"summary_large_image","schema":{"@context":"https:\/\/schema.org","@graph":[{"@type":"WebPage","@id":"https:\/\/luaresort.com\/sk\/spa-wellness\/lua-rooftop-gym\/","url":"https:\/\/luaresort.com\/sk\/spa-wellness\/lua-rooftop-gym\/","name":"LUA Rooftop Gym - LUA Resort Balatonf\u00fcred","isPartOf":{"@id":"https:\/\/luaresort.com\/sk\/#website"},"primaryImageOfPage":{"@id":"https:\/\/luaresort.com\/sk\/spa-wellness\/lua-rooftop-gym\/#primaryimage"},"image":{"@id":"https:\/\/luaresort.com\/sk\/spa-wellness\/lua-rooftop-gym\/#primaryimage"},"thumbnailUrl":"https:\/\/i0.wp.com\/luaresort.com\/wp-content\/uploads\/2022\/05\/luaresort-rooftop-gym-thumbnail.jpg?fit=1440%2C1080&ssl=1","datePublished":"2022-05-02T14:05:08+00:00","dateModified":"2022-08-24T19:53:20+00:00","breadcrumb":{"@id":"https:\/\/luaresort.com\/sk\/spa-wellness\/lua-rooftop-gym\/#breadcrumb"},"inLanguage":"sk-SK","potentialAction":[{"@type":"ReadAction","target":["https:\/\/luaresort.com\/sk\/spa-wellness\/lua-rooftop-gym\/"]}]},{"@type":"ImageObject","inLanguage":"sk-SK","@id":"https:\/\/luaresort.com\/sk\/spa-wellness\/lua-rooftop-gym\/#primaryimage","url":"https:\/\/i0.wp.com\/luaresort.com\/wp-content\/uploads\/2022\/05\/luaresort-rooftop-gym-thumbnail.jpg?fit=1440%2C1080&ssl=1","contentUrl":"https:\/\/i0.wp.com\/luaresort.com\/wp-content\/uploads\/2022\/05\/luaresort-rooftop-gym-thumbnail.jpg?fit=1440%2C1080&ssl=1","width":1440,"height":1080},{"@type":"BreadcrumbList","@id":"https:\/\/luaresort.com\/sk\/spa-wellness\/lua-rooftop-gym\/#breadcrumb","itemListElement":[{"@type":"ListItem","position":1,"name":"Kezd\u0151lap","item":"https:\/\/luaresort.com\/sk\/"},{"@type":"ListItem","position":2,"name":"Spa &#038; Wellness","item":"https:\/\/luaresort.com\/sk\/spa-wellness\/"},{"@type":"ListItem","position":3,"name":"LUA Rooftop Gym"}]},{"@type":"WebSite","@id":"https:\/\/luaresort.com\/sk\/#website","url":"https:\/\/luaresort.com\/sk\/","name":"LUA Resort Balatonf\u00fcred","description":"LUA Resort***** Balatonf\u00fcred. Az \u00faj resort sz\u00e1llod\u00e1j\u00e1ban a j\u00f3l\u00e9t j\u00f3ll\u00e9ttel p\u00e1rosul. Felel\u0151s hedonizmus, fenntarthat\u00f3 luxus, szem\u00e9lyre szabott szolg\u00e1ltat\u00e1sok.","publisher":{"@id":"https:\/\/luaresort.com\/sk\/#organization"},"potentialAction":[{"@type":"SearchAction","target":{"@type":"EntryPoint","urlTemplate":"https:\/\/luaresort.com\/sk\/?s={search_term_string}"},"query-input":{"@type":"PropertyValueSpecification","valueRequired":true,"valueName":"search_term_string"}}],"inLanguage":"sk-SK"},{"@type":"Organization","@id":"https:\/\/luaresort.com\/sk\/#organization","name":"LUA Resort","url":"https:\/\/luaresort.com\/sk\/","logo":{"@type":"ImageObject","inLanguage":"sk-SK","@id":"https:\/\/luaresort.com\/sk\/#\/schema\/logo\/image\/","url":"https:\/\/luaresort.com\/wp-content\/uploads\/2022\/04\/lua-resort-logo.png","contentUrl":"https:\/\/luaresort.com\/wp-content\/uploads\/2022\/04\/lua-resort-logo.png","width":2048,"height":2048,"caption":"LUA Resort"},"image":{"@id":"https:\/\/luaresort.com\/sk\/#\/schema\/logo\/image\/"},"sameAs":["https:\/\/www.facebook.com\/luaresort","https:\/\/www.instagram.com\/luaresort\/"]}]}},"jetpack_sharing_enabled":true,"_links":{"self":[{"href":"https:\/\/luaresort.com\/sk\/wp-json\/wp\/v2\/pages\/3115","targetHints":{"allow":["GET"]}}],"collection":[{"href":"https:\/\/luaresort.com\/sk\/wp-json\/wp\/v2\/pages"}],"about":[{"href":"https:\/\/luaresort.com\/sk\/wp-json\/wp\/v2\/types\/page"}],"author":[{"embeddable":true,"href":"https:\/\/luaresort.com\/sk\/wp-json\/wp\/v2\/users\/1"}],"replies":[{"embeddable":true,"href":"https:\/\/luaresort.com\/sk\/wp-json\/wp\/v2\/comments?post=3115"}],"version-history":[{"count":1,"href":"https:\/\/luaresort.com\/sk\/wp-json\/wp\/v2\/pages\/3115\/revisions"}],"predecessor-version":[{"id":3116,"href":"https:\/\/luaresort.com\/sk\/wp-json\/wp\/v2\/pages\/3115\/revisions\/3116"}],"up":[{"embeddable":true,"href":"https:\/\/luaresort.com\/sk\/wp-json\/wp\/v2\/pages\/3107"}],"wp:featuredmedia":[{"embeddable":true,"href":"https:\/\/luaresort.com\/sk\/wp-json\/wp\/v2\/media\/2544"}],"wp:attachment":[{"href":"https:\/\/luaresort.com\/sk\/wp-json\/wp\/v2\/media?parent=3115"}],"curies":[{"name":"wp","href":"https:\/\/api.w.org\/{rel}","templated":true}]}}