{"id":3109,"date":"2022-05-02T14:20:02","date_gmt":"2022-05-02T12:20:02","guid":{"rendered":"https:\/\/luaresort.com\/spa-wellness\/omorovicza\/"},"modified":"2022-08-24T21:14:11","modified_gmt":"2022-08-24T19:14:11","slug":"omorovicza","status":"publish","type":"page","link":"https:\/\/luaresort.com\/sk\/spa-wellness\/omorovicza\/","title":{"rendered":"Omorovicza"},"content":{"rendered":"\n<div class=\"wp-block-group grouped-content\"><div class=\"wp-block-group__inner-container is-layout-flow wp-block-group-is-layout-flow\">\n<div class=\"wp-block-group is-layout-flex wp-block-group-is-layout-flex\">\n<div class=\"wp-block-columns row is-layout-flex wp-container-core-columns-is-layout-9d6595d7 wp-block-columns-is-layout-flex\">\n<div class=\"wp-block-column col-lg-4 is-layout-flow wp-block-column-is-layout-flow\" style=\"flex-basis:33.33%\"><\/div>\n\n\n\n<div class=\"wp-block-column col-lg-8 is-layout-flow wp-block-column-is-layout-flow\" style=\"flex-basis:66.66%\">\n<p> <\/p>\n\n\n\n<p><p class=\"p1\">K\u00fazeln\u00e9 \u00fa\u010dinky term\u00e1lnych v\u00f4d spo\u010d\u00edvaj\u00fa v ich jedine\u010dnej kombin\u00e1cii miner\u00e1lov a stopov\u00fdch prvkov. Blahodarn\u00e9 \u00fa\u010dinky term\u00e1lnych v\u00f4d na poko\u017eku s\u00fa dobre zn\u00e1me, miner\u00e1lne l\u00e1tky v k\u00fape\u013eoch p\u00f4sobia na povrch poko\u017eky. Je v\u0161ak menej zn\u00e1my fakt, \u017ee sa nevstreb\u00e1vaj\u00fa, biologicky sa nezu\u017eitkuj\u00fa.&#13;\nAby z\u00e1zra\u010dn\u00fd lie\u010div\u00fd \u00fa\u010dinok mohol p\u00f4sobi\u0165, bolo potrebn\u00e9 n\u00e1js\u0165 sp\u00f4sob, ako m\u00f4\u017eu miner\u00e1lne l\u00e1tky prenikn\u00fa\u0165 do hlb\u0161\u00edch vrstiev epidermy.&#13;\nNa prelome tis\u00edcro\u010d\u00ed \u017eil v Budape\u0161ti Stephen de Heinrich de Omorovicza, ke\u010f stretol Margaret, americk\u00fa diplomatku pracuj\u00facu na ve\u013evyslanectve Spojen\u00fdch \u0161t\u00e1tov v Budape\u0161ti. Stephen vzal Margaret do k\u00fape\u013eov, ktor\u00e9 jeho rodina postavila v 1800. rokoch a po tom, \u010do doslova na vlastnej ko\u017ei za\u017eili lie\u010div\u00fa silu vody, rozhodli sa ju hlb\u0161ie presk\u00fama\u0165 a vyu\u017ei\u0165 jej z\u00e1zra\u010dn\u00fa lie\u010div\u00fa silu.&#13;\n&#13;\n<\/p><\/p>\n\n\n\n<p>S pomocou renomovan\u00fdch v\u00fdskumn\u00edkov z Univerzity v Szegede bola vytvoren\u00e1 a patentovan\u00e1 technol\u00f3gia Healing Concentrate\u2122, ktor\u00e1 jedine\u010dn\u00fdm sp\u00f4sobom dod\u00e1va lie\u010div\u00e9 miner\u00e1lne l\u00e1tky do najhlb\u0161\u00edch vrstiev poko\u017eky.<\/p>\n\n\n\n<p>OMOROVICZA je v s\u00fa\u010dasnosti poprednou luxusnou kozmetickou a spa zna\u010dkou na svete.&#13;\nTajomstvo jej \u00faspechu spo\u010d\u00edva v harmonickej kombin\u00e1cii \u00fa\u010dinn\u00fdch l\u00e1tok vyroben\u00fdch najmodernej\u0161ou technol\u00f3giou a pr\u00edrodn\u00fdch zlo\u017eiek, so \u0161peci\u00e1lnymi mas\u00e1\u017eami zalo\u017een\u00fdmi na \u013eudskom dotyku. OMOROVICZA ver\u00ed v \u010dist\u00fa, pr\u00edrodn\u00fa starostlivos\u0165 o ple\u0165, preto v\u00fdrobky tejto zna\u010dky neobsahuj\u00fa \u017eiadne rizikov\u00e9 syntetick\u00e9 zlo\u017eky.<\/p>\n\n\n\n<p> <\/p>\n<\/div>\n<\/div>\n<\/div>\n<\/div><\/div>\n","protected":false},"excerpt":{"rendered":"<p>Luxusn\u00e1 kozmetick\u00e1 zna\u010dka, ktor\u00e1 celosvetovo presl\u00e1vila regenera\u010dn\u00e9 \u00fa\u010dinky ma\u010farskej term\u00e1lnej vody a tradi\u010dn\u00fa ma\u010farsk\u00fa mas\u00e1\u017e tv\u00e1re.<\/p>\n","protected":false},"author":1,"featured_media":2543,"parent":3107,"menu_order":2,"comment_status":"closed","ping_status":"closed","template":"template-product.php","meta":{"inline_featured_image":false,"footnotes":""},"class_list":["post-3109","page","type-page","status-publish","has-post-thumbnail","hentry"],"acf":[],"yoast_head":"<!-- This site is optimized with the Yoast SEO plugin v25.8 - https:\/\/yoast.com\/wordpress\/plugins\/seo\/ -->\n<title>Omorovicza - LUA Resort Balatonf\u00fcred<\/title>\n<meta name=\"description\" content=\"Luxusn\u00e1 kozmetick\u00e1 zna\u010dka, ktor\u00e1 celosvetovo presl\u00e1vila regenera\u010dn\u00e9 \u00fa\u010dinky ma\u010farskej term\u00e1lnej vody a tradi\u010dn\u00fa ma\u010farsk\u00fa mas\u00e1\u017e tv\u00e1re.\" \/>\n<meta name=\"robots\" content=\"index, follow, max-snippet:-1, max-image-preview:large, max-video-preview:-1\" \/>\n<link rel=\"canonical\" href=\"https:\/\/luaresort.com\/sk\/spa-wellness\/omorovicza\/\" \/>\n<meta property=\"og:locale\" content=\"sk_SK\" \/>\n<meta property=\"og:type\" content=\"article\" \/>\n<meta property=\"og:title\" content=\"Omorovicza - LUA Resort Balatonf\u00fcred\" \/>\n<meta property=\"og:description\" content=\"Luxusn\u00e1 kozmetick\u00e1 zna\u010dka, ktor\u00e1 celosvetovo presl\u00e1vila regenera\u010dn\u00e9 \u00fa\u010dinky ma\u010farskej term\u00e1lnej vody a tradi\u010dn\u00fa ma\u010farsk\u00fa mas\u00e1\u017e tv\u00e1re.\" \/>\n<meta property=\"og:url\" content=\"https:\/\/luaresort.com\/sk\/spa-wellness\/omorovicza\/\" \/>\n<meta property=\"og:site_name\" content=\"LUA Resort Balatonf\u00fcred\" \/>\n<meta property=\"article:publisher\" content=\"https:\/\/www.facebook.com\/luaresort\" \/>\n<meta property=\"article:modified_time\" content=\"2022-08-24T19:14:11+00:00\" \/>\n<meta property=\"og:image\" content=\"https:\/\/i0.wp.com\/luaresort.com\/wp-content\/uploads\/2022\/05\/luaresort-omorovicza-thumbnail.jpg?fit=1440%2C1080&ssl=1\" \/>\n\t<meta property=\"og:image:width\" content=\"1440\" \/>\n\t<meta property=\"og:image:height\" content=\"1080\" \/>\n\t<meta property=\"og:image:type\" content=\"image\/jpeg\" \/>\n<meta name=\"twitter:card\" content=\"summary_large_image\" \/>\n<meta name=\"twitter:label1\" content=\"Predpokladan\u00fd \u010das \u010d\u00edtania\" \/>\n\t<meta name=\"twitter:data1\" content=\"1 min\u00fata\" \/>\n<script type=\"application\/ld+json\" class=\"yoast-schema-graph\">{\"@context\":\"https:\/\/schema.org\",\"@graph\":[{\"@type\":\"WebPage\",\"@id\":\"https:\/\/luaresort.com\/sk\/spa-wellness\/omorovicza\/\",\"url\":\"https:\/\/luaresort.com\/sk\/spa-wellness\/omorovicza\/\",\"name\":\"Omorovicza - LUA Resort Balatonf\u00fcred\",\"isPartOf\":{\"@id\":\"https:\/\/luaresort.com\/sk\/#website\"},\"primaryImageOfPage\":{\"@id\":\"https:\/\/luaresort.com\/sk\/spa-wellness\/omorovicza\/#primaryimage\"},\"image\":{\"@id\":\"https:\/\/luaresort.com\/sk\/spa-wellness\/omorovicza\/#primaryimage\"},\"thumbnailUrl\":\"https:\/\/i0.wp.com\/luaresort.com\/wp-content\/uploads\/2022\/05\/luaresort-omorovicza-thumbnail.jpg?fit=1440%2C1080&ssl=1\",\"datePublished\":\"2022-05-02T12:20:02+00:00\",\"dateModified\":\"2022-08-24T19:14:11+00:00\",\"description\":\"Luxusn\u00e1 kozmetick\u00e1 zna\u010dka, ktor\u00e1 celosvetovo presl\u00e1vila regenera\u010dn\u00e9 \u00fa\u010dinky ma\u010farskej term\u00e1lnej vody a tradi\u010dn\u00fa ma\u010farsk\u00fa mas\u00e1\u017e tv\u00e1re.\",\"breadcrumb\":{\"@id\":\"https:\/\/luaresort.com\/sk\/spa-wellness\/omorovicza\/#breadcrumb\"},\"inLanguage\":\"sk-SK\",\"potentialAction\":[{\"@type\":\"ReadAction\",\"target\":[\"https:\/\/luaresort.com\/sk\/spa-wellness\/omorovicza\/\"]}]},{\"@type\":\"ImageObject\",\"inLanguage\":\"sk-SK\",\"@id\":\"https:\/\/luaresort.com\/sk\/spa-wellness\/omorovicza\/#primaryimage\",\"url\":\"https:\/\/i0.wp.com\/luaresort.com\/wp-content\/uploads\/2022\/05\/luaresort-omorovicza-thumbnail.jpg?fit=1440%2C1080&ssl=1\",\"contentUrl\":\"https:\/\/i0.wp.com\/luaresort.com\/wp-content\/uploads\/2022\/05\/luaresort-omorovicza-thumbnail.jpg?fit=1440%2C1080&ssl=1\",\"width\":1440,\"height\":1080},{\"@type\":\"BreadcrumbList\",\"@id\":\"https:\/\/luaresort.com\/sk\/spa-wellness\/omorovicza\/#breadcrumb\",\"itemListElement\":[{\"@type\":\"ListItem\",\"position\":1,\"name\":\"Kezd\u0151lap\",\"item\":\"https:\/\/luaresort.com\/sk\/\"},{\"@type\":\"ListItem\",\"position\":2,\"name\":\"Spa &#038; Wellness\",\"item\":\"https:\/\/luaresort.com\/sk\/spa-wellness\/\"},{\"@type\":\"ListItem\",\"position\":3,\"name\":\"Omorovicza\"}]},{\"@type\":\"WebSite\",\"@id\":\"https:\/\/luaresort.com\/sk\/#website\",\"url\":\"https:\/\/luaresort.com\/sk\/\",\"name\":\"LUA Resort Balatonf\u00fcred\",\"description\":\"LUA Resort***** Balatonf\u00fcred. Az \u00faj resort sz\u00e1llod\u00e1j\u00e1ban a j\u00f3l\u00e9t j\u00f3ll\u00e9ttel p\u00e1rosul. Felel\u0151s hedonizmus, fenntarthat\u00f3 luxus, szem\u00e9lyre szabott szolg\u00e1ltat\u00e1sok.\",\"publisher\":{\"@id\":\"https:\/\/luaresort.com\/sk\/#organization\"},\"potentialAction\":[{\"@type\":\"SearchAction\",\"target\":{\"@type\":\"EntryPoint\",\"urlTemplate\":\"https:\/\/luaresort.com\/sk\/?s={search_term_string}\"},\"query-input\":{\"@type\":\"PropertyValueSpecification\",\"valueRequired\":true,\"valueName\":\"search_term_string\"}}],\"inLanguage\":\"sk-SK\"},{\"@type\":\"Organization\",\"@id\":\"https:\/\/luaresort.com\/sk\/#organization\",\"name\":\"LUA Resort\",\"url\":\"https:\/\/luaresort.com\/sk\/\",\"logo\":{\"@type\":\"ImageObject\",\"inLanguage\":\"sk-SK\",\"@id\":\"https:\/\/luaresort.com\/sk\/#\/schema\/logo\/image\/\",\"url\":\"https:\/\/luaresort.com\/wp-content\/uploads\/2022\/04\/lua-resort-logo.png\",\"contentUrl\":\"https:\/\/luaresort.com\/wp-content\/uploads\/2022\/04\/lua-resort-logo.png\",\"width\":2048,\"height\":2048,\"caption\":\"LUA Resort\"},\"image\":{\"@id\":\"https:\/\/luaresort.com\/sk\/#\/schema\/logo\/image\/\"},\"sameAs\":[\"https:\/\/www.facebook.com\/luaresort\",\"https:\/\/www.instagram.com\/luaresort\/\"]}]}<\/script>\n<!-- \/ Yoast SEO plugin. -->","yoast_head_json":{"title":"Omorovicza - LUA Resort Balatonf\u00fcred","description":"Luxusn\u00e1 kozmetick\u00e1 zna\u010dka, ktor\u00e1 celosvetovo presl\u00e1vila regenera\u010dn\u00e9 \u00fa\u010dinky ma\u010farskej term\u00e1lnej vody a tradi\u010dn\u00fa ma\u010farsk\u00fa mas\u00e1\u017e tv\u00e1re.","robots":{"index":"index","follow":"follow","max-snippet":"max-snippet:-1","max-image-preview":"max-image-preview:large","max-video-preview":"max-video-preview:-1"},"canonical":"https:\/\/luaresort.com\/sk\/spa-wellness\/omorovicza\/","og_locale":"sk_SK","og_type":"article","og_title":"Omorovicza - LUA Resort Balatonf\u00fcred","og_description":"Luxusn\u00e1 kozmetick\u00e1 zna\u010dka, ktor\u00e1 celosvetovo presl\u00e1vila regenera\u010dn\u00e9 \u00fa\u010dinky ma\u010farskej term\u00e1lnej vody a tradi\u010dn\u00fa ma\u010farsk\u00fa mas\u00e1\u017e tv\u00e1re.","og_url":"https:\/\/luaresort.com\/sk\/spa-wellness\/omorovicza\/","og_site_name":"LUA Resort Balatonf\u00fcred","article_publisher":"https:\/\/www.facebook.com\/luaresort","article_modified_time":"2022-08-24T19:14:11+00:00","og_image":[{"width":1440,"height":1080,"url":"https:\/\/i0.wp.com\/luaresort.com\/wp-content\/uploads\/2022\/05\/luaresort-omorovicza-thumbnail.jpg?fit=1440%2C1080&ssl=1","type":"image\/jpeg"}],"twitter_card":"summary_large_image","twitter_misc":{"Predpokladan\u00fd \u010das \u010d\u00edtania":"1 min\u00fata"},"schema":{"@context":"https:\/\/schema.org","@graph":[{"@type":"WebPage","@id":"https:\/\/luaresort.com\/sk\/spa-wellness\/omorovicza\/","url":"https:\/\/luaresort.com\/sk\/spa-wellness\/omorovicza\/","name":"Omorovicza - LUA Resort Balatonf\u00fcred","isPartOf":{"@id":"https:\/\/luaresort.com\/sk\/#website"},"primaryImageOfPage":{"@id":"https:\/\/luaresort.com\/sk\/spa-wellness\/omorovicza\/#primaryimage"},"image":{"@id":"https:\/\/luaresort.com\/sk\/spa-wellness\/omorovicza\/#primaryimage"},"thumbnailUrl":"https:\/\/i0.wp.com\/luaresort.com\/wp-content\/uploads\/2022\/05\/luaresort-omorovicza-thumbnail.jpg?fit=1440%2C1080&ssl=1","datePublished":"2022-05-02T12:20:02+00:00","dateModified":"2022-08-24T19:14:11+00:00","description":"Luxusn\u00e1 kozmetick\u00e1 zna\u010dka, ktor\u00e1 celosvetovo presl\u00e1vila regenera\u010dn\u00e9 \u00fa\u010dinky ma\u010farskej term\u00e1lnej vody a tradi\u010dn\u00fa ma\u010farsk\u00fa mas\u00e1\u017e tv\u00e1re.","breadcrumb":{"@id":"https:\/\/luaresort.com\/sk\/spa-wellness\/omorovicza\/#breadcrumb"},"inLanguage":"sk-SK","potentialAction":[{"@type":"ReadAction","target":["https:\/\/luaresort.com\/sk\/spa-wellness\/omorovicza\/"]}]},{"@type":"ImageObject","inLanguage":"sk-SK","@id":"https:\/\/luaresort.com\/sk\/spa-wellness\/omorovicza\/#primaryimage","url":"https:\/\/i0.wp.com\/luaresort.com\/wp-content\/uploads\/2022\/05\/luaresort-omorovicza-thumbnail.jpg?fit=1440%2C1080&ssl=1","contentUrl":"https:\/\/i0.wp.com\/luaresort.com\/wp-content\/uploads\/2022\/05\/luaresort-omorovicza-thumbnail.jpg?fit=1440%2C1080&ssl=1","width":1440,"height":1080},{"@type":"BreadcrumbList","@id":"https:\/\/luaresort.com\/sk\/spa-wellness\/omorovicza\/#breadcrumb","itemListElement":[{"@type":"ListItem","position":1,"name":"Kezd\u0151lap","item":"https:\/\/luaresort.com\/sk\/"},{"@type":"ListItem","position":2,"name":"Spa &#038; Wellness","item":"https:\/\/luaresort.com\/sk\/spa-wellness\/"},{"@type":"ListItem","position":3,"name":"Omorovicza"}]},{"@type":"WebSite","@id":"https:\/\/luaresort.com\/sk\/#website","url":"https:\/\/luaresort.com\/sk\/","name":"LUA Resort Balatonf\u00fcred","description":"LUA Resort***** Balatonf\u00fcred. Az \u00faj resort sz\u00e1llod\u00e1j\u00e1ban a j\u00f3l\u00e9t j\u00f3ll\u00e9ttel p\u00e1rosul. Felel\u0151s hedonizmus, fenntarthat\u00f3 luxus, szem\u00e9lyre szabott szolg\u00e1ltat\u00e1sok.","publisher":{"@id":"https:\/\/luaresort.com\/sk\/#organization"},"potentialAction":[{"@type":"SearchAction","target":{"@type":"EntryPoint","urlTemplate":"https:\/\/luaresort.com\/sk\/?s={search_term_string}"},"query-input":{"@type":"PropertyValueSpecification","valueRequired":true,"valueName":"search_term_string"}}],"inLanguage":"sk-SK"},{"@type":"Organization","@id":"https:\/\/luaresort.com\/sk\/#organization","name":"LUA Resort","url":"https:\/\/luaresort.com\/sk\/","logo":{"@type":"ImageObject","inLanguage":"sk-SK","@id":"https:\/\/luaresort.com\/sk\/#\/schema\/logo\/image\/","url":"https:\/\/luaresort.com\/wp-content\/uploads\/2022\/04\/lua-resort-logo.png","contentUrl":"https:\/\/luaresort.com\/wp-content\/uploads\/2022\/04\/lua-resort-logo.png","width":2048,"height":2048,"caption":"LUA Resort"},"image":{"@id":"https:\/\/luaresort.com\/sk\/#\/schema\/logo\/image\/"},"sameAs":["https:\/\/www.facebook.com\/luaresort","https:\/\/www.instagram.com\/luaresort\/"]}]}},"jetpack_sharing_enabled":true,"_links":{"self":[{"href":"https:\/\/luaresort.com\/sk\/wp-json\/wp\/v2\/pages\/3109","targetHints":{"allow":["GET"]}}],"collection":[{"href":"https:\/\/luaresort.com\/sk\/wp-json\/wp\/v2\/pages"}],"about":[{"href":"https:\/\/luaresort.com\/sk\/wp-json\/wp\/v2\/types\/page"}],"author":[{"embeddable":true,"href":"https:\/\/luaresort.com\/sk\/wp-json\/wp\/v2\/users\/1"}],"replies":[{"embeddable":true,"href":"https:\/\/luaresort.com\/sk\/wp-json\/wp\/v2\/comments?post=3109"}],"version-history":[{"count":1,"href":"https:\/\/luaresort.com\/sk\/wp-json\/wp\/v2\/pages\/3109\/revisions"}],"predecessor-version":[{"id":3110,"href":"https:\/\/luaresort.com\/sk\/wp-json\/wp\/v2\/pages\/3109\/revisions\/3110"}],"up":[{"embeddable":true,"href":"https:\/\/luaresort.com\/sk\/wp-json\/wp\/v2\/pages\/3107"}],"wp:featuredmedia":[{"embeddable":true,"href":"https:\/\/luaresort.com\/sk\/wp-json\/wp\/v2\/media\/2543"}],"wp:attachment":[{"href":"https:\/\/luaresort.com\/sk\/wp-json\/wp\/v2\/media?parent=3109"}],"curies":[{"name":"wp","href":"https:\/\/api.w.org\/{rel}","templated":true}]}}