{"id":3107,"date":"2022-04-04T12:31:36","date_gmt":"2022-04-04T10:31:36","guid":{"rendered":"https:\/\/luaresort.com\/spa-wellness\/"},"modified":"2023-08-20T19:48:53","modified_gmt":"2023-08-20T17:48:53","slug":"spa-wellness","status":"publish","type":"page","link":"https:\/\/luaresort.com\/sk\/spa-wellness\/","title":{"rendered":"Spa &#038; Wellness"},"content":{"rendered":"\n<p><p class=\"p1\">\u010cas venovan\u00fd sebe a na\u010derpaniu energie nie je luxus, ale nevyhnutnos\u0165. T\u00fato mo\u017enos\u0165 zais\u0165ujeme na ploche viac ako tis\u00edc metrov \u0161tvorcov\u00fdch, v priestoroch bez obrazovky.<\/p>&#13;\n<p class=\"p1\">Relax\u00e1cia v baz\u00e9ne s panoramatick\u00fdm v\u00fdh\u013eadom a v obrovskej v\u00edrivke v Spa LUA je skvel\u00fdm sp\u00f4sobom, ako rozpt\u00fdli\u0165 celodenn\u00fd stres. V zime m\u00f4\u017eete obdivova\u0165 Balaton z vody vonkaj\u0161ieho vyhrievan\u00e9ho baz\u00e9na, v lete sa m\u00f4\u017eete kocha\u0165 okolitou krajinou na vlastnom opa\u013eovacom m\u00f3le umiestnenom na vode jazera.<\/p>&#13;\nMedzi \u0161peciality wellness centra patria baz\u00e9ny z nehrdzavej\u00facej ocele s kovovou kon\u0161trukciou, ktor\u00e9 s\u00fa v Ma\u010farsku e\u0161te menej zn\u00e1me, a vzn\u00e1\u0161aj\u00faca kab\u00edna (alebo float spa): \u010do je v skuto\u010dnosti dvojmiestny baz\u00e9n s vysokou koncentr\u00e1ciou soli, so \u0161peci\u00e1lnym tvarom a atmosf\u00e9rou, v ktorom m\u00f4\u017eete relaxova\u0165, imituj\u00fac vzn\u00e1\u0161anie sa na vode M\u0155tveho mora. Floating m\u00e1 podobn\u00e9 v\u00fdhody ako relaxa\u010dn\u00fd tr\u00e9ning, hypn\u00f3za, medit\u00e1cia, joga a mas\u00e1\u017e, z h\u013eadiska psychick\u00fdch aj fyzick\u00fdch \u00fa\u010dinkov. Svaly a k\u013aby s\u00fa neza\u0165a\u017een\u00e9 a \u00faplne uvo\u013enen\u00e9.&#13;\n&#13;\nNa\u0161e proced\u00fary s\u00fa zalo\u017een\u00e9 na celosvetovo uzn\u00e1vanej, prest\u00ed\u017enej met\u00f3de Omorovicza. T\u00e1to skvel\u00e1 kozmetick\u00e1 zna\u010dka rozpoznala z\u00e1zra\u010dn\u00e9 \u00fa\u010dinky ma\u010farskej term\u00e1lnej vody a lie\u010div\u00e9ho bahna na poko\u017eku. Najmodernej\u0161ie \u00fa\u010dinn\u00e9 l\u00e1tky, \u013eudsk\u00fd dotyk a v\u00fdnimo\u010dn\u00fd obsah miner\u00e1lov v term\u00e1lnych vod\u00e1ch zaru\u010duj\u00fa bezkonkuren\u010dn\u00e9 v\u00fdsledky o\u0161etren\u00ed tv\u00e1re a tela Omorovicza.&#13;\n&#13;\nMas\u00e1\u017ee LUA signature, vyvinut\u00e9 exkluz\u00edvne pre n\u00e1\u0161 hotel, sa za\u010d\u00ednaj\u00fa uv\u00edtac\u00edm ritu\u00e1lom, potom na\u0161i kvalifikovan\u00ed mas\u00e9ri pou\u017e\u00edvaj\u00fa techniky rozh\u00fdbania a jemn\u00e9ho na\u0165ahovania svalov, aby pomohli uvo\u013eni\u0165 telo, medzit\u00fdm poko\u017eku a zmysly rozmazn\u00e1vaj\u00fa \u010darovn\u00e9 v\u00f4ne a \u010dist\u00e9 \u00fa\u010dinn\u00e9 l\u00e1tky.<\/p>\n\n<p>Saunovanie je jedn\u00fdm z najob\u013e\u00fabenej\u0161\u00edch sp\u00f4sobov odb\u00faravania stresu a udr\u017eiavania zdravia na celom svete. F\u00ednske, infra\u010derven\u00e9 a biosauny, parn\u00e9 kab\u00edny a oddychov\u00e1 z\u00f3na pred saunami s pohodln\u00fdmi le\u017eadlami, osvie\u017euj\u00facimi n\u00e1pojmi a ovoc\u00edm na omladenie tela a du\u0161e.<\/p>\n\n<p>Na\u0161e o\u0161etrenia s\u00fa zalo\u017een\u00e9 na met\u00f3de Omorovicza, ktor\u00e1 je vysoko cenen\u00e1 na celom svete. T\u00e1to skvel\u00e1 kozmetick\u00e1 zna\u010dka rozpoznala \u00fa\u017easn\u00e9 \u00fa\u010dinky ma\u010farskej term\u00e1lnej vody a lie\u010div\u00e9ho bahna na poko\u017eku. \u0160pi\u010dkov\u00e9 \u00fa\u010dinn\u00e9 l\u00e1tky, \u013eudsk\u00fd pr\u00edstup a v\u00fdnimo\u010dn\u00fd obsah miner\u00e1lov v term\u00e1lnej vode zaru\u010duj\u00fa bezkonkuren\u010dn\u00e9 v\u00fdsledky o\u0161etren\u00ed tv\u00e1re a tela Omorovicza.&#13;\n&#13;\nMas\u00e1\u017ee s podpisom LUA, vyvinut\u00e9 exkluz\u00edvne pre n\u00e1\u0161 hotel, sa za\u010d\u00ednaj\u00fa uv\u00edtac\u00edm ritu\u00e1lom, potom na\u0161i sk\u00fasen\u00ed mas\u00e9ri pou\u017e\u00edvaj\u00fa jemn\u00e9 na\u0165ahovacie a svalov\u00e9 \u0165ahy, ktor\u00e9 pom\u00e1haj\u00fa uvo\u013eni\u0165 telo, zatia\u013e \u010do \u010darovn\u00e9 v\u00f4ne a \u010dist\u00e9 \u00fa\u010dinn\u00e9 l\u00e1tky rozmazn\u00e1vaj\u00fa poko\u017eku a zmysly.<\/p>\n\n<p>K\u00fapele LUA s\u00fa pre na\u0161ich host\u00ed miestom relax\u00e1cie, pokoja a dokonalej harm\u00f3nie. Pom\u00f4\u017ete n\u00e1m, pros\u00edm, zachova\u0165 toto pokojn\u00e9 prostredie.<\/p>\n","protected":false},"excerpt":{"rendered":"<p>\u010cas venovan\u00fd sebe a na\u010derpaniu energie nie je luxus, ale nevyhnutnos\u0165. T\u00fato mo\u017enos\u0165 zais\u0165ujeme na ploche viac ako tis\u00edc metrov \u0161tvorcov\u00fdch, v priestoroch bez obrazovky. &#13; Relax\u00e1cia v baz\u00e9ne s panoramatick\u00fdm v\u00fdh\u013eadom a v obrovskej v\u00edrivke v Spa LUA je skvel\u00fdm sp\u00f4sobom, ako rozpt\u00fdli\u0165 celodenn\u00fd stres. V zime m\u00f4\u017eete obdivova\u0165 Balaton z vody vonkaj\u0161ieho vyhrievan\u00e9ho baz\u00e9na, v lete sa m\u00f4\u017eete kocha\u0165 okolitou krajinou na vlastnom opa\u013eovacom m\u00f3le umiestnenom na vode jazera. &#13; Medzi \u0161peciality wellness centra patria baz\u00e9ny z nehrdzavej\u00facej ocele s kovovou kon\u0161trukciou, ktor\u00e9 s\u00fa v Ma\u010farsku e\u0161te menej zn\u00e1me, a vzn\u00e1\u0161aj\u00faca kab\u00edna (alebo float spa): \u010do je v&#8230;<\/p>\n","protected":false},"author":1,"featured_media":0,"parent":0,"menu_order":0,"comment_status":"closed","ping_status":"closed","template":"template-parent.php","meta":{"inline_featured_image":false,"footnotes":""},"class_list":["post-3107","page","type-page","status-publish","hentry"],"acf":[],"yoast_head":"<!-- This site is optimized with the Yoast SEO plugin v25.8 - https:\/\/yoast.com\/wordpress\/plugins\/seo\/ -->\n<title>Spa &amp; Wellness - LUA Resort Balatonf\u00fcred<\/title>\n<meta name=\"description\" content=\"\u010cas na seba a na na\u010derpanie energie nie je luxus, ale nevyhnutnos\u0165. To je to, \u010do poskytujeme v na\u0161om hoteli len pre dospel\u00fdch.\" \/>\n<meta name=\"robots\" content=\"index, follow, max-snippet:-1, max-image-preview:large, max-video-preview:-1\" \/>\n<link rel=\"canonical\" href=\"https:\/\/luaresort.com\/sk\/spa-wellness\/\" \/>\n<meta property=\"og:locale\" content=\"sk_SK\" \/>\n<meta property=\"og:type\" content=\"article\" \/>\n<meta property=\"og:title\" content=\"Spa &amp; Wellness - LUA Resort Balatonf\u00fcred\" \/>\n<meta property=\"og:description\" content=\"\u010cas na seba a na na\u010derpanie energie nie je luxus, ale nevyhnutnos\u0165. To je to, \u010do poskytujeme v na\u0161om hoteli len pre dospel\u00fdch.\" \/>\n<meta property=\"og:url\" content=\"https:\/\/luaresort.com\/sk\/spa-wellness\/\" \/>\n<meta property=\"og:site_name\" content=\"LUA Resort Balatonf\u00fcred\" \/>\n<meta property=\"article:publisher\" content=\"https:\/\/www.facebook.com\/luaresort\" \/>\n<meta property=\"article:modified_time\" content=\"2023-08-20T17:48:53+00:00\" \/>\n<meta name=\"twitter:card\" content=\"summary_large_image\" \/>\n<meta name=\"twitter:label1\" content=\"Predpokladan\u00fd \u010das \u010d\u00edtania\" \/>\n\t<meta name=\"twitter:data1\" content=\"3 min\u00faty\" \/>\n<script type=\"application\/ld+json\" class=\"yoast-schema-graph\">{\"@context\":\"https:\/\/schema.org\",\"@graph\":[{\"@type\":\"WebPage\",\"@id\":\"https:\/\/luaresort.com\/sk\/spa-wellness\/\",\"url\":\"https:\/\/luaresort.com\/sk\/spa-wellness\/\",\"name\":\"Spa & Wellness - LUA Resort Balatonf\u00fcred\",\"isPartOf\":{\"@id\":\"https:\/\/luaresort.com\/sk\/#website\"},\"datePublished\":\"2022-04-04T10:31:36+00:00\",\"dateModified\":\"2023-08-20T17:48:53+00:00\",\"description\":\"\u010cas na seba a na na\u010derpanie energie nie je luxus, ale nevyhnutnos\u0165. To je to, \u010do poskytujeme v na\u0161om hoteli len pre dospel\u00fdch.\",\"breadcrumb\":{\"@id\":\"https:\/\/luaresort.com\/sk\/spa-wellness\/#breadcrumb\"},\"inLanguage\":\"sk-SK\",\"potentialAction\":[{\"@type\":\"ReadAction\",\"target\":[\"https:\/\/luaresort.com\/sk\/spa-wellness\/\"]}]},{\"@type\":\"BreadcrumbList\",\"@id\":\"https:\/\/luaresort.com\/sk\/spa-wellness\/#breadcrumb\",\"itemListElement\":[{\"@type\":\"ListItem\",\"position\":1,\"name\":\"Kezd\u0151lap\",\"item\":\"https:\/\/luaresort.com\/sk\/\"},{\"@type\":\"ListItem\",\"position\":2,\"name\":\"Spa &#038; Wellness\"}]},{\"@type\":\"WebSite\",\"@id\":\"https:\/\/luaresort.com\/sk\/#website\",\"url\":\"https:\/\/luaresort.com\/sk\/\",\"name\":\"LUA Resort Balatonf\u00fcred\",\"description\":\"LUA Resort***** Balatonf\u00fcred. Az \u00faj resort sz\u00e1llod\u00e1j\u00e1ban a j\u00f3l\u00e9t j\u00f3ll\u00e9ttel p\u00e1rosul. Felel\u0151s hedonizmus, fenntarthat\u00f3 luxus, szem\u00e9lyre szabott szolg\u00e1ltat\u00e1sok.\",\"publisher\":{\"@id\":\"https:\/\/luaresort.com\/sk\/#organization\"},\"potentialAction\":[{\"@type\":\"SearchAction\",\"target\":{\"@type\":\"EntryPoint\",\"urlTemplate\":\"https:\/\/luaresort.com\/sk\/?s={search_term_string}\"},\"query-input\":{\"@type\":\"PropertyValueSpecification\",\"valueRequired\":true,\"valueName\":\"search_term_string\"}}],\"inLanguage\":\"sk-SK\"},{\"@type\":\"Organization\",\"@id\":\"https:\/\/luaresort.com\/sk\/#organization\",\"name\":\"LUA Resort\",\"url\":\"https:\/\/luaresort.com\/sk\/\",\"logo\":{\"@type\":\"ImageObject\",\"inLanguage\":\"sk-SK\",\"@id\":\"https:\/\/luaresort.com\/sk\/#\/schema\/logo\/image\/\",\"url\":\"https:\/\/luaresort.com\/wp-content\/uploads\/2022\/04\/lua-resort-logo.png\",\"contentUrl\":\"https:\/\/luaresort.com\/wp-content\/uploads\/2022\/04\/lua-resort-logo.png\",\"width\":2048,\"height\":2048,\"caption\":\"LUA Resort\"},\"image\":{\"@id\":\"https:\/\/luaresort.com\/sk\/#\/schema\/logo\/image\/\"},\"sameAs\":[\"https:\/\/www.facebook.com\/luaresort\",\"https:\/\/www.instagram.com\/luaresort\/\"]}]}<\/script>\n<!-- \/ Yoast SEO plugin. -->","yoast_head_json":{"title":"Spa & Wellness - LUA Resort Balatonf\u00fcred","description":"\u010cas na seba a na na\u010derpanie energie nie je luxus, ale nevyhnutnos\u0165. To je to, \u010do poskytujeme v na\u0161om hoteli len pre dospel\u00fdch.","robots":{"index":"index","follow":"follow","max-snippet":"max-snippet:-1","max-image-preview":"max-image-preview:large","max-video-preview":"max-video-preview:-1"},"canonical":"https:\/\/luaresort.com\/sk\/spa-wellness\/","og_locale":"sk_SK","og_type":"article","og_title":"Spa & Wellness - LUA Resort Balatonf\u00fcred","og_description":"\u010cas na seba a na na\u010derpanie energie nie je luxus, ale nevyhnutnos\u0165. To je to, \u010do poskytujeme v na\u0161om hoteli len pre dospel\u00fdch.","og_url":"https:\/\/luaresort.com\/sk\/spa-wellness\/","og_site_name":"LUA Resort Balatonf\u00fcred","article_publisher":"https:\/\/www.facebook.com\/luaresort","article_modified_time":"2023-08-20T17:48:53+00:00","twitter_card":"summary_large_image","twitter_misc":{"Predpokladan\u00fd \u010das \u010d\u00edtania":"3 min\u00faty"},"schema":{"@context":"https:\/\/schema.org","@graph":[{"@type":"WebPage","@id":"https:\/\/luaresort.com\/sk\/spa-wellness\/","url":"https:\/\/luaresort.com\/sk\/spa-wellness\/","name":"Spa & Wellness - LUA Resort Balatonf\u00fcred","isPartOf":{"@id":"https:\/\/luaresort.com\/sk\/#website"},"datePublished":"2022-04-04T10:31:36+00:00","dateModified":"2023-08-20T17:48:53+00:00","description":"\u010cas na seba a na na\u010derpanie energie nie je luxus, ale nevyhnutnos\u0165. To je to, \u010do poskytujeme v na\u0161om hoteli len pre dospel\u00fdch.","breadcrumb":{"@id":"https:\/\/luaresort.com\/sk\/spa-wellness\/#breadcrumb"},"inLanguage":"sk-SK","potentialAction":[{"@type":"ReadAction","target":["https:\/\/luaresort.com\/sk\/spa-wellness\/"]}]},{"@type":"BreadcrumbList","@id":"https:\/\/luaresort.com\/sk\/spa-wellness\/#breadcrumb","itemListElement":[{"@type":"ListItem","position":1,"name":"Kezd\u0151lap","item":"https:\/\/luaresort.com\/sk\/"},{"@type":"ListItem","position":2,"name":"Spa &#038; Wellness"}]},{"@type":"WebSite","@id":"https:\/\/luaresort.com\/sk\/#website","url":"https:\/\/luaresort.com\/sk\/","name":"LUA Resort Balatonf\u00fcred","description":"LUA Resort***** Balatonf\u00fcred. Az \u00faj resort sz\u00e1llod\u00e1j\u00e1ban a j\u00f3l\u00e9t j\u00f3ll\u00e9ttel p\u00e1rosul. Felel\u0151s hedonizmus, fenntarthat\u00f3 luxus, szem\u00e9lyre szabott szolg\u00e1ltat\u00e1sok.","publisher":{"@id":"https:\/\/luaresort.com\/sk\/#organization"},"potentialAction":[{"@type":"SearchAction","target":{"@type":"EntryPoint","urlTemplate":"https:\/\/luaresort.com\/sk\/?s={search_term_string}"},"query-input":{"@type":"PropertyValueSpecification","valueRequired":true,"valueName":"search_term_string"}}],"inLanguage":"sk-SK"},{"@type":"Organization","@id":"https:\/\/luaresort.com\/sk\/#organization","name":"LUA Resort","url":"https:\/\/luaresort.com\/sk\/","logo":{"@type":"ImageObject","inLanguage":"sk-SK","@id":"https:\/\/luaresort.com\/sk\/#\/schema\/logo\/image\/","url":"https:\/\/luaresort.com\/wp-content\/uploads\/2022\/04\/lua-resort-logo.png","contentUrl":"https:\/\/luaresort.com\/wp-content\/uploads\/2022\/04\/lua-resort-logo.png","width":2048,"height":2048,"caption":"LUA Resort"},"image":{"@id":"https:\/\/luaresort.com\/sk\/#\/schema\/logo\/image\/"},"sameAs":["https:\/\/www.facebook.com\/luaresort","https:\/\/www.instagram.com\/luaresort\/"]}]}},"jetpack_sharing_enabled":true,"_links":{"self":[{"href":"https:\/\/luaresort.com\/sk\/wp-json\/wp\/v2\/pages\/3107","targetHints":{"allow":["GET"]}}],"collection":[{"href":"https:\/\/luaresort.com\/sk\/wp-json\/wp\/v2\/pages"}],"about":[{"href":"https:\/\/luaresort.com\/sk\/wp-json\/wp\/v2\/types\/page"}],"author":[{"embeddable":true,"href":"https:\/\/luaresort.com\/sk\/wp-json\/wp\/v2\/users\/1"}],"replies":[{"embeddable":true,"href":"https:\/\/luaresort.com\/sk\/wp-json\/wp\/v2\/comments?post=3107"}],"version-history":[{"count":3,"href":"https:\/\/luaresort.com\/sk\/wp-json\/wp\/v2\/pages\/3107\/revisions"}],"predecessor-version":[{"id":13111,"href":"https:\/\/luaresort.com\/sk\/wp-json\/wp\/v2\/pages\/3107\/revisions\/13111"}],"wp:attachment":[{"href":"https:\/\/luaresort.com\/sk\/wp-json\/wp\/v2\/media?parent=3107"}],"curies":[{"name":"wp","href":"https:\/\/api.w.org\/{rel}","templated":true}]}}