{"id":3099,"date":"2022-05-16T22:28:54","date_gmt":"2022-05-16T20:28:54","guid":{"rendered":"https:\/\/luaresort.com\/kulinarna-barova-kultura\/lua-coffee\/"},"modified":"2023-07-03T11:08:42","modified_gmt":"2023-07-03T09:08:42","slug":"lua-coffee","status":"publish","type":"page","link":"https:\/\/luaresort.com\/sk\/kulinarna-barova-kultura\/lua-coffee\/","title":{"rendered":"LUA Coffee"},"content":{"rendered":"\n<div class=\"wp-block-group grouped-content\"><div class=\"wp-block-group__inner-container is-layout-flow wp-block-group-is-layout-flow\">\n<div class=\"wp-block-group is-layout-flex wp-block-group-is-layout-flex\">\n<div class=\"wp-block-columns row is-layout-flex wp-container-core-columns-is-layout-9d6595d7 wp-block-columns-is-layout-flex\">\n<div class=\"wp-block-column col-lg-4 is-layout-flow wp-block-column-is-layout-flow\" style=\"flex-basis:33.33%\">\n<h2 class=\"wp-block-heading\">Sme v m\u00fdtickej harm\u00f3nii s kofe\u00ednom<\/h2>\n<\/div>\n\n\n\n<div class=\"wp-block-column col-lg-8 is-layout-flow wp-block-column-is-layout-flow\" style=\"flex-basis:66.66%\">\n<p>\u0160peci\u00e1lne pra\u017een\u00fa, mimoriadne kvalitn\u00fa k\u00e1vu ka\u017ed\u00e9 r\u00e1no pripravuj\u00fa ruky odborn\u00edkov z \u010derstvo pra\u017een\u00fdch k\u00e1vov\u00fdch z\u0155n OneEleven, na k\u00e1vovej stanici, umiestnenej do stredu re\u0161taur\u00e1cie. Spolu s na\u0161imi zamestnancami sa sna\u017e\u00edme prekro\u010di\u0165 r\u00e1mec tradi\u010dnej konzum\u00e1cie k\u00e1vy a za osobnej asistencie n\u00e1\u0161ho baristu poskytneme kvalitn\u00fa alternat\u00edvu pre t\u00fdch, ktor\u00ed padli do zajatia kapsule. Jednou zo \u0161pecial\u00edt k\u00e1vov\u00e9ho programu je v jednotliv\u00fdch ro\u010dn\u00fdch obdobiach odli\u0161n\u00e9 pra\u017eenie, tento sortiment je hos\u0165om k dispoz\u00edcii aj ako merchandisingov\u00fd produkt v men\u0161om balen\u00ed a v individu\u00e1lnych obaloch.<\/p>\n\n\n\n<p>Ak by v\u00e1m to nesta\u010dilo, izby sme vybavili aj k\u00e1vovarom Nespresso a k\u00e1vov\u00fdmi kapsulami LUA Speciality CoffeeTM, do ktor\u00fdch sme sami pra\u017eili k\u00e1vu. Pra\u017eenie je v jednotliv\u00fdch ro\u010dn\u00fdch obdobiach odli\u0161n\u00e9, tento sortiment je hos\u0165om k dispoz\u00edcii aj ako merchandisingov\u00fd produkt v men\u0161om balen\u00ed a v individu\u00e1lnych obaloch.<\/p>\n<\/div>\n<\/div>\n<\/div>\n<\/div><\/div>\n","protected":false},"excerpt":{"rendered":"<p>\u0160peci\u00e1lne pra\u017een\u00e1, mimoriadne kvalitn\u00e1 k\u00e1va OneEleven, ktor\u00fa pripravuj\u00fa profesion\u00e1lny baristi na k\u00e1vovej stanici, umiestnenej do stredu re\u0161taur\u00e1cie.<\/p>\n","protected":false},"author":1,"featured_media":2550,"parent":3088,"menu_order":5,"comment_status":"closed","ping_status":"closed","template":"template-product.php","meta":{"inline_featured_image":false,"footnotes":""},"class_list":["post-3099","page","type-page","status-publish","has-post-thumbnail","hentry"],"acf":[],"yoast_head":"<!-- This site is optimized with the Yoast SEO plugin v25.8 - https:\/\/yoast.com\/wordpress\/plugins\/seo\/ -->\n<title>LUA Coffee - LUA Resort Balatonf\u00fcred<\/title>\n<meta name=\"robots\" content=\"index, follow, max-snippet:-1, max-image-preview:large, max-video-preview:-1\" \/>\n<link rel=\"canonical\" href=\"https:\/\/luaresort.com\/sk\/kulinarna-barova-kultura\/lua-coffee\/\" \/>\n<meta property=\"og:locale\" content=\"sk_SK\" \/>\n<meta property=\"og:type\" content=\"article\" \/>\n<meta property=\"og:title\" content=\"LUA Coffee - LUA Resort Balatonf\u00fcred\" \/>\n<meta property=\"og:description\" content=\"\u0160peci\u00e1lne pra\u017een\u00e1, mimoriadne kvalitn\u00e1 k\u00e1va OneEleven, ktor\u00fa pripravuj\u00fa profesion\u00e1lny baristi na k\u00e1vovej stanici, umiestnenej do stredu re\u0161taur\u00e1cie.\" \/>\n<meta property=\"og:url\" content=\"https:\/\/luaresort.com\/sk\/kulinarna-barova-kultura\/lua-coffee\/\" \/>\n<meta property=\"og:site_name\" content=\"LUA Resort Balatonf\u00fcred\" \/>\n<meta property=\"article:publisher\" content=\"https:\/\/www.facebook.com\/luaresort\" \/>\n<meta property=\"article:modified_time\" content=\"2023-07-03T09:08:42+00:00\" \/>\n<meta property=\"og:image\" content=\"https:\/\/luaresort.com\/wp-content\/uploads\/2022\/05\/luaresort-coffee-thumbnail.jpg\" \/>\n\t<meta property=\"og:image:width\" content=\"1440\" \/>\n\t<meta property=\"og:image:height\" content=\"1080\" \/>\n\t<meta property=\"og:image:type\" content=\"image\/jpeg\" \/>\n<meta name=\"twitter:card\" content=\"summary_large_image\" \/>\n<meta name=\"twitter:label1\" content=\"Predpokladan\u00fd \u010das \u010d\u00edtania\" \/>\n\t<meta name=\"twitter:data1\" content=\"1 min\u00fata\" \/>\n<script type=\"application\/ld+json\" class=\"yoast-schema-graph\">{\"@context\":\"https:\/\/schema.org\",\"@graph\":[{\"@type\":\"WebPage\",\"@id\":\"https:\/\/luaresort.com\/sk\/kulinarna-barova-kultura\/lua-coffee\/\",\"url\":\"https:\/\/luaresort.com\/sk\/kulinarna-barova-kultura\/lua-coffee\/\",\"name\":\"LUA Coffee - LUA Resort Balatonf\u00fcred\",\"isPartOf\":{\"@id\":\"https:\/\/luaresort.com\/sk\/#website\"},\"primaryImageOfPage\":{\"@id\":\"https:\/\/luaresort.com\/sk\/kulinarna-barova-kultura\/lua-coffee\/#primaryimage\"},\"image\":{\"@id\":\"https:\/\/luaresort.com\/sk\/kulinarna-barova-kultura\/lua-coffee\/#primaryimage\"},\"thumbnailUrl\":\"https:\/\/i0.wp.com\/luaresort.com\/wp-content\/uploads\/2022\/05\/luaresort-coffee-thumbnail.jpg?fit=1440%2C1080&ssl=1\",\"datePublished\":\"2022-05-16T20:28:54+00:00\",\"dateModified\":\"2023-07-03T09:08:42+00:00\",\"breadcrumb\":{\"@id\":\"https:\/\/luaresort.com\/sk\/kulinarna-barova-kultura\/lua-coffee\/#breadcrumb\"},\"inLanguage\":\"sk-SK\",\"potentialAction\":[{\"@type\":\"ReadAction\",\"target\":[\"https:\/\/luaresort.com\/sk\/kulinarna-barova-kultura\/lua-coffee\/\"]}]},{\"@type\":\"ImageObject\",\"inLanguage\":\"sk-SK\",\"@id\":\"https:\/\/luaresort.com\/sk\/kulinarna-barova-kultura\/lua-coffee\/#primaryimage\",\"url\":\"https:\/\/i0.wp.com\/luaresort.com\/wp-content\/uploads\/2022\/05\/luaresort-coffee-thumbnail.jpg?fit=1440%2C1080&ssl=1\",\"contentUrl\":\"https:\/\/i0.wp.com\/luaresort.com\/wp-content\/uploads\/2022\/05\/luaresort-coffee-thumbnail.jpg?fit=1440%2C1080&ssl=1\",\"width\":1440,\"height\":1080},{\"@type\":\"BreadcrumbList\",\"@id\":\"https:\/\/luaresort.com\/sk\/kulinarna-barova-kultura\/lua-coffee\/#breadcrumb\",\"itemListElement\":[{\"@type\":\"ListItem\",\"position\":1,\"name\":\"Kezd\u0151lap\",\"item\":\"https:\/\/luaresort.com\/sk\/\"},{\"@type\":\"ListItem\",\"position\":2,\"name\":\"Kulin\u00e1rna &#038; barov\u00e1 kult\u00fara\",\"item\":\"https:\/\/luaresort.com\/sk\/kulinarna-barova-kultura\/\"},{\"@type\":\"ListItem\",\"position\":3,\"name\":\"LUA Coffee\"}]},{\"@type\":\"WebSite\",\"@id\":\"https:\/\/luaresort.com\/sk\/#website\",\"url\":\"https:\/\/luaresort.com\/sk\/\",\"name\":\"LUA Resort Balatonf\u00fcred\",\"description\":\"LUA Resort***** Balatonf\u00fcred. Az \u00faj resort sz\u00e1llod\u00e1j\u00e1ban a j\u00f3l\u00e9t j\u00f3ll\u00e9ttel p\u00e1rosul. Felel\u0151s hedonizmus, fenntarthat\u00f3 luxus, szem\u00e9lyre szabott szolg\u00e1ltat\u00e1sok.\",\"publisher\":{\"@id\":\"https:\/\/luaresort.com\/sk\/#organization\"},\"potentialAction\":[{\"@type\":\"SearchAction\",\"target\":{\"@type\":\"EntryPoint\",\"urlTemplate\":\"https:\/\/luaresort.com\/sk\/?s={search_term_string}\"},\"query-input\":{\"@type\":\"PropertyValueSpecification\",\"valueRequired\":true,\"valueName\":\"search_term_string\"}}],\"inLanguage\":\"sk-SK\"},{\"@type\":\"Organization\",\"@id\":\"https:\/\/luaresort.com\/sk\/#organization\",\"name\":\"LUA Resort\",\"url\":\"https:\/\/luaresort.com\/sk\/\",\"logo\":{\"@type\":\"ImageObject\",\"inLanguage\":\"sk-SK\",\"@id\":\"https:\/\/luaresort.com\/sk\/#\/schema\/logo\/image\/\",\"url\":\"https:\/\/luaresort.com\/wp-content\/uploads\/2022\/04\/lua-resort-logo.png\",\"contentUrl\":\"https:\/\/luaresort.com\/wp-content\/uploads\/2022\/04\/lua-resort-logo.png\",\"width\":2048,\"height\":2048,\"caption\":\"LUA Resort\"},\"image\":{\"@id\":\"https:\/\/luaresort.com\/sk\/#\/schema\/logo\/image\/\"},\"sameAs\":[\"https:\/\/www.facebook.com\/luaresort\",\"https:\/\/www.instagram.com\/luaresort\/\"]}]}<\/script>\n<!-- \/ Yoast SEO plugin. -->","yoast_head_json":{"title":"LUA Coffee - LUA Resort Balatonf\u00fcred","robots":{"index":"index","follow":"follow","max-snippet":"max-snippet:-1","max-image-preview":"max-image-preview:large","max-video-preview":"max-video-preview:-1"},"canonical":"https:\/\/luaresort.com\/sk\/kulinarna-barova-kultura\/lua-coffee\/","og_locale":"sk_SK","og_type":"article","og_title":"LUA Coffee - LUA Resort Balatonf\u00fcred","og_description":"\u0160peci\u00e1lne pra\u017een\u00e1, mimoriadne kvalitn\u00e1 k\u00e1va OneEleven, ktor\u00fa pripravuj\u00fa profesion\u00e1lny baristi na k\u00e1vovej stanici, umiestnenej do stredu re\u0161taur\u00e1cie.","og_url":"https:\/\/luaresort.com\/sk\/kulinarna-barova-kultura\/lua-coffee\/","og_site_name":"LUA Resort Balatonf\u00fcred","article_publisher":"https:\/\/www.facebook.com\/luaresort","article_modified_time":"2023-07-03T09:08:42+00:00","og_image":[{"width":1440,"height":1080,"url":"https:\/\/luaresort.com\/wp-content\/uploads\/2022\/05\/luaresort-coffee-thumbnail.jpg","type":"image\/jpeg"}],"twitter_card":"summary_large_image","twitter_misc":{"Predpokladan\u00fd \u010das \u010d\u00edtania":"1 min\u00fata"},"schema":{"@context":"https:\/\/schema.org","@graph":[{"@type":"WebPage","@id":"https:\/\/luaresort.com\/sk\/kulinarna-barova-kultura\/lua-coffee\/","url":"https:\/\/luaresort.com\/sk\/kulinarna-barova-kultura\/lua-coffee\/","name":"LUA Coffee - LUA Resort Balatonf\u00fcred","isPartOf":{"@id":"https:\/\/luaresort.com\/sk\/#website"},"primaryImageOfPage":{"@id":"https:\/\/luaresort.com\/sk\/kulinarna-barova-kultura\/lua-coffee\/#primaryimage"},"image":{"@id":"https:\/\/luaresort.com\/sk\/kulinarna-barova-kultura\/lua-coffee\/#primaryimage"},"thumbnailUrl":"https:\/\/i0.wp.com\/luaresort.com\/wp-content\/uploads\/2022\/05\/luaresort-coffee-thumbnail.jpg?fit=1440%2C1080&ssl=1","datePublished":"2022-05-16T20:28:54+00:00","dateModified":"2023-07-03T09:08:42+00:00","breadcrumb":{"@id":"https:\/\/luaresort.com\/sk\/kulinarna-barova-kultura\/lua-coffee\/#breadcrumb"},"inLanguage":"sk-SK","potentialAction":[{"@type":"ReadAction","target":["https:\/\/luaresort.com\/sk\/kulinarna-barova-kultura\/lua-coffee\/"]}]},{"@type":"ImageObject","inLanguage":"sk-SK","@id":"https:\/\/luaresort.com\/sk\/kulinarna-barova-kultura\/lua-coffee\/#primaryimage","url":"https:\/\/i0.wp.com\/luaresort.com\/wp-content\/uploads\/2022\/05\/luaresort-coffee-thumbnail.jpg?fit=1440%2C1080&ssl=1","contentUrl":"https:\/\/i0.wp.com\/luaresort.com\/wp-content\/uploads\/2022\/05\/luaresort-coffee-thumbnail.jpg?fit=1440%2C1080&ssl=1","width":1440,"height":1080},{"@type":"BreadcrumbList","@id":"https:\/\/luaresort.com\/sk\/kulinarna-barova-kultura\/lua-coffee\/#breadcrumb","itemListElement":[{"@type":"ListItem","position":1,"name":"Kezd\u0151lap","item":"https:\/\/luaresort.com\/sk\/"},{"@type":"ListItem","position":2,"name":"Kulin\u00e1rna &#038; barov\u00e1 kult\u00fara","item":"https:\/\/luaresort.com\/sk\/kulinarna-barova-kultura\/"},{"@type":"ListItem","position":3,"name":"LUA Coffee"}]},{"@type":"WebSite","@id":"https:\/\/luaresort.com\/sk\/#website","url":"https:\/\/luaresort.com\/sk\/","name":"LUA Resort Balatonf\u00fcred","description":"LUA Resort***** Balatonf\u00fcred. Az \u00faj resort sz\u00e1llod\u00e1j\u00e1ban a j\u00f3l\u00e9t j\u00f3ll\u00e9ttel p\u00e1rosul. Felel\u0151s hedonizmus, fenntarthat\u00f3 luxus, szem\u00e9lyre szabott szolg\u00e1ltat\u00e1sok.","publisher":{"@id":"https:\/\/luaresort.com\/sk\/#organization"},"potentialAction":[{"@type":"SearchAction","target":{"@type":"EntryPoint","urlTemplate":"https:\/\/luaresort.com\/sk\/?s={search_term_string}"},"query-input":{"@type":"PropertyValueSpecification","valueRequired":true,"valueName":"search_term_string"}}],"inLanguage":"sk-SK"},{"@type":"Organization","@id":"https:\/\/luaresort.com\/sk\/#organization","name":"LUA Resort","url":"https:\/\/luaresort.com\/sk\/","logo":{"@type":"ImageObject","inLanguage":"sk-SK","@id":"https:\/\/luaresort.com\/sk\/#\/schema\/logo\/image\/","url":"https:\/\/luaresort.com\/wp-content\/uploads\/2022\/04\/lua-resort-logo.png","contentUrl":"https:\/\/luaresort.com\/wp-content\/uploads\/2022\/04\/lua-resort-logo.png","width":2048,"height":2048,"caption":"LUA Resort"},"image":{"@id":"https:\/\/luaresort.com\/sk\/#\/schema\/logo\/image\/"},"sameAs":["https:\/\/www.facebook.com\/luaresort","https:\/\/www.instagram.com\/luaresort\/"]}]}},"jetpack_sharing_enabled":true,"_links":{"self":[{"href":"https:\/\/luaresort.com\/sk\/wp-json\/wp\/v2\/pages\/3099","targetHints":{"allow":["GET"]}}],"collection":[{"href":"https:\/\/luaresort.com\/sk\/wp-json\/wp\/v2\/pages"}],"about":[{"href":"https:\/\/luaresort.com\/sk\/wp-json\/wp\/v2\/types\/page"}],"author":[{"embeddable":true,"href":"https:\/\/luaresort.com\/sk\/wp-json\/wp\/v2\/users\/1"}],"replies":[{"embeddable":true,"href":"https:\/\/luaresort.com\/sk\/wp-json\/wp\/v2\/comments?post=3099"}],"version-history":[{"count":1,"href":"https:\/\/luaresort.com\/sk\/wp-json\/wp\/v2\/pages\/3099\/revisions"}],"predecessor-version":[{"id":3100,"href":"https:\/\/luaresort.com\/sk\/wp-json\/wp\/v2\/pages\/3099\/revisions\/3100"}],"up":[{"embeddable":true,"href":"https:\/\/luaresort.com\/sk\/wp-json\/wp\/v2\/pages\/3088"}],"wp:featuredmedia":[{"embeddable":true,"href":"https:\/\/luaresort.com\/sk\/wp-json\/wp\/v2\/media\/2550"}],"wp:attachment":[{"href":"https:\/\/luaresort.com\/sk\/wp-json\/wp\/v2\/media?parent=3099"}],"curies":[{"name":"wp","href":"https:\/\/api.w.org\/{rel}","templated":true}]}}