{"id":3089,"date":"2022-05-11T20:43:59","date_gmt":"2022-05-11T18:43:59","guid":{"rendered":"https:\/\/luaresort.com\/kulinarna-barova-kultura\/noon-restaurant-lounge\/"},"modified":"2026-02-15T12:07:03","modified_gmt":"2026-02-15T11:07:03","slug":"noon-restaurant-lounge","status":"publish","type":"page","link":"https:\/\/luaresort.com\/sk\/kulinarna-barova-kultura\/noon-restaurant-lounge\/","title":{"rendered":"NOON Restaurant &#038; Lounge"},"content":{"rendered":"\n<div class=\"wp-block-group grouped-content\"><div class=\"wp-block-group__inner-container is-layout-flow wp-block-group-is-layout-flow\">\n<div class=\"wp-block-group is-layout-flex wp-block-group-is-layout-flex\">\n<div class=\"wp-block-columns row is-layout-flex wp-container-core-columns-is-layout-9d6595d7 wp-block-columns-is-layout-flex\">\n<div class=\"wp-block-column col-lg-4 is-layout-flow wp-block-column-is-layout-flow\" style=\"flex-basis:33.33%\"><\/div>\n\n\n\n<div class=\"wp-block-column col-lg-8 is-layout-flow wp-block-column-is-layout-flow\" style=\"flex-basis:66.66%\">\n<p>Na\u0161a gastronomick\u00e1 filozofia je bl\u00edzka modernej jednoduchosti, vych\u00e1dza z kore\u0148ov minulosti, ale sleduje svetov\u00e9 trendy. V na\u0161ej s\u00fa\u010dasnej kuchyni re\u0161pektujeme suroviny, niekedy dop\u013a\u0148ame tradi\u010dn\u00e9 postupy chu\u0165ami z r\u00f4znych kuch\u00fd\u0148 sveta, niekedy striedmej\u0161ie, inokedy intenz\u00edvnej\u0161ie. Takto obnoven\u00e9 a&#8217;la carte menu NOON pon\u00faka holistick\u00fd z\u00e1\u017eitok pre v\u0161etky na\u0161e zmysly.<\/p>\n\n\n\n<p><strong>Kulin\u00e1rsky z\u00e1\u017eitok pri ve\u010deri<\/strong><\/p>\n\n\n\n<p>V re\u0161taur\u00e1cii NOON si m\u00f4\u017eete vybra\u0165 z na\u0161eho menu \u00e0 la carte, ktor\u00e9 je serv\u00edrovan\u00e9 s va\u0161ou rezerv\u00e1ciou. <\/p>\n\n\n\n<p><strong>U\u017eito\u010dn\u00e9 inform\u00e1cie<\/strong><\/p>\n\n\n\n<p>V ka\u017edom pr\u00edpade si rezervujte miesto. V re\u0161taur\u00e1cii plat\u00ed elegantn\u00fd neform\u00e1lny dress code. Ak m\u00e1te potravinov\u00fa alergiu alebo intoleranciu alebo ak po\u017eadujete vegetari\u00e1nske menu, kontaktujte n\u00e1\u0161 person\u00e1l 24 hod\u00edn vopred. Obr\u00e1\u0165te sa na n\u00e1\u0161 person\u00e1l, aby v\u00e1m pomohol vybra\u0165 p\u00e1rovanie v\u00edn, ktor\u00e9 najlep\u0161ie vyhovuje va\u0161im chutiam. <\/p>\n\n\n\n<p>Dom\u00e1ce alebo in\u00e9 zvierat\u00e1, s v\u00fdnimkou vodiacich alebo asisten\u010dn\u00fdch psov, v re\u0161taur\u00e1cii nie s\u00fa povolen\u00e9. \u010eakujeme za pochopenie.<\/p>\n\n\n\n<p>V z\u00e1vislosti od obsadenosti priv\u00edtame aj nehotelov\u00fdch host\u00ed, ktor\u00fdch rezerv\u00e1cie si m\u00f4\u017eete vy\u017eiada\u0165 na telef\u00f3nnom \u010d\u00edsle +36\/87-512-500. <\/p>\n\n\n\n<p>N\u00e1\u0161 jed\u00e1lny l\u00edstok je kozmopolitn\u00fd a na\u0161i v\u00e1\u0161niv\u00ed kuch\u00e1ri v \u0148om pripravuj\u00fa nezabudnute\u013en\u00e9 jedl\u00e1.<\/p>\n<\/div>\n<\/div>\n<\/div>\n<\/div><\/div>\n","protected":false},"excerpt":{"rendered":"<p>V na\u0161ej modernnej re\u0161taur\u00e1cii, ocenenej Michelin, dv\u00edhame bistro gastron\u00f3miu na nov\u00fa \u00farove\u0148. Odpoved\u00e1me na korene minulosti a z\u00e1rove\u0148 vn\u00edmame pulz sveta.<\/p>\n","protected":false},"author":1,"featured_media":20670,"parent":3088,"menu_order":1,"comment_status":"closed","ping_status":"closed","template":"template-product.php","meta":{"inline_featured_image":false,"footnotes":""},"class_list":["post-3089","page","type-page","status-publish","has-post-thumbnail","hentry"],"acf":[],"yoast_head":"<!-- This site is optimized with the Yoast SEO plugin v25.8 - https:\/\/yoast.com\/wordpress\/plugins\/seo\/ -->\n<title>NOON Restaurant &amp; Lounge - LUA Resort Balatonf\u00fcred<\/title>\n<meta name=\"description\" content=\"V na\u0161ej modernnej re\u0161taur\u00e1cii, ocenenej Michelin, dv\u00edhame bistro gastron\u00f3miu na nov\u00fa \u00farove\u0148. Odpoved\u00e1me na korene minulosti a z\u00e1rove\u0148 vn\u00edmame pulz sveta.\" \/>\n<meta name=\"robots\" content=\"index, follow, max-snippet:-1, max-image-preview:large, max-video-preview:-1\" \/>\n<link rel=\"canonical\" href=\"https:\/\/luaresort.com\/sk\/kulinarna-barova-kultura\/noon-restaurant-lounge\/\" \/>\n<meta property=\"og:locale\" content=\"sk_SK\" \/>\n<meta property=\"og:type\" content=\"article\" \/>\n<meta property=\"og:title\" content=\"NOON Restaurant &amp; Lounge - LUA Resort Balatonf\u00fcred\" \/>\n<meta property=\"og:description\" content=\"V na\u0161ej modernnej re\u0161taur\u00e1cii, ocenenej Michelin, dv\u00edhame bistro gastron\u00f3miu na nov\u00fa \u00farove\u0148. Odpoved\u00e1me na korene minulosti a z\u00e1rove\u0148 vn\u00edmame pulz sveta.\" \/>\n<meta property=\"og:url\" content=\"https:\/\/luaresort.com\/sk\/kulinarna-barova-kultura\/noon-restaurant-lounge\/\" \/>\n<meta property=\"og:site_name\" content=\"LUA Resort Balatonf\u00fcred\" \/>\n<meta property=\"article:publisher\" content=\"https:\/\/www.facebook.com\/luaresort\" \/>\n<meta property=\"article:modified_time\" content=\"2026-02-15T11:07:03+00:00\" \/>\n<meta property=\"og:image\" content=\"https:\/\/luaresort.com\/wp-content\/uploads\/2025\/03\/lua-resort-balatonfured-DSC06920-scaled.jpg\" \/>\n\t<meta property=\"og:image:width\" content=\"1707\" \/>\n\t<meta property=\"og:image:height\" content=\"2560\" \/>\n\t<meta property=\"og:image:type\" content=\"image\/jpeg\" \/>\n<meta name=\"twitter:card\" content=\"summary_large_image\" \/>\n<meta name=\"twitter:label1\" content=\"Predpokladan\u00fd \u010das \u010d\u00edtania\" \/>\n\t<meta name=\"twitter:data1\" content=\"2 min\u00faty\" \/>\n<script type=\"application\/ld+json\" class=\"yoast-schema-graph\">{\"@context\":\"https:\/\/schema.org\",\"@graph\":[{\"@type\":\"WebPage\",\"@id\":\"https:\/\/luaresort.com\/sk\/kulinarna-barova-kultura\/noon-restaurant-lounge\/\",\"url\":\"https:\/\/luaresort.com\/sk\/kulinarna-barova-kultura\/noon-restaurant-lounge\/\",\"name\":\"NOON Restaurant & Lounge - LUA Resort Balatonf\u00fcred\",\"isPartOf\":{\"@id\":\"https:\/\/luaresort.com\/sk\/#website\"},\"primaryImageOfPage\":{\"@id\":\"https:\/\/luaresort.com\/sk\/kulinarna-barova-kultura\/noon-restaurant-lounge\/#primaryimage\"},\"image\":{\"@id\":\"https:\/\/luaresort.com\/sk\/kulinarna-barova-kultura\/noon-restaurant-lounge\/#primaryimage\"},\"thumbnailUrl\":\"https:\/\/i0.wp.com\/luaresort.com\/wp-content\/uploads\/2025\/03\/lua-resort-balatonfured-DSC06920-scaled.jpg?fit=1707%2C2560&ssl=1\",\"datePublished\":\"2022-05-11T18:43:59+00:00\",\"dateModified\":\"2026-02-15T11:07:03+00:00\",\"description\":\"V na\u0161ej modernnej re\u0161taur\u00e1cii, ocenenej Michelin, dv\u00edhame bistro gastron\u00f3miu na nov\u00fa \u00farove\u0148. Odpoved\u00e1me na korene minulosti a z\u00e1rove\u0148 vn\u00edmame pulz sveta.\",\"breadcrumb\":{\"@id\":\"https:\/\/luaresort.com\/sk\/kulinarna-barova-kultura\/noon-restaurant-lounge\/#breadcrumb\"},\"inLanguage\":\"sk-SK\",\"potentialAction\":[{\"@type\":\"ReadAction\",\"target\":[\"https:\/\/luaresort.com\/sk\/kulinarna-barova-kultura\/noon-restaurant-lounge\/\"]}]},{\"@type\":\"ImageObject\",\"inLanguage\":\"sk-SK\",\"@id\":\"https:\/\/luaresort.com\/sk\/kulinarna-barova-kultura\/noon-restaurant-lounge\/#primaryimage\",\"url\":\"https:\/\/i0.wp.com\/luaresort.com\/wp-content\/uploads\/2025\/03\/lua-resort-balatonfured-DSC06920-scaled.jpg?fit=1707%2C2560&ssl=1\",\"contentUrl\":\"https:\/\/i0.wp.com\/luaresort.com\/wp-content\/uploads\/2025\/03\/lua-resort-balatonfured-DSC06920-scaled.jpg?fit=1707%2C2560&ssl=1\",\"width\":1707,\"height\":2560},{\"@type\":\"BreadcrumbList\",\"@id\":\"https:\/\/luaresort.com\/sk\/kulinarna-barova-kultura\/noon-restaurant-lounge\/#breadcrumb\",\"itemListElement\":[{\"@type\":\"ListItem\",\"position\":1,\"name\":\"Kezd\u0151lap\",\"item\":\"https:\/\/luaresort.com\/sk\/\"},{\"@type\":\"ListItem\",\"position\":2,\"name\":\"Kulin\u00e1rna &#038; barov\u00e1 kult\u00fara\",\"item\":\"https:\/\/luaresort.com\/sk\/kulinarna-barova-kultura\/\"},{\"@type\":\"ListItem\",\"position\":3,\"name\":\"NOON Restaurant &#038; Lounge\"}]},{\"@type\":\"WebSite\",\"@id\":\"https:\/\/luaresort.com\/sk\/#website\",\"url\":\"https:\/\/luaresort.com\/sk\/\",\"name\":\"LUA Resort Balatonf\u00fcred\",\"description\":\"LUA Resort***** Balatonf\u00fcred. Az \u00faj resort sz\u00e1llod\u00e1j\u00e1ban a j\u00f3l\u00e9t j\u00f3ll\u00e9ttel p\u00e1rosul. Felel\u0151s hedonizmus, fenntarthat\u00f3 luxus, szem\u00e9lyre szabott szolg\u00e1ltat\u00e1sok.\",\"publisher\":{\"@id\":\"https:\/\/luaresort.com\/sk\/#organization\"},\"potentialAction\":[{\"@type\":\"SearchAction\",\"target\":{\"@type\":\"EntryPoint\",\"urlTemplate\":\"https:\/\/luaresort.com\/sk\/?s={search_term_string}\"},\"query-input\":{\"@type\":\"PropertyValueSpecification\",\"valueRequired\":true,\"valueName\":\"search_term_string\"}}],\"inLanguage\":\"sk-SK\"},{\"@type\":\"Organization\",\"@id\":\"https:\/\/luaresort.com\/sk\/#organization\",\"name\":\"LUA Resort\",\"url\":\"https:\/\/luaresort.com\/sk\/\",\"logo\":{\"@type\":\"ImageObject\",\"inLanguage\":\"sk-SK\",\"@id\":\"https:\/\/luaresort.com\/sk\/#\/schema\/logo\/image\/\",\"url\":\"https:\/\/luaresort.com\/wp-content\/uploads\/2022\/04\/lua-resort-logo.png\",\"contentUrl\":\"https:\/\/luaresort.com\/wp-content\/uploads\/2022\/04\/lua-resort-logo.png\",\"width\":2048,\"height\":2048,\"caption\":\"LUA Resort\"},\"image\":{\"@id\":\"https:\/\/luaresort.com\/sk\/#\/schema\/logo\/image\/\"},\"sameAs\":[\"https:\/\/www.facebook.com\/luaresort\",\"https:\/\/www.instagram.com\/luaresort\/\"]}]}<\/script>\n<!-- \/ Yoast SEO plugin. -->","yoast_head_json":{"title":"NOON Restaurant & Lounge - LUA Resort Balatonf\u00fcred","description":"V na\u0161ej modernnej re\u0161taur\u00e1cii, ocenenej Michelin, dv\u00edhame bistro gastron\u00f3miu na nov\u00fa \u00farove\u0148. Odpoved\u00e1me na korene minulosti a z\u00e1rove\u0148 vn\u00edmame pulz sveta.","robots":{"index":"index","follow":"follow","max-snippet":"max-snippet:-1","max-image-preview":"max-image-preview:large","max-video-preview":"max-video-preview:-1"},"canonical":"https:\/\/luaresort.com\/sk\/kulinarna-barova-kultura\/noon-restaurant-lounge\/","og_locale":"sk_SK","og_type":"article","og_title":"NOON Restaurant & Lounge - LUA Resort Balatonf\u00fcred","og_description":"V na\u0161ej modernnej re\u0161taur\u00e1cii, ocenenej Michelin, dv\u00edhame bistro gastron\u00f3miu na nov\u00fa \u00farove\u0148. Odpoved\u00e1me na korene minulosti a z\u00e1rove\u0148 vn\u00edmame pulz sveta.","og_url":"https:\/\/luaresort.com\/sk\/kulinarna-barova-kultura\/noon-restaurant-lounge\/","og_site_name":"LUA Resort Balatonf\u00fcred","article_publisher":"https:\/\/www.facebook.com\/luaresort","article_modified_time":"2026-02-15T11:07:03+00:00","og_image":[{"width":1707,"height":2560,"url":"https:\/\/luaresort.com\/wp-content\/uploads\/2025\/03\/lua-resort-balatonfured-DSC06920-scaled.jpg","type":"image\/jpeg"}],"twitter_card":"summary_large_image","twitter_misc":{"Predpokladan\u00fd \u010das \u010d\u00edtania":"2 min\u00faty"},"schema":{"@context":"https:\/\/schema.org","@graph":[{"@type":"WebPage","@id":"https:\/\/luaresort.com\/sk\/kulinarna-barova-kultura\/noon-restaurant-lounge\/","url":"https:\/\/luaresort.com\/sk\/kulinarna-barova-kultura\/noon-restaurant-lounge\/","name":"NOON Restaurant & Lounge - LUA Resort Balatonf\u00fcred","isPartOf":{"@id":"https:\/\/luaresort.com\/sk\/#website"},"primaryImageOfPage":{"@id":"https:\/\/luaresort.com\/sk\/kulinarna-barova-kultura\/noon-restaurant-lounge\/#primaryimage"},"image":{"@id":"https:\/\/luaresort.com\/sk\/kulinarna-barova-kultura\/noon-restaurant-lounge\/#primaryimage"},"thumbnailUrl":"https:\/\/i0.wp.com\/luaresort.com\/wp-content\/uploads\/2025\/03\/lua-resort-balatonfured-DSC06920-scaled.jpg?fit=1707%2C2560&ssl=1","datePublished":"2022-05-11T18:43:59+00:00","dateModified":"2026-02-15T11:07:03+00:00","description":"V na\u0161ej modernnej re\u0161taur\u00e1cii, ocenenej Michelin, dv\u00edhame bistro gastron\u00f3miu na nov\u00fa \u00farove\u0148. Odpoved\u00e1me na korene minulosti a z\u00e1rove\u0148 vn\u00edmame pulz sveta.","breadcrumb":{"@id":"https:\/\/luaresort.com\/sk\/kulinarna-barova-kultura\/noon-restaurant-lounge\/#breadcrumb"},"inLanguage":"sk-SK","potentialAction":[{"@type":"ReadAction","target":["https:\/\/luaresort.com\/sk\/kulinarna-barova-kultura\/noon-restaurant-lounge\/"]}]},{"@type":"ImageObject","inLanguage":"sk-SK","@id":"https:\/\/luaresort.com\/sk\/kulinarna-barova-kultura\/noon-restaurant-lounge\/#primaryimage","url":"https:\/\/i0.wp.com\/luaresort.com\/wp-content\/uploads\/2025\/03\/lua-resort-balatonfured-DSC06920-scaled.jpg?fit=1707%2C2560&ssl=1","contentUrl":"https:\/\/i0.wp.com\/luaresort.com\/wp-content\/uploads\/2025\/03\/lua-resort-balatonfured-DSC06920-scaled.jpg?fit=1707%2C2560&ssl=1","width":1707,"height":2560},{"@type":"BreadcrumbList","@id":"https:\/\/luaresort.com\/sk\/kulinarna-barova-kultura\/noon-restaurant-lounge\/#breadcrumb","itemListElement":[{"@type":"ListItem","position":1,"name":"Kezd\u0151lap","item":"https:\/\/luaresort.com\/sk\/"},{"@type":"ListItem","position":2,"name":"Kulin\u00e1rna &#038; barov\u00e1 kult\u00fara","item":"https:\/\/luaresort.com\/sk\/kulinarna-barova-kultura\/"},{"@type":"ListItem","position":3,"name":"NOON Restaurant &#038; Lounge"}]},{"@type":"WebSite","@id":"https:\/\/luaresort.com\/sk\/#website","url":"https:\/\/luaresort.com\/sk\/","name":"LUA Resort Balatonf\u00fcred","description":"LUA Resort***** Balatonf\u00fcred. Az \u00faj resort sz\u00e1llod\u00e1j\u00e1ban a j\u00f3l\u00e9t j\u00f3ll\u00e9ttel p\u00e1rosul. Felel\u0151s hedonizmus, fenntarthat\u00f3 luxus, szem\u00e9lyre szabott szolg\u00e1ltat\u00e1sok.","publisher":{"@id":"https:\/\/luaresort.com\/sk\/#organization"},"potentialAction":[{"@type":"SearchAction","target":{"@type":"EntryPoint","urlTemplate":"https:\/\/luaresort.com\/sk\/?s={search_term_string}"},"query-input":{"@type":"PropertyValueSpecification","valueRequired":true,"valueName":"search_term_string"}}],"inLanguage":"sk-SK"},{"@type":"Organization","@id":"https:\/\/luaresort.com\/sk\/#organization","name":"LUA Resort","url":"https:\/\/luaresort.com\/sk\/","logo":{"@type":"ImageObject","inLanguage":"sk-SK","@id":"https:\/\/luaresort.com\/sk\/#\/schema\/logo\/image\/","url":"https:\/\/luaresort.com\/wp-content\/uploads\/2022\/04\/lua-resort-logo.png","contentUrl":"https:\/\/luaresort.com\/wp-content\/uploads\/2022\/04\/lua-resort-logo.png","width":2048,"height":2048,"caption":"LUA Resort"},"image":{"@id":"https:\/\/luaresort.com\/sk\/#\/schema\/logo\/image\/"},"sameAs":["https:\/\/www.facebook.com\/luaresort","https:\/\/www.instagram.com\/luaresort\/"]}]}},"jetpack_sharing_enabled":true,"_links":{"self":[{"href":"https:\/\/luaresort.com\/sk\/wp-json\/wp\/v2\/pages\/3089","targetHints":{"allow":["GET"]}}],"collection":[{"href":"https:\/\/luaresort.com\/sk\/wp-json\/wp\/v2\/pages"}],"about":[{"href":"https:\/\/luaresort.com\/sk\/wp-json\/wp\/v2\/types\/page"}],"author":[{"embeddable":true,"href":"https:\/\/luaresort.com\/sk\/wp-json\/wp\/v2\/users\/1"}],"replies":[{"embeddable":true,"href":"https:\/\/luaresort.com\/sk\/wp-json\/wp\/v2\/comments?post=3089"}],"version-history":[{"count":18,"href":"https:\/\/luaresort.com\/sk\/wp-json\/wp\/v2\/pages\/3089\/revisions"}],"predecessor-version":[{"id":23046,"href":"https:\/\/luaresort.com\/sk\/wp-json\/wp\/v2\/pages\/3089\/revisions\/23046"}],"up":[{"embeddable":true,"href":"https:\/\/luaresort.com\/sk\/wp-json\/wp\/v2\/pages\/3088"}],"wp:featuredmedia":[{"embeddable":true,"href":"https:\/\/luaresort.com\/sk\/wp-json\/wp\/v2\/media\/20670"}],"wp:attachment":[{"href":"https:\/\/luaresort.com\/sk\/wp-json\/wp\/v2\/media?parent=3089"}],"curies":[{"name":"wp","href":"https:\/\/api.w.org\/{rel}","templated":true}]}}