{"id":3086,"date":"2022-05-12T17:33:07","date_gmt":"2022-05-12T15:33:07","guid":{"rendered":"https:\/\/luaresort.com\/lifestylove-programy\/"},"modified":"2022-08-24T17:45:04","modified_gmt":"2022-08-24T15:45:04","slug":"lifestylove-programy","status":"publish","type":"page","link":"https:\/\/luaresort.com\/sk\/hotel\/lifestylove-programy\/","title":{"rendered":"Lifestylov\u00e9 programy"},"content":{"rendered":"\n<div class=\"wp-block-group grouped-content\"><div class=\"wp-block-group__inner-container is-layout-flow wp-block-group-is-layout-flow\">\n<div class=\"wp-block-group is-layout-flex wp-block-group-is-layout-flex\">\n<div class=\"wp-block-columns row is-layout-flex wp-container-core-columns-is-layout-9d6595d7 wp-block-columns-is-layout-flex\">\n<div class=\"wp-block-column col-lg-4 is-layout-flow wp-block-column-is-layout-flow\" style=\"flex-basis:33.33%\"><\/div>\n\n\n\n<div class=\"wp-block-column col-lg-8 is-layout-flow wp-block-column-is-layout-flow\" style=\"flex-basis:66.66%\">\n<p>Dobr\u00fd \u017eivot je vlastne zbierkou mnoh\u00fdch \u0161\u0165astn\u00fdch okamihov! Spoma\u013eme a zbierajme z\u00e1\u017eitky.&#13;\nPre\u017e\u00edvajme chv\u00edle, ktor\u00e9 n\u00e1m m\u00f4\u017eu naozaj spr\u00edjemni\u0165 \u017eivot.<\/p>\n<\/div>\n<\/div>\n<\/div>\n<\/div><\/div>\n\n<div class=\"wp-block-group grouped-content\"><div class=\"wp-block-group__inner-container is-layout-flow wp-block-group-is-layout-flow\">\n<div class=\"wp-block-group is-layout-flex wp-block-group-is-layout-flex\">\n<div class=\"wp-block-columns row is-layout-flex wp-container-core-columns-is-layout-9d6595d7 wp-block-columns-is-layout-flex\">\n<div class=\"wp-block-column col-lg-4 is-layout-flow wp-block-column-is-layout-flow\" style=\"flex-basis:33.33%\">\n<h2 class=\"wp-block-heading\">Rezort LUA je ide\u00e1lnym miestom objavova\u0165<\/h2>\n<\/div>\n\n\n\n<div class=\"wp-block-column col-lg-8 is-layout-flow wp-block-column-is-layout-flow\" style=\"flex-basis:66.66%\">\n<ul class=\"wp-block-list\"><li>ru\u0161n\u00e9 letn\u00e9 pobre\u017eie Balatonu<\/li><li>n\u00e1dhern\u00e9 pr\u00edrodn\u00e9 a kult\u00farne poklady Balatonskej vrchoviny<\/li><li>pocit pri plachten\u00ed<\/li><li>v\u00f4\u0148u levandule z Tihanye<\/li><li>o\u010distn\u00e9 \u00fa\u010dinky saunov\u00fdch se\u00e1ns na telo a du\u0161u<\/li><li>vlastn\u00fa rovnov\u00e1hu na doske SUP<\/li><li>ospal\u00fd zimn\u00fd Balaton odha\u013euj\u00faci tajomstv\u00e1<\/li><\/ul>\n<\/div>\n<\/div>\n<\/div>\n<\/div><\/div>\n\n<div class=\"wp-block-group grouped-content\"><div class=\"wp-block-group__inner-container is-layout-flow wp-block-group-is-layout-flow\">\n<div class=\"wp-block-group is-layout-flex wp-block-group-is-layout-flex\">\n<div class=\"wp-block-columns row is-layout-flex wp-container-core-columns-is-layout-9d6595d7 wp-block-columns-is-layout-flex\">\n<div class=\"wp-block-column col-lg-4 is-layout-flow wp-block-column-is-layout-flow\" style=\"flex-basis:33.33%\">\n<h2 class=\"wp-block-heading\">Lifestylov\u00e9 programy:<\/h2>\n<\/div>\n\n\n\n<div class=\"wp-block-column col-lg-8 is-layout-flow wp-block-column-is-layout-flow\" style=\"flex-basis:66.66%\">\n<ul class=\"wp-block-list\"><li>Saunov\u00e9 ceremoni\u00e1ly a seansy<\/li><li>Pren\u00e1jom SUP<\/li><li>Joga Pozdrav slnku v hotelovej z\u00e1hrade<\/li><li>Piknikov\u00fd k\u00f4\u0161 LUA na v\u00fdlety<\/li><\/ul>\n<\/div>\n<\/div>\n<\/div>\n<\/div><\/div>\n\n<div class=\"wp-block-group alignfull grouped-content has-turquoise-background-color has-background\"><div class=\"wp-block-group__inner-container is-layout-flow wp-block-group-is-layout-flow\">\n<div class=\"wp-block-group grouped-content\"><div class=\"wp-block-group__inner-container is-layout-flow wp-block-group-is-layout-flow\">\n<div class=\"wp-block-group is-layout-flex wp-block-group-is-layout-flex\">\n<div class=\"wp-block-columns row is-layout-flex wp-container-core-columns-is-layout-9d6595d7 wp-block-columns-is-layout-flex\">\n<div class=\"wp-block-column col-lg-4 is-layout-flow wp-block-column-is-layout-flow\" style=\"flex-basis:33.33%\">\n<h2 class=\"wp-block-heading\">Na\u0161e ob\u013e\u00faben\u00e9 miesta v Balatonf\u00fcrede a okol\u00ed<\/h2>\n<\/div>\n\n\n\n<div class=\"wp-block-column col-lg-8 is-layout-flow wp-block-column-is-layout-flow\" style=\"flex-basis:66.66%\">\n<ul class=\"wp-block-list\"><li>Promen\u00e1da Tagore<\/li><li>Pam\u00e4tn\u00fd dom J\u00f3kaiho<\/li><li>Prame\u0148 Lajosa Kossutha<\/li><li>Gal\u00e9ria Vaszary<\/li><li>Lodn\u00e1 stanica Balatonf\u00fcred<\/li><li>Parn\u00edk Kisfaludy v\u00fdletn\u00e1 lo\u010f<\/li><li>Zvernica v \u00fadol\u00ed Koloska<\/li><\/ul>\n\n\n\n<ul class=\"wp-block-list\"><li>Arbor\u00e9tum Folly<\/li><li>Vrch Hegyest\u0171<\/li><li>Hrad Nagyv\u00e1zsony<\/li><li>Kotlina K\u00e1li &#8211; trh v K\u00e1ptalant\u00f3ti<\/li><li>Tihany a festival levandule v Tihanyi<\/li><li>V\u00fdstava Lavender Tihany, destil\u00e1tor esenci\u00e1lnych olejov<\/li><li>Jazzov\u00fd piknik Paloznak<\/li><li>Veszpr\u00e9m a Veszpr\u00e9m Feszt<\/li><\/ul>\n<\/div>\n<\/div>\n<\/div>\n<\/div><\/div>\n<\/div><\/div>\n","protected":false},"excerpt":{"rendered":"<p>Dobr\u00fd \u017eivot je vlastne zbierkou mnoh\u00fdch \u0161\u0165astn\u00fdch okamihov! Spoma\u013eme a zbierajme z\u00e1\u017eitky.<br \/>\nPre\u017e\u00edvajme chv\u00edle, ktor\u00e9 n\u00e1m m\u00f4\u017eu naozaj spr\u00edjemni\u0165 \u017eivot.<\/p>\n","protected":false},"author":1,"featured_media":0,"parent":3129,"menu_order":0,"comment_status":"closed","ping_status":"closed","template":"template-product.php","meta":{"inline_featured_image":false,"footnotes":""},"class_list":["post-3086","page","type-page","status-publish","hentry"],"acf":[],"yoast_head":"<!-- This site is optimized with the Yoast SEO plugin v25.8 - https:\/\/yoast.com\/wordpress\/plugins\/seo\/ -->\n<title>Lifestylov\u00e9 programy - LUA Resort Balatonf\u00fcred<\/title>\n<meta name=\"robots\" content=\"index, follow, max-snippet:-1, max-image-preview:large, max-video-preview:-1\" \/>\n<link rel=\"canonical\" href=\"https:\/\/luaresort.com\/sk\/hotel\/lifestylove-programy\/\" \/>\n<meta property=\"og:locale\" content=\"sk_SK\" \/>\n<meta property=\"og:type\" content=\"article\" \/>\n<meta property=\"og:title\" content=\"Lifestylov\u00e9 programy - LUA Resort Balatonf\u00fcred\" \/>\n<meta property=\"og:description\" content=\"Dobr\u00fd \u017eivot je vlastne zbierkou mnoh\u00fdch \u0161\u0165astn\u00fdch okamihov! Spoma\u013eme a zbierajme z\u00e1\u017eitky. Pre\u017e\u00edvajme chv\u00edle, ktor\u00e9 n\u00e1m m\u00f4\u017eu naozaj spr\u00edjemni\u0165 \u017eivot.\" \/>\n<meta property=\"og:url\" content=\"https:\/\/luaresort.com\/sk\/hotel\/lifestylove-programy\/\" \/>\n<meta property=\"og:site_name\" content=\"LUA Resort Balatonf\u00fcred\" \/>\n<meta property=\"article:publisher\" content=\"https:\/\/www.facebook.com\/luaresort\" \/>\n<meta property=\"article:modified_time\" content=\"2022-08-24T15:45:04+00:00\" \/>\n<meta name=\"twitter:card\" content=\"summary_large_image\" \/>\n<meta name=\"twitter:label1\" content=\"Predpokladan\u00fd \u010das \u010d\u00edtania\" \/>\n\t<meta name=\"twitter:data1\" content=\"1 min\u00fata\" \/>\n<script type=\"application\/ld+json\" class=\"yoast-schema-graph\">{\"@context\":\"https:\/\/schema.org\",\"@graph\":[{\"@type\":\"WebPage\",\"@id\":\"https:\/\/luaresort.com\/sk\/hotel\/lifestylove-programy\/\",\"url\":\"https:\/\/luaresort.com\/sk\/hotel\/lifestylove-programy\/\",\"name\":\"Lifestylov\u00e9 programy - LUA Resort Balatonf\u00fcred\",\"isPartOf\":{\"@id\":\"https:\/\/luaresort.com\/sk\/#website\"},\"datePublished\":\"2022-05-12T15:33:07+00:00\",\"dateModified\":\"2022-08-24T15:45:04+00:00\",\"breadcrumb\":{\"@id\":\"https:\/\/luaresort.com\/sk\/hotel\/lifestylove-programy\/#breadcrumb\"},\"inLanguage\":\"sk-SK\",\"potentialAction\":[{\"@type\":\"ReadAction\",\"target\":[\"https:\/\/luaresort.com\/sk\/hotel\/lifestylove-programy\/\"]}]},{\"@type\":\"BreadcrumbList\",\"@id\":\"https:\/\/luaresort.com\/sk\/hotel\/lifestylove-programy\/#breadcrumb\",\"itemListElement\":[{\"@type\":\"ListItem\",\"position\":1,\"name\":\"Kezd\u0151lap\",\"item\":\"https:\/\/luaresort.com\/sk\/\"},{\"@type\":\"ListItem\",\"position\":2,\"name\":\"Hotel\",\"item\":\"https:\/\/luaresort.com\/sk\/hotel\/\"},{\"@type\":\"ListItem\",\"position\":3,\"name\":\"Lifestylov\u00e9 programy\"}]},{\"@type\":\"WebSite\",\"@id\":\"https:\/\/luaresort.com\/sk\/#website\",\"url\":\"https:\/\/luaresort.com\/sk\/\",\"name\":\"LUA Resort Balatonf\u00fcred\",\"description\":\"LUA Resort***** Balatonf\u00fcred. Az \u00faj resort sz\u00e1llod\u00e1j\u00e1ban a j\u00f3l\u00e9t j\u00f3ll\u00e9ttel p\u00e1rosul. Felel\u0151s hedonizmus, fenntarthat\u00f3 luxus, szem\u00e9lyre szabott szolg\u00e1ltat\u00e1sok.\",\"publisher\":{\"@id\":\"https:\/\/luaresort.com\/sk\/#organization\"},\"potentialAction\":[{\"@type\":\"SearchAction\",\"target\":{\"@type\":\"EntryPoint\",\"urlTemplate\":\"https:\/\/luaresort.com\/sk\/?s={search_term_string}\"},\"query-input\":{\"@type\":\"PropertyValueSpecification\",\"valueRequired\":true,\"valueName\":\"search_term_string\"}}],\"inLanguage\":\"sk-SK\"},{\"@type\":\"Organization\",\"@id\":\"https:\/\/luaresort.com\/sk\/#organization\",\"name\":\"LUA Resort\",\"url\":\"https:\/\/luaresort.com\/sk\/\",\"logo\":{\"@type\":\"ImageObject\",\"inLanguage\":\"sk-SK\",\"@id\":\"https:\/\/luaresort.com\/sk\/#\/schema\/logo\/image\/\",\"url\":\"https:\/\/luaresort.com\/wp-content\/uploads\/2022\/04\/lua-resort-logo.png\",\"contentUrl\":\"https:\/\/luaresort.com\/wp-content\/uploads\/2022\/04\/lua-resort-logo.png\",\"width\":2048,\"height\":2048,\"caption\":\"LUA Resort\"},\"image\":{\"@id\":\"https:\/\/luaresort.com\/sk\/#\/schema\/logo\/image\/\"},\"sameAs\":[\"https:\/\/www.facebook.com\/luaresort\",\"https:\/\/www.instagram.com\/luaresort\/\"]}]}<\/script>\n<!-- \/ Yoast SEO plugin. -->","yoast_head_json":{"title":"Lifestylov\u00e9 programy - LUA Resort Balatonf\u00fcred","robots":{"index":"index","follow":"follow","max-snippet":"max-snippet:-1","max-image-preview":"max-image-preview:large","max-video-preview":"max-video-preview:-1"},"canonical":"https:\/\/luaresort.com\/sk\/hotel\/lifestylove-programy\/","og_locale":"sk_SK","og_type":"article","og_title":"Lifestylov\u00e9 programy - LUA Resort Balatonf\u00fcred","og_description":"Dobr\u00fd \u017eivot je vlastne zbierkou mnoh\u00fdch \u0161\u0165astn\u00fdch okamihov! Spoma\u013eme a zbierajme z\u00e1\u017eitky. Pre\u017e\u00edvajme chv\u00edle, ktor\u00e9 n\u00e1m m\u00f4\u017eu naozaj spr\u00edjemni\u0165 \u017eivot.","og_url":"https:\/\/luaresort.com\/sk\/hotel\/lifestylove-programy\/","og_site_name":"LUA Resort Balatonf\u00fcred","article_publisher":"https:\/\/www.facebook.com\/luaresort","article_modified_time":"2022-08-24T15:45:04+00:00","twitter_card":"summary_large_image","twitter_misc":{"Predpokladan\u00fd \u010das \u010d\u00edtania":"1 min\u00fata"},"schema":{"@context":"https:\/\/schema.org","@graph":[{"@type":"WebPage","@id":"https:\/\/luaresort.com\/sk\/hotel\/lifestylove-programy\/","url":"https:\/\/luaresort.com\/sk\/hotel\/lifestylove-programy\/","name":"Lifestylov\u00e9 programy - LUA Resort Balatonf\u00fcred","isPartOf":{"@id":"https:\/\/luaresort.com\/sk\/#website"},"datePublished":"2022-05-12T15:33:07+00:00","dateModified":"2022-08-24T15:45:04+00:00","breadcrumb":{"@id":"https:\/\/luaresort.com\/sk\/hotel\/lifestylove-programy\/#breadcrumb"},"inLanguage":"sk-SK","potentialAction":[{"@type":"ReadAction","target":["https:\/\/luaresort.com\/sk\/hotel\/lifestylove-programy\/"]}]},{"@type":"BreadcrumbList","@id":"https:\/\/luaresort.com\/sk\/hotel\/lifestylove-programy\/#breadcrumb","itemListElement":[{"@type":"ListItem","position":1,"name":"Kezd\u0151lap","item":"https:\/\/luaresort.com\/sk\/"},{"@type":"ListItem","position":2,"name":"Hotel","item":"https:\/\/luaresort.com\/sk\/hotel\/"},{"@type":"ListItem","position":3,"name":"Lifestylov\u00e9 programy"}]},{"@type":"WebSite","@id":"https:\/\/luaresort.com\/sk\/#website","url":"https:\/\/luaresort.com\/sk\/","name":"LUA Resort Balatonf\u00fcred","description":"LUA Resort***** Balatonf\u00fcred. Az \u00faj resort sz\u00e1llod\u00e1j\u00e1ban a j\u00f3l\u00e9t j\u00f3ll\u00e9ttel p\u00e1rosul. Felel\u0151s hedonizmus, fenntarthat\u00f3 luxus, szem\u00e9lyre szabott szolg\u00e1ltat\u00e1sok.","publisher":{"@id":"https:\/\/luaresort.com\/sk\/#organization"},"potentialAction":[{"@type":"SearchAction","target":{"@type":"EntryPoint","urlTemplate":"https:\/\/luaresort.com\/sk\/?s={search_term_string}"},"query-input":{"@type":"PropertyValueSpecification","valueRequired":true,"valueName":"search_term_string"}}],"inLanguage":"sk-SK"},{"@type":"Organization","@id":"https:\/\/luaresort.com\/sk\/#organization","name":"LUA Resort","url":"https:\/\/luaresort.com\/sk\/","logo":{"@type":"ImageObject","inLanguage":"sk-SK","@id":"https:\/\/luaresort.com\/sk\/#\/schema\/logo\/image\/","url":"https:\/\/luaresort.com\/wp-content\/uploads\/2022\/04\/lua-resort-logo.png","contentUrl":"https:\/\/luaresort.com\/wp-content\/uploads\/2022\/04\/lua-resort-logo.png","width":2048,"height":2048,"caption":"LUA Resort"},"image":{"@id":"https:\/\/luaresort.com\/sk\/#\/schema\/logo\/image\/"},"sameAs":["https:\/\/www.facebook.com\/luaresort","https:\/\/www.instagram.com\/luaresort\/"]}]}},"jetpack_sharing_enabled":true,"_links":{"self":[{"href":"https:\/\/luaresort.com\/sk\/wp-json\/wp\/v2\/pages\/3086","targetHints":{"allow":["GET"]}}],"collection":[{"href":"https:\/\/luaresort.com\/sk\/wp-json\/wp\/v2\/pages"}],"about":[{"href":"https:\/\/luaresort.com\/sk\/wp-json\/wp\/v2\/types\/page"}],"author":[{"embeddable":true,"href":"https:\/\/luaresort.com\/sk\/wp-json\/wp\/v2\/users\/1"}],"replies":[{"embeddable":true,"href":"https:\/\/luaresort.com\/sk\/wp-json\/wp\/v2\/comments?post=3086"}],"version-history":[{"count":1,"href":"https:\/\/luaresort.com\/sk\/wp-json\/wp\/v2\/pages\/3086\/revisions"}],"predecessor-version":[{"id":3087,"href":"https:\/\/luaresort.com\/sk\/wp-json\/wp\/v2\/pages\/3086\/revisions\/3087"}],"up":[{"embeddable":true,"href":"https:\/\/luaresort.com\/sk\/wp-json\/wp\/v2\/pages\/3129"}],"wp:attachment":[{"href":"https:\/\/luaresort.com\/sk\/wp-json\/wp\/v2\/media?parent=3086"}],"curies":[{"name":"wp","href":"https:\/\/api.w.org\/{rel}","templated":true}]}}