{"id":3079,"date":"2022-04-04T17:16:58","date_gmt":"2022-04-04T15:16:58","guid":{"rendered":"https:\/\/luaresort.com\/impressum\/"},"modified":"2024-10-16T11:00:02","modified_gmt":"2024-10-16T09:00:02","slug":"impressum","status":"publish","type":"page","link":"https:\/\/luaresort.com\/sk\/impressum\/","title":{"rendered":"Impressum"},"content":{"rendered":"\n<p>Prev\u00e1dzkovate\u013eom webovej str\u00e1nky luaresort.com je spolo\u010dnos\u0165 LUA Hotel Kft.<\/p>\n\n\n\n<h2 class=\"wp-block-heading\">LUA Hotel Kft.<\/h2>\n\n\n\n<p>Kore\u0161ponden\u010dn\u00e1 adresa: 8230 Balatonf\u00fcred, Anna s\u00e9t\u00e1ny 5. <\/p>\n\n\n\n<p>Da\u0148ov\u00e9 \u010d\u00edslo: 26201902-2-20 <\/p>\n\n\n\n<p>Registra\u010dn\u00e9 \u010d\u00edslo spolo\u010dnosti: 20-09-075819 <\/p>\n\n\n\n<p>Telef\u00f3n: 06\/87-512-500 <\/p>\n\n\n\n<p>E-mailov\u00e1 adresa: <script>\n                                                emailE='luaresort.com'\n                                                emailE=('info' + '@' + emailE)\n                                                document.write('<a href=\"mailto:' + emailE + '\" target=\"_blank\" class=\"text-blue\"><strong>' + emailE + '')\n                                            <\/script><\/p>\n","protected":false},"excerpt":{"rendered":"<p>Prev\u00e1dzkovate\u013eom webovej str\u00e1nky luaresort.com je spolo\u010dnos\u0165 LUA Hotel Kft. LUA Hotel Kft. Kore\u0161ponden\u010dn\u00e1 adresa: 8230 Balatonf\u00fcred, Anna s\u00e9t\u00e1ny 5. Da\u0148ov\u00e9 \u010d\u00edslo: 26201902-2-20 Registra\u010dn\u00e9 \u010d\u00edslo spolo\u010dnosti: 20-09-075819 Telef\u00f3n: 06\/87-512-500 E-mailov\u00e1 adresa:<\/p>\n","protected":false},"author":1,"featured_media":0,"parent":0,"menu_order":0,"comment_status":"closed","ping_status":"closed","template":"template-contact.php","meta":{"inline_featured_image":false,"footnotes":""},"class_list":["post-3079","page","type-page","status-publish","hentry"],"acf":[],"yoast_head":"<!-- This site is optimized with the Yoast SEO plugin v25.8 - https:\/\/yoast.com\/wordpress\/plugins\/seo\/ -->\n<title>Impressum - LUA Resort Balatonf\u00fcred<\/title>\n<meta name=\"robots\" content=\"index, follow, max-snippet:-1, max-image-preview:large, max-video-preview:-1\" \/>\n<link rel=\"canonical\" href=\"https:\/\/luaresort.com\/sk\/impressum\/\" \/>\n<meta property=\"og:locale\" content=\"sk_SK\" \/>\n<meta property=\"og:type\" content=\"article\" \/>\n<meta property=\"og:title\" content=\"Impressum - LUA Resort Balatonf\u00fcred\" \/>\n<meta property=\"og:description\" content=\"Prev\u00e1dzkovate\u013eom webovej str\u00e1nky luaresort.com je spolo\u010dnos\u0165 LUA Hotel Kft. LUA Hotel Kft. Kore\u0161ponden\u010dn\u00e1 adresa: 8230 Balatonf\u00fcred, Anna s\u00e9t\u00e1ny 5. Da\u0148ov\u00e9 \u010d\u00edslo: 26201902-2-20 Registra\u010dn\u00e9 \u010d\u00edslo spolo\u010dnosti: 20-09-075819 Telef\u00f3n: 06\/87-512-500 E-mailov\u00e1 adresa:\" \/>\n<meta property=\"og:url\" content=\"https:\/\/luaresort.com\/sk\/impressum\/\" \/>\n<meta property=\"og:site_name\" content=\"LUA Resort Balatonf\u00fcred\" \/>\n<meta property=\"article:publisher\" content=\"https:\/\/www.facebook.com\/luaresort\" \/>\n<meta property=\"article:modified_time\" content=\"2024-10-16T09:00:02+00:00\" \/>\n<meta name=\"twitter:card\" content=\"summary_large_image\" \/>\n<meta name=\"twitter:label1\" content=\"Predpokladan\u00fd \u010das \u010d\u00edtania\" \/>\n\t<meta name=\"twitter:data1\" content=\"1 min\u00fata\" \/>\n<script type=\"application\/ld+json\" class=\"yoast-schema-graph\">{\"@context\":\"https:\/\/schema.org\",\"@graph\":[{\"@type\":\"WebPage\",\"@id\":\"https:\/\/luaresort.com\/sk\/impressum\/\",\"url\":\"https:\/\/luaresort.com\/sk\/impressum\/\",\"name\":\"Impressum - LUA Resort Balatonf\u00fcred\",\"isPartOf\":{\"@id\":\"https:\/\/luaresort.com\/sk\/#website\"},\"datePublished\":\"2022-04-04T15:16:58+00:00\",\"dateModified\":\"2024-10-16T09:00:02+00:00\",\"breadcrumb\":{\"@id\":\"https:\/\/luaresort.com\/sk\/impressum\/#breadcrumb\"},\"inLanguage\":\"sk-SK\",\"potentialAction\":[{\"@type\":\"ReadAction\",\"target\":[\"https:\/\/luaresort.com\/sk\/impressum\/\"]}]},{\"@type\":\"BreadcrumbList\",\"@id\":\"https:\/\/luaresort.com\/sk\/impressum\/#breadcrumb\",\"itemListElement\":[{\"@type\":\"ListItem\",\"position\":1,\"name\":\"Kezd\u0151lap\",\"item\":\"https:\/\/luaresort.com\/sk\/\"},{\"@type\":\"ListItem\",\"position\":2,\"name\":\"Impressum\"}]},{\"@type\":\"WebSite\",\"@id\":\"https:\/\/luaresort.com\/sk\/#website\",\"url\":\"https:\/\/luaresort.com\/sk\/\",\"name\":\"LUA Resort Balatonf\u00fcred\",\"description\":\"LUA Resort***** Balatonf\u00fcred. Az \u00faj resort sz\u00e1llod\u00e1j\u00e1ban a j\u00f3l\u00e9t j\u00f3ll\u00e9ttel p\u00e1rosul. Felel\u0151s hedonizmus, fenntarthat\u00f3 luxus, szem\u00e9lyre szabott szolg\u00e1ltat\u00e1sok.\",\"publisher\":{\"@id\":\"https:\/\/luaresort.com\/sk\/#organization\"},\"potentialAction\":[{\"@type\":\"SearchAction\",\"target\":{\"@type\":\"EntryPoint\",\"urlTemplate\":\"https:\/\/luaresort.com\/sk\/?s={search_term_string}\"},\"query-input\":{\"@type\":\"PropertyValueSpecification\",\"valueRequired\":true,\"valueName\":\"search_term_string\"}}],\"inLanguage\":\"sk-SK\"},{\"@type\":\"Organization\",\"@id\":\"https:\/\/luaresort.com\/sk\/#organization\",\"name\":\"LUA Resort\",\"url\":\"https:\/\/luaresort.com\/sk\/\",\"logo\":{\"@type\":\"ImageObject\",\"inLanguage\":\"sk-SK\",\"@id\":\"https:\/\/luaresort.com\/sk\/#\/schema\/logo\/image\/\",\"url\":\"https:\/\/luaresort.com\/wp-content\/uploads\/2022\/04\/lua-resort-logo.png\",\"contentUrl\":\"https:\/\/luaresort.com\/wp-content\/uploads\/2022\/04\/lua-resort-logo.png\",\"width\":2048,\"height\":2048,\"caption\":\"LUA Resort\"},\"image\":{\"@id\":\"https:\/\/luaresort.com\/sk\/#\/schema\/logo\/image\/\"},\"sameAs\":[\"https:\/\/www.facebook.com\/luaresort\",\"https:\/\/www.instagram.com\/luaresort\/\"]}]}<\/script>\n<!-- \/ Yoast SEO plugin. -->","yoast_head_json":{"title":"Impressum - LUA Resort Balatonf\u00fcred","robots":{"index":"index","follow":"follow","max-snippet":"max-snippet:-1","max-image-preview":"max-image-preview:large","max-video-preview":"max-video-preview:-1"},"canonical":"https:\/\/luaresort.com\/sk\/impressum\/","og_locale":"sk_SK","og_type":"article","og_title":"Impressum - LUA Resort Balatonf\u00fcred","og_description":"Prev\u00e1dzkovate\u013eom webovej str\u00e1nky luaresort.com je spolo\u010dnos\u0165 LUA Hotel Kft. LUA Hotel Kft. Kore\u0161ponden\u010dn\u00e1 adresa: 8230 Balatonf\u00fcred, Anna s\u00e9t\u00e1ny 5. Da\u0148ov\u00e9 \u010d\u00edslo: 26201902-2-20 Registra\u010dn\u00e9 \u010d\u00edslo spolo\u010dnosti: 20-09-075819 Telef\u00f3n: 06\/87-512-500 E-mailov\u00e1 adresa:","og_url":"https:\/\/luaresort.com\/sk\/impressum\/","og_site_name":"LUA Resort Balatonf\u00fcred","article_publisher":"https:\/\/www.facebook.com\/luaresort","article_modified_time":"2024-10-16T09:00:02+00:00","twitter_card":"summary_large_image","twitter_misc":{"Predpokladan\u00fd \u010das \u010d\u00edtania":"1 min\u00fata"},"schema":{"@context":"https:\/\/schema.org","@graph":[{"@type":"WebPage","@id":"https:\/\/luaresort.com\/sk\/impressum\/","url":"https:\/\/luaresort.com\/sk\/impressum\/","name":"Impressum - LUA Resort Balatonf\u00fcred","isPartOf":{"@id":"https:\/\/luaresort.com\/sk\/#website"},"datePublished":"2022-04-04T15:16:58+00:00","dateModified":"2024-10-16T09:00:02+00:00","breadcrumb":{"@id":"https:\/\/luaresort.com\/sk\/impressum\/#breadcrumb"},"inLanguage":"sk-SK","potentialAction":[{"@type":"ReadAction","target":["https:\/\/luaresort.com\/sk\/impressum\/"]}]},{"@type":"BreadcrumbList","@id":"https:\/\/luaresort.com\/sk\/impressum\/#breadcrumb","itemListElement":[{"@type":"ListItem","position":1,"name":"Kezd\u0151lap","item":"https:\/\/luaresort.com\/sk\/"},{"@type":"ListItem","position":2,"name":"Impressum"}]},{"@type":"WebSite","@id":"https:\/\/luaresort.com\/sk\/#website","url":"https:\/\/luaresort.com\/sk\/","name":"LUA Resort Balatonf\u00fcred","description":"LUA Resort***** Balatonf\u00fcred. Az \u00faj resort sz\u00e1llod\u00e1j\u00e1ban a j\u00f3l\u00e9t j\u00f3ll\u00e9ttel p\u00e1rosul. Felel\u0151s hedonizmus, fenntarthat\u00f3 luxus, szem\u00e9lyre szabott szolg\u00e1ltat\u00e1sok.","publisher":{"@id":"https:\/\/luaresort.com\/sk\/#organization"},"potentialAction":[{"@type":"SearchAction","target":{"@type":"EntryPoint","urlTemplate":"https:\/\/luaresort.com\/sk\/?s={search_term_string}"},"query-input":{"@type":"PropertyValueSpecification","valueRequired":true,"valueName":"search_term_string"}}],"inLanguage":"sk-SK"},{"@type":"Organization","@id":"https:\/\/luaresort.com\/sk\/#organization","name":"LUA Resort","url":"https:\/\/luaresort.com\/sk\/","logo":{"@type":"ImageObject","inLanguage":"sk-SK","@id":"https:\/\/luaresort.com\/sk\/#\/schema\/logo\/image\/","url":"https:\/\/luaresort.com\/wp-content\/uploads\/2022\/04\/lua-resort-logo.png","contentUrl":"https:\/\/luaresort.com\/wp-content\/uploads\/2022\/04\/lua-resort-logo.png","width":2048,"height":2048,"caption":"LUA Resort"},"image":{"@id":"https:\/\/luaresort.com\/sk\/#\/schema\/logo\/image\/"},"sameAs":["https:\/\/www.facebook.com\/luaresort","https:\/\/www.instagram.com\/luaresort\/"]}]}},"jetpack_sharing_enabled":true,"_links":{"self":[{"href":"https:\/\/luaresort.com\/sk\/wp-json\/wp\/v2\/pages\/3079","targetHints":{"allow":["GET"]}}],"collection":[{"href":"https:\/\/luaresort.com\/sk\/wp-json\/wp\/v2\/pages"}],"about":[{"href":"https:\/\/luaresort.com\/sk\/wp-json\/wp\/v2\/types\/page"}],"author":[{"embeddable":true,"href":"https:\/\/luaresort.com\/sk\/wp-json\/wp\/v2\/users\/1"}],"replies":[{"embeddable":true,"href":"https:\/\/luaresort.com\/sk\/wp-json\/wp\/v2\/comments?post=3079"}],"version-history":[{"count":2,"href":"https:\/\/luaresort.com\/sk\/wp-json\/wp\/v2\/pages\/3079\/revisions"}],"predecessor-version":[{"id":19542,"href":"https:\/\/luaresort.com\/sk\/wp-json\/wp\/v2\/pages\/3079\/revisions\/19542"}],"wp:attachment":[{"href":"https:\/\/luaresort.com\/sk\/wp-json\/wp\/v2\/media?parent=3079"}],"curies":[{"name":"wp","href":"https:\/\/api.w.org\/{rel}","templated":true}]}}