{"id":3073,"date":"2022-05-03T18:46:44","date_gmt":"2022-05-03T16:46:44","guid":{"rendered":"https:\/\/luaresort.com\/kontaktne-udaje\/"},"modified":"2024-01-12T17:50:20","modified_gmt":"2024-01-12T16:50:20","slug":"kontaktne-udaje","status":"publish","type":"page","link":"https:\/\/luaresort.com\/sk\/kontaktne-udaje\/","title":{"rendered":"Kontaktn\u00e9 \u00fadaje"},"content":{"rendered":"\n<div class=\"wp-block-group alignfull make-container-fullwidth\"><div class=\"wp-block-group__inner-container is-layout-flow wp-block-group-is-layout-flow\"><div\n\t\t\t\n\t\t\tclass=\"so-widget-contact so-widget-contact-default-d75171398898\"\n\t\t\t\n\t\t><!-- Contact -->\n<div class=\"contact\">\n  <div class=\"contact-content\">\n    <div class=\"container\">\n            <div class=\"contact-content-item\">\n        <div class=\"row\">\n          <div class=\"col-lg-4 contact-content-item-left\">\n            <h3 class=\"contact-content-item-title\">Rezerv\u00e1cia:<\/h3>\n          <\/div>\n          <div class=\"col-lg-8 contact-content-item-right\">\n            <div class=\"contact-content-item-text\">\n              <p>+36 30 268 6014<\/p>\n            <\/div>\n          <\/div>\n        <\/div>\n      <\/div>\n            <div class=\"contact-content-item\">\n        <div class=\"row\">\n          <div class=\"col-lg-4 contact-content-item-left\">\n            <h3 class=\"contact-content-item-title\">V\u0161eobecn\u00e9 inform\u00e1cie:<\/h3>\n          <\/div>\n          <div class=\"col-lg-8 contact-content-item-right\">\n            <div class=\"contact-content-item-text\">\n              <p>+36 87 512 500<\/p>\n            <\/div>\n          <\/div>\n        <\/div>\n      <\/div>\n            <div class=\"contact-content-item\">\n        <div class=\"row\">\n          <div class=\"col-lg-4 contact-content-item-left\">\n            <h3 class=\"contact-content-item-title\">E-mailov\u00e1 adresa:<\/h3>\n          <\/div>\n          <div class=\"col-lg-8 contact-content-item-right\">\n            <div class=\"contact-content-item-text\">\n              <p><a href=\"mailto:info@luaresort.com\">info@luaresort.com<\/a><\/p>\n            <\/div>\n          <\/div>\n        <\/div>\n      <\/div>\n            <div class=\"contact-content-item\">\n        <div class=\"row\">\n          <div class=\"col-lg-4 contact-content-item-left\">\n            <h3 class=\"contact-content-item-title\">Marketing, spolupr\u00e1ca:<\/h3>\n          <\/div>\n          <div class=\"col-lg-8 contact-content-item-right\">\n            <div class=\"contact-content-item-text\">\n              <p><a href=\"mailto:hello@luaresort.com\">hello@luaresort.com<\/a><\/p>\n            <\/div>\n          <\/div>\n        <\/div>\n      <\/div>\n            <div class=\"contact-content-item\">\n        <div class=\"row\">\n          <div class=\"col-lg-4 contact-content-item-left\">\n            <h3 class=\"contact-content-item-title\">Organiz\u00e1cia podujatia:<\/h3>\n          <\/div>\n          <div class=\"col-lg-8 contact-content-item-right\">\n            <div class=\"contact-content-item-text\">\n              <p><a href=\"mailto:rendezveny@luaresort.com\">rendezveny@luaresort.com<\/a><\/p>\n            <\/div>\n          <\/div>\n        <\/div>\n      <\/div>\n            <div class=\"contact-content-item\">\n        <div class=\"row\">\n          <div class=\"col-lg-4 contact-content-item-left\">\n            <h3 class=\"contact-content-item-title\">Adresa:<\/h3>\n          <\/div>\n          <div class=\"col-lg-8 contact-content-item-right\">\n            <div class=\"contact-content-item-text\">\n              <p>8230 Balatonf\u00fcred, Anna s\u00e9t\u00e1ny 5.<\/p>\n            <\/div>\n          <\/div>\n        <\/div>\n      <\/div>\n            <div class=\"contact-content-item\">\n        <div class=\"row\">\n          <div class=\"col-lg-4 contact-content-item-left\">\n            <h3 class=\"contact-content-item-title\">GPS s\u00faradnice<\/h3>\n          <\/div>\n          <div class=\"col-lg-8 contact-content-item-right\">\n            <div class=\"contact-content-item-text\">\n              <p>46\u00b056&#8217;46.0&#8243;N 17\u00b052&#8217;50.7&#8243;E<\/p>\n            <\/div>\n          <\/div>\n        <\/div>\n      <\/div>\n            <div class=\"contact-content-item\">\n        <div class=\"row\">\n          <div class=\"col-lg-4 contact-content-item-left\">\n            <h3 class=\"contact-content-item-title\">Pl\u00e1novanie trasy<\/h3>\n          <\/div>\n          <div class=\"col-lg-8 contact-content-item-right\">\n            <div class=\"contact-content-item-text\">\n              <div class=\"row text-center\">\n<div class=\"col-4\"><a href=\"https:\/\/ul.waze.com\/ul?place=ChIJy11og6C9aUcRZ51f0Eet2Tg&amp;ll=46.94501000%2C17.87899700&amp;navigate=yes&amp;utm_campaign=default&amp;utm_source=waze_website&amp;utm_medium=lm_share_location\" target=\"_blank\" rel=\"noopener\"><div><i class=\"fa fa-car\" aria-hidden=\"true\"><\/i><\/div>Waze<\/a><\/div>\n<div class=\"col-4\"><a href=\"https:\/\/goo.gl\/maps\/1q6iJhyB8gFidx7u5\" target=\"_blank\" rel=\"noopener\"><div><i class=\"fa fa-map\" aria-hidden=\"true\"><\/i><\/div>Google Maps<\/a><\/div>\n<div class=\"col-4\"><a href=\"https:\/\/maps.apple.com\/?address=8230%20Balatonf%C3%BCred,%20Anna%20s%C3%A9t%C3%A1ny%201.,%20Hungary&amp;auid=17509109044092569346&amp;ll=46.945235,17.880109&amp;lsp=9902&amp;q=LUA%20Resort%20-%20Adults%20only&amp;_ext=CisKBQgEEIoBCgQIBRADCgQIBhALCgQIChAACgQIUhADCgQIVRAOCgQIWRABEiYpiCZQtXh4R0Axu7tEi4zfMUA5Bvx1EZ95R0BB5Sk15eriMUBQBA%3D%3D&amp;t=m\" target=\"_blank\" rel=\"noopener\"><div><i class=\"fa fa-map-pin\" aria-hidden=\"true\"><\/i><\/div>Apple Maps<\/a><\/div>\n<\/div>            <\/div>\n          <\/div>\n        <\/div>\n      <\/div>\n            <div class=\"contact-content-item\">\n        <div class=\"row\">\n          <div class=\"col-lg-4 contact-content-item-left\">\n            <h3 class=\"contact-content-item-title\">Registra\u010dn\u00e9 \u010d\u00edslo NTAK (N\u00e1rodn\u00e9 turistick\u00e9 informa\u010dn\u00e9 centrum):<\/h3>\n          <\/div>\n          <div class=\"col-lg-8 contact-content-item-right\">\n            <div class=\"contact-content-item-text\">\n              <p>SZ22033984<\/p>\n            <\/div>\n          <\/div>\n        <\/div>\n      <\/div>\n          <\/div>\n  <\/div>\n  <div class=\"contact-map\">\n    <div class=\"container\">\n      <div class=\"row\">\n          <div class=\"col-lg-8 offset-lg-4\">\n            <div class=\"contact-map-code\">\n              <iframe src=\"https:\/\/www.google.com\/maps\/embed?pb=!1m18!1m12!1m3!1d2723.799261801617!2d17.880434800000003!3d46.9459843!2m3!1f0!2f0!3f0!3m2!1i1024!2i768!4f13.1!3m3!1m2!1s0x4769bcfd4e8abfed%3A0x2ee7abffc5a0c561!2sBalatonf%C3%BCred%2C%20Anna%20stny.%205%2C%208230!5e0!3m2!1sen!2shu!4v1649686441871!5m2!1sen!2shu\" width=\"600\" height=\"450\" allowfullscreen=\"\"><\/iframe>            <\/div>\n          <\/div>\n      <\/div>\n    <\/div>\n  <\/div>\n<\/div><\/div><\/div><\/div>\n\n<p><\/p>\n","protected":false},"excerpt":{"rendered":"","protected":false},"author":1,"featured_media":0,"parent":0,"menu_order":0,"comment_status":"closed","ping_status":"closed","template":"template-contact.php","meta":{"inline_featured_image":false,"footnotes":""},"class_list":["post-3073","page","type-page","status-publish","hentry"],"acf":[],"yoast_head":"<!-- This site is optimized with the Yoast SEO plugin v25.8 - https:\/\/yoast.com\/wordpress\/plugins\/seo\/ -->\n<title>Kontaktn\u00e9 \u00fadaje - LUA Resort Balatonf\u00fcred<\/title>\n<meta name=\"robots\" content=\"index, follow, max-snippet:-1, max-image-preview:large, max-video-preview:-1\" \/>\n<link rel=\"canonical\" href=\"https:\/\/luaresort.com\/sk\/kontaktne-udaje\/\" \/>\n<meta property=\"og:locale\" content=\"sk_SK\" \/>\n<meta property=\"og:type\" content=\"article\" \/>\n<meta property=\"og:title\" content=\"Kontaktn\u00e9 \u00fadaje - LUA Resort Balatonf\u00fcred\" \/>\n<meta property=\"og:url\" content=\"https:\/\/luaresort.com\/sk\/kontaktne-udaje\/\" \/>\n<meta property=\"og:site_name\" content=\"LUA Resort Balatonf\u00fcred\" \/>\n<meta property=\"article:publisher\" content=\"https:\/\/www.facebook.com\/luaresort\" \/>\n<meta property=\"article:modified_time\" content=\"2024-01-12T16:50:20+00:00\" \/>\n<meta name=\"twitter:card\" content=\"summary_large_image\" \/>\n<script type=\"application\/ld+json\" class=\"yoast-schema-graph\">{\"@context\":\"https:\/\/schema.org\",\"@graph\":[{\"@type\":\"WebPage\",\"@id\":\"https:\/\/luaresort.com\/sk\/kontaktne-udaje\/\",\"url\":\"https:\/\/luaresort.com\/sk\/kontaktne-udaje\/\",\"name\":\"Kontaktn\u00e9 \u00fadaje - LUA Resort Balatonf\u00fcred\",\"isPartOf\":{\"@id\":\"https:\/\/luaresort.com\/sk\/#website\"},\"datePublished\":\"2022-05-03T16:46:44+00:00\",\"dateModified\":\"2024-01-12T16:50:20+00:00\",\"breadcrumb\":{\"@id\":\"https:\/\/luaresort.com\/sk\/kontaktne-udaje\/#breadcrumb\"},\"inLanguage\":\"sk-SK\",\"potentialAction\":[{\"@type\":\"ReadAction\",\"target\":[\"https:\/\/luaresort.com\/sk\/kontaktne-udaje\/\"]}]},{\"@type\":\"BreadcrumbList\",\"@id\":\"https:\/\/luaresort.com\/sk\/kontaktne-udaje\/#breadcrumb\",\"itemListElement\":[{\"@type\":\"ListItem\",\"position\":1,\"name\":\"Kezd\u0151lap\",\"item\":\"https:\/\/luaresort.com\/sk\/\"},{\"@type\":\"ListItem\",\"position\":2,\"name\":\"Kontaktn\u00e9 \u00fadaje\"}]},{\"@type\":\"WebSite\",\"@id\":\"https:\/\/luaresort.com\/sk\/#website\",\"url\":\"https:\/\/luaresort.com\/sk\/\",\"name\":\"LUA Resort Balatonf\u00fcred\",\"description\":\"LUA Resort***** Balatonf\u00fcred. Az \u00faj resort sz\u00e1llod\u00e1j\u00e1ban a j\u00f3l\u00e9t j\u00f3ll\u00e9ttel p\u00e1rosul. Felel\u0151s hedonizmus, fenntarthat\u00f3 luxus, szem\u00e9lyre szabott szolg\u00e1ltat\u00e1sok.\",\"publisher\":{\"@id\":\"https:\/\/luaresort.com\/sk\/#organization\"},\"potentialAction\":[{\"@type\":\"SearchAction\",\"target\":{\"@type\":\"EntryPoint\",\"urlTemplate\":\"https:\/\/luaresort.com\/sk\/?s={search_term_string}\"},\"query-input\":{\"@type\":\"PropertyValueSpecification\",\"valueRequired\":true,\"valueName\":\"search_term_string\"}}],\"inLanguage\":\"sk-SK\"},{\"@type\":\"Organization\",\"@id\":\"https:\/\/luaresort.com\/sk\/#organization\",\"name\":\"LUA Resort\",\"url\":\"https:\/\/luaresort.com\/sk\/\",\"logo\":{\"@type\":\"ImageObject\",\"inLanguage\":\"sk-SK\",\"@id\":\"https:\/\/luaresort.com\/sk\/#\/schema\/logo\/image\/\",\"url\":\"https:\/\/luaresort.com\/wp-content\/uploads\/2022\/04\/lua-resort-logo.png\",\"contentUrl\":\"https:\/\/luaresort.com\/wp-content\/uploads\/2022\/04\/lua-resort-logo.png\",\"width\":2048,\"height\":2048,\"caption\":\"LUA Resort\"},\"image\":{\"@id\":\"https:\/\/luaresort.com\/sk\/#\/schema\/logo\/image\/\"},\"sameAs\":[\"https:\/\/www.facebook.com\/luaresort\",\"https:\/\/www.instagram.com\/luaresort\/\"]}]}<\/script>\n<!-- \/ Yoast SEO plugin. -->","yoast_head_json":{"title":"Kontaktn\u00e9 \u00fadaje - LUA Resort Balatonf\u00fcred","robots":{"index":"index","follow":"follow","max-snippet":"max-snippet:-1","max-image-preview":"max-image-preview:large","max-video-preview":"max-video-preview:-1"},"canonical":"https:\/\/luaresort.com\/sk\/kontaktne-udaje\/","og_locale":"sk_SK","og_type":"article","og_title":"Kontaktn\u00e9 \u00fadaje - LUA Resort Balatonf\u00fcred","og_url":"https:\/\/luaresort.com\/sk\/kontaktne-udaje\/","og_site_name":"LUA Resort Balatonf\u00fcred","article_publisher":"https:\/\/www.facebook.com\/luaresort","article_modified_time":"2024-01-12T16:50:20+00:00","twitter_card":"summary_large_image","schema":{"@context":"https:\/\/schema.org","@graph":[{"@type":"WebPage","@id":"https:\/\/luaresort.com\/sk\/kontaktne-udaje\/","url":"https:\/\/luaresort.com\/sk\/kontaktne-udaje\/","name":"Kontaktn\u00e9 \u00fadaje - LUA Resort Balatonf\u00fcred","isPartOf":{"@id":"https:\/\/luaresort.com\/sk\/#website"},"datePublished":"2022-05-03T16:46:44+00:00","dateModified":"2024-01-12T16:50:20+00:00","breadcrumb":{"@id":"https:\/\/luaresort.com\/sk\/kontaktne-udaje\/#breadcrumb"},"inLanguage":"sk-SK","potentialAction":[{"@type":"ReadAction","target":["https:\/\/luaresort.com\/sk\/kontaktne-udaje\/"]}]},{"@type":"BreadcrumbList","@id":"https:\/\/luaresort.com\/sk\/kontaktne-udaje\/#breadcrumb","itemListElement":[{"@type":"ListItem","position":1,"name":"Kezd\u0151lap","item":"https:\/\/luaresort.com\/sk\/"},{"@type":"ListItem","position":2,"name":"Kontaktn\u00e9 \u00fadaje"}]},{"@type":"WebSite","@id":"https:\/\/luaresort.com\/sk\/#website","url":"https:\/\/luaresort.com\/sk\/","name":"LUA Resort Balatonf\u00fcred","description":"LUA Resort***** Balatonf\u00fcred. Az \u00faj resort sz\u00e1llod\u00e1j\u00e1ban a j\u00f3l\u00e9t j\u00f3ll\u00e9ttel p\u00e1rosul. Felel\u0151s hedonizmus, fenntarthat\u00f3 luxus, szem\u00e9lyre szabott szolg\u00e1ltat\u00e1sok.","publisher":{"@id":"https:\/\/luaresort.com\/sk\/#organization"},"potentialAction":[{"@type":"SearchAction","target":{"@type":"EntryPoint","urlTemplate":"https:\/\/luaresort.com\/sk\/?s={search_term_string}"},"query-input":{"@type":"PropertyValueSpecification","valueRequired":true,"valueName":"search_term_string"}}],"inLanguage":"sk-SK"},{"@type":"Organization","@id":"https:\/\/luaresort.com\/sk\/#organization","name":"LUA Resort","url":"https:\/\/luaresort.com\/sk\/","logo":{"@type":"ImageObject","inLanguage":"sk-SK","@id":"https:\/\/luaresort.com\/sk\/#\/schema\/logo\/image\/","url":"https:\/\/luaresort.com\/wp-content\/uploads\/2022\/04\/lua-resort-logo.png","contentUrl":"https:\/\/luaresort.com\/wp-content\/uploads\/2022\/04\/lua-resort-logo.png","width":2048,"height":2048,"caption":"LUA Resort"},"image":{"@id":"https:\/\/luaresort.com\/sk\/#\/schema\/logo\/image\/"},"sameAs":["https:\/\/www.facebook.com\/luaresort","https:\/\/www.instagram.com\/luaresort\/"]}]}},"jetpack_sharing_enabled":true,"_links":{"self":[{"href":"https:\/\/luaresort.com\/sk\/wp-json\/wp\/v2\/pages\/3073","targetHints":{"allow":["GET"]}}],"collection":[{"href":"https:\/\/luaresort.com\/sk\/wp-json\/wp\/v2\/pages"}],"about":[{"href":"https:\/\/luaresort.com\/sk\/wp-json\/wp\/v2\/types\/page"}],"author":[{"embeddable":true,"href":"https:\/\/luaresort.com\/sk\/wp-json\/wp\/v2\/users\/1"}],"replies":[{"embeddable":true,"href":"https:\/\/luaresort.com\/sk\/wp-json\/wp\/v2\/comments?post=3073"}],"version-history":[{"count":1,"href":"https:\/\/luaresort.com\/sk\/wp-json\/wp\/v2\/pages\/3073\/revisions"}],"predecessor-version":[{"id":3074,"href":"https:\/\/luaresort.com\/sk\/wp-json\/wp\/v2\/pages\/3073\/revisions\/3074"}],"wp:attachment":[{"href":"https:\/\/luaresort.com\/sk\/wp-json\/wp\/v2\/media?parent=3073"}],"curies":[{"name":"wp","href":"https:\/\/api.w.org\/{rel}","templated":true}]}}