{"id":3031,"date":"2022-04-05T18:10:31","date_gmt":"2022-04-05T16:10:31","guid":{"rendered":"https:\/\/luaresort.com\/izby\/"},"modified":"2023-07-18T19:11:09","modified_gmt":"2023-07-18T17:11:09","slug":"izby","status":"publish","type":"page","link":"https:\/\/luaresort.com\/sk\/izby\/","title":{"rendered":"Izby"},"content":{"rendered":"\n<p>Existuje miesto, kam nedolieha hluk ve\u013ekomesta, kde m\u00f4\u017eete zabudn\u00fa\u0165 na zhon ka\u017edodenn\u00e9ho \u017eivota. Miesto, kde luxus nie je len o glamour, ale aj o mo\u017enosti kvalitne str\u00e1ven\u00e9ho \u010dasu pre seba, o mo\u017enosti utiahnu\u0165 sa do \u00fastrania. Miesto, kde si m\u00f4\u017eeme dovoli\u0165 uvo\u013eni\u0165 sa a mo\u017enosti \u00faplnej regener\u00e1cie polo\u017ei\u0165 natur\u00e1lne z\u00e1klady.<\/p>\n\n<p>Vynikaj\u00faci sp\u00e1nok je rovnako d\u00f4le\u017eit\u00fd ako zdrav\u00fd \u017eivotn\u00fd \u0161t\u00fdl a spr\u00e1vna v\u00fd\u017eiva; v\u0161etky tieto prvky prispievaj\u00fa k va\u0161ej osobnej pohode. V r\u00e1mci konceptu LUA Sleep Well<sup>TM<\/sup> sme vyvinuli \u0161peci\u00e1lny program, ktor\u00fd vytv\u00e1ra z\u00e1klady pre pokojn\u00fd sp\u00e1nok. V ka\u017edej izbe sa nach\u00e1dzaj\u00fa postele boxspring s extra hrub\u00fdm zdravotn\u00fdm matracom a blackout z\u00e1vesy. Ak nepoklad\u00e1te za vhodn\u00e9 vank\u00fa\u0161e, ktor\u00e9 s\u00fa pripraven\u00e9 na posteli, m\u00f4\u017eete si vybra\u0165 z vank\u00fa\u0161ov\u00e9ho menu tak\u00fd, ktor\u00fd najlep\u0161ie vyhovuje v\u00e1\u0161mu \u017eivotn\u00e9mu \u0161t\u00fdlu. Samozrejme bezplatne. V na\u0161ich apartm\u00e1noch prispeje k \u00fapln\u00e9mu uvo\u013eneniu levandu\u013eov\u00fd esenci\u00e1lny olej Tihany a lahodn\u00fd \u010daj Good night. Ra\u0148ajky s\u00fa jedn\u00fdm z najd\u00f4le\u017eitej\u0161\u00edch jed\u00e1l d\u0148a a skvel\u00fd v\u00fdber ra\u0148ajok LUA Signature<sup>TM<\/sup> \u00e1m okam\u017eite zlep\u0161\u00ed n\u00e1ladu &#8211; a to nielen po\u010das v\u00edkendov! T\u00ed, ktor\u00ed vst\u00e1vaj\u00fa neskoro, m\u00f4\u017eu a\u017e do poludnia vyu\u017ei\u0165 prednosti izbov\u00e9ho servisu.<\/p>\n","protected":false},"excerpt":{"rendered":"<p>Existuje miesto, kam nedolieha hluk ve\u013ekomesta, kde m\u00f4\u017eete zabudn\u00fa\u0165 na zhon ka\u017edodenn\u00e9ho \u017eivota. Miesto, kde luxus nie je len o glamour, ale aj o mo\u017enosti kvalitne str\u00e1ven\u00e9ho \u010dasu pre seba, o mo\u017enosti utiahnu\u0165 sa do \u00fastrania. Miesto, kde si m\u00f4\u017eeme dovoli\u0165 uvo\u013eni\u0165 sa a mo\u017enosti \u00faplnej regener\u00e1cie polo\u017ei\u0165 natur\u00e1lne z\u00e1klady. Vynikaj\u00faci sp\u00e1nok je rovnako d\u00f4le\u017eit\u00fd ako zdrav\u00fd \u017eivotn\u00fd \u0161t\u00fdl a spr\u00e1vna v\u00fd\u017eiva; v\u0161etky tieto prvky prispievaj\u00fa k va\u0161ej osobnej pohode. V r\u00e1mci konceptu LUA Sleep WellTM sme vyvinuli \u0161peci\u00e1lny program, ktor\u00fd vytv\u00e1ra z\u00e1klady pre pokojn\u00fd sp\u00e1nok. V ka\u017edej izbe sa nach\u00e1dzaj\u00fa postele boxspring s extra hrub\u00fdm zdravotn\u00fdm matracom a blackout&#8230;<\/p>\n","protected":false},"author":1,"featured_media":0,"parent":0,"menu_order":0,"comment_status":"closed","ping_status":"closed","template":"template-rooms.php","meta":{"inline_featured_image":false,"footnotes":""},"class_list":["post-3031","page","type-page","status-publish","hentry"],"acf":[],"yoast_head":"<!-- This site is optimized with the Yoast SEO plugin v25.8 - https:\/\/yoast.com\/wordpress\/plugins\/seo\/ -->\n<title>Izby - LUA Resort Balatonf\u00fcred<\/title>\n<meta name=\"robots\" content=\"index, follow, max-snippet:-1, max-image-preview:large, max-video-preview:-1\" \/>\n<link rel=\"canonical\" href=\"https:\/\/luaresort.com\/sk\/izby\/\" \/>\n<meta property=\"og:locale\" content=\"sk_SK\" \/>\n<meta property=\"og:type\" content=\"article\" \/>\n<meta property=\"og:title\" content=\"Izby - LUA Resort Balatonf\u00fcred\" \/>\n<meta property=\"og:description\" content=\"Existuje miesto, kam nedolieha hluk ve\u013ekomesta, kde m\u00f4\u017eete zabudn\u00fa\u0165 na zhon ka\u017edodenn\u00e9ho \u017eivota. Miesto, kde luxus nie je len o glamour, ale aj o mo\u017enosti kvalitne str\u00e1ven\u00e9ho \u010dasu pre seba, o mo\u017enosti utiahnu\u0165 sa do \u00fastrania. Miesto, kde si m\u00f4\u017eeme dovoli\u0165 uvo\u013eni\u0165 sa a mo\u017enosti \u00faplnej regener\u00e1cie polo\u017ei\u0165 natur\u00e1lne z\u00e1klady. Vynikaj\u00faci sp\u00e1nok je rovnako d\u00f4le\u017eit\u00fd ako zdrav\u00fd \u017eivotn\u00fd \u0161t\u00fdl a spr\u00e1vna v\u00fd\u017eiva; v\u0161etky tieto prvky prispievaj\u00fa k va\u0161ej osobnej pohode. V r\u00e1mci konceptu LUA Sleep WellTM sme vyvinuli \u0161peci\u00e1lny program, ktor\u00fd vytv\u00e1ra z\u00e1klady pre pokojn\u00fd sp\u00e1nok. V ka\u017edej izbe sa nach\u00e1dzaj\u00fa postele boxspring s extra hrub\u00fdm zdravotn\u00fdm matracom a blackout...\" \/>\n<meta property=\"og:url\" content=\"https:\/\/luaresort.com\/sk\/izby\/\" \/>\n<meta property=\"og:site_name\" content=\"LUA Resort Balatonf\u00fcred\" \/>\n<meta property=\"article:publisher\" content=\"https:\/\/www.facebook.com\/luaresort\" \/>\n<meta property=\"article:modified_time\" content=\"2023-07-18T17:11:09+00:00\" \/>\n<meta name=\"twitter:card\" content=\"summary_large_image\" \/>\n<meta name=\"twitter:label1\" content=\"Predpokladan\u00fd \u010das \u010d\u00edtania\" \/>\n\t<meta name=\"twitter:data1\" content=\"1 min\u00fata\" \/>\n<script type=\"application\/ld+json\" class=\"yoast-schema-graph\">{\"@context\":\"https:\/\/schema.org\",\"@graph\":[{\"@type\":\"WebPage\",\"@id\":\"https:\/\/luaresort.com\/sk\/izby\/\",\"url\":\"https:\/\/luaresort.com\/sk\/izby\/\",\"name\":\"Izby - LUA Resort Balatonf\u00fcred\",\"isPartOf\":{\"@id\":\"https:\/\/luaresort.com\/sk\/#website\"},\"datePublished\":\"2022-04-05T16:10:31+00:00\",\"dateModified\":\"2023-07-18T17:11:09+00:00\",\"breadcrumb\":{\"@id\":\"https:\/\/luaresort.com\/sk\/izby\/#breadcrumb\"},\"inLanguage\":\"sk-SK\",\"potentialAction\":[{\"@type\":\"ReadAction\",\"target\":[\"https:\/\/luaresort.com\/sk\/izby\/\"]}]},{\"@type\":\"BreadcrumbList\",\"@id\":\"https:\/\/luaresort.com\/sk\/izby\/#breadcrumb\",\"itemListElement\":[{\"@type\":\"ListItem\",\"position\":1,\"name\":\"Kezd\u0151lap\",\"item\":\"https:\/\/luaresort.com\/sk\/\"},{\"@type\":\"ListItem\",\"position\":2,\"name\":\"Izby\"}]},{\"@type\":\"WebSite\",\"@id\":\"https:\/\/luaresort.com\/sk\/#website\",\"url\":\"https:\/\/luaresort.com\/sk\/\",\"name\":\"LUA Resort Balatonf\u00fcred\",\"description\":\"LUA Resort***** Balatonf\u00fcred. Az \u00faj resort sz\u00e1llod\u00e1j\u00e1ban a j\u00f3l\u00e9t j\u00f3ll\u00e9ttel p\u00e1rosul. Felel\u0151s hedonizmus, fenntarthat\u00f3 luxus, szem\u00e9lyre szabott szolg\u00e1ltat\u00e1sok.\",\"publisher\":{\"@id\":\"https:\/\/luaresort.com\/sk\/#organization\"},\"potentialAction\":[{\"@type\":\"SearchAction\",\"target\":{\"@type\":\"EntryPoint\",\"urlTemplate\":\"https:\/\/luaresort.com\/sk\/?s={search_term_string}\"},\"query-input\":{\"@type\":\"PropertyValueSpecification\",\"valueRequired\":true,\"valueName\":\"search_term_string\"}}],\"inLanguage\":\"sk-SK\"},{\"@type\":\"Organization\",\"@id\":\"https:\/\/luaresort.com\/sk\/#organization\",\"name\":\"LUA Resort\",\"url\":\"https:\/\/luaresort.com\/sk\/\",\"logo\":{\"@type\":\"ImageObject\",\"inLanguage\":\"sk-SK\",\"@id\":\"https:\/\/luaresort.com\/sk\/#\/schema\/logo\/image\/\",\"url\":\"https:\/\/luaresort.com\/wp-content\/uploads\/2022\/04\/lua-resort-logo.png\",\"contentUrl\":\"https:\/\/luaresort.com\/wp-content\/uploads\/2022\/04\/lua-resort-logo.png\",\"width\":2048,\"height\":2048,\"caption\":\"LUA Resort\"},\"image\":{\"@id\":\"https:\/\/luaresort.com\/sk\/#\/schema\/logo\/image\/\"},\"sameAs\":[\"https:\/\/www.facebook.com\/luaresort\",\"https:\/\/www.instagram.com\/luaresort\/\"]}]}<\/script>\n<!-- \/ Yoast SEO plugin. -->","yoast_head_json":{"title":"Izby - LUA Resort Balatonf\u00fcred","robots":{"index":"index","follow":"follow","max-snippet":"max-snippet:-1","max-image-preview":"max-image-preview:large","max-video-preview":"max-video-preview:-1"},"canonical":"https:\/\/luaresort.com\/sk\/izby\/","og_locale":"sk_SK","og_type":"article","og_title":"Izby - LUA Resort Balatonf\u00fcred","og_description":"Existuje miesto, kam nedolieha hluk ve\u013ekomesta, kde m\u00f4\u017eete zabudn\u00fa\u0165 na zhon ka\u017edodenn\u00e9ho \u017eivota. Miesto, kde luxus nie je len o glamour, ale aj o mo\u017enosti kvalitne str\u00e1ven\u00e9ho \u010dasu pre seba, o mo\u017enosti utiahnu\u0165 sa do \u00fastrania. Miesto, kde si m\u00f4\u017eeme dovoli\u0165 uvo\u013eni\u0165 sa a mo\u017enosti \u00faplnej regener\u00e1cie polo\u017ei\u0165 natur\u00e1lne z\u00e1klady. Vynikaj\u00faci sp\u00e1nok je rovnako d\u00f4le\u017eit\u00fd ako zdrav\u00fd \u017eivotn\u00fd \u0161t\u00fdl a spr\u00e1vna v\u00fd\u017eiva; v\u0161etky tieto prvky prispievaj\u00fa k va\u0161ej osobnej pohode. V r\u00e1mci konceptu LUA Sleep WellTM sme vyvinuli \u0161peci\u00e1lny program, ktor\u00fd vytv\u00e1ra z\u00e1klady pre pokojn\u00fd sp\u00e1nok. V ka\u017edej izbe sa nach\u00e1dzaj\u00fa postele boxspring s extra hrub\u00fdm zdravotn\u00fdm matracom a blackout...","og_url":"https:\/\/luaresort.com\/sk\/izby\/","og_site_name":"LUA Resort Balatonf\u00fcred","article_publisher":"https:\/\/www.facebook.com\/luaresort","article_modified_time":"2023-07-18T17:11:09+00:00","twitter_card":"summary_large_image","twitter_misc":{"Predpokladan\u00fd \u010das \u010d\u00edtania":"1 min\u00fata"},"schema":{"@context":"https:\/\/schema.org","@graph":[{"@type":"WebPage","@id":"https:\/\/luaresort.com\/sk\/izby\/","url":"https:\/\/luaresort.com\/sk\/izby\/","name":"Izby - LUA Resort Balatonf\u00fcred","isPartOf":{"@id":"https:\/\/luaresort.com\/sk\/#website"},"datePublished":"2022-04-05T16:10:31+00:00","dateModified":"2023-07-18T17:11:09+00:00","breadcrumb":{"@id":"https:\/\/luaresort.com\/sk\/izby\/#breadcrumb"},"inLanguage":"sk-SK","potentialAction":[{"@type":"ReadAction","target":["https:\/\/luaresort.com\/sk\/izby\/"]}]},{"@type":"BreadcrumbList","@id":"https:\/\/luaresort.com\/sk\/izby\/#breadcrumb","itemListElement":[{"@type":"ListItem","position":1,"name":"Kezd\u0151lap","item":"https:\/\/luaresort.com\/sk\/"},{"@type":"ListItem","position":2,"name":"Izby"}]},{"@type":"WebSite","@id":"https:\/\/luaresort.com\/sk\/#website","url":"https:\/\/luaresort.com\/sk\/","name":"LUA Resort Balatonf\u00fcred","description":"LUA Resort***** Balatonf\u00fcred. Az \u00faj resort sz\u00e1llod\u00e1j\u00e1ban a j\u00f3l\u00e9t j\u00f3ll\u00e9ttel p\u00e1rosul. Felel\u0151s hedonizmus, fenntarthat\u00f3 luxus, szem\u00e9lyre szabott szolg\u00e1ltat\u00e1sok.","publisher":{"@id":"https:\/\/luaresort.com\/sk\/#organization"},"potentialAction":[{"@type":"SearchAction","target":{"@type":"EntryPoint","urlTemplate":"https:\/\/luaresort.com\/sk\/?s={search_term_string}"},"query-input":{"@type":"PropertyValueSpecification","valueRequired":true,"valueName":"search_term_string"}}],"inLanguage":"sk-SK"},{"@type":"Organization","@id":"https:\/\/luaresort.com\/sk\/#organization","name":"LUA Resort","url":"https:\/\/luaresort.com\/sk\/","logo":{"@type":"ImageObject","inLanguage":"sk-SK","@id":"https:\/\/luaresort.com\/sk\/#\/schema\/logo\/image\/","url":"https:\/\/luaresort.com\/wp-content\/uploads\/2022\/04\/lua-resort-logo.png","contentUrl":"https:\/\/luaresort.com\/wp-content\/uploads\/2022\/04\/lua-resort-logo.png","width":2048,"height":2048,"caption":"LUA Resort"},"image":{"@id":"https:\/\/luaresort.com\/sk\/#\/schema\/logo\/image\/"},"sameAs":["https:\/\/www.facebook.com\/luaresort","https:\/\/www.instagram.com\/luaresort\/"]}]}},"jetpack_sharing_enabled":true,"_links":{"self":[{"href":"https:\/\/luaresort.com\/sk\/wp-json\/wp\/v2\/pages\/3031","targetHints":{"allow":["GET"]}}],"collection":[{"href":"https:\/\/luaresort.com\/sk\/wp-json\/wp\/v2\/pages"}],"about":[{"href":"https:\/\/luaresort.com\/sk\/wp-json\/wp\/v2\/types\/page"}],"author":[{"embeddable":true,"href":"https:\/\/luaresort.com\/sk\/wp-json\/wp\/v2\/users\/1"}],"replies":[{"embeddable":true,"href":"https:\/\/luaresort.com\/sk\/wp-json\/wp\/v2\/comments?post=3031"}],"version-history":[{"count":1,"href":"https:\/\/luaresort.com\/sk\/wp-json\/wp\/v2\/pages\/3031\/revisions"}],"predecessor-version":[{"id":3032,"href":"https:\/\/luaresort.com\/sk\/wp-json\/wp\/v2\/pages\/3031\/revisions\/3032"}],"wp:attachment":[{"href":"https:\/\/luaresort.com\/sk\/wp-json\/wp\/v2\/media?parent=3031"}],"curies":[{"name":"wp","href":"https:\/\/api.w.org\/{rel}","templated":true}]}}