{"id":18970,"date":"2024-08-19T21:51:56","date_gmt":"2024-08-19T19:51:56","guid":{"rendered":"https:\/\/luaresort.com\/spa-wellness\/kupelna-etiketa\/"},"modified":"2025-05-13T12:52:04","modified_gmt":"2025-05-13T10:52:04","slug":"kupelna-etiketa","status":"publish","type":"page","link":"https:\/\/luaresort.com\/sk\/spa-wellness\/kupelna-etiketa\/","title":{"rendered":"K\u00fape\u013en\u00e1 etiketa"},"content":{"rendered":"\n<p>V\u00e1\u017een\u00fd hos\u0165!<\/p>\n\n\n\n<p>K\u00fapele LUA s\u00fa pre na\u0161ich host\u00ed miestom relax\u00e1cie, pokoja a dokonalej harm\u00f3nie. Pom\u00f4\u017ete n\u00e1m, pros\u00edm, zachova\u0165 toto pokojn\u00e9 prostredie.<\/p>\n\n\n\n<ul class=\"wp-block-list\">\n<li>Pros\u00edme, aby ste v\u017edy nosili vhodn\u00e9 oble\u010denie. V saun\u00e1ch LUA Spa sa m\u00f4\u017eete saunova\u0165 v plavk\u00e1ch alebo pou\u017ei\u0165 saunov\u00fa podlo\u017eku.<\/li>\n\n\n\n<li>LUA Spa poskytuje uter\u00e1ky v priestoroch Spa a Wellness.<\/li>\n\n\n\n<li>Pred pou\u017eit\u00edm baz\u00e9na alebo sauny sa odpor\u00fa\u010da zn\u00ed\u017ei\u0165 telesn\u00fa teplotu sprchovan\u00edm studenou vodou, pri\u010dom za\u010d\u00ednate od chodidiel a pokra\u010dujete po celom tele.<\/li>\n\n\n\n<li>Predt\u00fdm, ako vyu\u017eijete v\u00fdhody saunovania, vypite dostatok vody, aby ste zabezpe\u010dili spr\u00e1vnu hydrat\u00e1ciu tela.<\/li>\n\n\n\n<li>Odpor\u00fa\u010da sa po 5 &#8211; 10 min\u00fatach saunovania nasledova\u0165 5 &#8211; 10 min\u00fatov\u00e1 prest\u00e1vka, ktor\u00e1 v\u00e1m umo\u017en\u00ed doplni\u0165 tekutiny.<\/li>\n\n\n\n<li>Ak sa nestihnete z\u00fa\u010dastni\u0165 na vopred objednanom k\u00fape\u013enom alebo kozmetickom o\u0161etren\u00ed, zru\u0161te ho, pros\u00edm, aspo\u0148 24 hodiny pred pl\u00e1novan\u00fdm term\u00ednom.<\/li>\n\n\n\n<li>LUA Resort*****Balatonf\u00fcred je hotel ur\u010den\u00fd len pre dospel\u00fdch, preto v k\u00fape\u013eoch LUA maj\u00fa pr\u00edstup iba hostia star\u0161\u00ed ako 14 rokov.<\/li>\n\n\n\n<li>LUA Resort*****Balatonf\u00fcred nepreber\u00e1 \u017eiadnu zdravotn\u00fa zodpovednos\u0165 po\u010das pou\u017e\u00edvania k\u00fape\u013eov LUA Spa.<\/li>\n\n\n\n<li>Hotel LUA Resort*****Balatonf\u00fcred nepreber\u00e1 \u017eiadnu zodpovednos\u0165 za straten\u00e9 osobn\u00e9 cennosti. Po\u010das v\u00e1\u0161ho pobytu v k\u00fape\u013eoch LUA Spa radi na\u0161im hos\u0165om pon\u00fakneme uzamykate\u013en\u00e9 skrinky bez pr\u00edplatku.<\/li>\n<\/ul>\n\n\n\n<p>\u010eakujeme, \u017ee ste si vybrali LUA Spa ako miesto pre v\u00e1\u0161 oddych.<\/p>\n\n\n\n<p>S \u00factou, Vedenie hotela<\/p>\n","protected":false},"excerpt":{"rendered":"<p>K\u00fapele LUA s\u00fa pre na\u0161ich host\u00ed miestom relax\u00e1cie, pokoja a dokonalej harm\u00f3nie. Pom\u00f4\u017ete n\u00e1m, pros\u00edm, zachova\u0165 toto pokojn\u00e9 prostredie.<\/p>\n","protected":false},"author":1,"featured_media":18941,"parent":3107,"menu_order":1,"comment_status":"closed","ping_status":"closed","template":"template-product.php","meta":{"inline_featured_image":false,"footnotes":""},"class_list":["post-18970","page","type-page","status-publish","has-post-thumbnail","hentry"],"acf":[],"yoast_head":"<!-- This site is optimized with the Yoast SEO plugin v25.8 - https:\/\/yoast.com\/wordpress\/plugins\/seo\/ -->\n<title>K\u00fape\u013en\u00e1 etiketa - LUA Resort Balatonf\u00fcred<\/title>\n<meta name=\"robots\" content=\"index, follow, max-snippet:-1, max-image-preview:large, max-video-preview:-1\" \/>\n<link rel=\"canonical\" href=\"https:\/\/luaresort.com\/sk\/spa-wellness\/kupelna-etiketa\/\" \/>\n<meta property=\"og:locale\" content=\"sk_SK\" \/>\n<meta property=\"og:type\" content=\"article\" \/>\n<meta property=\"og:title\" content=\"K\u00fape\u013en\u00e1 etiketa - LUA Resort Balatonf\u00fcred\" \/>\n<meta property=\"og:description\" content=\"K\u00fapele LUA s\u00fa pre na\u0161ich host\u00ed miestom relax\u00e1cie, pokoja a dokonalej harm\u00f3nie. Pom\u00f4\u017ete n\u00e1m, pros\u00edm, zachova\u0165 toto pokojn\u00e9 prostredie.\" \/>\n<meta property=\"og:url\" content=\"https:\/\/luaresort.com\/sk\/spa-wellness\/kupelna-etiketa\/\" \/>\n<meta property=\"og:site_name\" content=\"LUA Resort Balatonf\u00fcred\" \/>\n<meta property=\"article:publisher\" content=\"https:\/\/www.facebook.com\/luaresort\" \/>\n<meta property=\"article:modified_time\" content=\"2025-05-13T10:52:04+00:00\" \/>\n<meta property=\"og:image\" content=\"https:\/\/luaresort.com\/wp-content\/uploads\/2024\/08\/lua-resort-balatonfured-spa-borito.jpg\" \/>\n\t<meta property=\"og:image:width\" content=\"854\" \/>\n\t<meta property=\"og:image:height\" content=\"640\" \/>\n\t<meta property=\"og:image:type\" content=\"image\/jpeg\" \/>\n<meta name=\"twitter:card\" content=\"summary_large_image\" \/>\n<meta name=\"twitter:label1\" content=\"Predpokladan\u00fd \u010das \u010d\u00edtania\" \/>\n\t<meta name=\"twitter:data1\" content=\"2 min\u00faty\" \/>\n<script type=\"application\/ld+json\" class=\"yoast-schema-graph\">{\"@context\":\"https:\/\/schema.org\",\"@graph\":[{\"@type\":\"WebPage\",\"@id\":\"https:\/\/luaresort.com\/sk\/spa-wellness\/kupelna-etiketa\/\",\"url\":\"https:\/\/luaresort.com\/sk\/spa-wellness\/kupelna-etiketa\/\",\"name\":\"K\u00fape\u013en\u00e1 etiketa - LUA Resort Balatonf\u00fcred\",\"isPartOf\":{\"@id\":\"https:\/\/luaresort.com\/sk\/#website\"},\"primaryImageOfPage\":{\"@id\":\"https:\/\/luaresort.com\/sk\/spa-wellness\/kupelna-etiketa\/#primaryimage\"},\"image\":{\"@id\":\"https:\/\/luaresort.com\/sk\/spa-wellness\/kupelna-etiketa\/#primaryimage\"},\"thumbnailUrl\":\"https:\/\/i0.wp.com\/luaresort.com\/wp-content\/uploads\/2024\/08\/lua-resort-balatonfured-spa-borito.jpg?fit=854%2C640&ssl=1\",\"datePublished\":\"2024-08-19T19:51:56+00:00\",\"dateModified\":\"2025-05-13T10:52:04+00:00\",\"breadcrumb\":{\"@id\":\"https:\/\/luaresort.com\/sk\/spa-wellness\/kupelna-etiketa\/#breadcrumb\"},\"inLanguage\":\"sk-SK\",\"potentialAction\":[{\"@type\":\"ReadAction\",\"target\":[\"https:\/\/luaresort.com\/sk\/spa-wellness\/kupelna-etiketa\/\"]}]},{\"@type\":\"ImageObject\",\"inLanguage\":\"sk-SK\",\"@id\":\"https:\/\/luaresort.com\/sk\/spa-wellness\/kupelna-etiketa\/#primaryimage\",\"url\":\"https:\/\/i0.wp.com\/luaresort.com\/wp-content\/uploads\/2024\/08\/lua-resort-balatonfured-spa-borito.jpg?fit=854%2C640&ssl=1\",\"contentUrl\":\"https:\/\/i0.wp.com\/luaresort.com\/wp-content\/uploads\/2024\/08\/lua-resort-balatonfured-spa-borito.jpg?fit=854%2C640&ssl=1\",\"width\":854,\"height\":640},{\"@type\":\"BreadcrumbList\",\"@id\":\"https:\/\/luaresort.com\/sk\/spa-wellness\/kupelna-etiketa\/#breadcrumb\",\"itemListElement\":[{\"@type\":\"ListItem\",\"position\":1,\"name\":\"Kezd\u0151lap\",\"item\":\"https:\/\/luaresort.com\/sk\/\"},{\"@type\":\"ListItem\",\"position\":2,\"name\":\"Spa &#038; Wellness\",\"item\":\"https:\/\/luaresort.com\/sk\/spa-wellness\/\"},{\"@type\":\"ListItem\",\"position\":3,\"name\":\"K\u00fape\u013en\u00e1 etiketa\"}]},{\"@type\":\"WebSite\",\"@id\":\"https:\/\/luaresort.com\/sk\/#website\",\"url\":\"https:\/\/luaresort.com\/sk\/\",\"name\":\"LUA Resort Balatonf\u00fcred\",\"description\":\"LUA Resort***** Balatonf\u00fcred. Az \u00faj resort sz\u00e1llod\u00e1j\u00e1ban a j\u00f3l\u00e9t j\u00f3ll\u00e9ttel p\u00e1rosul. Felel\u0151s hedonizmus, fenntarthat\u00f3 luxus, szem\u00e9lyre szabott szolg\u00e1ltat\u00e1sok.\",\"publisher\":{\"@id\":\"https:\/\/luaresort.com\/sk\/#organization\"},\"potentialAction\":[{\"@type\":\"SearchAction\",\"target\":{\"@type\":\"EntryPoint\",\"urlTemplate\":\"https:\/\/luaresort.com\/sk\/?s={search_term_string}\"},\"query-input\":{\"@type\":\"PropertyValueSpecification\",\"valueRequired\":true,\"valueName\":\"search_term_string\"}}],\"inLanguage\":\"sk-SK\"},{\"@type\":\"Organization\",\"@id\":\"https:\/\/luaresort.com\/sk\/#organization\",\"name\":\"LUA Resort\",\"url\":\"https:\/\/luaresort.com\/sk\/\",\"logo\":{\"@type\":\"ImageObject\",\"inLanguage\":\"sk-SK\",\"@id\":\"https:\/\/luaresort.com\/sk\/#\/schema\/logo\/image\/\",\"url\":\"https:\/\/luaresort.com\/wp-content\/uploads\/2022\/04\/lua-resort-logo.png\",\"contentUrl\":\"https:\/\/luaresort.com\/wp-content\/uploads\/2022\/04\/lua-resort-logo.png\",\"width\":2048,\"height\":2048,\"caption\":\"LUA Resort\"},\"image\":{\"@id\":\"https:\/\/luaresort.com\/sk\/#\/schema\/logo\/image\/\"},\"sameAs\":[\"https:\/\/www.facebook.com\/luaresort\",\"https:\/\/www.instagram.com\/luaresort\/\"]}]}<\/script>\n<!-- \/ Yoast SEO plugin. -->","yoast_head_json":{"title":"K\u00fape\u013en\u00e1 etiketa - LUA Resort Balatonf\u00fcred","robots":{"index":"index","follow":"follow","max-snippet":"max-snippet:-1","max-image-preview":"max-image-preview:large","max-video-preview":"max-video-preview:-1"},"canonical":"https:\/\/luaresort.com\/sk\/spa-wellness\/kupelna-etiketa\/","og_locale":"sk_SK","og_type":"article","og_title":"K\u00fape\u013en\u00e1 etiketa - LUA Resort Balatonf\u00fcred","og_description":"K\u00fapele LUA s\u00fa pre na\u0161ich host\u00ed miestom relax\u00e1cie, pokoja a dokonalej harm\u00f3nie. Pom\u00f4\u017ete n\u00e1m, pros\u00edm, zachova\u0165 toto pokojn\u00e9 prostredie.","og_url":"https:\/\/luaresort.com\/sk\/spa-wellness\/kupelna-etiketa\/","og_site_name":"LUA Resort Balatonf\u00fcred","article_publisher":"https:\/\/www.facebook.com\/luaresort","article_modified_time":"2025-05-13T10:52:04+00:00","og_image":[{"width":854,"height":640,"url":"https:\/\/luaresort.com\/wp-content\/uploads\/2024\/08\/lua-resort-balatonfured-spa-borito.jpg","type":"image\/jpeg"}],"twitter_card":"summary_large_image","twitter_misc":{"Predpokladan\u00fd \u010das \u010d\u00edtania":"2 min\u00faty"},"schema":{"@context":"https:\/\/schema.org","@graph":[{"@type":"WebPage","@id":"https:\/\/luaresort.com\/sk\/spa-wellness\/kupelna-etiketa\/","url":"https:\/\/luaresort.com\/sk\/spa-wellness\/kupelna-etiketa\/","name":"K\u00fape\u013en\u00e1 etiketa - LUA Resort Balatonf\u00fcred","isPartOf":{"@id":"https:\/\/luaresort.com\/sk\/#website"},"primaryImageOfPage":{"@id":"https:\/\/luaresort.com\/sk\/spa-wellness\/kupelna-etiketa\/#primaryimage"},"image":{"@id":"https:\/\/luaresort.com\/sk\/spa-wellness\/kupelna-etiketa\/#primaryimage"},"thumbnailUrl":"https:\/\/i0.wp.com\/luaresort.com\/wp-content\/uploads\/2024\/08\/lua-resort-balatonfured-spa-borito.jpg?fit=854%2C640&ssl=1","datePublished":"2024-08-19T19:51:56+00:00","dateModified":"2025-05-13T10:52:04+00:00","breadcrumb":{"@id":"https:\/\/luaresort.com\/sk\/spa-wellness\/kupelna-etiketa\/#breadcrumb"},"inLanguage":"sk-SK","potentialAction":[{"@type":"ReadAction","target":["https:\/\/luaresort.com\/sk\/spa-wellness\/kupelna-etiketa\/"]}]},{"@type":"ImageObject","inLanguage":"sk-SK","@id":"https:\/\/luaresort.com\/sk\/spa-wellness\/kupelna-etiketa\/#primaryimage","url":"https:\/\/i0.wp.com\/luaresort.com\/wp-content\/uploads\/2024\/08\/lua-resort-balatonfured-spa-borito.jpg?fit=854%2C640&ssl=1","contentUrl":"https:\/\/i0.wp.com\/luaresort.com\/wp-content\/uploads\/2024\/08\/lua-resort-balatonfured-spa-borito.jpg?fit=854%2C640&ssl=1","width":854,"height":640},{"@type":"BreadcrumbList","@id":"https:\/\/luaresort.com\/sk\/spa-wellness\/kupelna-etiketa\/#breadcrumb","itemListElement":[{"@type":"ListItem","position":1,"name":"Kezd\u0151lap","item":"https:\/\/luaresort.com\/sk\/"},{"@type":"ListItem","position":2,"name":"Spa &#038; Wellness","item":"https:\/\/luaresort.com\/sk\/spa-wellness\/"},{"@type":"ListItem","position":3,"name":"K\u00fape\u013en\u00e1 etiketa"}]},{"@type":"WebSite","@id":"https:\/\/luaresort.com\/sk\/#website","url":"https:\/\/luaresort.com\/sk\/","name":"LUA Resort Balatonf\u00fcred","description":"LUA Resort***** Balatonf\u00fcred. Az \u00faj resort sz\u00e1llod\u00e1j\u00e1ban a j\u00f3l\u00e9t j\u00f3ll\u00e9ttel p\u00e1rosul. Felel\u0151s hedonizmus, fenntarthat\u00f3 luxus, szem\u00e9lyre szabott szolg\u00e1ltat\u00e1sok.","publisher":{"@id":"https:\/\/luaresort.com\/sk\/#organization"},"potentialAction":[{"@type":"SearchAction","target":{"@type":"EntryPoint","urlTemplate":"https:\/\/luaresort.com\/sk\/?s={search_term_string}"},"query-input":{"@type":"PropertyValueSpecification","valueRequired":true,"valueName":"search_term_string"}}],"inLanguage":"sk-SK"},{"@type":"Organization","@id":"https:\/\/luaresort.com\/sk\/#organization","name":"LUA Resort","url":"https:\/\/luaresort.com\/sk\/","logo":{"@type":"ImageObject","inLanguage":"sk-SK","@id":"https:\/\/luaresort.com\/sk\/#\/schema\/logo\/image\/","url":"https:\/\/luaresort.com\/wp-content\/uploads\/2022\/04\/lua-resort-logo.png","contentUrl":"https:\/\/luaresort.com\/wp-content\/uploads\/2022\/04\/lua-resort-logo.png","width":2048,"height":2048,"caption":"LUA Resort"},"image":{"@id":"https:\/\/luaresort.com\/sk\/#\/schema\/logo\/image\/"},"sameAs":["https:\/\/www.facebook.com\/luaresort","https:\/\/www.instagram.com\/luaresort\/"]}]}},"jetpack_sharing_enabled":true,"_links":{"self":[{"href":"https:\/\/luaresort.com\/sk\/wp-json\/wp\/v2\/pages\/18970","targetHints":{"allow":["GET"]}}],"collection":[{"href":"https:\/\/luaresort.com\/sk\/wp-json\/wp\/v2\/pages"}],"about":[{"href":"https:\/\/luaresort.com\/sk\/wp-json\/wp\/v2\/types\/page"}],"author":[{"embeddable":true,"href":"https:\/\/luaresort.com\/sk\/wp-json\/wp\/v2\/users\/1"}],"replies":[{"embeddable":true,"href":"https:\/\/luaresort.com\/sk\/wp-json\/wp\/v2\/comments?post=18970"}],"version-history":[{"count":2,"href":"https:\/\/luaresort.com\/sk\/wp-json\/wp\/v2\/pages\/18970\/revisions"}],"predecessor-version":[{"id":21175,"href":"https:\/\/luaresort.com\/sk\/wp-json\/wp\/v2\/pages\/18970\/revisions\/21175"}],"up":[{"embeddable":true,"href":"https:\/\/luaresort.com\/sk\/wp-json\/wp\/v2\/pages\/3107"}],"wp:featuredmedia":[{"embeddable":true,"href":"https:\/\/luaresort.com\/sk\/wp-json\/wp\/v2\/media\/18941"}],"wp:attachment":[{"href":"https:\/\/luaresort.com\/sk\/wp-json\/wp\/v2\/media?parent=18970"}],"curies":[{"name":"wp","href":"https:\/\/api.w.org\/{rel}","templated":true}]}}