{"id":13087,"date":"2022-08-19T15:59:07","date_gmt":"2022-08-19T13:59:07","guid":{"rendered":"https:\/\/luaresort.com\/?page_id=13087"},"modified":"2026-01-23T10:07:48","modified_gmt":"2026-01-23T09:07:48","slug":"etiketa-psoveho-hotelu","status":"publish","type":"page","link":"https:\/\/luaresort.com\/sk\/etiketa-psoveho-hotelu\/","title":{"rendered":"Etiketa psov\u00e9ho hotelu"},"content":{"rendered":"<div class=\"wp-block-image\">\n<figure class=\"aligncenter size-full is-resized\"><img data-recalc-dims=\"1\" decoding=\"async\" width=\"1024\" height=\"1024\" src=\"https:\/\/i0.wp.com\/luaresort.com\/wp-content\/uploads\/2022\/08\/lua-resort-balatonfured-haziallat.jpg?resize=1024%2C1024&#038;ssl=1\" alt=\"\" class=\"wp-image-2902\" style=\"width:256px;height:256px\" srcset=\"https:\/\/i0.wp.com\/luaresort.com\/wp-content\/uploads\/2022\/08\/lua-resort-balatonfured-haziallat.jpg?w=1024&amp;ssl=1 1024w, https:\/\/i0.wp.com\/luaresort.com\/wp-content\/uploads\/2022\/08\/lua-resort-balatonfured-haziallat.jpg?resize=300%2C300&amp;ssl=1 300w, https:\/\/i0.wp.com\/luaresort.com\/wp-content\/uploads\/2022\/08\/lua-resort-balatonfured-haziallat.jpg?resize=150%2C150&amp;ssl=1 150w, https:\/\/i0.wp.com\/luaresort.com\/wp-content\/uploads\/2022\/08\/lua-resort-balatonfured-haziallat.jpg?resize=768%2C768&amp;ssl=1 768w, https:\/\/i0.wp.com\/luaresort.com\/wp-content\/uploads\/2022\/08\/lua-resort-balatonfured-haziallat.jpg?resize=473%2C473&amp;ssl=1 473w, https:\/\/i0.wp.com\/luaresort.com\/wp-content\/uploads\/2022\/08\/lua-resort-balatonfured-haziallat.jpg?resize=640%2C640&amp;ssl=1 640w, https:\/\/i0.wp.com\/luaresort.com\/wp-content\/uploads\/2022\/08\/lua-resort-balatonfured-haziallat.jpg?resize=480%2C480&amp;ssl=1 480w, https:\/\/i0.wp.com\/luaresort.com\/wp-content\/uploads\/2022\/08\/lua-resort-balatonfured-haziallat.jpg?resize=960%2C960&amp;ssl=1 960w\" sizes=\"(max-width: 1024px) 100vw, 1024px\" \/><\/figure><\/div>\n\n\n<p><\/p>\n\n\n\n<p><strong>V\u00e1\u017een\u00ed hostia,<\/strong><\/p>\n\n\n\n<p>n\u00e1\u0161 hotel srde\u010dne v\u00edta host\u00ed prich\u00e1dzaj\u00facich s mal\u00fdmi dom\u00e1cimi zvieratami, aby bol v\u00e1\u0161 pobyt skuto\u010dne plnohodnotn\u00fdm z\u00e1\u017eitkom aj v spolo\u010dnosti v\u00e1\u0161ho \u0161tvornoh\u00e9ho spolo\u010dn\u00edka.<br>S cie\u013eom zabezpe\u010di\u0165 neru\u0161en\u00fd oddych pre host\u00ed s dom\u00e1cimi zvieratami aj bez nich v\u00e1s zdvorilo \u017eiadame, aby ste dodr\u017eiavali n\u00e1\u0161&nbsp;<strong>hotelov\u00fd etiketu pre pobyty so zvieratami<\/strong>.<\/p>\n\n\n\n<p>Prednostne ubytov\u00e1vame \u0161tvornoh\u00fdch spolo\u010dn\u00edkov. Ubytovanie in\u00fdch mal\u00fdch zvierat je mo\u017en\u00e9 po individu\u00e1lnom pos\u00faden\u00ed.<br>Po\u010det izieb vhodn\u00fdch pre pobyt s dom\u00e1cimi zvieratami je obmedzen\u00fd, preto v\u00e1s pros\u00edme, aby ste svoj z\u00e1ujem nahl\u00e1sili u\u017e pri rezerv\u00e1cii, najnesk\u00f4r v\u0161ak&nbsp;<strong>48 hod\u00edn pred pr\u00edchodom<\/strong>.<\/p>\n\n\n\n<h3 class=\"wp-block-heading\"><strong>Podmienky a d\u00f4le\u017eit\u00e9 inform\u00e1cie<\/strong><\/h3>\n\n\n\n<ul class=\"wp-block-list\">\n<li>Dom\u00e1ce zvierat\u00e1 do\u00a0<strong>10 kg<\/strong>\u00a0s\u00fa v\u00edtan\u00e9 za pr\u00edplatok\u00a0<strong>15 000 HUF \/ noc \/ zviera<\/strong><\/li>\n\n\n\n<li>V jednej izbe m\u00f4\u017eu by\u0165 ubytovan\u00e9\u00a0<strong>maxim\u00e1lne 1\u20132 dom\u00e1ce zvierat\u00e1<\/strong>, v\u00fdlu\u010dne po predch\u00e1dzaj\u00facej dohode a potvrden\u00ed<\/li>\n\n\n\n<li>Dom\u00e1ce zviera sa m\u00f4\u017ee zdr\u017eiava\u0165 v izbe\u00a0<strong>len pod doh\u013eadom hos\u0165a<\/strong><\/li>\n\n\n\n<li>Pros\u00edme, nenech\u00e1vajte psa v izbe osamote na dlh\u0161\u00ed \u010das, aby sa predi\u0161lo separa\u010dnej \u00fazkosti<\/li>\n\n\n\n<li>Pou\u017eite, pros\u00edm, visa\u010dku\u00a0<strong>\u201eDom\u00e1ce zviera v izbe\u201c<\/strong>, aby ste informovali person\u00e1l hotela o tom, \u017ee sa pes nach\u00e1dza v izbe<\/li>\n\n\n\n<li>Spolo\u010dn\u00e9 priestory je mo\u017en\u00e9 vyu\u017e\u00edva\u0165\u00a0<strong>v\u00fdhradne na presun do izieb<\/strong><\/li>\n\n\n\n<li>Dom\u00e1ce zvierat\u00e1 s\u00fa v\u00edtan\u00e9 v\u00a0<strong>Lobby Bare<\/strong>; v\u00a0<strong>re\u0161taur\u00e1cii NOON<\/strong>, v\u00a0<strong>SPA a wellness centre<\/strong>\u00a0a na\u00a0<strong>LUA Beach<\/strong>\u00a0sa v\u0161ak \u2013 s v\u00fdnimkou vodiacich alebo asisten\u010dn\u00fdch psov \u2013 zdr\u017eiava\u0165 nem\u00f4\u017eu<\/li>\n\n\n\n<li>Ak si po\u010das ve\u010dere ne\u017eel\u00e1te necha\u0165 dom\u00e1ce zviera v izbe, informujte n\u00e1s a radi v\u00e1m naserv\u00edrujeme vybran\u00e9 jedl\u00e1 v lobby<\/li>\n\n\n\n<li>Psy musia by\u0165 v are\u00e1li hotela\u00a0<strong>v\u017edy veden\u00e9 na v\u00f4dzke<\/strong><\/li>\n\n\n\n<li>Dom\u00e1ce zvierat\u00e1 musia ma\u0165 v\u0161etky\u00a0<strong>povinn\u00e9 o\u010dkovania<\/strong>, ktor\u00e9 je potrebn\u00e9 preuk\u00e1za\u0165 platn\u00fdm o\u010dkovac\u00edm preukazom<\/li>\n\n\n\n<li>Men\u0161ie nehody sa m\u00f4\u017eu sta\u0165; preto v\u00e1s pros\u00edme, aby ste po svojom zvierati upratali a \u2013 pokia\u013e je to mo\u017en\u00e9 \u2013 vykon\u00e1vali tieto \u00fakony\u00a0<strong>mimo budovy hotela<\/strong>. Odpor\u00fa\u010dame vyu\u017ei\u0165 priestor hotelov\u00e9ho parkoviska a\u00a0<strong>dostupn\u00e9 vreck\u00e1 na psie exkrementy<\/strong><\/li>\n\n\n\n<li>Pros\u00edme, prin\u00e1\u0161ajte len\u00a0<strong>pokojn\u00e9 a dobre vychovan\u00e9 dom\u00e1ce zvierat\u00e1<\/strong>, ktor\u00e9 nebud\u00fa ru\u0161i\u0165 komfort ostatn\u00fdch host\u00ed<\/li>\n<\/ul>\n\n\n\n<p>Ak pr\u00edchod dom\u00e1ceho zviera\u0165a nebude vopred nahl\u00e1sen\u00fd a nebude k dispoz\u00edcii izba vhodn\u00e1 pre pobyt so zvieratami, \u00fa\u010dtuje sa okrem poplatku za dom\u00e1ce zviera aj&nbsp;<strong>jednorazov\u00fd poplatok za mimoriadne upratovanie vo v\u00fd\u0161ke 30 000 HUF<\/strong>.<\/p>\n\n\n\n<p>Hos\u0165 nesie&nbsp;<strong>pln\u00fa zodpovednos\u0165 za v\u0161etky \u0161kody<\/strong>&nbsp;sp\u00f4soben\u00e9 dom\u00e1cim zviera\u0165om a je povinn\u00fd ich uhradi\u0165 poskytovate\u013eovi slu\u017eieb pred odchodom.<br>Poskytovate\u013e slu\u017eieb si vyhradzuje pr\u00e1vo \u00fa\u010dtova\u0165 dodato\u010dn\u00fd poplatok za upratovanie, ak izba nebola pou\u017e\u00edvan\u00e1 v s\u00falade s jej ur\u010den\u00edm. Maxim\u00e1lna v\u00fd\u0161ka poplatku za upratovanie je&nbsp;<strong>50 000 HUF<\/strong>.<\/p>\n\n\n\n<p>Ak sa niektor\u00e9 zariadenie alebo predmet stane nepou\u017eite\u013en\u00fdm, hos\u0165 je povinn\u00fd uhradi\u0165&nbsp;<strong>aktu\u00e1lnu obstar\u00e1vaciu cenu<\/strong>. Ak hos\u0165 \u0161kodu pri odchode nenahl\u00e1si a je preuk\u00e1zate\u013ene sp\u00f4soben\u00e1 jeho dom\u00e1cim zviera\u0165om, poskytovate\u013e slu\u017eieb je opr\u00e1vnen\u00fd za\u0165a\u017ei\u0165&nbsp;<strong>bankov\u00fa kartu zmluvnej strany<\/strong>.<\/p>\n\n\n\n<p>\u010eakujeme v\u00e1m za va\u0161u spolupr\u00e1cu!<\/p>\n\n\n\n<p>Vedenie hotela<\/p>\n","protected":false},"excerpt":{"rendered":"<p>V\u00e1\u017een\u00ed hostia, n\u00e1\u0161 hotel srde\u010dne v\u00edta host\u00ed prich\u00e1dzaj\u00facich s mal\u00fdmi dom\u00e1cimi zvieratami, aby bol v\u00e1\u0161 pobyt skuto\u010dne plnohodnotn\u00fdm z\u00e1\u017eitkom aj v spolo\u010dnosti v\u00e1\u0161ho \u0161tvornoh\u00e9ho spolo\u010dn\u00edka.S cie\u013eom zabezpe\u010di\u0165 neru\u0161en\u00fd oddych pre host\u00ed s dom\u00e1cimi zvieratami aj bez nich v\u00e1s zdvorilo \u017eiadame, aby ste dodr\u017eiavali n\u00e1\u0161&nbsp;hotelov\u00fd etiketu pre pobyty so zvieratami. Prednostne ubytov\u00e1vame \u0161tvornoh\u00fdch spolo\u010dn\u00edkov. Ubytovanie in\u00fdch mal\u00fdch zvierat je mo\u017en\u00e9 po individu\u00e1lnom pos\u00faden\u00ed.Po\u010det izieb vhodn\u00fdch pre pobyt s dom\u00e1cimi zvieratami je obmedzen\u00fd, preto v\u00e1s pros\u00edme, aby ste svoj z\u00e1ujem nahl\u00e1sili u\u017e pri rezerv\u00e1cii, najnesk\u00f4r v\u0161ak&nbsp;48 hod\u00edn pred pr\u00edchodom. Podmienky a d\u00f4le\u017eit\u00e9 inform\u00e1cie Ak pr\u00edchod dom\u00e1ceho zviera\u0165a nebude vopred nahl\u00e1sen\u00fd a nebude&#8230;<\/p>\n","protected":false},"author":2,"featured_media":0,"parent":0,"menu_order":0,"comment_status":"closed","ping_status":"closed","template":"template-contact.php","meta":{"inline_featured_image":false,"footnotes":""},"class_list":["post-13087","page","type-page","status-publish","hentry"],"acf":[],"yoast_head":"<!-- This site is optimized with the Yoast SEO plugin v25.8 - https:\/\/yoast.com\/wordpress\/plugins\/seo\/ -->\n<title>Etiketa psov\u00e9ho hotelu - LUA Resort Balatonf\u00fcred<\/title>\n<meta name=\"description\" content=\"V tomto hoteli ur\u010denom len pre dospel\u00fdch s\u00fa dom\u00e1ce zvierat\u00e1 v\u00edtan\u00e9 len po predch\u00e1dzaj\u00facej dohode.\" \/>\n<meta name=\"robots\" content=\"index, follow, max-snippet:-1, max-image-preview:large, max-video-preview:-1\" \/>\n<link rel=\"canonical\" href=\"https:\/\/luaresort.com\/sk\/etiketa-psoveho-hotelu\/\" \/>\n<meta property=\"og:locale\" content=\"sk_SK\" \/>\n<meta property=\"og:type\" content=\"article\" \/>\n<meta property=\"og:title\" content=\"Etiketa psov\u00e9ho hotelu - LUA Resort Balatonf\u00fcred\" \/>\n<meta property=\"og:description\" content=\"V tomto hoteli ur\u010denom len pre dospel\u00fdch s\u00fa dom\u00e1ce zvierat\u00e1 v\u00edtan\u00e9 len po predch\u00e1dzaj\u00facej dohode.\" \/>\n<meta property=\"og:url\" content=\"https:\/\/luaresort.com\/sk\/etiketa-psoveho-hotelu\/\" \/>\n<meta property=\"og:site_name\" content=\"LUA Resort Balatonf\u00fcred\" \/>\n<meta property=\"article:publisher\" content=\"https:\/\/www.facebook.com\/luaresort\" \/>\n<meta property=\"article:modified_time\" content=\"2026-01-23T09:07:48+00:00\" \/>\n<meta property=\"og:image\" content=\"https:\/\/luaresort.com\/wp-content\/uploads\/2022\/08\/lua-resort-balatonfured-haziallat.jpg\" \/>\n<meta name=\"twitter:card\" content=\"summary_large_image\" \/>\n<meta name=\"twitter:label1\" content=\"Predpokladan\u00fd \u010das \u010d\u00edtania\" \/>\n\t<meta name=\"twitter:data1\" content=\"3 min\u00faty\" \/>\n<script type=\"application\/ld+json\" class=\"yoast-schema-graph\">{\"@context\":\"https:\/\/schema.org\",\"@graph\":[{\"@type\":\"WebPage\",\"@id\":\"https:\/\/luaresort.com\/sk\/etiketa-psoveho-hotelu\/\",\"url\":\"https:\/\/luaresort.com\/sk\/etiketa-psoveho-hotelu\/\",\"name\":\"Etiketa psov\u00e9ho hotelu - LUA Resort Balatonf\u00fcred\",\"isPartOf\":{\"@id\":\"https:\/\/luaresort.com\/sk\/#website\"},\"primaryImageOfPage\":{\"@id\":\"https:\/\/luaresort.com\/sk\/etiketa-psoveho-hotelu\/#primaryimage\"},\"image\":{\"@id\":\"https:\/\/luaresort.com\/sk\/etiketa-psoveho-hotelu\/#primaryimage\"},\"thumbnailUrl\":\"https:\/\/luaresort.com\/wp-content\/uploads\/2022\/08\/lua-resort-balatonfured-haziallat.jpg\",\"datePublished\":\"2022-08-19T13:59:07+00:00\",\"dateModified\":\"2026-01-23T09:07:48+00:00\",\"description\":\"V tomto hoteli ur\u010denom len pre dospel\u00fdch s\u00fa dom\u00e1ce zvierat\u00e1 v\u00edtan\u00e9 len po predch\u00e1dzaj\u00facej dohode.\",\"breadcrumb\":{\"@id\":\"https:\/\/luaresort.com\/sk\/etiketa-psoveho-hotelu\/#breadcrumb\"},\"inLanguage\":\"sk-SK\",\"potentialAction\":[{\"@type\":\"ReadAction\",\"target\":[\"https:\/\/luaresort.com\/sk\/etiketa-psoveho-hotelu\/\"]}]},{\"@type\":\"ImageObject\",\"inLanguage\":\"sk-SK\",\"@id\":\"https:\/\/luaresort.com\/sk\/etiketa-psoveho-hotelu\/#primaryimage\",\"url\":\"https:\/\/luaresort.com\/wp-content\/uploads\/2022\/08\/lua-resort-balatonfured-haziallat.jpg\",\"contentUrl\":\"https:\/\/luaresort.com\/wp-content\/uploads\/2022\/08\/lua-resort-balatonfured-haziallat.jpg\"},{\"@type\":\"BreadcrumbList\",\"@id\":\"https:\/\/luaresort.com\/sk\/etiketa-psoveho-hotelu\/#breadcrumb\",\"itemListElement\":[{\"@type\":\"ListItem\",\"position\":1,\"name\":\"Kezd\u0151lap\",\"item\":\"https:\/\/luaresort.com\/sk\/\"},{\"@type\":\"ListItem\",\"position\":2,\"name\":\"Etiketa psov\u00e9ho hotelu\"}]},{\"@type\":\"WebSite\",\"@id\":\"https:\/\/luaresort.com\/sk\/#website\",\"url\":\"https:\/\/luaresort.com\/sk\/\",\"name\":\"LUA Resort Balatonf\u00fcred\",\"description\":\"LUA Resort***** Balatonf\u00fcred. Az \u00faj resort sz\u00e1llod\u00e1j\u00e1ban a j\u00f3l\u00e9t j\u00f3ll\u00e9ttel p\u00e1rosul. Felel\u0151s hedonizmus, fenntarthat\u00f3 luxus, szem\u00e9lyre szabott szolg\u00e1ltat\u00e1sok.\",\"publisher\":{\"@id\":\"https:\/\/luaresort.com\/sk\/#organization\"},\"potentialAction\":[{\"@type\":\"SearchAction\",\"target\":{\"@type\":\"EntryPoint\",\"urlTemplate\":\"https:\/\/luaresort.com\/sk\/?s={search_term_string}\"},\"query-input\":{\"@type\":\"PropertyValueSpecification\",\"valueRequired\":true,\"valueName\":\"search_term_string\"}}],\"inLanguage\":\"sk-SK\"},{\"@type\":\"Organization\",\"@id\":\"https:\/\/luaresort.com\/sk\/#organization\",\"name\":\"LUA Resort\",\"url\":\"https:\/\/luaresort.com\/sk\/\",\"logo\":{\"@type\":\"ImageObject\",\"inLanguage\":\"sk-SK\",\"@id\":\"https:\/\/luaresort.com\/sk\/#\/schema\/logo\/image\/\",\"url\":\"https:\/\/luaresort.com\/wp-content\/uploads\/2022\/04\/lua-resort-logo.png\",\"contentUrl\":\"https:\/\/luaresort.com\/wp-content\/uploads\/2022\/04\/lua-resort-logo.png\",\"width\":2048,\"height\":2048,\"caption\":\"LUA Resort\"},\"image\":{\"@id\":\"https:\/\/luaresort.com\/sk\/#\/schema\/logo\/image\/\"},\"sameAs\":[\"https:\/\/www.facebook.com\/luaresort\",\"https:\/\/www.instagram.com\/luaresort\/\"]}]}<\/script>\n<!-- \/ Yoast SEO plugin. -->","yoast_head_json":{"title":"Etiketa psov\u00e9ho hotelu - LUA Resort Balatonf\u00fcred","description":"V tomto hoteli ur\u010denom len pre dospel\u00fdch s\u00fa dom\u00e1ce zvierat\u00e1 v\u00edtan\u00e9 len po predch\u00e1dzaj\u00facej dohode.","robots":{"index":"index","follow":"follow","max-snippet":"max-snippet:-1","max-image-preview":"max-image-preview:large","max-video-preview":"max-video-preview:-1"},"canonical":"https:\/\/luaresort.com\/sk\/etiketa-psoveho-hotelu\/","og_locale":"sk_SK","og_type":"article","og_title":"Etiketa psov\u00e9ho hotelu - LUA Resort Balatonf\u00fcred","og_description":"V tomto hoteli ur\u010denom len pre dospel\u00fdch s\u00fa dom\u00e1ce zvierat\u00e1 v\u00edtan\u00e9 len po predch\u00e1dzaj\u00facej dohode.","og_url":"https:\/\/luaresort.com\/sk\/etiketa-psoveho-hotelu\/","og_site_name":"LUA Resort Balatonf\u00fcred","article_publisher":"https:\/\/www.facebook.com\/luaresort","article_modified_time":"2026-01-23T09:07:48+00:00","og_image":[{"url":"https:\/\/luaresort.com\/wp-content\/uploads\/2022\/08\/lua-resort-balatonfured-haziallat.jpg","type":"","width":"","height":""}],"twitter_card":"summary_large_image","twitter_misc":{"Predpokladan\u00fd \u010das \u010d\u00edtania":"3 min\u00faty"},"schema":{"@context":"https:\/\/schema.org","@graph":[{"@type":"WebPage","@id":"https:\/\/luaresort.com\/sk\/etiketa-psoveho-hotelu\/","url":"https:\/\/luaresort.com\/sk\/etiketa-psoveho-hotelu\/","name":"Etiketa psov\u00e9ho hotelu - LUA Resort Balatonf\u00fcred","isPartOf":{"@id":"https:\/\/luaresort.com\/sk\/#website"},"primaryImageOfPage":{"@id":"https:\/\/luaresort.com\/sk\/etiketa-psoveho-hotelu\/#primaryimage"},"image":{"@id":"https:\/\/luaresort.com\/sk\/etiketa-psoveho-hotelu\/#primaryimage"},"thumbnailUrl":"https:\/\/luaresort.com\/wp-content\/uploads\/2022\/08\/lua-resort-balatonfured-haziallat.jpg","datePublished":"2022-08-19T13:59:07+00:00","dateModified":"2026-01-23T09:07:48+00:00","description":"V tomto hoteli ur\u010denom len pre dospel\u00fdch s\u00fa dom\u00e1ce zvierat\u00e1 v\u00edtan\u00e9 len po predch\u00e1dzaj\u00facej dohode.","breadcrumb":{"@id":"https:\/\/luaresort.com\/sk\/etiketa-psoveho-hotelu\/#breadcrumb"},"inLanguage":"sk-SK","potentialAction":[{"@type":"ReadAction","target":["https:\/\/luaresort.com\/sk\/etiketa-psoveho-hotelu\/"]}]},{"@type":"ImageObject","inLanguage":"sk-SK","@id":"https:\/\/luaresort.com\/sk\/etiketa-psoveho-hotelu\/#primaryimage","url":"https:\/\/luaresort.com\/wp-content\/uploads\/2022\/08\/lua-resort-balatonfured-haziallat.jpg","contentUrl":"https:\/\/luaresort.com\/wp-content\/uploads\/2022\/08\/lua-resort-balatonfured-haziallat.jpg"},{"@type":"BreadcrumbList","@id":"https:\/\/luaresort.com\/sk\/etiketa-psoveho-hotelu\/#breadcrumb","itemListElement":[{"@type":"ListItem","position":1,"name":"Kezd\u0151lap","item":"https:\/\/luaresort.com\/sk\/"},{"@type":"ListItem","position":2,"name":"Etiketa psov\u00e9ho hotelu"}]},{"@type":"WebSite","@id":"https:\/\/luaresort.com\/sk\/#website","url":"https:\/\/luaresort.com\/sk\/","name":"LUA Resort Balatonf\u00fcred","description":"LUA Resort***** Balatonf\u00fcred. Az \u00faj resort sz\u00e1llod\u00e1j\u00e1ban a j\u00f3l\u00e9t j\u00f3ll\u00e9ttel p\u00e1rosul. Felel\u0151s hedonizmus, fenntarthat\u00f3 luxus, szem\u00e9lyre szabott szolg\u00e1ltat\u00e1sok.","publisher":{"@id":"https:\/\/luaresort.com\/sk\/#organization"},"potentialAction":[{"@type":"SearchAction","target":{"@type":"EntryPoint","urlTemplate":"https:\/\/luaresort.com\/sk\/?s={search_term_string}"},"query-input":{"@type":"PropertyValueSpecification","valueRequired":true,"valueName":"search_term_string"}}],"inLanguage":"sk-SK"},{"@type":"Organization","@id":"https:\/\/luaresort.com\/sk\/#organization","name":"LUA Resort","url":"https:\/\/luaresort.com\/sk\/","logo":{"@type":"ImageObject","inLanguage":"sk-SK","@id":"https:\/\/luaresort.com\/sk\/#\/schema\/logo\/image\/","url":"https:\/\/luaresort.com\/wp-content\/uploads\/2022\/04\/lua-resort-logo.png","contentUrl":"https:\/\/luaresort.com\/wp-content\/uploads\/2022\/04\/lua-resort-logo.png","width":2048,"height":2048,"caption":"LUA Resort"},"image":{"@id":"https:\/\/luaresort.com\/sk\/#\/schema\/logo\/image\/"},"sameAs":["https:\/\/www.facebook.com\/luaresort","https:\/\/www.instagram.com\/luaresort\/"]}]}},"jetpack_sharing_enabled":true,"_links":{"self":[{"href":"https:\/\/luaresort.com\/sk\/wp-json\/wp\/v2\/pages\/13087","targetHints":{"allow":["GET"]}}],"collection":[{"href":"https:\/\/luaresort.com\/sk\/wp-json\/wp\/v2\/pages"}],"about":[{"href":"https:\/\/luaresort.com\/sk\/wp-json\/wp\/v2\/types\/page"}],"author":[{"embeddable":true,"href":"https:\/\/luaresort.com\/sk\/wp-json\/wp\/v2\/users\/2"}],"replies":[{"embeddable":true,"href":"https:\/\/luaresort.com\/sk\/wp-json\/wp\/v2\/comments?post=13087"}],"version-history":[{"count":7,"href":"https:\/\/luaresort.com\/sk\/wp-json\/wp\/v2\/pages\/13087\/revisions"}],"predecessor-version":[{"id":22791,"href":"https:\/\/luaresort.com\/sk\/wp-json\/wp\/v2\/pages\/13087\/revisions\/22791"}],"wp:attachment":[{"href":"https:\/\/luaresort.com\/sk\/wp-json\/wp\/v2\/media?parent=13087"}],"curies":[{"name":"wp","href":"https:\/\/api.w.org\/{rel}","templated":true}]}}