{"id":12005,"date":"2022-11-27T14:05:06","date_gmt":"2022-11-27T13:05:06","guid":{"rendered":"https:\/\/luaresort.com\/kulinarna-barova-kultura\/nasa-filozofia\/"},"modified":"2026-02-14T15:47:41","modified_gmt":"2026-02-14T14:47:41","slug":"nasa-filozofia","status":"publish","type":"page","link":"https:\/\/luaresort.com\/sk\/kulinarna-barova-kultura\/nasa-filozofia\/","title":{"rendered":"Na\u0161a filozofia"},"content":{"rendered":"\n<div class=\"wp-block-columns is-layout-flex wp-container-core-columns-is-layout-9d6595d7 wp-block-columns-is-layout-flex\">\n<div class=\"wp-block-column is-layout-flow wp-block-column-is-layout-flow\" style=\"flex-basis:33.33%\"><\/div>\n\n\n\n<div class=\"wp-block-column is-layout-flow wp-block-column-is-layout-flow\" style=\"flex-basis:66.66%\">\n<p>Pos\u00favame bistro gastron\u00f3miu na \u00faplne nov\u00fa \u00farove\u0148.<\/p>\n\n\n\n<p><div class=\"flex flex-col text-sm pb-25\"><article class=\"text-token-text-primary w-full focus:outline-none [--shadow-height:45px] has-data-writing-block:pointer-events-none has-data-writing-block:-mt-(--shadow-height) has-data-writing-block:pt-(--shadow-height) [&amp;:has([data-writing-block])&gt;*]:pointer-events-auto scroll-mt-[calc(var(--header-height)+min(200px,max(70px,20svh)))]\" dir=\"auto\" tabindex=\"-1\" data-turn-id=\"request-WEB:644e47f5-ab24-4c0d-aa75-7654016abbf2-16\" data-testid=\"conversation-turn-34\" data-scroll-anchor=\"true\" data-turn=\"assistant\">&#13;\n<div class=\"text-base my-auto mx-auto pb-10 [--thread-content-margin:--spacing(4)] @w-sm\/main:[--thread-content-margin:--spacing(6)] @w-lg\/main:[--thread-content-margin:--spacing(16)] px-(--thread-content-margin)\">&#13;\n<div class=\"[--thread-content-max-width:40rem] @w-lg\/main:[--thread-content-max-width:48rem] mx-auto max-w-(--thread-content-max-width) flex-1 group\/turn-messages focus-visible:outline-hidden relative flex w-full min-w-0 flex-col agent-turn\" tabindex=\"-1\">&#13;\n<div class=\"flex max-w-full flex-col grow\">&#13;\n<div class=\"min-h-8 text-message relative flex w-full flex-col items-end gap-2 text-start break-words whitespace-normal [.text-message+&amp;]:mt-1\" dir=\"auto\" data-message-author-role=\"assistant\" data-message-id=\"c89ba262-7d9c-43df-bbad-1b926e2f4f1e\" data-message-model-slug=\"gpt-5-2\">&#13;\n<div class=\"flex w-full flex-col gap-1 empty:hidden first:pt-[1px]\">&#13;\n<div class=\"markdown prose dark:prose-invert w-full wrap-break-word light markdown-new-styling\">&#13;\n<p data-start=\"0\" data-end=\"118\">K\u013e\u00fa\u010dov\u00fdm prvkom n\u00e1\u0161ho konceptu je starostlivo zostaven\u00e9 bistro menu, ktor\u00e9 sp\u00e1ja bezprostrednos\u0165 s vysokou kvalitou. Pod\u013ea \u0161\u00e9fkuch\u00e1ra Attilu Nagya je dnes povolanie kuch\u00e1ra in\u0161piruj\u00facou pr\u00edle\u017eitos\u0165ou \u2013 pr\u00e1ca s rozmanit\u00fdmi a pestr\u00fdmi surovinami prin\u00e1\u0161a skuto\u010dn\u00fa tvoriv\u00fa slobodu. S hrdos\u0165ou by predstavil ktor\u00fdko\u013evek zo svojich pokrmov aj gurm\u00e1nom nav\u0161tevuj\u00facim michelinsk\u00e9 re\u0161taur\u00e1cie, preto\u017ee pre neho je chu\u0165 na prvom mieste \u2013 a v tom nerob\u00ed \u017eiadne kompromisy.<\/p>&#13;\n&#13;\n<\/div><br\/><\/div><br\/><\/div><br\/><\/div><br\/><\/div><br\/><\/div><br\/><\/article><\/div><\/p>\n\n\n\n<p>Svoje jedl\u00e1 pripravuje zo surov\u00edn, ktor\u00e9 z\u00edskava od dobre zn\u00e1mych a spo\u013eahliv\u00fdch miestnych producentov. Jeho kuchy\u0148a v\u00edta host\u00ed \u013eahk\u00fdmi a svie\u017eimi pokrmami.&#13;\n&#13;\nKuchy\u0148a pod jeho veden\u00edm je elegantn\u00e1, no z\u00e1rove\u0148 uvo\u013enen\u00e1, a vyzna\u010duje sa citliv\u00fdm prepojen\u00edm tradi\u010dn\u00fdch ma\u010farsk\u00fdch chut\u00ed s franc\u00fazskymi a \u010fal\u0161\u00edmi medzin\u00e1rodn\u00fdmi vplyvmi. Jeho pr\u00e1cu charakterizuje kreativita a neust\u00e1la snaha o inov\u00e1cie.<\/p>\n\n\n\n<p>Pod veden\u00edm \u0161\u00e9fkuch\u00e1ra Attilu Nagya a jeho t\u00edmu poz\u00fdvame na\u0161ich host\u00ed na gastronomick\u00fd z\u00e1\u017eitok, ktor\u00fd osvie\u017ei v\u0161etky zmysly. \u010cist\u00fd, modern\u00fd interi\u00e9r, kvalitn\u00e9 suroviny a modern\u00e9 technol\u00f3gie sa sp\u00e1jaj\u00fa s \u00factou k tradi\u010dn\u00fdm postupom pr\u00edpravy jed\u00e1l.<\/p>\n\n\n\n<p><article class=\"text-token-text-primary w-full focus:outline-none [--shadow-height:45px] has-data-writing-block:pointer-events-none has-data-writing-block:-mt-(--shadow-height) has-data-writing-block:pt-(--shadow-height) [&amp;:has([data-writing-block])&gt;*]:pointer-events-auto scroll-mt-(--header-height)\" dir=\"auto\" tabindex=\"-1\" data-turn-id=\"245d6d1b-d7ca-4051-b857-8f870be6243b\" data-testid=\"conversation-turn-39\" data-scroll-anchor=\"false\" data-turn=\"user\"><\/article><article class=\"text-token-text-primary w-full focus:outline-none [--shadow-height:45px] has-data-writing-block:pointer-events-none has-data-writing-block:-mt-(--shadow-height) has-data-writing-block:pt-(--shadow-height) [&amp;:has([data-writing-block])&gt;*]:pointer-events-auto scroll-mt-[calc(var(--header-height)+min(200px,max(70px,20svh)))]\" dir=\"auto\" tabindex=\"-1\" data-turn-id=\"request-WEB:644e47f5-ab24-4c0d-aa75-7654016abbf2-19\" data-testid=\"conversation-turn-40\" data-scroll-anchor=\"true\" data-turn=\"assistant\">&#13;\n<div class=\"text-base my-auto mx-auto pb-10 [--thread-content-margin:--spacing(4)] @w-sm\/main:[--thread-content-margin:--spacing(6)] @w-lg\/main:[--thread-content-margin:--spacing(16)] px-(--thread-content-margin)\">&#13;\n<div class=\"[--thread-content-max-width:40rem] @w-lg\/main:[--thread-content-max-width:48rem] mx-auto max-w-(--thread-content-max-width) flex-1 group\/turn-messages focus-visible:outline-hidden relative flex w-full min-w-0 flex-col agent-turn\" tabindex=\"-1\">&#13;\n<div class=\"flex max-w-full flex-col grow\">&#13;\n<div class=\"min-h-8 text-message relative flex w-full flex-col items-end gap-2 text-start break-words whitespace-normal [.text-message+&amp;]:mt-1\" dir=\"auto\" data-message-author-role=\"assistant\" data-message-id=\"9135221d-3b66-4535-b424-c9dcb3d50d64\" data-message-model-slug=\"gpt-5-2\">&#13;\n<div class=\"flex w-full flex-col gap-1 empty:hidden first:pt-[1px]\">&#13;\n<div class=\"markdown prose dark:prose-invert w-full wrap-break-word light markdown-new-styling\">&#13;\n<p data-start=\"0\" data-end=\"200\">Od n\u00e1\u0161ho otvorenia z\u00edskava na\u0161a re\u0161taur\u00e1cia ka\u017ed\u00fd rok ocenenie <strong data-start=\"63\" data-end=\"87\">Michelin Recommended<\/strong> a z\u00e1rove\u0148 je zaraden\u00e1 medzi odpor\u00fa\u010dan\u00e9 re\u0161taur\u00e1cie v sprievodcovi <strong data-start=\"154\" data-end=\"170\">Gault&amp;Millau<\/strong>, na \u010do sme mimoriadne hrd\u00ed.<\/p>&#13;\n<p data-start=\"202\" data-end=\"310\" data-is-last-node=\"\" data-is-only-node=\"\">Tieto uznania s\u00fa potvrden\u00edm kontinu\u00e1lnej, vyv\u00e1\u017eenej odbornej pr\u00e1ce a dlhodobo vysokej kvality na\u0161ej kuchyne.<\/p>&#13;\n&#13;\n<\/div>&#13;\n<\/div>&#13;\n<\/div>&#13;\n<\/div>&#13;\n<\/div>&#13;\n<\/div>&#13;\n<\/article><\/p>\n\n\n\n<p>Udr\u017eate\u013enos\u0165 a podpora miestnej ekonomiky zohr\u00e1vaj\u00fa v na\u0161ej filozofii k\u013e\u00fa\u010dov\u00fa \u00falohu: suroviny z\u00edskavame od lok\u00e1lnych producentov a na\u0161u kuchy\u0148u in\u0161piruje \u010derstv\u00e1, sez\u00f3nna ponuka z okolia.&#13;\n&#13;\nNa\u0161a ponuka p\u00f4sob\u00ed prirodzene svetovo a v\u00fdnimo\u010dn\u00fa kvalitu surov\u00edn premie\u0148a v\u00e1\u0161e\u0148 n\u00e1\u0161ho t\u00edmu na skuto\u010dne nezabudnute\u013en\u00fd z\u00e1\u017eitok.<\/p>\n\n\n\n<p>Pod\u013ea dostupnosti priv\u00edtame aj host\u00ed, ktor\u00ed nie s\u00fa \u010dlenmi hotela, a rezerv\u00e1cie si m\u00f4\u017eete vy\u017eiada\u0165 na telef\u00f3nnom \u010d\u00edsle +36\/87-512-500.<\/p>\n<\/div>\n<\/div>\n","protected":false},"excerpt":{"rendered":"<p>Poz\u00fdvame na\u0161ich host\u00ed na v\u00fdlet, ktor\u00fd stimuluje v\u0161etky zmysly. \u010cist\u00fd interi\u00e9r, kvalitn\u00e9 suroviny, modern\u00e9 technol\u00f3gie, udr\u017eate\u013enos\u0165. \u013dahk\u00e1, kozmopolitn\u00e1 ponuka, v\u00e1\u0161niv\u00ed kolegovia.<\/p>\n","protected":false},"author":2,"featured_media":0,"parent":3088,"menu_order":1,"comment_status":"closed","ping_status":"closed","template":"template-product.php","meta":{"inline_featured_image":false,"footnotes":""},"class_list":["post-12005","page","type-page","status-publish","hentry"],"acf":[],"yoast_head":"<!-- This site is optimized with the Yoast SEO plugin v25.8 - https:\/\/yoast.com\/wordpress\/plugins\/seo\/ -->\n<title>Na\u0161a filozofia - LUA Resort Balatonf\u00fcred<\/title>\n<meta name=\"description\" content=\"Poz\u00fdvame na\u0161ich host\u00ed na v\u00fdlet, ktor\u00fd stimuluje v\u0161etky zmysly. \u010cist\u00fd interi\u00e9r, kvalitn\u00e9 suroviny, modern\u00e9 technol\u00f3gie, udr\u017eate\u013enos\u0165. \u013dahk\u00e1, kozmopolitn\u00e1 ponuka, v\u00e1\u0161niv\u00ed kolegovia.\" \/>\n<meta name=\"robots\" content=\"index, follow, max-snippet:-1, max-image-preview:large, max-video-preview:-1\" \/>\n<link rel=\"canonical\" href=\"https:\/\/luaresort.com\/sk\/kulinarna-barova-kultura\/nasa-filozofia\/\" \/>\n<meta property=\"og:locale\" content=\"sk_SK\" \/>\n<meta property=\"og:type\" content=\"article\" \/>\n<meta property=\"og:title\" content=\"Na\u0161a filozofia - LUA Resort Balatonf\u00fcred\" \/>\n<meta property=\"og:description\" content=\"Poz\u00fdvame na\u0161ich host\u00ed na v\u00fdlet, ktor\u00fd stimuluje v\u0161etky zmysly. \u010cist\u00fd interi\u00e9r, kvalitn\u00e9 suroviny, modern\u00e9 technol\u00f3gie, udr\u017eate\u013enos\u0165. \u013dahk\u00e1, kozmopolitn\u00e1 ponuka, v\u00e1\u0161niv\u00ed kolegovia.\" \/>\n<meta property=\"og:url\" content=\"https:\/\/luaresort.com\/sk\/kulinarna-barova-kultura\/nasa-filozofia\/\" \/>\n<meta property=\"og:site_name\" content=\"LUA Resort Balatonf\u00fcred\" \/>\n<meta property=\"article:publisher\" content=\"https:\/\/www.facebook.com\/luaresort\" \/>\n<meta property=\"article:modified_time\" content=\"2026-02-14T14:47:41+00:00\" \/>\n<meta name=\"twitter:card\" content=\"summary_large_image\" \/>\n<meta name=\"twitter:label1\" content=\"Predpokladan\u00fd \u010das \u010d\u00edtania\" \/>\n\t<meta name=\"twitter:data1\" content=\"2 min\u00faty\" \/>\n<script type=\"application\/ld+json\" class=\"yoast-schema-graph\">{\"@context\":\"https:\/\/schema.org\",\"@graph\":[{\"@type\":\"WebPage\",\"@id\":\"https:\/\/luaresort.com\/sk\/kulinarna-barova-kultura\/nasa-filozofia\/\",\"url\":\"https:\/\/luaresort.com\/sk\/kulinarna-barova-kultura\/nasa-filozofia\/\",\"name\":\"Na\u0161a filozofia - LUA Resort Balatonf\u00fcred\",\"isPartOf\":{\"@id\":\"https:\/\/luaresort.com\/sk\/#website\"},\"datePublished\":\"2022-11-27T13:05:06+00:00\",\"dateModified\":\"2026-02-14T14:47:41+00:00\",\"description\":\"Poz\u00fdvame na\u0161ich host\u00ed na v\u00fdlet, ktor\u00fd stimuluje v\u0161etky zmysly. \u010cist\u00fd interi\u00e9r, kvalitn\u00e9 suroviny, modern\u00e9 technol\u00f3gie, udr\u017eate\u013enos\u0165. \u013dahk\u00e1, kozmopolitn\u00e1 ponuka, v\u00e1\u0161niv\u00ed kolegovia.\",\"breadcrumb\":{\"@id\":\"https:\/\/luaresort.com\/sk\/kulinarna-barova-kultura\/nasa-filozofia\/#breadcrumb\"},\"inLanguage\":\"sk-SK\",\"potentialAction\":[{\"@type\":\"ReadAction\",\"target\":[\"https:\/\/luaresort.com\/sk\/kulinarna-barova-kultura\/nasa-filozofia\/\"]}]},{\"@type\":\"BreadcrumbList\",\"@id\":\"https:\/\/luaresort.com\/sk\/kulinarna-barova-kultura\/nasa-filozofia\/#breadcrumb\",\"itemListElement\":[{\"@type\":\"ListItem\",\"position\":1,\"name\":\"Kezd\u0151lap\",\"item\":\"https:\/\/luaresort.com\/sk\/\"},{\"@type\":\"ListItem\",\"position\":2,\"name\":\"Kulin\u00e1rna &#038; barov\u00e1 kult\u00fara\",\"item\":\"https:\/\/luaresort.com\/sk\/kulinarna-barova-kultura\/\"},{\"@type\":\"ListItem\",\"position\":3,\"name\":\"Na\u0161a filozofia\"}]},{\"@type\":\"WebSite\",\"@id\":\"https:\/\/luaresort.com\/sk\/#website\",\"url\":\"https:\/\/luaresort.com\/sk\/\",\"name\":\"LUA Resort Balatonf\u00fcred\",\"description\":\"LUA Resort***** Balatonf\u00fcred. Az \u00faj resort sz\u00e1llod\u00e1j\u00e1ban a j\u00f3l\u00e9t j\u00f3ll\u00e9ttel p\u00e1rosul. Felel\u0151s hedonizmus, fenntarthat\u00f3 luxus, szem\u00e9lyre szabott szolg\u00e1ltat\u00e1sok.\",\"publisher\":{\"@id\":\"https:\/\/luaresort.com\/sk\/#organization\"},\"potentialAction\":[{\"@type\":\"SearchAction\",\"target\":{\"@type\":\"EntryPoint\",\"urlTemplate\":\"https:\/\/luaresort.com\/sk\/?s={search_term_string}\"},\"query-input\":{\"@type\":\"PropertyValueSpecification\",\"valueRequired\":true,\"valueName\":\"search_term_string\"}}],\"inLanguage\":\"sk-SK\"},{\"@type\":\"Organization\",\"@id\":\"https:\/\/luaresort.com\/sk\/#organization\",\"name\":\"LUA Resort\",\"url\":\"https:\/\/luaresort.com\/sk\/\",\"logo\":{\"@type\":\"ImageObject\",\"inLanguage\":\"sk-SK\",\"@id\":\"https:\/\/luaresort.com\/sk\/#\/schema\/logo\/image\/\",\"url\":\"https:\/\/luaresort.com\/wp-content\/uploads\/2022\/04\/lua-resort-logo.png\",\"contentUrl\":\"https:\/\/luaresort.com\/wp-content\/uploads\/2022\/04\/lua-resort-logo.png\",\"width\":2048,\"height\":2048,\"caption\":\"LUA Resort\"},\"image\":{\"@id\":\"https:\/\/luaresort.com\/sk\/#\/schema\/logo\/image\/\"},\"sameAs\":[\"https:\/\/www.facebook.com\/luaresort\",\"https:\/\/www.instagram.com\/luaresort\/\"]}]}<\/script>\n<!-- \/ Yoast SEO plugin. -->","yoast_head_json":{"title":"Na\u0161a filozofia - LUA Resort Balatonf\u00fcred","description":"Poz\u00fdvame na\u0161ich host\u00ed na v\u00fdlet, ktor\u00fd stimuluje v\u0161etky zmysly. \u010cist\u00fd interi\u00e9r, kvalitn\u00e9 suroviny, modern\u00e9 technol\u00f3gie, udr\u017eate\u013enos\u0165. \u013dahk\u00e1, kozmopolitn\u00e1 ponuka, v\u00e1\u0161niv\u00ed kolegovia.","robots":{"index":"index","follow":"follow","max-snippet":"max-snippet:-1","max-image-preview":"max-image-preview:large","max-video-preview":"max-video-preview:-1"},"canonical":"https:\/\/luaresort.com\/sk\/kulinarna-barova-kultura\/nasa-filozofia\/","og_locale":"sk_SK","og_type":"article","og_title":"Na\u0161a filozofia - LUA Resort Balatonf\u00fcred","og_description":"Poz\u00fdvame na\u0161ich host\u00ed na v\u00fdlet, ktor\u00fd stimuluje v\u0161etky zmysly. \u010cist\u00fd interi\u00e9r, kvalitn\u00e9 suroviny, modern\u00e9 technol\u00f3gie, udr\u017eate\u013enos\u0165. \u013dahk\u00e1, kozmopolitn\u00e1 ponuka, v\u00e1\u0161niv\u00ed kolegovia.","og_url":"https:\/\/luaresort.com\/sk\/kulinarna-barova-kultura\/nasa-filozofia\/","og_site_name":"LUA Resort Balatonf\u00fcred","article_publisher":"https:\/\/www.facebook.com\/luaresort","article_modified_time":"2026-02-14T14:47:41+00:00","twitter_card":"summary_large_image","twitter_misc":{"Predpokladan\u00fd \u010das \u010d\u00edtania":"2 min\u00faty"},"schema":{"@context":"https:\/\/schema.org","@graph":[{"@type":"WebPage","@id":"https:\/\/luaresort.com\/sk\/kulinarna-barova-kultura\/nasa-filozofia\/","url":"https:\/\/luaresort.com\/sk\/kulinarna-barova-kultura\/nasa-filozofia\/","name":"Na\u0161a filozofia - LUA Resort Balatonf\u00fcred","isPartOf":{"@id":"https:\/\/luaresort.com\/sk\/#website"},"datePublished":"2022-11-27T13:05:06+00:00","dateModified":"2026-02-14T14:47:41+00:00","description":"Poz\u00fdvame na\u0161ich host\u00ed na v\u00fdlet, ktor\u00fd stimuluje v\u0161etky zmysly. \u010cist\u00fd interi\u00e9r, kvalitn\u00e9 suroviny, modern\u00e9 technol\u00f3gie, udr\u017eate\u013enos\u0165. \u013dahk\u00e1, kozmopolitn\u00e1 ponuka, v\u00e1\u0161niv\u00ed kolegovia.","breadcrumb":{"@id":"https:\/\/luaresort.com\/sk\/kulinarna-barova-kultura\/nasa-filozofia\/#breadcrumb"},"inLanguage":"sk-SK","potentialAction":[{"@type":"ReadAction","target":["https:\/\/luaresort.com\/sk\/kulinarna-barova-kultura\/nasa-filozofia\/"]}]},{"@type":"BreadcrumbList","@id":"https:\/\/luaresort.com\/sk\/kulinarna-barova-kultura\/nasa-filozofia\/#breadcrumb","itemListElement":[{"@type":"ListItem","position":1,"name":"Kezd\u0151lap","item":"https:\/\/luaresort.com\/sk\/"},{"@type":"ListItem","position":2,"name":"Kulin\u00e1rna &#038; barov\u00e1 kult\u00fara","item":"https:\/\/luaresort.com\/sk\/kulinarna-barova-kultura\/"},{"@type":"ListItem","position":3,"name":"Na\u0161a filozofia"}]},{"@type":"WebSite","@id":"https:\/\/luaresort.com\/sk\/#website","url":"https:\/\/luaresort.com\/sk\/","name":"LUA Resort Balatonf\u00fcred","description":"LUA Resort***** Balatonf\u00fcred. Az \u00faj resort sz\u00e1llod\u00e1j\u00e1ban a j\u00f3l\u00e9t j\u00f3ll\u00e9ttel p\u00e1rosul. Felel\u0151s hedonizmus, fenntarthat\u00f3 luxus, szem\u00e9lyre szabott szolg\u00e1ltat\u00e1sok.","publisher":{"@id":"https:\/\/luaresort.com\/sk\/#organization"},"potentialAction":[{"@type":"SearchAction","target":{"@type":"EntryPoint","urlTemplate":"https:\/\/luaresort.com\/sk\/?s={search_term_string}"},"query-input":{"@type":"PropertyValueSpecification","valueRequired":true,"valueName":"search_term_string"}}],"inLanguage":"sk-SK"},{"@type":"Organization","@id":"https:\/\/luaresort.com\/sk\/#organization","name":"LUA Resort","url":"https:\/\/luaresort.com\/sk\/","logo":{"@type":"ImageObject","inLanguage":"sk-SK","@id":"https:\/\/luaresort.com\/sk\/#\/schema\/logo\/image\/","url":"https:\/\/luaresort.com\/wp-content\/uploads\/2022\/04\/lua-resort-logo.png","contentUrl":"https:\/\/luaresort.com\/wp-content\/uploads\/2022\/04\/lua-resort-logo.png","width":2048,"height":2048,"caption":"LUA Resort"},"image":{"@id":"https:\/\/luaresort.com\/sk\/#\/schema\/logo\/image\/"},"sameAs":["https:\/\/www.facebook.com\/luaresort","https:\/\/www.instagram.com\/luaresort\/"]}]}},"jetpack_sharing_enabled":true,"_links":{"self":[{"href":"https:\/\/luaresort.com\/sk\/wp-json\/wp\/v2\/pages\/12005","targetHints":{"allow":["GET"]}}],"collection":[{"href":"https:\/\/luaresort.com\/sk\/wp-json\/wp\/v2\/pages"}],"about":[{"href":"https:\/\/luaresort.com\/sk\/wp-json\/wp\/v2\/types\/page"}],"author":[{"embeddable":true,"href":"https:\/\/luaresort.com\/sk\/wp-json\/wp\/v2\/users\/2"}],"replies":[{"embeddable":true,"href":"https:\/\/luaresort.com\/sk\/wp-json\/wp\/v2\/comments?post=12005"}],"version-history":[{"count":9,"href":"https:\/\/luaresort.com\/sk\/wp-json\/wp\/v2\/pages\/12005\/revisions"}],"predecessor-version":[{"id":23030,"href":"https:\/\/luaresort.com\/sk\/wp-json\/wp\/v2\/pages\/12005\/revisions\/23030"}],"up":[{"embeddable":true,"href":"https:\/\/luaresort.com\/sk\/wp-json\/wp\/v2\/pages\/3088"}],"wp:attachment":[{"href":"https:\/\/luaresort.com\/sk\/wp-json\/wp\/v2\/media?parent=12005"}],"curies":[{"name":"wp","href":"https:\/\/api.w.org\/{rel}","templated":true}]}}