{"id":97,"date":"2022-04-04T17:25:12","date_gmt":"2022-04-04T15:25:12","guid":{"rendered":"https:\/\/luaresort.local\/?page_id=97"},"modified":"2023-12-18T13:59:11","modified_gmt":"2023-12-18T12:59:11","slug":"career","status":"publish","type":"page","link":"https:\/\/luaresort.com\/en\/career\/","title":{"rendered":"Career"},"content":{"rendered":"\n<p><strong>WE&#8217;RE HIRING!<br>APPLY TO THE OPENING TEAM OF LUA RESORT*****BALATONF\u00dcRED!<\/strong><\/p>\n\n\n\n<p>The expectations of guests and their travelling habits have completely changed. They are seeking such options to relax and unwind, where hedonism and sustainability are hand in hand with each other, and where they can enjoy the tranquility of an adult retreat on a luxury level without having to feel guilty about it.<\/p>\n\n\n\n<p>Mankind&#8217;s constant dilemma is the balance between welfare and well-being. The conscious lifestyle and LUA Resort*****Balatonf\u00fcred provides the answer. The concept is at the intersection of consciousness, luxury, conscious hedonism and sustainable luxury.<\/p>\n\n\n\n<p>The luxury resort opened in May 2022, near the new marina, is welcoming it&#8217;s guests with 78 rooms and 17 boutique rooms. High-end gastronomy, world-class wellness and spa experience enhanced with Omorovicza luxury products. Sun-lounges placed right on top of Lake-Balaton; private retreats with one of the most beautiful views of the Northern side of the Balaton.<\/p>\n\n\n\n<p>Join us, and be part of our professionally inspiring community. We care for our profession and our guests-longing for recharging, with honest passion.<\/p>\n\n\n\n<p>We are expecting those colleagues, who feel motivation, drive and challenge towards their profession. Those who believe that they are unbeatable in the fields of caring and hospitality.<\/p>\n\n\n\n<h2 class=\"wp-block-heading\">OPEN POSITIONS IN THE ROOMS DIVISION DEPARTMENT:<\/h2>\n\n\n\n<p>\u2022 Reservation Agent<br>\u2022 Front Desk Agent<br>\u2022 Night receptionist<\/p>\n\n\n\n<h2 class=\"wp-block-heading\">OPEN POSITIONS IN THE FOOD &amp; BEVERAGE DEPARTMENT:<\/h2>\n\n\n\n<p>\u2022 Food &amp; Beverage Supervisor<br>\u2022 Head Waiter<br>\u2022 Bartender<br>\u2022 Barista<br>\u2022 Waiter<\/p>\n\n\n\n<h2 class=\"wp-block-heading\">OPEN POSITIONS IN THE SPA &amp; WELLNESS DEPARTMENT:<\/h2>\n\n\n\n<p>\u2022 Massage Therapist\/Body Treat<br>\u2022 Beautician<br>\u2022 Pool Attendant &amp; Technician<\/p>\n\n\n\n<p>Working hours: Full-time<br>Location of employment: Balatonf\u00fcred<br>Opening in May 2022<\/p>\n\n\n\n<p>If you feel inspired by growth and an environment of travel trade professionals, send us your CV that includes your picture, quoting the desired position, to&nbsp;<a href=\"mailto:karrier@luaresort.com\" target=\"_blank\" rel=\"noreferrer noopener\"><strong>karrier@luaresort.com<\/strong><\/a>. Provide us with why you wish to be part of the team of LUA Resort*****Balatonf\u00fcred.<\/p>\n","protected":false},"excerpt":{"rendered":"<p>WE&#8217;RE HIRING!APPLY TO THE OPENING TEAM OF LUA RESORT*****BALATONF\u00dcRED! The expectations of guests and their travelling habits have completely changed. They are seeking such options to relax and unwind, where hedonism and sustainability are hand in hand with each other, and where they can enjoy the tranquility of an adult retreat on a luxury level without having to feel guilty about it. Mankind&#8217;s constant dilemma is the balance between welfare and well-being. The conscious lifestyle and LUA Resort*****Balatonf\u00fcred provides the answer. The concept is at the intersection of consciousness, luxury, conscious hedonism and sustainable luxury. The luxury resort opened in&#8230;<\/p>\n","protected":false},"author":1,"featured_media":0,"parent":0,"menu_order":0,"comment_status":"closed","ping_status":"closed","template":"template-contact.php","meta":{"inline_featured_image":false,"footnotes":""},"class_list":["post-97","page","type-page","status-publish","hentry"],"acf":[],"yoast_head":"<!-- This site is optimized with the Yoast SEO plugin v25.8 - https:\/\/yoast.com\/wordpress\/plugins\/seo\/ -->\n<title>Career - LUA Resort Balatonf\u00fcred<\/title>\n<meta name=\"description\" content=\"WE\u2019RE HIRING!APPLY TO THE OPENING TEAM OF LUA RESORT***** BALATONF\u00dcRED!\" \/>\n<meta name=\"robots\" content=\"index, follow, max-snippet:-1, max-image-preview:large, max-video-preview:-1\" \/>\n<link rel=\"canonical\" href=\"https:\/\/luaresort.com\/en\/career\/\" \/>\n<meta property=\"og:locale\" content=\"en_US\" \/>\n<meta property=\"og:type\" content=\"article\" \/>\n<meta property=\"og:title\" content=\"Career - LUA Resort Balatonf\u00fcred\" \/>\n<meta property=\"og:description\" content=\"WE\u2019RE HIRING!APPLY TO THE OPENING TEAM OF LUA RESORT***** BALATONF\u00dcRED!\" \/>\n<meta property=\"og:url\" content=\"https:\/\/luaresort.com\/en\/career\/\" \/>\n<meta property=\"og:site_name\" content=\"LUA Resort Balatonf\u00fcred\" \/>\n<meta property=\"article:publisher\" content=\"https:\/\/www.facebook.com\/luaresort\" \/>\n<meta property=\"article:modified_time\" content=\"2023-12-18T12:59:11+00:00\" \/>\n<meta name=\"twitter:card\" content=\"summary_large_image\" \/>\n<meta name=\"twitter:label1\" content=\"Est. reading time\" \/>\n\t<meta name=\"twitter:data1\" content=\"2 minutes\" \/>\n<script type=\"application\/ld+json\" class=\"yoast-schema-graph\">{\"@context\":\"https:\/\/schema.org\",\"@graph\":[{\"@type\":\"WebPage\",\"@id\":\"https:\/\/luaresort.com\/en\/career\/\",\"url\":\"https:\/\/luaresort.com\/en\/career\/\",\"name\":\"Career - LUA Resort Balatonf\u00fcred\",\"isPartOf\":{\"@id\":\"https:\/\/luaresort.com\/en\/#website\"},\"datePublished\":\"2022-04-04T15:25:12+00:00\",\"dateModified\":\"2023-12-18T12:59:11+00:00\",\"description\":\"WE\u2019RE HIRING!APPLY TO THE OPENING TEAM OF LUA RESORT***** BALATONF\u00dcRED!\",\"breadcrumb\":{\"@id\":\"https:\/\/luaresort.com\/en\/career\/#breadcrumb\"},\"inLanguage\":\"en-US\",\"potentialAction\":[{\"@type\":\"ReadAction\",\"target\":[\"https:\/\/luaresort.com\/en\/career\/\"]}]},{\"@type\":\"BreadcrumbList\",\"@id\":\"https:\/\/luaresort.com\/en\/career\/#breadcrumb\",\"itemListElement\":[{\"@type\":\"ListItem\",\"position\":1,\"name\":\"Kezd\u0151lap\",\"item\":\"https:\/\/luaresort.com\/en\/\"},{\"@type\":\"ListItem\",\"position\":2,\"name\":\"Career\"}]},{\"@type\":\"WebSite\",\"@id\":\"https:\/\/luaresort.com\/en\/#website\",\"url\":\"https:\/\/luaresort.com\/en\/\",\"name\":\"LUA Resort Balatonf\u00fcred\",\"description\":\"LUA Resort***** Balatonf\u00fcred. Az \u00faj resort sz\u00e1llod\u00e1j\u00e1ban a j\u00f3l\u00e9t j\u00f3ll\u00e9ttel p\u00e1rosul. Felel\u0151s hedonizmus, fenntarthat\u00f3 luxus, szem\u00e9lyre szabott szolg\u00e1ltat\u00e1sok.\",\"publisher\":{\"@id\":\"https:\/\/luaresort.com\/en\/#organization\"},\"potentialAction\":[{\"@type\":\"SearchAction\",\"target\":{\"@type\":\"EntryPoint\",\"urlTemplate\":\"https:\/\/luaresort.com\/en\/?s={search_term_string}\"},\"query-input\":{\"@type\":\"PropertyValueSpecification\",\"valueRequired\":true,\"valueName\":\"search_term_string\"}}],\"inLanguage\":\"en-US\"},{\"@type\":\"Organization\",\"@id\":\"https:\/\/luaresort.com\/en\/#organization\",\"name\":\"LUA Resort\",\"url\":\"https:\/\/luaresort.com\/en\/\",\"logo\":{\"@type\":\"ImageObject\",\"inLanguage\":\"en-US\",\"@id\":\"https:\/\/luaresort.com\/en\/#\/schema\/logo\/image\/\",\"url\":\"https:\/\/luaresort.com\/wp-content\/uploads\/2022\/04\/lua-resort-logo.png\",\"contentUrl\":\"https:\/\/luaresort.com\/wp-content\/uploads\/2022\/04\/lua-resort-logo.png\",\"width\":2048,\"height\":2048,\"caption\":\"LUA Resort\"},\"image\":{\"@id\":\"https:\/\/luaresort.com\/en\/#\/schema\/logo\/image\/\"},\"sameAs\":[\"https:\/\/www.facebook.com\/luaresort\",\"https:\/\/www.instagram.com\/luaresort\/\"]}]}<\/script>\n<!-- \/ Yoast SEO plugin. -->","yoast_head_json":{"title":"Career - LUA Resort Balatonf\u00fcred","description":"WE\u2019RE HIRING!APPLY TO THE OPENING TEAM OF LUA RESORT***** BALATONF\u00dcRED!","robots":{"index":"index","follow":"follow","max-snippet":"max-snippet:-1","max-image-preview":"max-image-preview:large","max-video-preview":"max-video-preview:-1"},"canonical":"https:\/\/luaresort.com\/en\/career\/","og_locale":"en_US","og_type":"article","og_title":"Career - LUA Resort Balatonf\u00fcred","og_description":"WE\u2019RE HIRING!APPLY TO THE OPENING TEAM OF LUA RESORT***** BALATONF\u00dcRED!","og_url":"https:\/\/luaresort.com\/en\/career\/","og_site_name":"LUA Resort Balatonf\u00fcred","article_publisher":"https:\/\/www.facebook.com\/luaresort","article_modified_time":"2023-12-18T12:59:11+00:00","twitter_card":"summary_large_image","twitter_misc":{"Est. reading time":"2 minutes"},"schema":{"@context":"https:\/\/schema.org","@graph":[{"@type":"WebPage","@id":"https:\/\/luaresort.com\/en\/career\/","url":"https:\/\/luaresort.com\/en\/career\/","name":"Career - LUA Resort Balatonf\u00fcred","isPartOf":{"@id":"https:\/\/luaresort.com\/en\/#website"},"datePublished":"2022-04-04T15:25:12+00:00","dateModified":"2023-12-18T12:59:11+00:00","description":"WE\u2019RE HIRING!APPLY TO THE OPENING TEAM OF LUA RESORT***** BALATONF\u00dcRED!","breadcrumb":{"@id":"https:\/\/luaresort.com\/en\/career\/#breadcrumb"},"inLanguage":"en-US","potentialAction":[{"@type":"ReadAction","target":["https:\/\/luaresort.com\/en\/career\/"]}]},{"@type":"BreadcrumbList","@id":"https:\/\/luaresort.com\/en\/career\/#breadcrumb","itemListElement":[{"@type":"ListItem","position":1,"name":"Kezd\u0151lap","item":"https:\/\/luaresort.com\/en\/"},{"@type":"ListItem","position":2,"name":"Career"}]},{"@type":"WebSite","@id":"https:\/\/luaresort.com\/en\/#website","url":"https:\/\/luaresort.com\/en\/","name":"LUA Resort Balatonf\u00fcred","description":"LUA Resort***** Balatonf\u00fcred. Az \u00faj resort sz\u00e1llod\u00e1j\u00e1ban a j\u00f3l\u00e9t j\u00f3ll\u00e9ttel p\u00e1rosul. Felel\u0151s hedonizmus, fenntarthat\u00f3 luxus, szem\u00e9lyre szabott szolg\u00e1ltat\u00e1sok.","publisher":{"@id":"https:\/\/luaresort.com\/en\/#organization"},"potentialAction":[{"@type":"SearchAction","target":{"@type":"EntryPoint","urlTemplate":"https:\/\/luaresort.com\/en\/?s={search_term_string}"},"query-input":{"@type":"PropertyValueSpecification","valueRequired":true,"valueName":"search_term_string"}}],"inLanguage":"en-US"},{"@type":"Organization","@id":"https:\/\/luaresort.com\/en\/#organization","name":"LUA Resort","url":"https:\/\/luaresort.com\/en\/","logo":{"@type":"ImageObject","inLanguage":"en-US","@id":"https:\/\/luaresort.com\/en\/#\/schema\/logo\/image\/","url":"https:\/\/luaresort.com\/wp-content\/uploads\/2022\/04\/lua-resort-logo.png","contentUrl":"https:\/\/luaresort.com\/wp-content\/uploads\/2022\/04\/lua-resort-logo.png","width":2048,"height":2048,"caption":"LUA Resort"},"image":{"@id":"https:\/\/luaresort.com\/en\/#\/schema\/logo\/image\/"},"sameAs":["https:\/\/www.facebook.com\/luaresort","https:\/\/www.instagram.com\/luaresort\/"]}]}},"jetpack_sharing_enabled":true,"_links":{"self":[{"href":"https:\/\/luaresort.com\/en\/wp-json\/wp\/v2\/pages\/97","targetHints":{"allow":["GET"]}}],"collection":[{"href":"https:\/\/luaresort.com\/en\/wp-json\/wp\/v2\/pages"}],"about":[{"href":"https:\/\/luaresort.com\/en\/wp-json\/wp\/v2\/types\/page"}],"author":[{"embeddable":true,"href":"https:\/\/luaresort.com\/en\/wp-json\/wp\/v2\/users\/1"}],"replies":[{"embeddable":true,"href":"https:\/\/luaresort.com\/en\/wp-json\/wp\/v2\/comments?post=97"}],"version-history":[{"count":8,"href":"https:\/\/luaresort.com\/en\/wp-json\/wp\/v2\/pages\/97\/revisions"}],"predecessor-version":[{"id":16359,"href":"https:\/\/luaresort.com\/en\/wp-json\/wp\/v2\/pages\/97\/revisions\/16359"}],"wp:attachment":[{"href":"https:\/\/luaresort.com\/en\/wp-json\/wp\/v2\/media?parent=97"}],"curies":[{"name":"wp","href":"https:\/\/api.w.org\/{rel}","templated":true}]}}