{"id":3636,"date":"2022-09-22T18:11:48","date_gmt":"2022-09-22T16:11:48","guid":{"rendered":"https:\/\/luaresort.com\/spa-offers\/"},"modified":"2024-01-12T17:50:18","modified_gmt":"2024-01-12T16:50:18","slug":"spa-offers","status":"publish","type":"page","link":"https:\/\/luaresort.com\/en\/spa-offers\/","title":{"rendered":"Spa offers"},"content":{"rendered":"\n<div class=\"wp-block-group\"><div class=\"wp-block-group__inner-container is-layout-flow wp-block-group-is-layout-flow\"><div\n\t\t\t\n\t\t\tclass=\"so-widget-spa-offers-loop so-widget-spa-offers-loop-default-d75171398898\"\n\t\t\t\n\t\t><div class=\"subpages-loop\">\n<div class=\"widget widget_siteorigin-panels-postloop\">\n  <article id=\"post-3624\" class=\"subpages-loop-item post-3624 spa_ajanlatok type-spa_ajanlatok status-publish has-post-thumbnail hentry\">\n    <div class=\"row subpages-loop-item-top align-items-end\">\n      <div class=\"col-lg-6 subpages-loop-item-image-wrapper\">\n        <div class=\"subpages-loop-item-image\">\n          <img decoding=\"async\" width=\"720\" height=\"540\" src=\"https:\/\/i0.wp.com\/luaresort.com\/wp-content\/uploads\/2022\/09\/lua-resort-balatonfured-image5.jpeg?resize=720%2C540&amp;ssl=1\" class=\"attachment-loop-room-2 size-loop-room-2 wp-post-image\" alt=\"\" srcset=\"https:\/\/i0.wp.com\/luaresort.com\/wp-content\/uploads\/2022\/09\/lua-resort-balatonfured-image5.jpeg?resize=720%2C540&amp;ssl=1 720w, https:\/\/i0.wp.com\/luaresort.com\/wp-content\/uploads\/2022\/09\/lua-resort-balatonfured-image5.jpeg?resize=240%2C180&amp;ssl=1 240w, https:\/\/i0.wp.com\/luaresort.com\/wp-content\/uploads\/2022\/09\/lua-resort-balatonfured-image5.jpeg?resize=854%2C640&amp;ssl=1 854w, https:\/\/i0.wp.com\/luaresort.com\/wp-content\/uploads\/2022\/09\/lua-resort-balatonfured-image5.jpeg?zoom=2&amp;resize=720%2C540&amp;ssl=1 1440w, https:\/\/i0.wp.com\/luaresort.com\/wp-content\/uploads\/2022\/09\/lua-resort-balatonfured-image5.jpeg?zoom=3&amp;resize=720%2C540&amp;ssl=1 2160w\" sizes=\"(max-width: 720px) 100vw, 720px\" \/>        <\/div>\n      <\/div>\n      <div class=\"col-lg-5 offset-lg-1 subpages-loop-item-title-wrapper\">\n        <h2 class=\"subpages-loop-item-title\">\n                      <a href=\"https:\/\/luaresort.com\/en\/spa-offers\/relax-after-work\/\">RELAX AFTER WORK<\/a>\n                    <\/h2>\n      <\/div>\n    <\/div>\n    <div class=\"row subpages-loop-item-bottom\">\n      <div class=\"col-lg-6 subpages-loop-item-excerpt-wrapper\">\n        <div class=\"subpages-loop-item-excerpt\">\n          <div class=\"row\">\n            <div class=\"col-lg-9 offset-lg-3 subpages-loop-item-excerpt-col\">\n              <p>We offer a complete recharging experience for our non-hotel guests who want to leave the hustle and bustle of everyday life behind and recharge in an elegant setting. A pampering retreat for all the senses after a dull weekday. <\/p>\n            <\/div>\n          <\/div>\n        <\/div>\n      <\/div>\n      <div class=\"col-lg-6 offset-lg-1 subpages-loop-item-explore-wrapper\">\n        <div class=\"subpages-loop-item-explore\">\n          <a href=\"https:\/\/luaresort.com\/en\/spa-offers\/relax-after-work\/\" class=\"btn btn-outline-secondary btn-explore\">Explore<\/a>\n        <\/div>\n      <\/div>\n    <\/div>\n  <\/article>\n\n  \n  <article id=\"post-3632\" class=\"subpages-loop-item post-3632 spa_ajanlatok type-spa_ajanlatok status-publish has-post-thumbnail hentry\">\n    <div class=\"row subpages-loop-item-top align-items-end\">\n      <div class=\"col-lg-6 subpages-loop-item-image-wrapper\">\n        <div class=\"subpages-loop-item-image\">\n          <img decoding=\"async\" width=\"720\" height=\"540\" src=\"https:\/\/i0.wp.com\/luaresort.com\/wp-content\/uploads\/2022\/09\/lua-resort-balatonfured-image0-1.jpeg?resize=720%2C540&amp;ssl=1\" class=\"attachment-loop-room-2 size-loop-room-2 wp-post-image\" alt=\"\" srcset=\"https:\/\/i0.wp.com\/luaresort.com\/wp-content\/uploads\/2022\/09\/lua-resort-balatonfured-image0-1.jpeg?resize=720%2C540&amp;ssl=1 720w, https:\/\/i0.wp.com\/luaresort.com\/wp-content\/uploads\/2022\/09\/lua-resort-balatonfured-image0-1.jpeg?resize=240%2C180&amp;ssl=1 240w, https:\/\/i0.wp.com\/luaresort.com\/wp-content\/uploads\/2022\/09\/lua-resort-balatonfured-image0-1.jpeg?resize=854%2C640&amp;ssl=1 854w, https:\/\/i0.wp.com\/luaresort.com\/wp-content\/uploads\/2022\/09\/lua-resort-balatonfured-image0-1.jpeg?zoom=2&amp;resize=720%2C540&amp;ssl=1 1440w, https:\/\/i0.wp.com\/luaresort.com\/wp-content\/uploads\/2022\/09\/lua-resort-balatonfured-image0-1.jpeg?zoom=3&amp;resize=720%2C540&amp;ssl=1 2160w\" sizes=\"(max-width: 720px) 100vw, 720px\" \/>        <\/div>\n      <\/div>\n      <div class=\"col-lg-5 offset-lg-1 subpages-loop-item-title-wrapper\">\n        <h2 class=\"subpages-loop-item-title\">\n                      <a href=\"https:\/\/luaresort.com\/en\/spa-offers\/weekday-spa-experience\/\">WEEKDAY SPA EXPERIENCE<\/a>\n                    <\/h2>\n      <\/div>\n    <\/div>\n    <div class=\"row subpages-loop-item-bottom\">\n      <div class=\"col-lg-6 subpages-loop-item-excerpt-wrapper\">\n        <div class=\"subpages-loop-item-excerpt\">\n          <div class=\"row\">\n            <div class=\"col-lg-9 offset-lg-3 subpages-loop-item-excerpt-col\">\n              <p>We provide an outstanding spa and bathing experience for visitors from afar during weekdays. Immerse yourself in the luxurious services and unique spa moments offered by our five-star hotel. It&#8217;s one of the finest ways to pamper your body and rejuvenate your soul, especially during cooler weather.&#8221;<\/p>\n            <\/div>\n          <\/div>\n        <\/div>\n      <\/div>\n      <div class=\"col-lg-6 offset-lg-1 subpages-loop-item-explore-wrapper\">\n        <div class=\"subpages-loop-item-explore\">\n          <a href=\"https:\/\/luaresort.com\/en\/spa-offers\/weekday-spa-experience\/\" class=\"btn btn-outline-secondary btn-explore\">Explore<\/a>\n        <\/div>\n      <\/div>\n    <\/div>\n  <\/article>\n\n  \n<\/div><\/div>\n<\/div><\/div><\/div>\n","protected":false},"excerpt":{"rendered":"","protected":false},"author":1,"featured_media":0,"parent":0,"menu_order":0,"comment_status":"closed","ping_status":"closed","template":"template-booking.php","meta":{"inline_featured_image":false,"footnotes":""},"class_list":["post-3636","page","type-page","status-publish","hentry"],"acf":[],"yoast_head":"<!-- This site is optimized with the Yoast SEO plugin v25.8 - https:\/\/yoast.com\/wordpress\/plugins\/seo\/ -->\n<title>Spa offers - LUA Resort Balatonf\u00fcred<\/title>\n<meta name=\"robots\" content=\"index, follow, max-snippet:-1, max-image-preview:large, max-video-preview:-1\" \/>\n<link rel=\"canonical\" href=\"https:\/\/luaresort.com\/en\/spa-offers\/\" \/>\n<meta property=\"og:locale\" content=\"en_US\" \/>\n<meta property=\"og:type\" content=\"article\" \/>\n<meta property=\"og:title\" content=\"Spa offers - LUA Resort Balatonf\u00fcred\" \/>\n<meta property=\"og:url\" content=\"https:\/\/luaresort.com\/en\/spa-offers\/\" \/>\n<meta property=\"og:site_name\" content=\"LUA Resort Balatonf\u00fcred\" \/>\n<meta property=\"article:publisher\" content=\"https:\/\/www.facebook.com\/luaresort\" \/>\n<meta property=\"article:modified_time\" content=\"2024-01-12T16:50:18+00:00\" \/>\n<meta name=\"twitter:card\" content=\"summary_large_image\" \/>\n<script type=\"application\/ld+json\" class=\"yoast-schema-graph\">{\"@context\":\"https:\/\/schema.org\",\"@graph\":[{\"@type\":\"WebPage\",\"@id\":\"https:\/\/luaresort.com\/en\/spa-offers\/\",\"url\":\"https:\/\/luaresort.com\/en\/spa-offers\/\",\"name\":\"Spa offers - LUA Resort Balatonf\u00fcred\",\"isPartOf\":{\"@id\":\"https:\/\/luaresort.com\/en\/#website\"},\"datePublished\":\"2022-09-22T16:11:48+00:00\",\"dateModified\":\"2024-01-12T16:50:18+00:00\",\"breadcrumb\":{\"@id\":\"https:\/\/luaresort.com\/en\/spa-offers\/#breadcrumb\"},\"inLanguage\":\"en-US\",\"potentialAction\":[{\"@type\":\"ReadAction\",\"target\":[\"https:\/\/luaresort.com\/en\/spa-offers\/\"]}]},{\"@type\":\"BreadcrumbList\",\"@id\":\"https:\/\/luaresort.com\/en\/spa-offers\/#breadcrumb\",\"itemListElement\":[{\"@type\":\"ListItem\",\"position\":1,\"name\":\"Kezd\u0151lap\",\"item\":\"https:\/\/luaresort.com\/en\/\"},{\"@type\":\"ListItem\",\"position\":2,\"name\":\"Spa offers\"}]},{\"@type\":\"WebSite\",\"@id\":\"https:\/\/luaresort.com\/en\/#website\",\"url\":\"https:\/\/luaresort.com\/en\/\",\"name\":\"LUA Resort Balatonf\u00fcred\",\"description\":\"LUA Resort***** Balatonf\u00fcred. Az \u00faj resort sz\u00e1llod\u00e1j\u00e1ban a j\u00f3l\u00e9t j\u00f3ll\u00e9ttel p\u00e1rosul. Felel\u0151s hedonizmus, fenntarthat\u00f3 luxus, szem\u00e9lyre szabott szolg\u00e1ltat\u00e1sok.\",\"publisher\":{\"@id\":\"https:\/\/luaresort.com\/en\/#organization\"},\"potentialAction\":[{\"@type\":\"SearchAction\",\"target\":{\"@type\":\"EntryPoint\",\"urlTemplate\":\"https:\/\/luaresort.com\/en\/?s={search_term_string}\"},\"query-input\":{\"@type\":\"PropertyValueSpecification\",\"valueRequired\":true,\"valueName\":\"search_term_string\"}}],\"inLanguage\":\"en-US\"},{\"@type\":\"Organization\",\"@id\":\"https:\/\/luaresort.com\/en\/#organization\",\"name\":\"LUA Resort\",\"url\":\"https:\/\/luaresort.com\/en\/\",\"logo\":{\"@type\":\"ImageObject\",\"inLanguage\":\"en-US\",\"@id\":\"https:\/\/luaresort.com\/en\/#\/schema\/logo\/image\/\",\"url\":\"https:\/\/luaresort.com\/wp-content\/uploads\/2022\/04\/lua-resort-logo.png\",\"contentUrl\":\"https:\/\/luaresort.com\/wp-content\/uploads\/2022\/04\/lua-resort-logo.png\",\"width\":2048,\"height\":2048,\"caption\":\"LUA Resort\"},\"image\":{\"@id\":\"https:\/\/luaresort.com\/en\/#\/schema\/logo\/image\/\"},\"sameAs\":[\"https:\/\/www.facebook.com\/luaresort\",\"https:\/\/www.instagram.com\/luaresort\/\"]}]}<\/script>\n<!-- \/ Yoast SEO plugin. -->","yoast_head_json":{"title":"Spa offers - LUA Resort Balatonf\u00fcred","robots":{"index":"index","follow":"follow","max-snippet":"max-snippet:-1","max-image-preview":"max-image-preview:large","max-video-preview":"max-video-preview:-1"},"canonical":"https:\/\/luaresort.com\/en\/spa-offers\/","og_locale":"en_US","og_type":"article","og_title":"Spa offers - LUA Resort Balatonf\u00fcred","og_url":"https:\/\/luaresort.com\/en\/spa-offers\/","og_site_name":"LUA Resort Balatonf\u00fcred","article_publisher":"https:\/\/www.facebook.com\/luaresort","article_modified_time":"2024-01-12T16:50:18+00:00","twitter_card":"summary_large_image","schema":{"@context":"https:\/\/schema.org","@graph":[{"@type":"WebPage","@id":"https:\/\/luaresort.com\/en\/spa-offers\/","url":"https:\/\/luaresort.com\/en\/spa-offers\/","name":"Spa offers - LUA Resort Balatonf\u00fcred","isPartOf":{"@id":"https:\/\/luaresort.com\/en\/#website"},"datePublished":"2022-09-22T16:11:48+00:00","dateModified":"2024-01-12T16:50:18+00:00","breadcrumb":{"@id":"https:\/\/luaresort.com\/en\/spa-offers\/#breadcrumb"},"inLanguage":"en-US","potentialAction":[{"@type":"ReadAction","target":["https:\/\/luaresort.com\/en\/spa-offers\/"]}]},{"@type":"BreadcrumbList","@id":"https:\/\/luaresort.com\/en\/spa-offers\/#breadcrumb","itemListElement":[{"@type":"ListItem","position":1,"name":"Kezd\u0151lap","item":"https:\/\/luaresort.com\/en\/"},{"@type":"ListItem","position":2,"name":"Spa offers"}]},{"@type":"WebSite","@id":"https:\/\/luaresort.com\/en\/#website","url":"https:\/\/luaresort.com\/en\/","name":"LUA Resort Balatonf\u00fcred","description":"LUA Resort***** Balatonf\u00fcred. Az \u00faj resort sz\u00e1llod\u00e1j\u00e1ban a j\u00f3l\u00e9t j\u00f3ll\u00e9ttel p\u00e1rosul. Felel\u0151s hedonizmus, fenntarthat\u00f3 luxus, szem\u00e9lyre szabott szolg\u00e1ltat\u00e1sok.","publisher":{"@id":"https:\/\/luaresort.com\/en\/#organization"},"potentialAction":[{"@type":"SearchAction","target":{"@type":"EntryPoint","urlTemplate":"https:\/\/luaresort.com\/en\/?s={search_term_string}"},"query-input":{"@type":"PropertyValueSpecification","valueRequired":true,"valueName":"search_term_string"}}],"inLanguage":"en-US"},{"@type":"Organization","@id":"https:\/\/luaresort.com\/en\/#organization","name":"LUA Resort","url":"https:\/\/luaresort.com\/en\/","logo":{"@type":"ImageObject","inLanguage":"en-US","@id":"https:\/\/luaresort.com\/en\/#\/schema\/logo\/image\/","url":"https:\/\/luaresort.com\/wp-content\/uploads\/2022\/04\/lua-resort-logo.png","contentUrl":"https:\/\/luaresort.com\/wp-content\/uploads\/2022\/04\/lua-resort-logo.png","width":2048,"height":2048,"caption":"LUA Resort"},"image":{"@id":"https:\/\/luaresort.com\/en\/#\/schema\/logo\/image\/"},"sameAs":["https:\/\/www.facebook.com\/luaresort","https:\/\/www.instagram.com\/luaresort\/"]}]}},"jetpack_sharing_enabled":true,"_links":{"self":[{"href":"https:\/\/luaresort.com\/en\/wp-json\/wp\/v2\/pages\/3636","targetHints":{"allow":["GET"]}}],"collection":[{"href":"https:\/\/luaresort.com\/en\/wp-json\/wp\/v2\/pages"}],"about":[{"href":"https:\/\/luaresort.com\/en\/wp-json\/wp\/v2\/types\/page"}],"author":[{"embeddable":true,"href":"https:\/\/luaresort.com\/en\/wp-json\/wp\/v2\/users\/1"}],"replies":[{"embeddable":true,"href":"https:\/\/luaresort.com\/en\/wp-json\/wp\/v2\/comments?post=3636"}],"version-history":[{"count":1,"href":"https:\/\/luaresort.com\/en\/wp-json\/wp\/v2\/pages\/3636\/revisions"}],"predecessor-version":[{"id":3637,"href":"https:\/\/luaresort.com\/en\/wp-json\/wp\/v2\/pages\/3636\/revisions\/3637"}],"wp:attachment":[{"href":"https:\/\/luaresort.com\/en\/wp-json\/wp\/v2\/media?parent=3636"}],"curies":[{"name":"wp","href":"https:\/\/api.w.org\/{rel}","templated":true}]}}