{"id":2905,"date":"2022-08-19T15:59:07","date_gmt":"2022-08-19T13:59:07","guid":{"rendered":"https:\/\/luaresort.com\/?page_id=2905"},"modified":"2026-01-23T10:05:12","modified_gmt":"2026-01-23T09:05:12","slug":"dog-friendly-hotel-etiquette","status":"publish","type":"page","link":"https:\/\/luaresort.com\/en\/dog-friendly-hotel-etiquette\/","title":{"rendered":"Dog friendly hotel etiquette"},"content":{"rendered":"<div class=\"wp-block-image\">\n<figure class=\"aligncenter size-full is-resized\"><img data-recalc-dims=\"1\" decoding=\"async\" width=\"1024\" height=\"1024\" src=\"https:\/\/i0.wp.com\/luaresort.com\/wp-content\/uploads\/2022\/08\/lua-resort-balatonfured-haziallat.jpg?resize=1024%2C1024&#038;ssl=1\" alt=\"\" class=\"wp-image-2900\" style=\"width:256px;height:256px\" srcset=\"https:\/\/i0.wp.com\/luaresort.com\/wp-content\/uploads\/2022\/08\/lua-resort-balatonfured-haziallat.jpg?w=1024&amp;ssl=1 1024w, https:\/\/i0.wp.com\/luaresort.com\/wp-content\/uploads\/2022\/08\/lua-resort-balatonfured-haziallat.jpg?resize=300%2C300&amp;ssl=1 300w, https:\/\/i0.wp.com\/luaresort.com\/wp-content\/uploads\/2022\/08\/lua-resort-balatonfured-haziallat.jpg?resize=150%2C150&amp;ssl=1 150w, https:\/\/i0.wp.com\/luaresort.com\/wp-content\/uploads\/2022\/08\/lua-resort-balatonfured-haziallat.jpg?resize=768%2C768&amp;ssl=1 768w, https:\/\/i0.wp.com\/luaresort.com\/wp-content\/uploads\/2022\/08\/lua-resort-balatonfured-haziallat.jpg?resize=473%2C473&amp;ssl=1 473w, https:\/\/i0.wp.com\/luaresort.com\/wp-content\/uploads\/2022\/08\/lua-resort-balatonfured-haziallat.jpg?resize=640%2C640&amp;ssl=1 640w, https:\/\/i0.wp.com\/luaresort.com\/wp-content\/uploads\/2022\/08\/lua-resort-balatonfured-haziallat.jpg?resize=480%2C480&amp;ssl=1 480w, https:\/\/i0.wp.com\/luaresort.com\/wp-content\/uploads\/2022\/08\/lua-resort-balatonfured-haziallat.jpg?resize=960%2C960&amp;ssl=1 960w\" sizes=\"(max-width: 1024px) 100vw, 1024px\" \/><\/figure><\/div>\n\n\n<p><strong>Dear Guest,<\/strong><\/p>\n\n\n\n<p>Our hotel warmly welcomes Guests arriving with small pets, so that your stay can truly be a complete and enjoyable experience together with your beloved companion.<br>In order to ensure undisturbed relaxation for both our Guests traveling with pets and those without, we kindly ask you to observe our&nbsp;<strong>Pet-Friendly Hotel Etiquette<\/strong>.<\/p>\n\n\n\n<p>Primarily, we accommodate four-legged companions. The acceptance of other small animals is subject to individual consideration.<br>Pets are accepted in limited numbers, therefore please indicate your request at the time of booking, or at the latest&nbsp;<strong>48 hours prior to arrival<\/strong>.<\/p>\n\n\n\n<h3 class=\"wp-block-heading\"><strong>Terms and Conditions<\/strong><\/h3>\n\n\n\n<ul class=\"wp-block-list\">\n<li>Pets up to\u00a0<strong>10 kg<\/strong>\u00a0are accepted for an additional fee of\u00a0<strong>HUF 15,000 \/ night \/ pet<\/strong><\/li>\n\n\n\n<li>A maximum of\u00a0<strong>1\u20132 pets per room<\/strong>\u00a0is allowed, strictly subject to prior arrangement and confirmation<\/li>\n\n\n\n<li>Pets may remain in the room\u00a0<strong>only under the supervision of the Guest<\/strong><\/li>\n\n\n\n<li>Please do not leave your dog alone in the room for extended periods of time that could cause separation anxiety<\/li>\n\n\n\n<li>Kindly use the\u00a0<strong>\u201cPet in Room\u201d<\/strong>\u00a0door hanger to inform our staff when your dog is resting in the room<\/li>\n\n\n\n<li>Common areas may be used\u00a0<strong>exclusively for accessing guest rooms<\/strong><\/li>\n\n\n\n<li>Pets are welcome in the\u00a0<strong>Lobby Bar<\/strong>; however, they are\u00a0<strong>not permitted<\/strong>\u00a0in our\u00a0<strong>NOON Restaurant<\/strong>,\u00a0<strong>SPA &amp; wellness areas<\/strong>, or at\u00a0<strong>LUA Beach<\/strong>, with the exception of guide or assistance dogs<\/li>\n\n\n\n<li>If you prefer not to leave your pet in the room during dinner, please inform us and we will be happy to serve your selected dishes in the Lobby<\/li>\n\n\n\n<li>Dogs must be kept\u00a0<strong>on a leash at all times<\/strong>\u00a0within the hotel premises<\/li>\n\n\n\n<li>Pets must have all\u00a0<strong>mandatory vaccinations<\/strong>, which must be verified by a valid vaccination booklet<\/li>\n\n\n\n<li>Minor accidents may occur; therefore, we kindly ask you to clean up after your pet. Whenever possible, please take care of such matters\u00a0<strong>outside the hotel building<\/strong>. We recommend using the hotel parking area and the\u00a0<strong>provided dog waste bags<\/strong><\/li>\n\n\n\n<li>Please bring only\u00a0<strong>well-behaved pets<\/strong>\u00a0that do not disturb the comfort and tranquility of other Guests<\/li>\n<\/ul>\n\n\n\n<p>If the arrival of a pet is not communicated in advance and a pet-friendly room is not available, an&nbsp;<strong>additional one-time cleaning fee of HUF 30,000<\/strong>&nbsp;will be charged on top of the pet fee.<\/p>\n\n\n\n<p>The Guest bears&nbsp;<strong>full responsibility for any damage<\/strong>&nbsp;caused by the pet and is required to compensate the Service Provider prior to departure.<br>The Service Provider reserves the right to charge an additional cleaning fee if the room has not been used as intended. The maximum cleaning surcharge is&nbsp;<strong>HUF 50,000<\/strong>.<\/p>\n\n\n\n<p>If any item or equipment becomes unusable, the Guest is obliged to pay the<strong> current replacement cost<\/strong>. Should the Guest fail to report such damage at the time of departure and the damage can be clearly attributed to them, the Service Provider is entitled to charge the contracting party\u2019s\u00a0<strong>bank card<\/strong>\u00a0accordingly.<\/p>\n\n\n\n<p>Thank you for your cooperation!<\/p>\n\n\n\n<p>The Hotel Management&nbsp;<\/p>\n","protected":false},"excerpt":{"rendered":"<p>Dear Guest, Our hotel warmly welcomes Guests arriving with small pets, so that your stay can truly be a complete and enjoyable experience together with your beloved companion.In order to ensure undisturbed relaxation for both our Guests traveling with pets and those without, we kindly ask you to observe our&nbsp;Pet-Friendly Hotel Etiquette. Primarily, we accommodate four-legged companions. The acceptance of other small animals is subject to individual consideration.Pets are accepted in limited numbers, therefore please indicate your request at the time of booking, or at the latest&nbsp;48 hours prior to arrival. Terms and Conditions If the arrival of a pet&#8230;<\/p>\n","protected":false},"author":1,"featured_media":0,"parent":0,"menu_order":0,"comment_status":"closed","ping_status":"closed","template":"template-contact.php","meta":{"inline_featured_image":false,"footnotes":""},"class_list":["post-2905","page","type-page","status-publish","hentry"],"acf":[],"yoast_head":"<!-- This site is optimized with the Yoast SEO plugin v25.8 - https:\/\/yoast.com\/wordpress\/plugins\/seo\/ -->\n<title>Dog friendly hotel etiquette - LUA Resort Balatonf\u00fcred<\/title>\n<meta name=\"description\" content=\"At our adults-only hotel, your pets are happily welcomed with prior arrangement.\" \/>\n<meta name=\"robots\" content=\"index, follow, max-snippet:-1, max-image-preview:large, max-video-preview:-1\" \/>\n<link rel=\"canonical\" href=\"https:\/\/luaresort.com\/en\/dog-friendly-hotel-etiquette\/\" \/>\n<meta property=\"og:locale\" content=\"en_US\" \/>\n<meta property=\"og:type\" content=\"article\" \/>\n<meta property=\"og:title\" content=\"Dog friendly hotel etiquette - LUA Resort Balatonf\u00fcred\" \/>\n<meta property=\"og:description\" content=\"At our adults-only hotel, your pets are happily welcomed with prior arrangement.\" \/>\n<meta property=\"og:url\" content=\"https:\/\/luaresort.com\/en\/dog-friendly-hotel-etiquette\/\" \/>\n<meta property=\"og:site_name\" content=\"LUA Resort Balatonf\u00fcred\" \/>\n<meta property=\"article:publisher\" content=\"https:\/\/www.facebook.com\/luaresort\" \/>\n<meta property=\"article:modified_time\" content=\"2026-01-23T09:05:12+00:00\" \/>\n<meta property=\"og:image\" content=\"https:\/\/luaresort.com\/wp-content\/uploads\/2022\/08\/lua-resort-balatonfured-haziallat.jpg\" \/>\n<meta name=\"twitter:card\" content=\"summary_large_image\" \/>\n<meta name=\"twitter:label1\" content=\"Est. reading time\" \/>\n\t<meta name=\"twitter:data1\" content=\"3 minutes\" \/>\n<script type=\"application\/ld+json\" class=\"yoast-schema-graph\">{\"@context\":\"https:\/\/schema.org\",\"@graph\":[{\"@type\":\"WebPage\",\"@id\":\"https:\/\/luaresort.com\/en\/dog-friendly-hotel-etiquette\/\",\"url\":\"https:\/\/luaresort.com\/en\/dog-friendly-hotel-etiquette\/\",\"name\":\"Dog friendly hotel etiquette - LUA Resort Balatonf\u00fcred\",\"isPartOf\":{\"@id\":\"https:\/\/luaresort.com\/en\/#website\"},\"primaryImageOfPage\":{\"@id\":\"https:\/\/luaresort.com\/en\/dog-friendly-hotel-etiquette\/#primaryimage\"},\"image\":{\"@id\":\"https:\/\/luaresort.com\/en\/dog-friendly-hotel-etiquette\/#primaryimage\"},\"thumbnailUrl\":\"https:\/\/luaresort.com\/wp-content\/uploads\/2022\/08\/lua-resort-balatonfured-haziallat.jpg\",\"datePublished\":\"2022-08-19T13:59:07+00:00\",\"dateModified\":\"2026-01-23T09:05:12+00:00\",\"description\":\"At our adults-only hotel, your pets are happily welcomed with prior arrangement.\",\"breadcrumb\":{\"@id\":\"https:\/\/luaresort.com\/en\/dog-friendly-hotel-etiquette\/#breadcrumb\"},\"inLanguage\":\"en-US\",\"potentialAction\":[{\"@type\":\"ReadAction\",\"target\":[\"https:\/\/luaresort.com\/en\/dog-friendly-hotel-etiquette\/\"]}]},{\"@type\":\"ImageObject\",\"inLanguage\":\"en-US\",\"@id\":\"https:\/\/luaresort.com\/en\/dog-friendly-hotel-etiquette\/#primaryimage\",\"url\":\"https:\/\/luaresort.com\/wp-content\/uploads\/2022\/08\/lua-resort-balatonfured-haziallat.jpg\",\"contentUrl\":\"https:\/\/luaresort.com\/wp-content\/uploads\/2022\/08\/lua-resort-balatonfured-haziallat.jpg\"},{\"@type\":\"BreadcrumbList\",\"@id\":\"https:\/\/luaresort.com\/en\/dog-friendly-hotel-etiquette\/#breadcrumb\",\"itemListElement\":[{\"@type\":\"ListItem\",\"position\":1,\"name\":\"Kezd\u0151lap\",\"item\":\"https:\/\/luaresort.com\/en\/\"},{\"@type\":\"ListItem\",\"position\":2,\"name\":\"Dog friendly hotel etiquette\"}]},{\"@type\":\"WebSite\",\"@id\":\"https:\/\/luaresort.com\/en\/#website\",\"url\":\"https:\/\/luaresort.com\/en\/\",\"name\":\"LUA Resort Balatonf\u00fcred\",\"description\":\"LUA Resort***** Balatonf\u00fcred. Az \u00faj resort sz\u00e1llod\u00e1j\u00e1ban a j\u00f3l\u00e9t j\u00f3ll\u00e9ttel p\u00e1rosul. Felel\u0151s hedonizmus, fenntarthat\u00f3 luxus, szem\u00e9lyre szabott szolg\u00e1ltat\u00e1sok.\",\"publisher\":{\"@id\":\"https:\/\/luaresort.com\/en\/#organization\"},\"potentialAction\":[{\"@type\":\"SearchAction\",\"target\":{\"@type\":\"EntryPoint\",\"urlTemplate\":\"https:\/\/luaresort.com\/en\/?s={search_term_string}\"},\"query-input\":{\"@type\":\"PropertyValueSpecification\",\"valueRequired\":true,\"valueName\":\"search_term_string\"}}],\"inLanguage\":\"en-US\"},{\"@type\":\"Organization\",\"@id\":\"https:\/\/luaresort.com\/en\/#organization\",\"name\":\"LUA Resort\",\"url\":\"https:\/\/luaresort.com\/en\/\",\"logo\":{\"@type\":\"ImageObject\",\"inLanguage\":\"en-US\",\"@id\":\"https:\/\/luaresort.com\/en\/#\/schema\/logo\/image\/\",\"url\":\"https:\/\/luaresort.com\/wp-content\/uploads\/2022\/04\/lua-resort-logo.png\",\"contentUrl\":\"https:\/\/luaresort.com\/wp-content\/uploads\/2022\/04\/lua-resort-logo.png\",\"width\":2048,\"height\":2048,\"caption\":\"LUA Resort\"},\"image\":{\"@id\":\"https:\/\/luaresort.com\/en\/#\/schema\/logo\/image\/\"},\"sameAs\":[\"https:\/\/www.facebook.com\/luaresort\",\"https:\/\/www.instagram.com\/luaresort\/\"]}]}<\/script>\n<!-- \/ Yoast SEO plugin. -->","yoast_head_json":{"title":"Dog friendly hotel etiquette - LUA Resort Balatonf\u00fcred","description":"At our adults-only hotel, your pets are happily welcomed with prior arrangement.","robots":{"index":"index","follow":"follow","max-snippet":"max-snippet:-1","max-image-preview":"max-image-preview:large","max-video-preview":"max-video-preview:-1"},"canonical":"https:\/\/luaresort.com\/en\/dog-friendly-hotel-etiquette\/","og_locale":"en_US","og_type":"article","og_title":"Dog friendly hotel etiquette - LUA Resort Balatonf\u00fcred","og_description":"At our adults-only hotel, your pets are happily welcomed with prior arrangement.","og_url":"https:\/\/luaresort.com\/en\/dog-friendly-hotel-etiquette\/","og_site_name":"LUA Resort Balatonf\u00fcred","article_publisher":"https:\/\/www.facebook.com\/luaresort","article_modified_time":"2026-01-23T09:05:12+00:00","og_image":[{"url":"https:\/\/luaresort.com\/wp-content\/uploads\/2022\/08\/lua-resort-balatonfured-haziallat.jpg","type":"","width":"","height":""}],"twitter_card":"summary_large_image","twitter_misc":{"Est. reading time":"3 minutes"},"schema":{"@context":"https:\/\/schema.org","@graph":[{"@type":"WebPage","@id":"https:\/\/luaresort.com\/en\/dog-friendly-hotel-etiquette\/","url":"https:\/\/luaresort.com\/en\/dog-friendly-hotel-etiquette\/","name":"Dog friendly hotel etiquette - LUA Resort Balatonf\u00fcred","isPartOf":{"@id":"https:\/\/luaresort.com\/en\/#website"},"primaryImageOfPage":{"@id":"https:\/\/luaresort.com\/en\/dog-friendly-hotel-etiquette\/#primaryimage"},"image":{"@id":"https:\/\/luaresort.com\/en\/dog-friendly-hotel-etiquette\/#primaryimage"},"thumbnailUrl":"https:\/\/luaresort.com\/wp-content\/uploads\/2022\/08\/lua-resort-balatonfured-haziallat.jpg","datePublished":"2022-08-19T13:59:07+00:00","dateModified":"2026-01-23T09:05:12+00:00","description":"At our adults-only hotel, your pets are happily welcomed with prior arrangement.","breadcrumb":{"@id":"https:\/\/luaresort.com\/en\/dog-friendly-hotel-etiquette\/#breadcrumb"},"inLanguage":"en-US","potentialAction":[{"@type":"ReadAction","target":["https:\/\/luaresort.com\/en\/dog-friendly-hotel-etiquette\/"]}]},{"@type":"ImageObject","inLanguage":"en-US","@id":"https:\/\/luaresort.com\/en\/dog-friendly-hotel-etiquette\/#primaryimage","url":"https:\/\/luaresort.com\/wp-content\/uploads\/2022\/08\/lua-resort-balatonfured-haziallat.jpg","contentUrl":"https:\/\/luaresort.com\/wp-content\/uploads\/2022\/08\/lua-resort-balatonfured-haziallat.jpg"},{"@type":"BreadcrumbList","@id":"https:\/\/luaresort.com\/en\/dog-friendly-hotel-etiquette\/#breadcrumb","itemListElement":[{"@type":"ListItem","position":1,"name":"Kezd\u0151lap","item":"https:\/\/luaresort.com\/en\/"},{"@type":"ListItem","position":2,"name":"Dog friendly hotel etiquette"}]},{"@type":"WebSite","@id":"https:\/\/luaresort.com\/en\/#website","url":"https:\/\/luaresort.com\/en\/","name":"LUA Resort Balatonf\u00fcred","description":"LUA Resort***** Balatonf\u00fcred. Az \u00faj resort sz\u00e1llod\u00e1j\u00e1ban a j\u00f3l\u00e9t j\u00f3ll\u00e9ttel p\u00e1rosul. Felel\u0151s hedonizmus, fenntarthat\u00f3 luxus, szem\u00e9lyre szabott szolg\u00e1ltat\u00e1sok.","publisher":{"@id":"https:\/\/luaresort.com\/en\/#organization"},"potentialAction":[{"@type":"SearchAction","target":{"@type":"EntryPoint","urlTemplate":"https:\/\/luaresort.com\/en\/?s={search_term_string}"},"query-input":{"@type":"PropertyValueSpecification","valueRequired":true,"valueName":"search_term_string"}}],"inLanguage":"en-US"},{"@type":"Organization","@id":"https:\/\/luaresort.com\/en\/#organization","name":"LUA Resort","url":"https:\/\/luaresort.com\/en\/","logo":{"@type":"ImageObject","inLanguage":"en-US","@id":"https:\/\/luaresort.com\/en\/#\/schema\/logo\/image\/","url":"https:\/\/luaresort.com\/wp-content\/uploads\/2022\/04\/lua-resort-logo.png","contentUrl":"https:\/\/luaresort.com\/wp-content\/uploads\/2022\/04\/lua-resort-logo.png","width":2048,"height":2048,"caption":"LUA Resort"},"image":{"@id":"https:\/\/luaresort.com\/en\/#\/schema\/logo\/image\/"},"sameAs":["https:\/\/www.facebook.com\/luaresort","https:\/\/www.instagram.com\/luaresort\/"]}]}},"jetpack_sharing_enabled":true,"_links":{"self":[{"href":"https:\/\/luaresort.com\/en\/wp-json\/wp\/v2\/pages\/2905","targetHints":{"allow":["GET"]}}],"collection":[{"href":"https:\/\/luaresort.com\/en\/wp-json\/wp\/v2\/pages"}],"about":[{"href":"https:\/\/luaresort.com\/en\/wp-json\/wp\/v2\/types\/page"}],"author":[{"embeddable":true,"href":"https:\/\/luaresort.com\/en\/wp-json\/wp\/v2\/users\/1"}],"replies":[{"embeddable":true,"href":"https:\/\/luaresort.com\/en\/wp-json\/wp\/v2\/comments?post=2905"}],"version-history":[{"count":5,"href":"https:\/\/luaresort.com\/en\/wp-json\/wp\/v2\/pages\/2905\/revisions"}],"predecessor-version":[{"id":22789,"href":"https:\/\/luaresort.com\/en\/wp-json\/wp\/v2\/pages\/2905\/revisions\/22789"}],"wp:attachment":[{"href":"https:\/\/luaresort.com\/en\/wp-json\/wp\/v2\/media?parent=2905"}],"curies":[{"name":"wp","href":"https:\/\/api.w.org\/{rel}","templated":true}]}}