{"id":1347,"date":"2022-05-16T23:29:34","date_gmt":"2022-05-16T21:29:34","guid":{"rendered":"https:\/\/luaresort.com\/spa-wellness\/spa-treatments-menu\/"},"modified":"2026-01-12T07:47:40","modified_gmt":"2026-01-12T06:47:40","slug":"spa-treatments-menu","status":"publish","type":"page","link":"https:\/\/luaresort.com\/en\/spa-wellness\/spa-treatments-menu\/","title":{"rendered":"Spa Treatments"},"content":{"rendered":"\n<div class=\"wp-block-group grouped-content\"><div class=\"wp-block-group__inner-container is-layout-flow wp-block-group-is-layout-flow\">\n<div class=\"wp-block-group is-layout-flex wp-block-group-is-layout-flex\">\n<div class=\"wp-block-columns row is-layout-flex wp-container-core-columns-is-layout-9d6595d7 wp-block-columns-is-layout-flex\">\n<div class=\"wp-block-column col-lg-4 is-layout-flow wp-block-column-is-layout-flow\" style=\"flex-basis:33.33%\"><\/div>\n\n\n\n<div class=\"wp-block-column col-lg-8 is-layout-flow wp-block-column-is-layout-flow\" style=\"flex-basis:66.66%\">\n<p>All the treasures of nature: the healing waters, the minerals, the healing power of plants and the wonder of human touch bring us back to the harmony of wholeness. Choose from LUA Spa treatments!<\/p>\n<\/div>\n<\/div>\n<\/div>\n<\/div><\/div>\n\n\n\n<p><strong data-start=\"3682\" data-end=\"3708\">LUA SIGNATURE BACK 30\u2019<\/strong><br data-start=\"3708\" data-end=\"3711\">The treatment designed exclusively for our hotel begins with a fragrant warm wrap to ease the back, neck and shoulders, followed by more intense and relaxing movements by our professional massage therapists to release tension.<br data-start=\"3937\" data-end=\"3940\">30 mins | 16.500 HUF<\/p>\n\n\n\n<p><strong data-start=\"3964\" data-end=\"3995\">LUA SIGNATURE FULL BODY 50\u2019<\/strong><br data-start=\"3995\" data-end=\"3998\">The treatment designed exclusively for our hotel begins with a fragrant warm wrap to relax the whole body, followed by intense massaging and relaxing movements, finished with a short foot massage and an anti-stress head massage.<br data-start=\"4226\" data-end=\"4229\">50 mins | 30.000 HUF<\/p>\n\n\n\n<p><strong data-start=\"4253\" data-end=\"4287\">LUA RELAXING FOOT AND SOLE 30\u2019<\/strong><br data-start=\"4287\" data-end=\"4290\">Indulge in the ultimate foot massage experience designed to enhance well-being and promote relaxation. Gentle and invigorating movements work the calves, ankles, feet and soles after a warm aromatic compress. Not reflexology \u2014 it targets tired muscles and fascia.<br data-start=\"4553\" data-end=\"4556\">30 mins | 16.500 HUF<\/p>\n\n\n\n<p><strong data-start=\"4580\" data-end=\"4597\">LUA SPORT 60\u2019<\/strong><br data-start=\"4597\" data-end=\"4600\">A sports massage designed for those with an active lifestyle, enhancing performance while promoting recovery and relieving muscle tension.<br data-start=\"4738\" data-end=\"4741\">60 mins | 40.000 HUF<\/p>\n\n\n\n<p><strong data-start=\"4765\" data-end=\"4795\">OMOROVICZA GOLDEN BODY 60\u2019<\/strong><br data-start=\"4795\" data-end=\"4798\">A luxurious treatment using gold particles and cane sugar to renew the skin, followed by a massage with calendula, rice germ and colloidal gold oil to soothe and hydrate.<br data-start=\"4968\" data-end=\"4971\">Note: Showering required after certain steps.<br data-start=\"5016\" data-end=\"5019\">60 mins | 32.000 HUF<\/p>\n\n\n\n<p><strong data-start=\"5043\" data-end=\"5083\">OMOROVICZA CLASSIC HUNGARIAN MUD 90\u2019<\/strong><br data-start=\"5083\" data-end=\"5086\">A detoxifying body treatment with sea salt, healing mud and paprika extract, followed by a H\u00e9v\u00edz mud body mask and a relaxing head massage. Revitalizes and detoxifies the skin.<br data-start=\"5262\" data-end=\"5265\">90 mins | 60.000 HUF<\/p>\n\n\n\n<p><strong data-start=\"5289\" data-end=\"5318\">LUA SIGNATURE PEELING 50\u2019<\/strong><br data-start=\"5318\" data-end=\"5321\">After a welcoming aromatic introduction, the body is exfoliated with mineral-rich thermal salt scrub, allowing active ingredients to absorb while you enjoy a relaxing head massage. Finished with a gentle massage using a cream rich in vitamin E and hemp oil.<br data-start=\"5578\" data-end=\"5581\">50 mins | 40.000 HUF<\/p>\n\n\n\n<p><strong data-start=\"5605\" data-end=\"5630\">GOLD HYDRALIFTING 70\u2019<\/strong><br data-start=\"5630\" data-end=\"5633\">A soothing anti-aging facial using H\u00e9v\u00edz mud, gold colloid and rose, enriched with three hyaluronic acid formulas to restore firmness and hydration. Includes the classic Hungarian facial massage and a harmonizing quartz massage.<br data-start=\"5861\" data-end=\"5864\">70 mins | 50.000 HUF<\/p>\n\n\n\n<p><strong data-start=\"5888\" data-end=\"5908\">BLUE DIAMOND 70\u2019<\/strong><br data-start=\"5908\" data-end=\"5911\">A comprehensive anti-aging treatment combining cleansing with mineral copper, enzymatic peeling, and a hydrating mask with hyaluronic microcapsules. Includes Omorovicza\u2019s signature massage and a relaxing eye massage.<br data-start=\"6127\" data-end=\"6130\">70 mins | 50.000 HUF<\/p>\n\n\n\n<p><strong data-start=\"6154\" data-end=\"6173\">RELAX QUEEN 75\u2019<\/strong><br data-start=\"6173\" data-end=\"6176\">The Queen facial begins with a back scrub and rose quartz massage, followed by cleansing, light peeling, and a hydrating gold mask. Includes detox massage to reduce puffiness and bring balance to body and soul.<br data-start=\"6386\" data-end=\"6389\">75 mins | 50.000 HUF<\/p>\n\n\n\n<p><strong data-start=\"6413\" data-end=\"6434\">MUD CLEANSING 50\u2019<\/strong><br data-start=\"6434\" data-end=\"6437\">A deep-cleansing facial with H\u00e9v\u00edz mud exfoliation and mask, followed by refreshing facial, neck and shoulder massage to soothe and relieve stress.<br data-start=\"6584\" data-end=\"6587\">50 mins | 50.000 HUF<\/p>\n","protected":false},"excerpt":{"rendered":"<p>All the treasures of nature: the healing waters, the minerals, the healing power of plants and the wonder of human touch bring us back to the harmony of wholeness. Choose from LUA Spa treatments!<\/p>\n","protected":false},"author":1,"featured_media":501,"parent":129,"menu_order":1,"comment_status":"closed","ping_status":"closed","template":"template-product.php","meta":{"inline_featured_image":false,"footnotes":""},"class_list":["post-1347","page","type-page","status-publish","has-post-thumbnail","hentry"],"acf":[],"yoast_head":"<!-- This site is optimized with the Yoast SEO plugin v25.8 - https:\/\/yoast.com\/wordpress\/plugins\/seo\/ -->\n<title>Spa Treatments - LUA Resort Balatonf\u00fcred<\/title>\n<meta name=\"robots\" content=\"index, follow, max-snippet:-1, max-image-preview:large, max-video-preview:-1\" \/>\n<link rel=\"canonical\" href=\"https:\/\/luaresort.com\/en\/spa-wellness\/spa-treatments-menu\/\" \/>\n<meta property=\"og:locale\" content=\"en_US\" \/>\n<meta property=\"og:type\" content=\"article\" \/>\n<meta property=\"og:title\" content=\"Spa Treatments - LUA Resort Balatonf\u00fcred\" \/>\n<meta property=\"og:description\" content=\"All the treasures of nature: the healing waters, the minerals, the healing power of plants and the wonder of human touch bring us back to the harmony of wholeness. Choose from LUA Spa treatments!\" \/>\n<meta property=\"og:url\" content=\"https:\/\/luaresort.com\/en\/spa-wellness\/spa-treatments-menu\/\" \/>\n<meta property=\"og:site_name\" content=\"LUA Resort Balatonf\u00fcred\" \/>\n<meta property=\"article:publisher\" content=\"https:\/\/www.facebook.com\/luaresort\" \/>\n<meta property=\"article:modified_time\" content=\"2026-01-12T06:47:40+00:00\" \/>\n<meta property=\"og:image\" content=\"https:\/\/i0.wp.com\/luaresort.com\/wp-content\/uploads\/2022\/04\/lua-resort-DSC_1665.jpg?fit=1920%2C1280&ssl=1\" \/>\n\t<meta property=\"og:image:width\" content=\"1920\" \/>\n\t<meta property=\"og:image:height\" content=\"1280\" \/>\n\t<meta property=\"og:image:type\" content=\"image\/jpeg\" \/>\n<meta name=\"twitter:card\" content=\"summary_large_image\" \/>\n<meta name=\"twitter:label1\" content=\"Est. reading time\" \/>\n\t<meta name=\"twitter:data1\" content=\"3 minutes\" \/>\n<script type=\"application\/ld+json\" class=\"yoast-schema-graph\">{\"@context\":\"https:\/\/schema.org\",\"@graph\":[{\"@type\":\"WebPage\",\"@id\":\"https:\/\/luaresort.com\/en\/spa-wellness\/spa-treatments-menu\/\",\"url\":\"https:\/\/luaresort.com\/en\/spa-wellness\/spa-treatments-menu\/\",\"name\":\"Spa Treatments - LUA Resort Balatonf\u00fcred\",\"isPartOf\":{\"@id\":\"https:\/\/luaresort.com\/en\/#website\"},\"primaryImageOfPage\":{\"@id\":\"https:\/\/luaresort.com\/en\/spa-wellness\/spa-treatments-menu\/#primaryimage\"},\"image\":{\"@id\":\"https:\/\/luaresort.com\/en\/spa-wellness\/spa-treatments-menu\/#primaryimage\"},\"thumbnailUrl\":\"https:\/\/i0.wp.com\/luaresort.com\/wp-content\/uploads\/2022\/04\/lua-resort-DSC_1665.jpg?fit=1920%2C1280&ssl=1\",\"datePublished\":\"2022-05-16T21:29:34+00:00\",\"dateModified\":\"2026-01-12T06:47:40+00:00\",\"breadcrumb\":{\"@id\":\"https:\/\/luaresort.com\/en\/spa-wellness\/spa-treatments-menu\/#breadcrumb\"},\"inLanguage\":\"en-US\",\"potentialAction\":[{\"@type\":\"ReadAction\",\"target\":[\"https:\/\/luaresort.com\/en\/spa-wellness\/spa-treatments-menu\/\"]}]},{\"@type\":\"ImageObject\",\"inLanguage\":\"en-US\",\"@id\":\"https:\/\/luaresort.com\/en\/spa-wellness\/spa-treatments-menu\/#primaryimage\",\"url\":\"https:\/\/i0.wp.com\/luaresort.com\/wp-content\/uploads\/2022\/04\/lua-resort-DSC_1665.jpg?fit=1920%2C1280&ssl=1\",\"contentUrl\":\"https:\/\/i0.wp.com\/luaresort.com\/wp-content\/uploads\/2022\/04\/lua-resort-DSC_1665.jpg?fit=1920%2C1280&ssl=1\",\"width\":1920,\"height\":1280},{\"@type\":\"BreadcrumbList\",\"@id\":\"https:\/\/luaresort.com\/en\/spa-wellness\/spa-treatments-menu\/#breadcrumb\",\"itemListElement\":[{\"@type\":\"ListItem\",\"position\":1,\"name\":\"Kezd\u0151lap\",\"item\":\"https:\/\/luaresort.com\/en\/\"},{\"@type\":\"ListItem\",\"position\":2,\"name\":\"Spa &#038; Wellness\",\"item\":\"https:\/\/luaresort.com\/en\/spa-wellness\/\"},{\"@type\":\"ListItem\",\"position\":3,\"name\":\"Spa Treatments\"}]},{\"@type\":\"WebSite\",\"@id\":\"https:\/\/luaresort.com\/en\/#website\",\"url\":\"https:\/\/luaresort.com\/en\/\",\"name\":\"LUA Resort Balatonf\u00fcred\",\"description\":\"LUA Resort***** Balatonf\u00fcred. Az \u00faj resort sz\u00e1llod\u00e1j\u00e1ban a j\u00f3l\u00e9t j\u00f3ll\u00e9ttel p\u00e1rosul. Felel\u0151s hedonizmus, fenntarthat\u00f3 luxus, szem\u00e9lyre szabott szolg\u00e1ltat\u00e1sok.\",\"publisher\":{\"@id\":\"https:\/\/luaresort.com\/en\/#organization\"},\"potentialAction\":[{\"@type\":\"SearchAction\",\"target\":{\"@type\":\"EntryPoint\",\"urlTemplate\":\"https:\/\/luaresort.com\/en\/?s={search_term_string}\"},\"query-input\":{\"@type\":\"PropertyValueSpecification\",\"valueRequired\":true,\"valueName\":\"search_term_string\"}}],\"inLanguage\":\"en-US\"},{\"@type\":\"Organization\",\"@id\":\"https:\/\/luaresort.com\/en\/#organization\",\"name\":\"LUA Resort\",\"url\":\"https:\/\/luaresort.com\/en\/\",\"logo\":{\"@type\":\"ImageObject\",\"inLanguage\":\"en-US\",\"@id\":\"https:\/\/luaresort.com\/en\/#\/schema\/logo\/image\/\",\"url\":\"https:\/\/luaresort.com\/wp-content\/uploads\/2022\/04\/lua-resort-logo.png\",\"contentUrl\":\"https:\/\/luaresort.com\/wp-content\/uploads\/2022\/04\/lua-resort-logo.png\",\"width\":2048,\"height\":2048,\"caption\":\"LUA Resort\"},\"image\":{\"@id\":\"https:\/\/luaresort.com\/en\/#\/schema\/logo\/image\/\"},\"sameAs\":[\"https:\/\/www.facebook.com\/luaresort\",\"https:\/\/www.instagram.com\/luaresort\/\"]}]}<\/script>\n<!-- \/ Yoast SEO plugin. -->","yoast_head_json":{"title":"Spa Treatments - LUA Resort Balatonf\u00fcred","robots":{"index":"index","follow":"follow","max-snippet":"max-snippet:-1","max-image-preview":"max-image-preview:large","max-video-preview":"max-video-preview:-1"},"canonical":"https:\/\/luaresort.com\/en\/spa-wellness\/spa-treatments-menu\/","og_locale":"en_US","og_type":"article","og_title":"Spa Treatments - LUA Resort Balatonf\u00fcred","og_description":"All the treasures of nature: the healing waters, the minerals, the healing power of plants and the wonder of human touch bring us back to the harmony of wholeness. Choose from LUA Spa treatments!","og_url":"https:\/\/luaresort.com\/en\/spa-wellness\/spa-treatments-menu\/","og_site_name":"LUA Resort Balatonf\u00fcred","article_publisher":"https:\/\/www.facebook.com\/luaresort","article_modified_time":"2026-01-12T06:47:40+00:00","og_image":[{"width":1920,"height":1280,"url":"https:\/\/i0.wp.com\/luaresort.com\/wp-content\/uploads\/2022\/04\/lua-resort-DSC_1665.jpg?fit=1920%2C1280&ssl=1","type":"image\/jpeg"}],"twitter_card":"summary_large_image","twitter_misc":{"Est. reading time":"3 minutes"},"schema":{"@context":"https:\/\/schema.org","@graph":[{"@type":"WebPage","@id":"https:\/\/luaresort.com\/en\/spa-wellness\/spa-treatments-menu\/","url":"https:\/\/luaresort.com\/en\/spa-wellness\/spa-treatments-menu\/","name":"Spa Treatments - LUA Resort Balatonf\u00fcred","isPartOf":{"@id":"https:\/\/luaresort.com\/en\/#website"},"primaryImageOfPage":{"@id":"https:\/\/luaresort.com\/en\/spa-wellness\/spa-treatments-menu\/#primaryimage"},"image":{"@id":"https:\/\/luaresort.com\/en\/spa-wellness\/spa-treatments-menu\/#primaryimage"},"thumbnailUrl":"https:\/\/i0.wp.com\/luaresort.com\/wp-content\/uploads\/2022\/04\/lua-resort-DSC_1665.jpg?fit=1920%2C1280&ssl=1","datePublished":"2022-05-16T21:29:34+00:00","dateModified":"2026-01-12T06:47:40+00:00","breadcrumb":{"@id":"https:\/\/luaresort.com\/en\/spa-wellness\/spa-treatments-menu\/#breadcrumb"},"inLanguage":"en-US","potentialAction":[{"@type":"ReadAction","target":["https:\/\/luaresort.com\/en\/spa-wellness\/spa-treatments-menu\/"]}]},{"@type":"ImageObject","inLanguage":"en-US","@id":"https:\/\/luaresort.com\/en\/spa-wellness\/spa-treatments-menu\/#primaryimage","url":"https:\/\/i0.wp.com\/luaresort.com\/wp-content\/uploads\/2022\/04\/lua-resort-DSC_1665.jpg?fit=1920%2C1280&ssl=1","contentUrl":"https:\/\/i0.wp.com\/luaresort.com\/wp-content\/uploads\/2022\/04\/lua-resort-DSC_1665.jpg?fit=1920%2C1280&ssl=1","width":1920,"height":1280},{"@type":"BreadcrumbList","@id":"https:\/\/luaresort.com\/en\/spa-wellness\/spa-treatments-menu\/#breadcrumb","itemListElement":[{"@type":"ListItem","position":1,"name":"Kezd\u0151lap","item":"https:\/\/luaresort.com\/en\/"},{"@type":"ListItem","position":2,"name":"Spa &#038; Wellness","item":"https:\/\/luaresort.com\/en\/spa-wellness\/"},{"@type":"ListItem","position":3,"name":"Spa Treatments"}]},{"@type":"WebSite","@id":"https:\/\/luaresort.com\/en\/#website","url":"https:\/\/luaresort.com\/en\/","name":"LUA Resort Balatonf\u00fcred","description":"LUA Resort***** Balatonf\u00fcred. Az \u00faj resort sz\u00e1llod\u00e1j\u00e1ban a j\u00f3l\u00e9t j\u00f3ll\u00e9ttel p\u00e1rosul. Felel\u0151s hedonizmus, fenntarthat\u00f3 luxus, szem\u00e9lyre szabott szolg\u00e1ltat\u00e1sok.","publisher":{"@id":"https:\/\/luaresort.com\/en\/#organization"},"potentialAction":[{"@type":"SearchAction","target":{"@type":"EntryPoint","urlTemplate":"https:\/\/luaresort.com\/en\/?s={search_term_string}"},"query-input":{"@type":"PropertyValueSpecification","valueRequired":true,"valueName":"search_term_string"}}],"inLanguage":"en-US"},{"@type":"Organization","@id":"https:\/\/luaresort.com\/en\/#organization","name":"LUA Resort","url":"https:\/\/luaresort.com\/en\/","logo":{"@type":"ImageObject","inLanguage":"en-US","@id":"https:\/\/luaresort.com\/en\/#\/schema\/logo\/image\/","url":"https:\/\/luaresort.com\/wp-content\/uploads\/2022\/04\/lua-resort-logo.png","contentUrl":"https:\/\/luaresort.com\/wp-content\/uploads\/2022\/04\/lua-resort-logo.png","width":2048,"height":2048,"caption":"LUA Resort"},"image":{"@id":"https:\/\/luaresort.com\/en\/#\/schema\/logo\/image\/"},"sameAs":["https:\/\/www.facebook.com\/luaresort","https:\/\/www.instagram.com\/luaresort\/"]}]}},"jetpack_sharing_enabled":true,"_links":{"self":[{"href":"https:\/\/luaresort.com\/en\/wp-json\/wp\/v2\/pages\/1347","targetHints":{"allow":["GET"]}}],"collection":[{"href":"https:\/\/luaresort.com\/en\/wp-json\/wp\/v2\/pages"}],"about":[{"href":"https:\/\/luaresort.com\/en\/wp-json\/wp\/v2\/types\/page"}],"author":[{"embeddable":true,"href":"https:\/\/luaresort.com\/en\/wp-json\/wp\/v2\/users\/1"}],"replies":[{"embeddable":true,"href":"https:\/\/luaresort.com\/en\/wp-json\/wp\/v2\/comments?post=1347"}],"version-history":[{"count":28,"href":"https:\/\/luaresort.com\/en\/wp-json\/wp\/v2\/pages\/1347\/revisions"}],"predecessor-version":[{"id":22551,"href":"https:\/\/luaresort.com\/en\/wp-json\/wp\/v2\/pages\/1347\/revisions\/22551"}],"up":[{"embeddable":true,"href":"https:\/\/luaresort.com\/en\/wp-json\/wp\/v2\/pages\/129"}],"wp:featuredmedia":[{"embeddable":true,"href":"https:\/\/luaresort.com\/en\/wp-json\/wp\/v2\/media\/501"}],"wp:attachment":[{"href":"https:\/\/luaresort.com\/en\/wp-json\/wp\/v2\/media?parent=1347"}],"curies":[{"name":"wp","href":"https:\/\/api.w.org\/{rel}","templated":true}]}}