{"id":13207,"date":"2022-07-12T12:02:31","date_gmt":"2022-07-12T10:02:31","guid":{"rendered":"https:\/\/luaresort.com\/wedding\/"},"modified":"2023-09-16T13:28:28","modified_gmt":"2023-09-16T11:28:28","slug":"wedding","status":"publish","type":"page","link":"https:\/\/luaresort.com\/en\/lua-events\/wedding\/","title":{"rendered":"Wedding"},"content":{"rendered":"\n<div class=\"wp-block-columns is-layout-flex wp-container-core-columns-is-layout-9d6595d7 wp-block-columns-is-layout-flex\">\n<div class=\"wp-block-column is-layout-flow wp-block-column-is-layout-flow\" style=\"flex-basis:33.33%\"><\/div>\n\n\n\n<div class=\"wp-block-column is-layout-flow wp-block-column-is-layout-flow\" style=\"flex-basis:66.66%\">\n<p><strong>LUA l&#8217;amour<\/strong><\/p>\n\n\n\n<p>LUA Resort isn&#8217;t merely a location but a lifestyle\u2014a place where every word and action carries deliberate significance. The contemporary architecture, along with the marina ambiance, sets the stage for an exquisite experience. Whether it&#8217;s the sleek lines of the building with its sweeping views of Lake Balaton, the enchanting conservatory, or the restaurant, each offers an ideal backdrop for a standing reception or a seated dinner, inviting guests to embark on a memorable culinary journey. Weather permitting, the floating bridge on Lake Balaton can serve as an elegant and unforgettable venue for civil ceremonies and a series of engagement or wedding photoshoots for the newlyweds.<\/p>\n\n\n\n<figure class=\"wp-block-embed is-type-video is-provider-youtube wp-block-embed-youtube wp-embed-aspect-16-9 wp-has-aspect-ratio\">\r\n<div class=\"wp-block-embed__wrapper\">https:\/\/www.youtube.com\/watch?v=ZZhE_RyFl0c<\/div><\/figure>\n\n\n\n<p>Guided by our seasoned wedding planner, we are committed to crafting an unforgettable day for the couple. Our commitment includes delivering top-tier service and comprehensive event coordination from the initial planning stages to the culmination of the celebration. Collaborating with the nation&#8217;s finest wedding service providers, we guarantee that every moment of the wedding aligns precisely with the couple&#8217;s envisioned dream.<\/p>\n\n\n\n<p>Our executive chef and their team employ the finest ingredients to ensure that both the newlyweds and their celebration party enjoy a remarkable culinary journey.<\/p>\n\n\n\n<p>The hotel has a total of 67 rooms and 11 suites, all contributing to a relaxing stay for your loved ones and friends.<\/p>\n\n\n\n<p>To request a quote, please contact us at wedding@luaresort.com.<\/p>\n\n\n\n<p>Follow us on <strong><a href=\"https:\/\/www.instagram.com\/wedding_lua\/\" target=\"_blank\" rel=\"noreferrer noopener\">Instagram<\/a>\u00a0<\/strong><\/p>\n\n\n\n<p>We stand prepared to turn your dream into reality.<\/p>\n<\/div>\n<\/div>\n\n<div class=\"wp-block-columns is-layout-flex wp-container-core-columns-is-layout-9d6595d7 wp-block-columns-is-layout-flex\">\n<div class=\"wp-block-column is-layout-flow wp-block-column-is-layout-flow\">\n<p>We extend our gratitude to our partners for their invaluable contributions that made this film a reality:<\/p>\n\n\n\n<ul class=\"wp-block-list\">\n<li>Models: Juh\u00e1sz Lipcsei Betta, Juh\u00e1sz Roland<\/li>\n\n\n\n<li>Organizer: <a href=\"https:\/\/www.instagram.com\/mitzi_weddings\/\" target=\"_blank\" rel=\"noreferrer noopener\">Mitzi Weddings<\/a><\/li>\n\n\n\n<li>Pictures: <a href=\"https:\/\/www.duplaexpo.com\/\" target=\"_blank\" rel=\"noreferrer noopener\">Dupla Expo Wedding Photography<\/a><\/li>\n\n\n\n<li>Movie: <a href=\"https:\/\/www.plusmediafilm.com\/wedding\" target=\"_blank\" rel=\"noreferrer noopener\">Plus Wedding Films<\/a><\/li>\n\n\n\n<li>Decoration, concept: <a href=\"https:\/\/fleur.hu\/\" target=\"_blank\" rel=\"noreferrer noopener\">Fleur &amp; Ballon Dekor<\/a><\/li>\n\n\n\n<li>Table setting and furniture: <a href=\"https:\/\/www.instagram.com\/cocoloungebar\/?hl=hu\" target=\"_blank\" rel=\"noreferrer noopener\">Lounge by Coco<\/a><\/li>\n\n\n\n<li>Paper decoration, graphics: <a href=\"https:\/\/www.instagram.com\/lilcodesign\/?hl=hu\" target=\"_blank\" rel=\"noreferrer noopener\">LILCO Vir\u00e1g &amp; Dekor<\/a><\/li>\n\n\n\n<li>Neon decor and giant letters: <a href=\"https:\/\/www.instagram.com\/typoteka.hu\/?hl=hu\" target=\"_blank\" rel=\"noreferrer noopener\">Typot\u00e9ka<\/a><\/li>\n\n\n\n<li>Lighting: <a href=\"https:\/\/et-s.hu\/\" target=\"_blank\" rel=\"noreferrer noopener\">Eventech Solutions<\/a><\/li>\n\n\n\n<li>Cake &amp; bonbon: <a href=\"http:\/\/desszertplatz.hu\/\" target=\"_blank\" rel=\"noreferrer noopener\">Desszertplatz<\/a><\/li>\n\n\n\n<li>Bridal look: <a href=\"https:\/\/ziggibridal.com\/\" target=\"_blank\" rel=\"noreferrer noopener\">ZIGGI Luxury Bridal &amp; Evening<\/a><\/li>\n\n\n\n<li>Jewellery: <a href=\"https:\/\/monis.hu\/en\/\" target=\"_blank\" rel=\"noreferrer noopener\">Moni&#8217;s Jewelry<\/a><\/li>\n\n\n\n<li>Make-up: <a href=\"https:\/\/www.instagram.com\/mariannkutasi\/?hl=hu\" target=\"_blank\" rel=\"noreferrer noopener\">Kutasi Mariann<\/a><\/li>\n\n\n\n<li>Hair: <a href=\"https:\/\/www.instagram.com\/ordasi_zsolt\/?hl=hu\" target=\"_blank\" rel=\"noreferrer noopener\">Ordasi Zsolt<\/a><\/li>\n<\/ul>\n<\/div>\n<\/div>\n\n<div style=\"height:49px\" aria-hidden=\"true\" class=\"wp-block-spacer\"><\/div>\n\n<h2 class=\"has-text-align-center wp-block-heading\">We look forward to your request for a quote<\/h2>\n\n<div class=\"wp-block-contact-form-7-contact-form-selector\">\n<div class=\"wpcf7 no-js\" id=\"wpcf7-f3313-o1\" lang=\"hu-HU\" dir=\"ltr\" data-wpcf7-id=\"3313\">\n<div class=\"screen-reader-response\"><p role=\"status\" aria-live=\"polite\" aria-atomic=\"true\"><\/p> <ul><\/ul><\/div>\n<form action=\"\/en\/wp-json\/wp\/v2\/pages\/13207#wpcf7-f3313-o1\" method=\"post\" class=\"wpcf7-form init\" aria-label=\"Kapcsolatfelv\u00e9teli \u0171rlap\" novalidate=\"novalidate\" data-status=\"init\">\n<fieldset class=\"hidden-fields-container\"><input type=\"hidden\" name=\"_wpcf7\" value=\"3313\" \/><input type=\"hidden\" name=\"_wpcf7_version\" value=\"6.1.1\" \/><input type=\"hidden\" name=\"_wpcf7_locale\" value=\"hu_HU\" \/><input type=\"hidden\" name=\"_wpcf7_unit_tag\" value=\"wpcf7-f3313-o1\" \/><input type=\"hidden\" name=\"_wpcf7_container_post\" value=\"0\" \/><input type=\"hidden\" name=\"_wpcf7_posted_data_hash\" value=\"\" \/><input type=\"hidden\" name=\"_wpcf7cf_hidden_group_fields\" value=\"[]\" \/><input type=\"hidden\" name=\"_wpcf7cf_hidden_groups\" value=\"[]\" \/><input type=\"hidden\" name=\"_wpcf7cf_visible_groups\" value=\"[]\" \/><input type=\"hidden\" name=\"_wpcf7cf_repeaters\" value=\"[]\" \/><input type=\"hidden\" name=\"_wpcf7cf_steps\" value=\"{}\" \/><input type=\"hidden\" name=\"_wpcf7cf_options\" value=\"{&quot;form_id&quot;:3313,&quot;conditions&quot;:[{&quot;then_field&quot;:&quot;-1&quot;,&quot;and_rules&quot;:[{&quot;if_field&quot;:&quot;-1&quot;,&quot;operator&quot;:&quot;equals&quot;,&quot;if_value&quot;:&quot;Igen&quot;}]}],&quot;settings&quot;:{&quot;animation&quot;:&quot;yes&quot;,&quot;animation_intime&quot;:200,&quot;animation_outtime&quot;:200,&quot;conditions_ui&quot;:&quot;normal&quot;,&quot;notice_dismissed&quot;:false}}\" \/><input type=\"hidden\" name=\"_wpcf7_recaptcha_response\" value=\"\" \/>\n<\/fieldset>\n<div class=\"row\">\n\t<div class=\"col-md-6\">\n\t\t<p><label> N\u00e9v*<br \/>\n<span class=\"wpcf7-form-control-wrap\" data-name=\"your-name\"><input size=\"40\" maxlength=\"400\" class=\"wpcf7-form-control wpcf7-text wpcf7-validates-as-required\" aria-required=\"true\" aria-invalid=\"false\" value=\"\" type=\"text\" name=\"your-name\" \/><\/span> <\/label>\n\t\t<\/p>\n\t<\/div>\n\t<div class=\"col-md-6\">\n\t\t<p><label> E-mail*<br \/>\n<span class=\"wpcf7-form-control-wrap\" data-name=\"your-email\"><input size=\"40\" maxlength=\"400\" class=\"wpcf7-form-control wpcf7-email wpcf7-validates-as-required wpcf7-text wpcf7-validates-as-email\" aria-required=\"true\" aria-invalid=\"false\" value=\"\" type=\"email\" name=\"your-email\" \/><\/span> <\/label>\n\t\t<\/p>\n\t<\/div>\n<\/div>\n<div class=\"row\">\n\t<div class=\"col-md-12\">\n\t\t<p><label> Telefonsz\u00e1m*<br \/>\n<span class=\"wpcf7-form-control-wrap\" data-name=\"your-phone\"><input size=\"40\" maxlength=\"400\" class=\"wpcf7-form-control wpcf7-tel wpcf7-validates-as-required wpcf7-text wpcf7-validates-as-tel\" aria-required=\"true\" aria-invalid=\"false\" value=\"\" type=\"tel\" name=\"your-phone\" \/><\/span> <\/label>\n\t\t<\/p>\n\t<\/div>\n<\/div>\n<div class=\"row\">\n\t<div class=\"col-md-12\">\n\t\t<p><label> \u00dczenet*<br \/>\n<span class=\"wpcf7-form-control-wrap\" data-name=\"your-message\"><textarea cols=\"40\" rows=\"10\" maxlength=\"2000\" class=\"wpcf7-form-control wpcf7-textarea wpcf7-validates-as-required\" aria-required=\"true\" aria-invalid=\"false\" name=\"your-message\"><\/textarea><\/span> <\/label>\n\t\t<\/p>\n\t<\/div>\n<\/div>\n<div class=\"row\">\n\t<div class=\"col-md-12\">\n\t\t<p><span class=\"wpcf7-form-control-wrap\" data-name=\"your-acceptance\"><span class=\"wpcf7-form-control wpcf7-acceptance\"><span class=\"wpcf7-list-item\"><label><input type=\"checkbox\" name=\"your-acceptance\" value=\"1\" aria-invalid=\"false\" \/><span class=\"wpcf7-list-item-label\">Elolvastam \u00e9s a tartalm\u00e1t tudom\u00e1sul vettem az <a href=\"https:\/\/luaresort.com\/adatkezeles\/\" target=\"_blank\">adatv\u00e9delmi nyilatkozatnak<\/a>.<\/span><\/label><\/span><\/span><\/span>\n\t\t<\/p>\n\t<\/div>\n<\/div>\n<div class=\"row\">\n\t<div class=\"col-md-12\">\n\t\t<p><input class=\"wpcf7-form-control wpcf7-submit has-spinner\" type=\"submit\" value=\"K\u00fcld\u00e9s\" \/>\n\t\t<\/p>\n\t<\/div>\n<\/div><div class=\"wpcf7-response-output\" aria-hidden=\"true\"><\/div>\n<\/form>\n<\/div>\n<\/div>\n","protected":false},"excerpt":{"rendered":"<p>The sleek architectural lines of the building, the restaurant offering panoramic vistas of Lake Balaton, and the charming winter garden or the picturesque harbor area all create a unique setting for hosting a standing reception or a seated dinner, inviting guests to embark on a delightful culinary journey.<\/p>\n","protected":false},"author":2,"featured_media":5167,"parent":13338,"menu_order":3,"comment_status":"closed","ping_status":"closed","template":"template-product.php","meta":{"inline_featured_image":false,"footnotes":""},"class_list":["post-13207","page","type-page","status-publish","has-post-thumbnail","hentry"],"acf":[],"yoast_head":"<!-- This site is optimized with the Yoast SEO plugin v25.8 - https:\/\/yoast.com\/wordpress\/plugins\/seo\/ -->\n<title>Wedding - LUA Resort Balatonf\u00fcred<\/title>\n<meta name=\"description\" content=\"We have a multitude of creative ideas to ensure your special day becomes an unforgettable experience. From the initial planning stages to the conclusion of the event, our team is dedicated to bringing your dream vision to life!\" \/>\n<meta name=\"robots\" content=\"index, follow, max-snippet:-1, max-image-preview:large, max-video-preview:-1\" \/>\n<link rel=\"canonical\" href=\"https:\/\/luaresort.com\/en\/lua-events\/wedding\/\" \/>\n<meta property=\"og:locale\" content=\"en_US\" \/>\n<meta property=\"og:type\" content=\"article\" \/>\n<meta property=\"og:title\" content=\"Wedding - LUA Resort Balatonf\u00fcred\" \/>\n<meta property=\"og:description\" content=\"We have a multitude of creative ideas to ensure your special day becomes an unforgettable experience. From the initial planning stages to the conclusion of the event, our team is dedicated to bringing your dream vision to life!\" \/>\n<meta property=\"og:url\" content=\"https:\/\/luaresort.com\/en\/lua-events\/wedding\/\" \/>\n<meta property=\"og:site_name\" content=\"LUA Resort Balatonf\u00fcred\" \/>\n<meta property=\"article:publisher\" content=\"https:\/\/www.facebook.com\/luaresort\" \/>\n<meta property=\"article:modified_time\" content=\"2023-09-16T11:28:28+00:00\" \/>\n<meta property=\"og:image\" content=\"https:\/\/luaresort.com\/wp-content\/uploads\/2022\/10\/lua-resort-balatonfured-LUA-208-scaled.jpg\" \/>\n\t<meta property=\"og:image:width\" content=\"2560\" \/>\n\t<meta property=\"og:image:height\" content=\"1707\" \/>\n\t<meta property=\"og:image:type\" content=\"image\/jpeg\" \/>\n<meta name=\"twitter:card\" content=\"summary_large_image\" \/>\n<meta name=\"twitter:label1\" content=\"Est. reading time\" \/>\n\t<meta name=\"twitter:data1\" content=\"2 minutes\" \/>\n<script type=\"application\/ld+json\" class=\"yoast-schema-graph\">{\"@context\":\"https:\/\/schema.org\",\"@graph\":[{\"@type\":\"WebPage\",\"@id\":\"https:\/\/luaresort.com\/en\/lua-events\/wedding\/\",\"url\":\"https:\/\/luaresort.com\/en\/lua-events\/wedding\/\",\"name\":\"Wedding - LUA Resort Balatonf\u00fcred\",\"isPartOf\":{\"@id\":\"https:\/\/luaresort.com\/en\/#website\"},\"primaryImageOfPage\":{\"@id\":\"https:\/\/luaresort.com\/en\/lua-events\/wedding\/#primaryimage\"},\"image\":{\"@id\":\"https:\/\/luaresort.com\/en\/lua-events\/wedding\/#primaryimage\"},\"thumbnailUrl\":\"https:\/\/i0.wp.com\/luaresort.com\/wp-content\/uploads\/2022\/10\/lua-resort-balatonfured-LUA-208-scaled.jpg?fit=2560%2C1707&ssl=1\",\"datePublished\":\"2022-07-12T10:02:31+00:00\",\"dateModified\":\"2023-09-16T11:28:28+00:00\",\"description\":\"We have a multitude of creative ideas to ensure your special day becomes an unforgettable experience. From the initial planning stages to the conclusion of the event, our team is dedicated to bringing your dream vision to life!\",\"breadcrumb\":{\"@id\":\"https:\/\/luaresort.com\/en\/lua-events\/wedding\/#breadcrumb\"},\"inLanguage\":\"en-US\",\"potentialAction\":[{\"@type\":\"ReadAction\",\"target\":[\"https:\/\/luaresort.com\/en\/lua-events\/wedding\/\"]}]},{\"@type\":\"ImageObject\",\"inLanguage\":\"en-US\",\"@id\":\"https:\/\/luaresort.com\/en\/lua-events\/wedding\/#primaryimage\",\"url\":\"https:\/\/i0.wp.com\/luaresort.com\/wp-content\/uploads\/2022\/10\/lua-resort-balatonfured-LUA-208-scaled.jpg?fit=2560%2C1707&ssl=1\",\"contentUrl\":\"https:\/\/i0.wp.com\/luaresort.com\/wp-content\/uploads\/2022\/10\/lua-resort-balatonfured-LUA-208-scaled.jpg?fit=2560%2C1707&ssl=1\",\"width\":2560,\"height\":1707},{\"@type\":\"BreadcrumbList\",\"@id\":\"https:\/\/luaresort.com\/en\/lua-events\/wedding\/#breadcrumb\",\"itemListElement\":[{\"@type\":\"ListItem\",\"position\":1,\"name\":\"Kezd\u0151lap\",\"item\":\"https:\/\/luaresort.com\/en\/\"},{\"@type\":\"ListItem\",\"position\":2,\"name\":\"LUA Events\",\"item\":\"https:\/\/luaresort.com\/en\/lua-events\/\"},{\"@type\":\"ListItem\",\"position\":3,\"name\":\"Wedding\"}]},{\"@type\":\"WebSite\",\"@id\":\"https:\/\/luaresort.com\/en\/#website\",\"url\":\"https:\/\/luaresort.com\/en\/\",\"name\":\"LUA Resort Balatonf\u00fcred\",\"description\":\"LUA Resort***** Balatonf\u00fcred. Az \u00faj resort sz\u00e1llod\u00e1j\u00e1ban a j\u00f3l\u00e9t j\u00f3ll\u00e9ttel p\u00e1rosul. Felel\u0151s hedonizmus, fenntarthat\u00f3 luxus, szem\u00e9lyre szabott szolg\u00e1ltat\u00e1sok.\",\"publisher\":{\"@id\":\"https:\/\/luaresort.com\/en\/#organization\"},\"potentialAction\":[{\"@type\":\"SearchAction\",\"target\":{\"@type\":\"EntryPoint\",\"urlTemplate\":\"https:\/\/luaresort.com\/en\/?s={search_term_string}\"},\"query-input\":{\"@type\":\"PropertyValueSpecification\",\"valueRequired\":true,\"valueName\":\"search_term_string\"}}],\"inLanguage\":\"en-US\"},{\"@type\":\"Organization\",\"@id\":\"https:\/\/luaresort.com\/en\/#organization\",\"name\":\"LUA Resort\",\"url\":\"https:\/\/luaresort.com\/en\/\",\"logo\":{\"@type\":\"ImageObject\",\"inLanguage\":\"en-US\",\"@id\":\"https:\/\/luaresort.com\/en\/#\/schema\/logo\/image\/\",\"url\":\"https:\/\/luaresort.com\/wp-content\/uploads\/2022\/04\/lua-resort-logo.png\",\"contentUrl\":\"https:\/\/luaresort.com\/wp-content\/uploads\/2022\/04\/lua-resort-logo.png\",\"width\":2048,\"height\":2048,\"caption\":\"LUA Resort\"},\"image\":{\"@id\":\"https:\/\/luaresort.com\/en\/#\/schema\/logo\/image\/\"},\"sameAs\":[\"https:\/\/www.facebook.com\/luaresort\",\"https:\/\/www.instagram.com\/luaresort\/\"]}]}<\/script>\n<!-- \/ Yoast SEO plugin. -->","yoast_head_json":{"title":"Wedding - LUA Resort Balatonf\u00fcred","description":"We have a multitude of creative ideas to ensure your special day becomes an unforgettable experience. From the initial planning stages to the conclusion of the event, our team is dedicated to bringing your dream vision to life!","robots":{"index":"index","follow":"follow","max-snippet":"max-snippet:-1","max-image-preview":"max-image-preview:large","max-video-preview":"max-video-preview:-1"},"canonical":"https:\/\/luaresort.com\/en\/lua-events\/wedding\/","og_locale":"en_US","og_type":"article","og_title":"Wedding - LUA Resort Balatonf\u00fcred","og_description":"We have a multitude of creative ideas to ensure your special day becomes an unforgettable experience. From the initial planning stages to the conclusion of the event, our team is dedicated to bringing your dream vision to life!","og_url":"https:\/\/luaresort.com\/en\/lua-events\/wedding\/","og_site_name":"LUA Resort Balatonf\u00fcred","article_publisher":"https:\/\/www.facebook.com\/luaresort","article_modified_time":"2023-09-16T11:28:28+00:00","og_image":[{"width":2560,"height":1707,"url":"https:\/\/luaresort.com\/wp-content\/uploads\/2022\/10\/lua-resort-balatonfured-LUA-208-scaled.jpg","type":"image\/jpeg"}],"twitter_card":"summary_large_image","twitter_misc":{"Est. reading time":"2 minutes"},"schema":{"@context":"https:\/\/schema.org","@graph":[{"@type":"WebPage","@id":"https:\/\/luaresort.com\/en\/lua-events\/wedding\/","url":"https:\/\/luaresort.com\/en\/lua-events\/wedding\/","name":"Wedding - LUA Resort Balatonf\u00fcred","isPartOf":{"@id":"https:\/\/luaresort.com\/en\/#website"},"primaryImageOfPage":{"@id":"https:\/\/luaresort.com\/en\/lua-events\/wedding\/#primaryimage"},"image":{"@id":"https:\/\/luaresort.com\/en\/lua-events\/wedding\/#primaryimage"},"thumbnailUrl":"https:\/\/i0.wp.com\/luaresort.com\/wp-content\/uploads\/2022\/10\/lua-resort-balatonfured-LUA-208-scaled.jpg?fit=2560%2C1707&ssl=1","datePublished":"2022-07-12T10:02:31+00:00","dateModified":"2023-09-16T11:28:28+00:00","description":"We have a multitude of creative ideas to ensure your special day becomes an unforgettable experience. From the initial planning stages to the conclusion of the event, our team is dedicated to bringing your dream vision to life!","breadcrumb":{"@id":"https:\/\/luaresort.com\/en\/lua-events\/wedding\/#breadcrumb"},"inLanguage":"en-US","potentialAction":[{"@type":"ReadAction","target":["https:\/\/luaresort.com\/en\/lua-events\/wedding\/"]}]},{"@type":"ImageObject","inLanguage":"en-US","@id":"https:\/\/luaresort.com\/en\/lua-events\/wedding\/#primaryimage","url":"https:\/\/i0.wp.com\/luaresort.com\/wp-content\/uploads\/2022\/10\/lua-resort-balatonfured-LUA-208-scaled.jpg?fit=2560%2C1707&ssl=1","contentUrl":"https:\/\/i0.wp.com\/luaresort.com\/wp-content\/uploads\/2022\/10\/lua-resort-balatonfured-LUA-208-scaled.jpg?fit=2560%2C1707&ssl=1","width":2560,"height":1707},{"@type":"BreadcrumbList","@id":"https:\/\/luaresort.com\/en\/lua-events\/wedding\/#breadcrumb","itemListElement":[{"@type":"ListItem","position":1,"name":"Kezd\u0151lap","item":"https:\/\/luaresort.com\/en\/"},{"@type":"ListItem","position":2,"name":"LUA Events","item":"https:\/\/luaresort.com\/en\/lua-events\/"},{"@type":"ListItem","position":3,"name":"Wedding"}]},{"@type":"WebSite","@id":"https:\/\/luaresort.com\/en\/#website","url":"https:\/\/luaresort.com\/en\/","name":"LUA Resort Balatonf\u00fcred","description":"LUA Resort***** Balatonf\u00fcred. Az \u00faj resort sz\u00e1llod\u00e1j\u00e1ban a j\u00f3l\u00e9t j\u00f3ll\u00e9ttel p\u00e1rosul. Felel\u0151s hedonizmus, fenntarthat\u00f3 luxus, szem\u00e9lyre szabott szolg\u00e1ltat\u00e1sok.","publisher":{"@id":"https:\/\/luaresort.com\/en\/#organization"},"potentialAction":[{"@type":"SearchAction","target":{"@type":"EntryPoint","urlTemplate":"https:\/\/luaresort.com\/en\/?s={search_term_string}"},"query-input":{"@type":"PropertyValueSpecification","valueRequired":true,"valueName":"search_term_string"}}],"inLanguage":"en-US"},{"@type":"Organization","@id":"https:\/\/luaresort.com\/en\/#organization","name":"LUA Resort","url":"https:\/\/luaresort.com\/en\/","logo":{"@type":"ImageObject","inLanguage":"en-US","@id":"https:\/\/luaresort.com\/en\/#\/schema\/logo\/image\/","url":"https:\/\/luaresort.com\/wp-content\/uploads\/2022\/04\/lua-resort-logo.png","contentUrl":"https:\/\/luaresort.com\/wp-content\/uploads\/2022\/04\/lua-resort-logo.png","width":2048,"height":2048,"caption":"LUA Resort"},"image":{"@id":"https:\/\/luaresort.com\/en\/#\/schema\/logo\/image\/"},"sameAs":["https:\/\/www.facebook.com\/luaresort","https:\/\/www.instagram.com\/luaresort\/"]}]}},"jetpack_sharing_enabled":true,"_links":{"self":[{"href":"https:\/\/luaresort.com\/en\/wp-json\/wp\/v2\/pages\/13207","targetHints":{"allow":["GET"]}}],"collection":[{"href":"https:\/\/luaresort.com\/en\/wp-json\/wp\/v2\/pages"}],"about":[{"href":"https:\/\/luaresort.com\/en\/wp-json\/wp\/v2\/types\/page"}],"author":[{"embeddable":true,"href":"https:\/\/luaresort.com\/en\/wp-json\/wp\/v2\/users\/2"}],"replies":[{"embeddable":true,"href":"https:\/\/luaresort.com\/en\/wp-json\/wp\/v2\/comments?post=13207"}],"version-history":[{"count":2,"href":"https:\/\/luaresort.com\/en\/wp-json\/wp\/v2\/pages\/13207\/revisions"}],"predecessor-version":[{"id":14076,"href":"https:\/\/luaresort.com\/en\/wp-json\/wp\/v2\/pages\/13207\/revisions\/14076"}],"up":[{"embeddable":true,"href":"https:\/\/luaresort.com\/en\/wp-json\/wp\/v2\/pages\/13338"}],"wp:featuredmedia":[{"embeddable":true,"href":"https:\/\/luaresort.com\/en\/wp-json\/wp\/v2\/media\/5167"}],"wp:attachment":[{"href":"https:\/\/luaresort.com\/en\/wp-json\/wp\/v2\/media?parent=13207"}],"curies":[{"name":"wp","href":"https:\/\/api.w.org\/{rel}","templated":true}]}}