{"id":13099,"date":"2023-08-20T19:25:45","date_gmt":"2023-08-20T17:25:45","guid":{"rendered":"https:\/\/luaresort.com\/spa-etiquette\/"},"modified":"2023-08-20T19:31:06","modified_gmt":"2023-08-20T17:31:06","slug":"spa-etiquette","status":"publish","type":"page","link":"https:\/\/luaresort.com\/en\/spa-etiquette\/","title":{"rendered":"Spa Etiquette"},"content":{"rendered":"\n<p>Dear Guests,<\/p>\n\n<p>LUA Spa is a sanctuary of relaxation, tranquility, and perfect harmony for our valued guests. We kindly request your assistance in maintaining this serene environment.<\/p>\n\n<ul class=\"wp-block-list\">\n<li>Please always wear appropriate attire. When using LUA Spa saunas, it is necessary to wear a swimsuit or use a sauna mat.<\/li>\n\n\n\n<li>Towels are provided by LUA Spa in the Spa and Wellness area for your convenience.<\/li>\n\n\n\n<li>To enhance your experience, it is recommended that you lower your body temperature before using the pool or sauna by taking a cold water shower, starting from your feet and moving upwards.<\/li>\n\n\n\n<li>Prior to indulging in the benefits of our saunas, ensure your body is well-hydrated by drinking plenty of water.<\/li>\n\n\n\n<li>After every 5-10 minutes of sauna use, we recommend a 5-10 minute break to allow you to replenish your fluid intake.<\/li>\n\n\n\n<li>If you find yourself unable to make it to a pre-scheduled spa or beauty treatment, kindly cancel it at least 4 hours prior to the appointment.<\/li>\n\n\n\n<li>LUA Resort*****Balatonf\u00fcred is an exclusively for adults hotel, thus, only guests aged 14 and above are permitted to access LUA Spa facilities.<\/li>\n\n\n\n<li>Please be aware that LUA Resort*****Balatonf\u00fcred does not assume any responsibility for your health during your visit to LUA Spa.<\/li>\n\n\n\n<li>Additionally, LUA Resort*****Balatonf\u00fcred does not accept liability for any lost personal belongings. For your convenience, we provide lockable lockers free of charge for our guests during their time at LUA Spa.<\/li>\n<\/ul>\n\n<p>Thank you for choosing LUA Spa. We wish you a serene and rejuvenating experience.<\/p>\n\n<p>Warm regards, The Management<\/p>\n","protected":false},"excerpt":{"rendered":"<p>Dear Guests, LUA Spa is a sanctuary of relaxation, tranquility, and perfect harmony for our valued guests. We kindly request your assistance in maintaining this serene environment. Thank you for choosing LUA Spa. We wish you a serene and rejuvenating experience. Warm regards, The Management<\/p>\n","protected":false},"author":2,"featured_media":0,"parent":0,"menu_order":0,"comment_status":"closed","ping_status":"closed","template":"template-contact.php","meta":{"inline_featured_image":false,"footnotes":""},"class_list":["post-13099","page","type-page","status-publish","hentry"],"acf":[],"yoast_head":"<!-- This site is optimized with the Yoast SEO plugin v25.8 - https:\/\/yoast.com\/wordpress\/plugins\/seo\/ -->\n<title>Spa Etiquette - LUA Resort Balatonf\u00fcred<\/title>\n<meta name=\"robots\" content=\"index, follow, max-snippet:-1, max-image-preview:large, max-video-preview:-1\" \/>\n<link rel=\"canonical\" href=\"https:\/\/luaresort.com\/en\/spa-etiquette\/\" \/>\n<meta property=\"og:locale\" content=\"en_US\" \/>\n<meta property=\"og:type\" content=\"article\" \/>\n<meta property=\"og:title\" content=\"Spa Etiquette - LUA Resort Balatonf\u00fcred\" \/>\n<meta property=\"og:description\" content=\"Dear Guests, LUA Spa is a sanctuary of relaxation, tranquility, and perfect harmony for our valued guests. We kindly request your assistance in maintaining this serene environment. Thank you for choosing LUA Spa. We wish you a serene and rejuvenating experience. Warm regards, The Management\" \/>\n<meta property=\"og:url\" content=\"https:\/\/luaresort.com\/en\/spa-etiquette\/\" \/>\n<meta property=\"og:site_name\" content=\"LUA Resort Balatonf\u00fcred\" \/>\n<meta property=\"article:publisher\" content=\"https:\/\/www.facebook.com\/luaresort\" \/>\n<meta property=\"article:modified_time\" content=\"2023-08-20T17:31:06+00:00\" \/>\n<meta name=\"twitter:card\" content=\"summary_large_image\" \/>\n<meta name=\"twitter:label1\" content=\"Est. reading time\" \/>\n\t<meta name=\"twitter:data1\" content=\"1 minute\" \/>\n<script type=\"application\/ld+json\" class=\"yoast-schema-graph\">{\"@context\":\"https:\/\/schema.org\",\"@graph\":[{\"@type\":\"WebPage\",\"@id\":\"https:\/\/luaresort.com\/en\/spa-etiquette\/\",\"url\":\"https:\/\/luaresort.com\/en\/spa-etiquette\/\",\"name\":\"Spa Etiquette - LUA Resort Balatonf\u00fcred\",\"isPartOf\":{\"@id\":\"https:\/\/luaresort.com\/en\/#website\"},\"datePublished\":\"2023-08-20T17:25:45+00:00\",\"dateModified\":\"2023-08-20T17:31:06+00:00\",\"breadcrumb\":{\"@id\":\"https:\/\/luaresort.com\/en\/spa-etiquette\/#breadcrumb\"},\"inLanguage\":\"en-US\",\"potentialAction\":[{\"@type\":\"ReadAction\",\"target\":[\"https:\/\/luaresort.com\/en\/spa-etiquette\/\"]}]},{\"@type\":\"BreadcrumbList\",\"@id\":\"https:\/\/luaresort.com\/en\/spa-etiquette\/#breadcrumb\",\"itemListElement\":[{\"@type\":\"ListItem\",\"position\":1,\"name\":\"Kezd\u0151lap\",\"item\":\"https:\/\/luaresort.com\/en\/\"},{\"@type\":\"ListItem\",\"position\":2,\"name\":\"Spa Etiquette\"}]},{\"@type\":\"WebSite\",\"@id\":\"https:\/\/luaresort.com\/en\/#website\",\"url\":\"https:\/\/luaresort.com\/en\/\",\"name\":\"LUA Resort Balatonf\u00fcred\",\"description\":\"LUA Resort***** Balatonf\u00fcred. Az \u00faj resort sz\u00e1llod\u00e1j\u00e1ban a j\u00f3l\u00e9t j\u00f3ll\u00e9ttel p\u00e1rosul. Felel\u0151s hedonizmus, fenntarthat\u00f3 luxus, szem\u00e9lyre szabott szolg\u00e1ltat\u00e1sok.\",\"publisher\":{\"@id\":\"https:\/\/luaresort.com\/en\/#organization\"},\"potentialAction\":[{\"@type\":\"SearchAction\",\"target\":{\"@type\":\"EntryPoint\",\"urlTemplate\":\"https:\/\/luaresort.com\/en\/?s={search_term_string}\"},\"query-input\":{\"@type\":\"PropertyValueSpecification\",\"valueRequired\":true,\"valueName\":\"search_term_string\"}}],\"inLanguage\":\"en-US\"},{\"@type\":\"Organization\",\"@id\":\"https:\/\/luaresort.com\/en\/#organization\",\"name\":\"LUA Resort\",\"url\":\"https:\/\/luaresort.com\/en\/\",\"logo\":{\"@type\":\"ImageObject\",\"inLanguage\":\"en-US\",\"@id\":\"https:\/\/luaresort.com\/en\/#\/schema\/logo\/image\/\",\"url\":\"https:\/\/luaresort.com\/wp-content\/uploads\/2022\/04\/lua-resort-logo.png\",\"contentUrl\":\"https:\/\/luaresort.com\/wp-content\/uploads\/2022\/04\/lua-resort-logo.png\",\"width\":2048,\"height\":2048,\"caption\":\"LUA Resort\"},\"image\":{\"@id\":\"https:\/\/luaresort.com\/en\/#\/schema\/logo\/image\/\"},\"sameAs\":[\"https:\/\/www.facebook.com\/luaresort\",\"https:\/\/www.instagram.com\/luaresort\/\"]}]}<\/script>\n<!-- \/ Yoast SEO plugin. -->","yoast_head_json":{"title":"Spa Etiquette - LUA Resort Balatonf\u00fcred","robots":{"index":"index","follow":"follow","max-snippet":"max-snippet:-1","max-image-preview":"max-image-preview:large","max-video-preview":"max-video-preview:-1"},"canonical":"https:\/\/luaresort.com\/en\/spa-etiquette\/","og_locale":"en_US","og_type":"article","og_title":"Spa Etiquette - LUA Resort Balatonf\u00fcred","og_description":"Dear Guests, LUA Spa is a sanctuary of relaxation, tranquility, and perfect harmony for our valued guests. We kindly request your assistance in maintaining this serene environment. Thank you for choosing LUA Spa. We wish you a serene and rejuvenating experience. Warm regards, The Management","og_url":"https:\/\/luaresort.com\/en\/spa-etiquette\/","og_site_name":"LUA Resort Balatonf\u00fcred","article_publisher":"https:\/\/www.facebook.com\/luaresort","article_modified_time":"2023-08-20T17:31:06+00:00","twitter_card":"summary_large_image","twitter_misc":{"Est. reading time":"1 minute"},"schema":{"@context":"https:\/\/schema.org","@graph":[{"@type":"WebPage","@id":"https:\/\/luaresort.com\/en\/spa-etiquette\/","url":"https:\/\/luaresort.com\/en\/spa-etiquette\/","name":"Spa Etiquette - LUA Resort Balatonf\u00fcred","isPartOf":{"@id":"https:\/\/luaresort.com\/en\/#website"},"datePublished":"2023-08-20T17:25:45+00:00","dateModified":"2023-08-20T17:31:06+00:00","breadcrumb":{"@id":"https:\/\/luaresort.com\/en\/spa-etiquette\/#breadcrumb"},"inLanguage":"en-US","potentialAction":[{"@type":"ReadAction","target":["https:\/\/luaresort.com\/en\/spa-etiquette\/"]}]},{"@type":"BreadcrumbList","@id":"https:\/\/luaresort.com\/en\/spa-etiquette\/#breadcrumb","itemListElement":[{"@type":"ListItem","position":1,"name":"Kezd\u0151lap","item":"https:\/\/luaresort.com\/en\/"},{"@type":"ListItem","position":2,"name":"Spa Etiquette"}]},{"@type":"WebSite","@id":"https:\/\/luaresort.com\/en\/#website","url":"https:\/\/luaresort.com\/en\/","name":"LUA Resort Balatonf\u00fcred","description":"LUA Resort***** Balatonf\u00fcred. Az \u00faj resort sz\u00e1llod\u00e1j\u00e1ban a j\u00f3l\u00e9t j\u00f3ll\u00e9ttel p\u00e1rosul. Felel\u0151s hedonizmus, fenntarthat\u00f3 luxus, szem\u00e9lyre szabott szolg\u00e1ltat\u00e1sok.","publisher":{"@id":"https:\/\/luaresort.com\/en\/#organization"},"potentialAction":[{"@type":"SearchAction","target":{"@type":"EntryPoint","urlTemplate":"https:\/\/luaresort.com\/en\/?s={search_term_string}"},"query-input":{"@type":"PropertyValueSpecification","valueRequired":true,"valueName":"search_term_string"}}],"inLanguage":"en-US"},{"@type":"Organization","@id":"https:\/\/luaresort.com\/en\/#organization","name":"LUA Resort","url":"https:\/\/luaresort.com\/en\/","logo":{"@type":"ImageObject","inLanguage":"en-US","@id":"https:\/\/luaresort.com\/en\/#\/schema\/logo\/image\/","url":"https:\/\/luaresort.com\/wp-content\/uploads\/2022\/04\/lua-resort-logo.png","contentUrl":"https:\/\/luaresort.com\/wp-content\/uploads\/2022\/04\/lua-resort-logo.png","width":2048,"height":2048,"caption":"LUA Resort"},"image":{"@id":"https:\/\/luaresort.com\/en\/#\/schema\/logo\/image\/"},"sameAs":["https:\/\/www.facebook.com\/luaresort","https:\/\/www.instagram.com\/luaresort\/"]}]}},"jetpack_sharing_enabled":true,"_links":{"self":[{"href":"https:\/\/luaresort.com\/en\/wp-json\/wp\/v2\/pages\/13099","targetHints":{"allow":["GET"]}}],"collection":[{"href":"https:\/\/luaresort.com\/en\/wp-json\/wp\/v2\/pages"}],"about":[{"href":"https:\/\/luaresort.com\/en\/wp-json\/wp\/v2\/types\/page"}],"author":[{"embeddable":true,"href":"https:\/\/luaresort.com\/en\/wp-json\/wp\/v2\/users\/2"}],"replies":[{"embeddable":true,"href":"https:\/\/luaresort.com\/en\/wp-json\/wp\/v2\/comments?post=13099"}],"version-history":[{"count":1,"href":"https:\/\/luaresort.com\/en\/wp-json\/wp\/v2\/pages\/13099\/revisions"}],"predecessor-version":[{"id":13100,"href":"https:\/\/luaresort.com\/en\/wp-json\/wp\/v2\/pages\/13099\/revisions\/13100"}],"wp:attachment":[{"href":"https:\/\/luaresort.com\/en\/wp-json\/wp\/v2\/media?parent=13099"}],"curies":[{"name":"wp","href":"https:\/\/api.w.org\/{rel}","templated":true}]}}