{"id":129,"date":"2022-04-04T12:31:36","date_gmt":"2022-04-04T10:31:36","guid":{"rendered":"https:\/\/luaresort.local\/spa-wellness\/"},"modified":"2026-01-26T09:14:16","modified_gmt":"2026-01-26T08:14:16","slug":"spa-wellness","status":"publish","type":"page","link":"https:\/\/luaresort.com\/en\/spa-wellness\/","title":{"rendered":"Spa &#038; Wellness"},"content":{"rendered":"\n<p><\/p>\n\n\n\n<p><strong>Dear Guests,<\/strong><\/p>\n\n\n\n<p>Due to the unusually cool weather and with consideration for environmentally responsible operation, the outdoor pool operates on a limited basis on weekdays.<br>The outdoor pool is fully available from&nbsp;<strong>Friday to Sunday<\/strong>.<\/p>\n\n\n\n<p>We kindly ask for your understanding and acceptance.<br>All other wellness facilities remain fully available and continue to serve your relaxation and comfort.<\/p>\n\n\n\n<p>Thank you for your cooperation.<\/p>\n\n\n\n<p>Kind regards,<\/p>\n\n\n\n<p>LUA Resort <strong>Team<\/strong><\/p>\n\n\n\n<p>Our treatments follow the world renowned Omoroviza protocol. This amazing cosmetics brand has recognized the Hungarian thermal water and healing mud&#8217;s wonderful effects on the skin. The latest mineral agents, the human touch and the healing waters&#8217; extreme mineral content all guarantee the amazing success rate of the Omorovicza facials and body treatments.<br><br>Our massages are designed exclusively for the LUA resort and they begin with a welcoming ritual, followed by intense massaging and relaxing movements executed by our professional massage therapists for absolute relaxation of the body, while mesmerizing scents and crystal clean natural agents pamper your skin and senses. <\/p>\n\n\n\n<p>LUA Spa is a sanctuary of relaxation, tranquility, and perfect harmony for our valued guests. We kindly request your assistance in maintaining this serene environment.<\/p>\n","protected":false},"excerpt":{"rendered":"<p>Dear Guests, Due to the unusually cool weather and with consideration for environmentally responsible operation, the outdoor pool operates on a limited basis on weekdays.The outdoor pool is fully available from&nbsp;Friday to Sunday. We kindly ask for your understanding and acceptance.All other wellness facilities remain fully available and continue to serve your relaxation and comfort. Thank you for your cooperation. Kind regards, LUA Resort Team Our treatments follow the world renowned Omoroviza protocol. This amazing cosmetics brand has recognized the Hungarian thermal water and healing mud&#8217;s wonderful effects on the skin. The latest mineral agents, the human touch and the&#8230;<\/p>\n","protected":false},"author":1,"featured_media":0,"parent":0,"menu_order":0,"comment_status":"closed","ping_status":"closed","template":"template-parent.php","meta":{"inline_featured_image":false,"footnotes":""},"class_list":["post-129","page","type-page","status-publish","hentry"],"acf":[],"yoast_head":"<!-- This site is optimized with the Yoast SEO plugin v25.8 - https:\/\/yoast.com\/wordpress\/plugins\/seo\/ -->\n<title>Spa &amp; Wellness - LUA Resort Balatonf\u00fcred<\/title>\n<meta name=\"description\" content=\"Time for ourselves and for recharging ourselves is not a luxury, it is a necessity. It&#039;s what we provide at our adults-only hotel.\" \/>\n<meta name=\"robots\" content=\"index, follow, max-snippet:-1, max-image-preview:large, max-video-preview:-1\" \/>\n<link rel=\"canonical\" href=\"https:\/\/luaresort.com\/en\/spa-wellness\/\" \/>\n<meta property=\"og:locale\" content=\"en_US\" \/>\n<meta property=\"og:type\" content=\"article\" \/>\n<meta property=\"og:title\" content=\"Spa &amp; Wellness - LUA Resort Balatonf\u00fcred\" \/>\n<meta property=\"og:description\" content=\"Time for ourselves and for recharging ourselves is not a luxury, it is a necessity. It&#039;s what we provide at our adults-only hotel.\" \/>\n<meta property=\"og:url\" content=\"https:\/\/luaresort.com\/en\/spa-wellness\/\" \/>\n<meta property=\"og:site_name\" content=\"LUA Resort Balatonf\u00fcred\" \/>\n<meta property=\"article:publisher\" content=\"https:\/\/www.facebook.com\/luaresort\" \/>\n<meta property=\"article:modified_time\" content=\"2026-01-26T08:14:16+00:00\" \/>\n<meta name=\"twitter:card\" content=\"summary_large_image\" \/>\n<meta name=\"twitter:label1\" content=\"Est. reading time\" \/>\n\t<meta name=\"twitter:data1\" content=\"2 minutes\" \/>\n<script type=\"application\/ld+json\" class=\"yoast-schema-graph\">{\"@context\":\"https:\/\/schema.org\",\"@graph\":[{\"@type\":\"WebPage\",\"@id\":\"https:\/\/luaresort.com\/en\/spa-wellness\/\",\"url\":\"https:\/\/luaresort.com\/en\/spa-wellness\/\",\"name\":\"Spa & Wellness - LUA Resort Balatonf\u00fcred\",\"isPartOf\":{\"@id\":\"https:\/\/luaresort.com\/en\/#website\"},\"datePublished\":\"2022-04-04T10:31:36+00:00\",\"dateModified\":\"2026-01-26T08:14:16+00:00\",\"description\":\"Time for ourselves and for recharging ourselves is not a luxury, it is a necessity. It's what we provide at our adults-only hotel.\",\"breadcrumb\":{\"@id\":\"https:\/\/luaresort.com\/en\/spa-wellness\/#breadcrumb\"},\"inLanguage\":\"en-US\",\"potentialAction\":[{\"@type\":\"ReadAction\",\"target\":[\"https:\/\/luaresort.com\/en\/spa-wellness\/\"]}]},{\"@type\":\"BreadcrumbList\",\"@id\":\"https:\/\/luaresort.com\/en\/spa-wellness\/#breadcrumb\",\"itemListElement\":[{\"@type\":\"ListItem\",\"position\":1,\"name\":\"Kezd\u0151lap\",\"item\":\"https:\/\/luaresort.com\/en\/\"},{\"@type\":\"ListItem\",\"position\":2,\"name\":\"Spa &#038; Wellness\"}]},{\"@type\":\"WebSite\",\"@id\":\"https:\/\/luaresort.com\/en\/#website\",\"url\":\"https:\/\/luaresort.com\/en\/\",\"name\":\"LUA Resort Balatonf\u00fcred\",\"description\":\"LUA Resort***** Balatonf\u00fcred. Az \u00faj resort sz\u00e1llod\u00e1j\u00e1ban a j\u00f3l\u00e9t j\u00f3ll\u00e9ttel p\u00e1rosul. Felel\u0151s hedonizmus, fenntarthat\u00f3 luxus, szem\u00e9lyre szabott szolg\u00e1ltat\u00e1sok.\",\"publisher\":{\"@id\":\"https:\/\/luaresort.com\/en\/#organization\"},\"potentialAction\":[{\"@type\":\"SearchAction\",\"target\":{\"@type\":\"EntryPoint\",\"urlTemplate\":\"https:\/\/luaresort.com\/en\/?s={search_term_string}\"},\"query-input\":{\"@type\":\"PropertyValueSpecification\",\"valueRequired\":true,\"valueName\":\"search_term_string\"}}],\"inLanguage\":\"en-US\"},{\"@type\":\"Organization\",\"@id\":\"https:\/\/luaresort.com\/en\/#organization\",\"name\":\"LUA Resort\",\"url\":\"https:\/\/luaresort.com\/en\/\",\"logo\":{\"@type\":\"ImageObject\",\"inLanguage\":\"en-US\",\"@id\":\"https:\/\/luaresort.com\/en\/#\/schema\/logo\/image\/\",\"url\":\"https:\/\/luaresort.com\/wp-content\/uploads\/2022\/04\/lua-resort-logo.png\",\"contentUrl\":\"https:\/\/luaresort.com\/wp-content\/uploads\/2022\/04\/lua-resort-logo.png\",\"width\":2048,\"height\":2048,\"caption\":\"LUA Resort\"},\"image\":{\"@id\":\"https:\/\/luaresort.com\/en\/#\/schema\/logo\/image\/\"},\"sameAs\":[\"https:\/\/www.facebook.com\/luaresort\",\"https:\/\/www.instagram.com\/luaresort\/\"]}]}<\/script>\n<!-- \/ Yoast SEO plugin. -->","yoast_head_json":{"title":"Spa & Wellness - LUA Resort Balatonf\u00fcred","description":"Time for ourselves and for recharging ourselves is not a luxury, it is a necessity. It's what we provide at our adults-only hotel.","robots":{"index":"index","follow":"follow","max-snippet":"max-snippet:-1","max-image-preview":"max-image-preview:large","max-video-preview":"max-video-preview:-1"},"canonical":"https:\/\/luaresort.com\/en\/spa-wellness\/","og_locale":"en_US","og_type":"article","og_title":"Spa & Wellness - LUA Resort Balatonf\u00fcred","og_description":"Time for ourselves and for recharging ourselves is not a luxury, it is a necessity. It's what we provide at our adults-only hotel.","og_url":"https:\/\/luaresort.com\/en\/spa-wellness\/","og_site_name":"LUA Resort Balatonf\u00fcred","article_publisher":"https:\/\/www.facebook.com\/luaresort","article_modified_time":"2026-01-26T08:14:16+00:00","twitter_card":"summary_large_image","twitter_misc":{"Est. reading time":"2 minutes"},"schema":{"@context":"https:\/\/schema.org","@graph":[{"@type":"WebPage","@id":"https:\/\/luaresort.com\/en\/spa-wellness\/","url":"https:\/\/luaresort.com\/en\/spa-wellness\/","name":"Spa & Wellness - LUA Resort Balatonf\u00fcred","isPartOf":{"@id":"https:\/\/luaresort.com\/en\/#website"},"datePublished":"2022-04-04T10:31:36+00:00","dateModified":"2026-01-26T08:14:16+00:00","description":"Time for ourselves and for recharging ourselves is not a luxury, it is a necessity. It's what we provide at our adults-only hotel.","breadcrumb":{"@id":"https:\/\/luaresort.com\/en\/spa-wellness\/#breadcrumb"},"inLanguage":"en-US","potentialAction":[{"@type":"ReadAction","target":["https:\/\/luaresort.com\/en\/spa-wellness\/"]}]},{"@type":"BreadcrumbList","@id":"https:\/\/luaresort.com\/en\/spa-wellness\/#breadcrumb","itemListElement":[{"@type":"ListItem","position":1,"name":"Kezd\u0151lap","item":"https:\/\/luaresort.com\/en\/"},{"@type":"ListItem","position":2,"name":"Spa &#038; Wellness"}]},{"@type":"WebSite","@id":"https:\/\/luaresort.com\/en\/#website","url":"https:\/\/luaresort.com\/en\/","name":"LUA Resort Balatonf\u00fcred","description":"LUA Resort***** Balatonf\u00fcred. Az \u00faj resort sz\u00e1llod\u00e1j\u00e1ban a j\u00f3l\u00e9t j\u00f3ll\u00e9ttel p\u00e1rosul. Felel\u0151s hedonizmus, fenntarthat\u00f3 luxus, szem\u00e9lyre szabott szolg\u00e1ltat\u00e1sok.","publisher":{"@id":"https:\/\/luaresort.com\/en\/#organization"},"potentialAction":[{"@type":"SearchAction","target":{"@type":"EntryPoint","urlTemplate":"https:\/\/luaresort.com\/en\/?s={search_term_string}"},"query-input":{"@type":"PropertyValueSpecification","valueRequired":true,"valueName":"search_term_string"}}],"inLanguage":"en-US"},{"@type":"Organization","@id":"https:\/\/luaresort.com\/en\/#organization","name":"LUA Resort","url":"https:\/\/luaresort.com\/en\/","logo":{"@type":"ImageObject","inLanguage":"en-US","@id":"https:\/\/luaresort.com\/en\/#\/schema\/logo\/image\/","url":"https:\/\/luaresort.com\/wp-content\/uploads\/2022\/04\/lua-resort-logo.png","contentUrl":"https:\/\/luaresort.com\/wp-content\/uploads\/2022\/04\/lua-resort-logo.png","width":2048,"height":2048,"caption":"LUA Resort"},"image":{"@id":"https:\/\/luaresort.com\/en\/#\/schema\/logo\/image\/"},"sameAs":["https:\/\/www.facebook.com\/luaresort","https:\/\/www.instagram.com\/luaresort\/"]}]}},"jetpack_sharing_enabled":true,"_links":{"self":[{"href":"https:\/\/luaresort.com\/en\/wp-json\/wp\/v2\/pages\/129","targetHints":{"allow":["GET"]}}],"collection":[{"href":"https:\/\/luaresort.com\/en\/wp-json\/wp\/v2\/pages"}],"about":[{"href":"https:\/\/luaresort.com\/en\/wp-json\/wp\/v2\/types\/page"}],"author":[{"embeddable":true,"href":"https:\/\/luaresort.com\/en\/wp-json\/wp\/v2\/users\/1"}],"replies":[{"embeddable":true,"href":"https:\/\/luaresort.com\/en\/wp-json\/wp\/v2\/comments?post=129"}],"version-history":[{"count":20,"href":"https:\/\/luaresort.com\/en\/wp-json\/wp\/v2\/pages\/129\/revisions"}],"predecessor-version":[{"id":22796,"href":"https:\/\/luaresort.com\/en\/wp-json\/wp\/v2\/pages\/129\/revisions\/22796"}],"wp:attachment":[{"href":"https:\/\/luaresort.com\/en\/wp-json\/wp\/v2\/media?parent=129"}],"curies":[{"name":"wp","href":"https:\/\/api.w.org\/{rel}","templated":true}]}}