{"id":1271,"date":"2022-05-02T14:20:02","date_gmt":"2022-05-02T12:20:02","guid":{"rendered":"https:\/\/luaresort.com\/spa-wellness\/omorovicza\/"},"modified":"2023-07-03T10:38:58","modified_gmt":"2023-07-03T08:38:58","slug":"omorovicza","status":"publish","type":"page","link":"https:\/\/luaresort.com\/en\/spa-wellness\/omorovicza\/","title":{"rendered":"Omorovicza"},"content":{"rendered":"\n<div class=\"wp-block-group grouped-content\"><div class=\"wp-block-group__inner-container is-layout-flow wp-block-group-is-layout-flow\">\n<div class=\"wp-block-group is-layout-flex wp-block-group-is-layout-flex\">\n<div class=\"wp-block-columns row is-layout-flex wp-container-core-columns-is-layout-9d6595d7 wp-block-columns-is-layout-flex\">\n<div class=\"wp-block-column col-lg-4 is-layout-flow wp-block-column-is-layout-flow\" style=\"flex-basis:33.33%\"><\/div>\n\n\n\n<div class=\"wp-block-column col-lg-8 is-layout-flow wp-block-column-is-layout-flow\" style=\"flex-basis:66.66%\">\n<p><strong>Beauty is a choice. At LUA Resort*****Balatonf\u00fcred we can help you to make your skin glow.<\/strong><\/p>\n\n\n\n<p>The magic of the healing waters come from their unique mix of minerals and trace elements. The beneficial properties of the healing waters to the bathers\u2019 skin is well known. In the thermal baths the minerals only have effect on the surface of the skin. \u00a0Less well known is the fact that they do not absorb into the skin &#8211; they are not &#8220;bio-available&#8221;. To capture the magic, it was essential to find a way to deliver these minerals deep into the epidermis.<\/p>\n\n\n\n<p>Stephen de Heinrich de Omorovicza, whose ancestors the Omorovicza family built a beautiful thermal bath, the Racz Furdo In the 1800\u2019s decided to deepen the research on the potentials of the wonderful healing waters in Hungary with the help of well-known scientists of Szeged University. Together, they developed and patented the Healing Concentrate\u2122, a unique complex that is able to deliver the therapeutic minerals to the deepest layers of the skin.<\/p>\n\n\n\n<p>The OMOROVICZA brand now has gained a prestigious place in the worlds luxury cosmetics and spa brands. Its success is thanks to the production using the latest technology combining the active substances with natural ingredients in perfect harmony, as well as their extraordinary massages based on the human touch. OMOROVICZA believes in clean skin care therefore all of their products are free from unsafe synthetic ingredients.<\/p>\n\n\n\n<p>The products used in the treatments are available for purchase, so you don&#8217;t have to miss out on iconic products at home. For more information, please contact the Spa Reception.<\/p>\n<\/div>\n<\/div>\n<\/div>\n<\/div><\/div>\n","protected":false},"excerpt":{"rendered":"<p>The luxury cosmetics brand that has made Hungarian thermal waters and the traditional Hungarian facial massage&#8217;s beautifying effect world-famous.<\/p>\n","protected":false},"author":1,"featured_media":757,"parent":129,"menu_order":2,"comment_status":"closed","ping_status":"closed","template":"template-product.php","meta":{"inline_featured_image":false,"footnotes":""},"class_list":["post-1271","page","type-page","status-publish","has-post-thumbnail","hentry"],"acf":[],"yoast_head":"<!-- This site is optimized with the Yoast SEO plugin v25.8 - https:\/\/yoast.com\/wordpress\/plugins\/seo\/ -->\n<title>Omorovicza - LUA Resort Balatonf\u00fcred<\/title>\n<meta name=\"description\" content=\"Beauty is a choice. At LUA Resort*****Balatonf\u00fcred we can help you to make your skin glow.\" \/>\n<meta name=\"robots\" content=\"index, follow, max-snippet:-1, max-image-preview:large, max-video-preview:-1\" \/>\n<link rel=\"canonical\" href=\"https:\/\/luaresort.com\/en\/spa-wellness\/omorovicza\/\" \/>\n<meta property=\"og:locale\" content=\"en_US\" \/>\n<meta property=\"og:type\" content=\"article\" \/>\n<meta property=\"og:title\" content=\"Omorovicza - LUA Resort Balatonf\u00fcred\" \/>\n<meta property=\"og:description\" content=\"Beauty is a choice. At LUA Resort*****Balatonf\u00fcred we can help you to make your skin glow.\" \/>\n<meta property=\"og:url\" content=\"https:\/\/luaresort.com\/en\/spa-wellness\/omorovicza\/\" \/>\n<meta property=\"og:site_name\" content=\"LUA Resort Balatonf\u00fcred\" \/>\n<meta property=\"article:publisher\" content=\"https:\/\/www.facebook.com\/luaresort\" \/>\n<meta property=\"article:modified_time\" content=\"2023-07-03T08:38:58+00:00\" \/>\n<meta property=\"og:image\" content=\"https:\/\/luaresort.com\/wp-content\/uploads\/2022\/05\/luaresort-omorovicza-thumbnail.jpg\" \/>\n\t<meta property=\"og:image:width\" content=\"1440\" \/>\n\t<meta property=\"og:image:height\" content=\"1080\" \/>\n\t<meta property=\"og:image:type\" content=\"image\/jpeg\" \/>\n<meta name=\"twitter:card\" content=\"summary_large_image\" \/>\n<meta name=\"twitter:label1\" content=\"Est. reading time\" \/>\n\t<meta name=\"twitter:data1\" content=\"1 minute\" \/>\n<script type=\"application\/ld+json\" class=\"yoast-schema-graph\">{\"@context\":\"https:\/\/schema.org\",\"@graph\":[{\"@type\":\"WebPage\",\"@id\":\"https:\/\/luaresort.com\/en\/spa-wellness\/omorovicza\/\",\"url\":\"https:\/\/luaresort.com\/en\/spa-wellness\/omorovicza\/\",\"name\":\"Omorovicza - LUA Resort Balatonf\u00fcred\",\"isPartOf\":{\"@id\":\"https:\/\/luaresort.com\/en\/#website\"},\"primaryImageOfPage\":{\"@id\":\"https:\/\/luaresort.com\/en\/spa-wellness\/omorovicza\/#primaryimage\"},\"image\":{\"@id\":\"https:\/\/luaresort.com\/en\/spa-wellness\/omorovicza\/#primaryimage\"},\"thumbnailUrl\":\"https:\/\/i0.wp.com\/luaresort.com\/wp-content\/uploads\/2022\/05\/luaresort-omorovicza-thumbnail.jpg?fit=1440%2C1080&ssl=1\",\"datePublished\":\"2022-05-02T12:20:02+00:00\",\"dateModified\":\"2023-07-03T08:38:58+00:00\",\"description\":\"Beauty is a choice. At LUA Resort*****Balatonf\u00fcred we can help you to make your skin glow.\",\"breadcrumb\":{\"@id\":\"https:\/\/luaresort.com\/en\/spa-wellness\/omorovicza\/#breadcrumb\"},\"inLanguage\":\"en-US\",\"potentialAction\":[{\"@type\":\"ReadAction\",\"target\":[\"https:\/\/luaresort.com\/en\/spa-wellness\/omorovicza\/\"]}]},{\"@type\":\"ImageObject\",\"inLanguage\":\"en-US\",\"@id\":\"https:\/\/luaresort.com\/en\/spa-wellness\/omorovicza\/#primaryimage\",\"url\":\"https:\/\/i0.wp.com\/luaresort.com\/wp-content\/uploads\/2022\/05\/luaresort-omorovicza-thumbnail.jpg?fit=1440%2C1080&ssl=1\",\"contentUrl\":\"https:\/\/i0.wp.com\/luaresort.com\/wp-content\/uploads\/2022\/05\/luaresort-omorovicza-thumbnail.jpg?fit=1440%2C1080&ssl=1\",\"width\":1440,\"height\":1080},{\"@type\":\"BreadcrumbList\",\"@id\":\"https:\/\/luaresort.com\/en\/spa-wellness\/omorovicza\/#breadcrumb\",\"itemListElement\":[{\"@type\":\"ListItem\",\"position\":1,\"name\":\"Kezd\u0151lap\",\"item\":\"https:\/\/luaresort.com\/en\/\"},{\"@type\":\"ListItem\",\"position\":2,\"name\":\"Spa &#038; Wellness\",\"item\":\"https:\/\/luaresort.com\/en\/spa-wellness\/\"},{\"@type\":\"ListItem\",\"position\":3,\"name\":\"Omorovicza\"}]},{\"@type\":\"WebSite\",\"@id\":\"https:\/\/luaresort.com\/en\/#website\",\"url\":\"https:\/\/luaresort.com\/en\/\",\"name\":\"LUA Resort Balatonf\u00fcred\",\"description\":\"LUA Resort***** Balatonf\u00fcred. Az \u00faj resort sz\u00e1llod\u00e1j\u00e1ban a j\u00f3l\u00e9t j\u00f3ll\u00e9ttel p\u00e1rosul. Felel\u0151s hedonizmus, fenntarthat\u00f3 luxus, szem\u00e9lyre szabott szolg\u00e1ltat\u00e1sok.\",\"publisher\":{\"@id\":\"https:\/\/luaresort.com\/en\/#organization\"},\"potentialAction\":[{\"@type\":\"SearchAction\",\"target\":{\"@type\":\"EntryPoint\",\"urlTemplate\":\"https:\/\/luaresort.com\/en\/?s={search_term_string}\"},\"query-input\":{\"@type\":\"PropertyValueSpecification\",\"valueRequired\":true,\"valueName\":\"search_term_string\"}}],\"inLanguage\":\"en-US\"},{\"@type\":\"Organization\",\"@id\":\"https:\/\/luaresort.com\/en\/#organization\",\"name\":\"LUA Resort\",\"url\":\"https:\/\/luaresort.com\/en\/\",\"logo\":{\"@type\":\"ImageObject\",\"inLanguage\":\"en-US\",\"@id\":\"https:\/\/luaresort.com\/en\/#\/schema\/logo\/image\/\",\"url\":\"https:\/\/luaresort.com\/wp-content\/uploads\/2022\/04\/lua-resort-logo.png\",\"contentUrl\":\"https:\/\/luaresort.com\/wp-content\/uploads\/2022\/04\/lua-resort-logo.png\",\"width\":2048,\"height\":2048,\"caption\":\"LUA Resort\"},\"image\":{\"@id\":\"https:\/\/luaresort.com\/en\/#\/schema\/logo\/image\/\"},\"sameAs\":[\"https:\/\/www.facebook.com\/luaresort\",\"https:\/\/www.instagram.com\/luaresort\/\"]}]}<\/script>\n<!-- \/ Yoast SEO plugin. -->","yoast_head_json":{"title":"Omorovicza - LUA Resort Balatonf\u00fcred","description":"Beauty is a choice. At LUA Resort*****Balatonf\u00fcred we can help you to make your skin glow.","robots":{"index":"index","follow":"follow","max-snippet":"max-snippet:-1","max-image-preview":"max-image-preview:large","max-video-preview":"max-video-preview:-1"},"canonical":"https:\/\/luaresort.com\/en\/spa-wellness\/omorovicza\/","og_locale":"en_US","og_type":"article","og_title":"Omorovicza - LUA Resort Balatonf\u00fcred","og_description":"Beauty is a choice. At LUA Resort*****Balatonf\u00fcred we can help you to make your skin glow.","og_url":"https:\/\/luaresort.com\/en\/spa-wellness\/omorovicza\/","og_site_name":"LUA Resort Balatonf\u00fcred","article_publisher":"https:\/\/www.facebook.com\/luaresort","article_modified_time":"2023-07-03T08:38:58+00:00","og_image":[{"width":1440,"height":1080,"url":"https:\/\/luaresort.com\/wp-content\/uploads\/2022\/05\/luaresort-omorovicza-thumbnail.jpg","type":"image\/jpeg"}],"twitter_card":"summary_large_image","twitter_misc":{"Est. reading time":"1 minute"},"schema":{"@context":"https:\/\/schema.org","@graph":[{"@type":"WebPage","@id":"https:\/\/luaresort.com\/en\/spa-wellness\/omorovicza\/","url":"https:\/\/luaresort.com\/en\/spa-wellness\/omorovicza\/","name":"Omorovicza - LUA Resort Balatonf\u00fcred","isPartOf":{"@id":"https:\/\/luaresort.com\/en\/#website"},"primaryImageOfPage":{"@id":"https:\/\/luaresort.com\/en\/spa-wellness\/omorovicza\/#primaryimage"},"image":{"@id":"https:\/\/luaresort.com\/en\/spa-wellness\/omorovicza\/#primaryimage"},"thumbnailUrl":"https:\/\/i0.wp.com\/luaresort.com\/wp-content\/uploads\/2022\/05\/luaresort-omorovicza-thumbnail.jpg?fit=1440%2C1080&ssl=1","datePublished":"2022-05-02T12:20:02+00:00","dateModified":"2023-07-03T08:38:58+00:00","description":"Beauty is a choice. At LUA Resort*****Balatonf\u00fcred we can help you to make your skin glow.","breadcrumb":{"@id":"https:\/\/luaresort.com\/en\/spa-wellness\/omorovicza\/#breadcrumb"},"inLanguage":"en-US","potentialAction":[{"@type":"ReadAction","target":["https:\/\/luaresort.com\/en\/spa-wellness\/omorovicza\/"]}]},{"@type":"ImageObject","inLanguage":"en-US","@id":"https:\/\/luaresort.com\/en\/spa-wellness\/omorovicza\/#primaryimage","url":"https:\/\/i0.wp.com\/luaresort.com\/wp-content\/uploads\/2022\/05\/luaresort-omorovicza-thumbnail.jpg?fit=1440%2C1080&ssl=1","contentUrl":"https:\/\/i0.wp.com\/luaresort.com\/wp-content\/uploads\/2022\/05\/luaresort-omorovicza-thumbnail.jpg?fit=1440%2C1080&ssl=1","width":1440,"height":1080},{"@type":"BreadcrumbList","@id":"https:\/\/luaresort.com\/en\/spa-wellness\/omorovicza\/#breadcrumb","itemListElement":[{"@type":"ListItem","position":1,"name":"Kezd\u0151lap","item":"https:\/\/luaresort.com\/en\/"},{"@type":"ListItem","position":2,"name":"Spa &#038; Wellness","item":"https:\/\/luaresort.com\/en\/spa-wellness\/"},{"@type":"ListItem","position":3,"name":"Omorovicza"}]},{"@type":"WebSite","@id":"https:\/\/luaresort.com\/en\/#website","url":"https:\/\/luaresort.com\/en\/","name":"LUA Resort Balatonf\u00fcred","description":"LUA Resort***** Balatonf\u00fcred. Az \u00faj resort sz\u00e1llod\u00e1j\u00e1ban a j\u00f3l\u00e9t j\u00f3ll\u00e9ttel p\u00e1rosul. Felel\u0151s hedonizmus, fenntarthat\u00f3 luxus, szem\u00e9lyre szabott szolg\u00e1ltat\u00e1sok.","publisher":{"@id":"https:\/\/luaresort.com\/en\/#organization"},"potentialAction":[{"@type":"SearchAction","target":{"@type":"EntryPoint","urlTemplate":"https:\/\/luaresort.com\/en\/?s={search_term_string}"},"query-input":{"@type":"PropertyValueSpecification","valueRequired":true,"valueName":"search_term_string"}}],"inLanguage":"en-US"},{"@type":"Organization","@id":"https:\/\/luaresort.com\/en\/#organization","name":"LUA Resort","url":"https:\/\/luaresort.com\/en\/","logo":{"@type":"ImageObject","inLanguage":"en-US","@id":"https:\/\/luaresort.com\/en\/#\/schema\/logo\/image\/","url":"https:\/\/luaresort.com\/wp-content\/uploads\/2022\/04\/lua-resort-logo.png","contentUrl":"https:\/\/luaresort.com\/wp-content\/uploads\/2022\/04\/lua-resort-logo.png","width":2048,"height":2048,"caption":"LUA Resort"},"image":{"@id":"https:\/\/luaresort.com\/en\/#\/schema\/logo\/image\/"},"sameAs":["https:\/\/www.facebook.com\/luaresort","https:\/\/www.instagram.com\/luaresort\/"]}]}},"jetpack_sharing_enabled":true,"_links":{"self":[{"href":"https:\/\/luaresort.com\/en\/wp-json\/wp\/v2\/pages\/1271","targetHints":{"allow":["GET"]}}],"collection":[{"href":"https:\/\/luaresort.com\/en\/wp-json\/wp\/v2\/pages"}],"about":[{"href":"https:\/\/luaresort.com\/en\/wp-json\/wp\/v2\/types\/page"}],"author":[{"embeddable":true,"href":"https:\/\/luaresort.com\/en\/wp-json\/wp\/v2\/users\/1"}],"replies":[{"embeddable":true,"href":"https:\/\/luaresort.com\/en\/wp-json\/wp\/v2\/comments?post=1271"}],"version-history":[{"count":5,"href":"https:\/\/luaresort.com\/en\/wp-json\/wp\/v2\/pages\/1271\/revisions"}],"predecessor-version":[{"id":11975,"href":"https:\/\/luaresort.com\/en\/wp-json\/wp\/v2\/pages\/1271\/revisions\/11975"}],"up":[{"embeddable":true,"href":"https:\/\/luaresort.com\/en\/wp-json\/wp\/v2\/pages\/129"}],"wp:featuredmedia":[{"embeddable":true,"href":"https:\/\/luaresort.com\/en\/wp-json\/wp\/v2\/media\/757"}],"wp:attachment":[{"href":"https:\/\/luaresort.com\/en\/wp-json\/wp\/v2\/media?parent=1271"}],"curies":[{"name":"wp","href":"https:\/\/api.w.org\/{rel}","templated":true}]}}