{"id":1252,"date":"2022-05-16T22:28:54","date_gmt":"2022-05-16T20:28:54","guid":{"rendered":"https:\/\/luaresort.com\/culinary-bar-culture\/lua-coffee\/"},"modified":"2023-01-12T00:15:40","modified_gmt":"2023-01-11T23:15:40","slug":"lua-coffee","status":"publish","type":"page","link":"https:\/\/luaresort.com\/en\/culinary-bar-culture\/lua-coffee\/","title":{"rendered":"LUA Coffee"},"content":{"rendered":"\n<div class=\"wp-block-group grouped-content\"><div class=\"wp-block-group__inner-container is-layout-flow wp-block-group-is-layout-flow\">\n<div class=\"wp-block-group is-layout-flex wp-block-group-is-layout-flex\">\n<div class=\"wp-block-columns row is-layout-flex wp-container-core-columns-is-layout-9d6595d7 wp-block-columns-is-layout-flex\">\n<div class=\"wp-block-column col-lg-4 is-layout-flow wp-block-column-is-layout-flow\" style=\"flex-basis:33.33%\">\n<h2 class=\"wp-block-heading\">We are in mythical harmony with caffeine.<\/h2>\n<\/div>\n\n\n\n<div class=\"wp-block-column col-lg-8 is-layout-flow wp-block-column-is-layout-flow\" style=\"flex-basis:66.66%\">\n<p>The unique roasting and premium quality coffee that is prepared by our professional baristas from OneEleven&#8217;s unique roasted beans at the coffee station, conveniently located in the middle of the restaurant. At LUA Resort with our colleagues we strive to provide services that are beyond traditional coffee consumption, and with the personal assistance of our baristas we could provide a quality alternative to those held captive by capsuled coffee. &#13;\n&#13;\nOne of the features of the coffee programme is the different roasting by every season, and this unique selection is also available in smaller quantity for our guests to take home as well as in unique wrapping sold as merchandise, so you don&#8217;t have to say good-bye to the LUA coffee experience even after leaving the LUA Resort. &#13;\n<\/p>\n\n\n\n<p>In case all of the above wasn&#8217;t enough; we placed a Nespresso machine in your room equipped with LUA Speciality CoffeeTM coffee capsules with our own roasting.<\/p>\n<\/div>\n<\/div>\n<\/div>\n<\/div><\/div>\n","protected":false},"excerpt":{"rendered":"<p>Unique roasting, premium quality OneEleven coffee that is prepared by our professional at the coffee station, conveniently located in the middle of the restaurant.<\/p>\n","protected":false},"author":1,"featured_media":783,"parent":1245,"menu_order":5,"comment_status":"closed","ping_status":"closed","template":"template-product.php","meta":{"inline_featured_image":false,"footnotes":""},"class_list":["post-1252","page","type-page","status-publish","has-post-thumbnail","hentry"],"acf":[],"yoast_head":"<!-- This site is optimized with the Yoast SEO plugin v25.8 - https:\/\/yoast.com\/wordpress\/plugins\/seo\/ -->\n<title>LUA Coffee - LUA Resort Balatonf\u00fcred<\/title>\n<meta name=\"robots\" content=\"index, follow, max-snippet:-1, max-image-preview:large, max-video-preview:-1\" \/>\n<link rel=\"canonical\" href=\"https:\/\/luaresort.com\/en\/culinary-bar-culture\/lua-coffee\/\" \/>\n<meta property=\"og:locale\" content=\"en_US\" \/>\n<meta property=\"og:type\" content=\"article\" \/>\n<meta property=\"og:title\" content=\"LUA Coffee - LUA Resort Balatonf\u00fcred\" \/>\n<meta property=\"og:description\" content=\"Unique roasting, premium quality OneEleven coffee that is prepared by our professional at the coffee station, conveniently located in the middle of the restaurant.\" \/>\n<meta property=\"og:url\" content=\"https:\/\/luaresort.com\/en\/culinary-bar-culture\/lua-coffee\/\" \/>\n<meta property=\"og:site_name\" content=\"LUA Resort Balatonf\u00fcred\" \/>\n<meta property=\"article:publisher\" content=\"https:\/\/www.facebook.com\/luaresort\" \/>\n<meta property=\"article:modified_time\" content=\"2023-01-11T23:15:40+00:00\" \/>\n<meta property=\"og:image\" content=\"https:\/\/i0.wp.com\/luaresort.com\/wp-content\/uploads\/2022\/05\/luaresort-coffee-thumbnail.jpg?fit=1440%2C1080&ssl=1\" \/>\n\t<meta property=\"og:image:width\" content=\"1440\" \/>\n\t<meta property=\"og:image:height\" content=\"1080\" \/>\n\t<meta property=\"og:image:type\" content=\"image\/jpeg\" \/>\n<meta name=\"twitter:card\" content=\"summary_large_image\" \/>\n<meta name=\"twitter:label1\" content=\"Est. reading time\" \/>\n\t<meta name=\"twitter:data1\" content=\"1 minute\" \/>\n<script type=\"application\/ld+json\" class=\"yoast-schema-graph\">{\"@context\":\"https:\/\/schema.org\",\"@graph\":[{\"@type\":\"WebPage\",\"@id\":\"https:\/\/luaresort.com\/en\/culinary-bar-culture\/lua-coffee\/\",\"url\":\"https:\/\/luaresort.com\/en\/culinary-bar-culture\/lua-coffee\/\",\"name\":\"LUA Coffee - LUA Resort Balatonf\u00fcred\",\"isPartOf\":{\"@id\":\"https:\/\/luaresort.com\/en\/#website\"},\"primaryImageOfPage\":{\"@id\":\"https:\/\/luaresort.com\/en\/culinary-bar-culture\/lua-coffee\/#primaryimage\"},\"image\":{\"@id\":\"https:\/\/luaresort.com\/en\/culinary-bar-culture\/lua-coffee\/#primaryimage\"},\"thumbnailUrl\":\"https:\/\/i0.wp.com\/luaresort.com\/wp-content\/uploads\/2022\/05\/luaresort-coffee-thumbnail.jpg?fit=1440%2C1080&ssl=1\",\"datePublished\":\"2022-05-16T20:28:54+00:00\",\"dateModified\":\"2023-01-11T23:15:40+00:00\",\"breadcrumb\":{\"@id\":\"https:\/\/luaresort.com\/en\/culinary-bar-culture\/lua-coffee\/#breadcrumb\"},\"inLanguage\":\"en-US\",\"potentialAction\":[{\"@type\":\"ReadAction\",\"target\":[\"https:\/\/luaresort.com\/en\/culinary-bar-culture\/lua-coffee\/\"]}]},{\"@type\":\"ImageObject\",\"inLanguage\":\"en-US\",\"@id\":\"https:\/\/luaresort.com\/en\/culinary-bar-culture\/lua-coffee\/#primaryimage\",\"url\":\"https:\/\/i0.wp.com\/luaresort.com\/wp-content\/uploads\/2022\/05\/luaresort-coffee-thumbnail.jpg?fit=1440%2C1080&ssl=1\",\"contentUrl\":\"https:\/\/i0.wp.com\/luaresort.com\/wp-content\/uploads\/2022\/05\/luaresort-coffee-thumbnail.jpg?fit=1440%2C1080&ssl=1\",\"width\":1440,\"height\":1080},{\"@type\":\"BreadcrumbList\",\"@id\":\"https:\/\/luaresort.com\/en\/culinary-bar-culture\/lua-coffee\/#breadcrumb\",\"itemListElement\":[{\"@type\":\"ListItem\",\"position\":1,\"name\":\"Kezd\u0151lap\",\"item\":\"https:\/\/luaresort.com\/en\/\"},{\"@type\":\"ListItem\",\"position\":2,\"name\":\"Culinary &#038; Bar culture\",\"item\":\"https:\/\/luaresort.com\/en\/culinary-bar-culture\/\"},{\"@type\":\"ListItem\",\"position\":3,\"name\":\"LUA Coffee\"}]},{\"@type\":\"WebSite\",\"@id\":\"https:\/\/luaresort.com\/en\/#website\",\"url\":\"https:\/\/luaresort.com\/en\/\",\"name\":\"LUA Resort Balatonf\u00fcred\",\"description\":\"LUA Resort***** Balatonf\u00fcred. Az \u00faj resort sz\u00e1llod\u00e1j\u00e1ban a j\u00f3l\u00e9t j\u00f3ll\u00e9ttel p\u00e1rosul. Felel\u0151s hedonizmus, fenntarthat\u00f3 luxus, szem\u00e9lyre szabott szolg\u00e1ltat\u00e1sok.\",\"publisher\":{\"@id\":\"https:\/\/luaresort.com\/en\/#organization\"},\"potentialAction\":[{\"@type\":\"SearchAction\",\"target\":{\"@type\":\"EntryPoint\",\"urlTemplate\":\"https:\/\/luaresort.com\/en\/?s={search_term_string}\"},\"query-input\":{\"@type\":\"PropertyValueSpecification\",\"valueRequired\":true,\"valueName\":\"search_term_string\"}}],\"inLanguage\":\"en-US\"},{\"@type\":\"Organization\",\"@id\":\"https:\/\/luaresort.com\/en\/#organization\",\"name\":\"LUA Resort\",\"url\":\"https:\/\/luaresort.com\/en\/\",\"logo\":{\"@type\":\"ImageObject\",\"inLanguage\":\"en-US\",\"@id\":\"https:\/\/luaresort.com\/en\/#\/schema\/logo\/image\/\",\"url\":\"https:\/\/luaresort.com\/wp-content\/uploads\/2022\/04\/lua-resort-logo.png\",\"contentUrl\":\"https:\/\/luaresort.com\/wp-content\/uploads\/2022\/04\/lua-resort-logo.png\",\"width\":2048,\"height\":2048,\"caption\":\"LUA Resort\"},\"image\":{\"@id\":\"https:\/\/luaresort.com\/en\/#\/schema\/logo\/image\/\"},\"sameAs\":[\"https:\/\/www.facebook.com\/luaresort\",\"https:\/\/www.instagram.com\/luaresort\/\"]}]}<\/script>\n<!-- \/ Yoast SEO plugin. -->","yoast_head_json":{"title":"LUA Coffee - LUA Resort Balatonf\u00fcred","robots":{"index":"index","follow":"follow","max-snippet":"max-snippet:-1","max-image-preview":"max-image-preview:large","max-video-preview":"max-video-preview:-1"},"canonical":"https:\/\/luaresort.com\/en\/culinary-bar-culture\/lua-coffee\/","og_locale":"en_US","og_type":"article","og_title":"LUA Coffee - LUA Resort Balatonf\u00fcred","og_description":"Unique roasting, premium quality OneEleven coffee that is prepared by our professional at the coffee station, conveniently located in the middle of the restaurant.","og_url":"https:\/\/luaresort.com\/en\/culinary-bar-culture\/lua-coffee\/","og_site_name":"LUA Resort Balatonf\u00fcred","article_publisher":"https:\/\/www.facebook.com\/luaresort","article_modified_time":"2023-01-11T23:15:40+00:00","og_image":[{"width":1440,"height":1080,"url":"https:\/\/i0.wp.com\/luaresort.com\/wp-content\/uploads\/2022\/05\/luaresort-coffee-thumbnail.jpg?fit=1440%2C1080&ssl=1","type":"image\/jpeg"}],"twitter_card":"summary_large_image","twitter_misc":{"Est. reading time":"1 minute"},"schema":{"@context":"https:\/\/schema.org","@graph":[{"@type":"WebPage","@id":"https:\/\/luaresort.com\/en\/culinary-bar-culture\/lua-coffee\/","url":"https:\/\/luaresort.com\/en\/culinary-bar-culture\/lua-coffee\/","name":"LUA Coffee - LUA Resort Balatonf\u00fcred","isPartOf":{"@id":"https:\/\/luaresort.com\/en\/#website"},"primaryImageOfPage":{"@id":"https:\/\/luaresort.com\/en\/culinary-bar-culture\/lua-coffee\/#primaryimage"},"image":{"@id":"https:\/\/luaresort.com\/en\/culinary-bar-culture\/lua-coffee\/#primaryimage"},"thumbnailUrl":"https:\/\/i0.wp.com\/luaresort.com\/wp-content\/uploads\/2022\/05\/luaresort-coffee-thumbnail.jpg?fit=1440%2C1080&ssl=1","datePublished":"2022-05-16T20:28:54+00:00","dateModified":"2023-01-11T23:15:40+00:00","breadcrumb":{"@id":"https:\/\/luaresort.com\/en\/culinary-bar-culture\/lua-coffee\/#breadcrumb"},"inLanguage":"en-US","potentialAction":[{"@type":"ReadAction","target":["https:\/\/luaresort.com\/en\/culinary-bar-culture\/lua-coffee\/"]}]},{"@type":"ImageObject","inLanguage":"en-US","@id":"https:\/\/luaresort.com\/en\/culinary-bar-culture\/lua-coffee\/#primaryimage","url":"https:\/\/i0.wp.com\/luaresort.com\/wp-content\/uploads\/2022\/05\/luaresort-coffee-thumbnail.jpg?fit=1440%2C1080&ssl=1","contentUrl":"https:\/\/i0.wp.com\/luaresort.com\/wp-content\/uploads\/2022\/05\/luaresort-coffee-thumbnail.jpg?fit=1440%2C1080&ssl=1","width":1440,"height":1080},{"@type":"BreadcrumbList","@id":"https:\/\/luaresort.com\/en\/culinary-bar-culture\/lua-coffee\/#breadcrumb","itemListElement":[{"@type":"ListItem","position":1,"name":"Kezd\u0151lap","item":"https:\/\/luaresort.com\/en\/"},{"@type":"ListItem","position":2,"name":"Culinary &#038; Bar culture","item":"https:\/\/luaresort.com\/en\/culinary-bar-culture\/"},{"@type":"ListItem","position":3,"name":"LUA Coffee"}]},{"@type":"WebSite","@id":"https:\/\/luaresort.com\/en\/#website","url":"https:\/\/luaresort.com\/en\/","name":"LUA Resort Balatonf\u00fcred","description":"LUA Resort***** Balatonf\u00fcred. Az \u00faj resort sz\u00e1llod\u00e1j\u00e1ban a j\u00f3l\u00e9t j\u00f3ll\u00e9ttel p\u00e1rosul. Felel\u0151s hedonizmus, fenntarthat\u00f3 luxus, szem\u00e9lyre szabott szolg\u00e1ltat\u00e1sok.","publisher":{"@id":"https:\/\/luaresort.com\/en\/#organization"},"potentialAction":[{"@type":"SearchAction","target":{"@type":"EntryPoint","urlTemplate":"https:\/\/luaresort.com\/en\/?s={search_term_string}"},"query-input":{"@type":"PropertyValueSpecification","valueRequired":true,"valueName":"search_term_string"}}],"inLanguage":"en-US"},{"@type":"Organization","@id":"https:\/\/luaresort.com\/en\/#organization","name":"LUA Resort","url":"https:\/\/luaresort.com\/en\/","logo":{"@type":"ImageObject","inLanguage":"en-US","@id":"https:\/\/luaresort.com\/en\/#\/schema\/logo\/image\/","url":"https:\/\/luaresort.com\/wp-content\/uploads\/2022\/04\/lua-resort-logo.png","contentUrl":"https:\/\/luaresort.com\/wp-content\/uploads\/2022\/04\/lua-resort-logo.png","width":2048,"height":2048,"caption":"LUA Resort"},"image":{"@id":"https:\/\/luaresort.com\/en\/#\/schema\/logo\/image\/"},"sameAs":["https:\/\/www.facebook.com\/luaresort","https:\/\/www.instagram.com\/luaresort\/"]}]}},"jetpack_sharing_enabled":true,"_links":{"self":[{"href":"https:\/\/luaresort.com\/en\/wp-json\/wp\/v2\/pages\/1252","targetHints":{"allow":["GET"]}}],"collection":[{"href":"https:\/\/luaresort.com\/en\/wp-json\/wp\/v2\/pages"}],"about":[{"href":"https:\/\/luaresort.com\/en\/wp-json\/wp\/v2\/types\/page"}],"author":[{"embeddable":true,"href":"https:\/\/luaresort.com\/en\/wp-json\/wp\/v2\/users\/1"}],"replies":[{"embeddable":true,"href":"https:\/\/luaresort.com\/en\/wp-json\/wp\/v2\/comments?post=1252"}],"version-history":[{"count":1,"href":"https:\/\/luaresort.com\/en\/wp-json\/wp\/v2\/pages\/1252\/revisions"}],"predecessor-version":[{"id":1253,"href":"https:\/\/luaresort.com\/en\/wp-json\/wp\/v2\/pages\/1252\/revisions\/1253"}],"up":[{"embeddable":true,"href":"https:\/\/luaresort.com\/en\/wp-json\/wp\/v2\/pages\/1245"}],"wp:featuredmedia":[{"embeddable":true,"href":"https:\/\/luaresort.com\/en\/wp-json\/wp\/v2\/media\/783"}],"wp:attachment":[{"href":"https:\/\/luaresort.com\/en\/wp-json\/wp\/v2\/media?parent=1252"}],"curies":[{"name":"wp","href":"https:\/\/api.w.org\/{rel}","templated":true}]}}