{"id":1243,"date":"2022-05-11T21:00:29","date_gmt":"2022-05-11T19:00:29","guid":{"rendered":"https:\/\/luaresort.com\/noon-bar\/"},"modified":"2026-01-23T17:56:33","modified_gmt":"2026-01-23T16:56:33","slug":"noon-bar","status":"publish","type":"page","link":"https:\/\/luaresort.com\/en\/culinary-bar-culture\/noon-bar\/","title":{"rendered":"NOON Bar"},"content":{"rendered":"\n<p>After rushing weekdays everyone is seeking for real quality time; to feel just as if they were under a glass cloche, where time really and truly slows down, and the world is filled with content. At NOON Bar we have created a unique atmosphere, where you can feel a certain charge in the air, in the most positive way. Our cocktails all have something in common: they all have a little twist, a hint of magic. All of them aim at one of our senses; and the experience becomes a whole, that the flavours and the scents playfully compliment each other. Can you see, feel, sense it?<\/p>\n","protected":false},"excerpt":{"rendered":"<p>When the smoke is gone, the experience stays with you forever&#8230; Let us introduce you to the menu of the cocktail bar, where the experience comes from the harmonic unity of the following three things: visional experience, flavour and aroma.<\/p>\n","protected":false},"author":1,"featured_media":1720,"parent":1245,"menu_order":2,"comment_status":"closed","ping_status":"closed","template":"template-parent.php","meta":{"inline_featured_image":false,"footnotes":""},"class_list":["post-1243","page","type-page","status-publish","has-post-thumbnail","hentry"],"acf":[],"yoast_head":"<!-- This site is optimized with the Yoast SEO plugin v25.8 - https:\/\/yoast.com\/wordpress\/plugins\/seo\/ -->\n<title>NOON Bar - LUA Resort Balatonf\u00fcred<\/title>\n<meta name=\"robots\" content=\"index, follow, max-snippet:-1, max-image-preview:large, max-video-preview:-1\" \/>\n<link rel=\"canonical\" href=\"https:\/\/luaresort.com\/en\/culinary-bar-culture\/noon-bar\/\" \/>\n<meta property=\"og:locale\" content=\"en_US\" \/>\n<meta property=\"og:type\" content=\"article\" \/>\n<meta property=\"og:title\" content=\"NOON Bar - LUA Resort Balatonf\u00fcred\" \/>\n<meta property=\"og:description\" content=\"When the smoke is gone, the experience stays with you forever... Let us introduce you to the menu of the cocktail bar, where the experience comes from the harmonic unity of the following three things: visional experience, flavour and aroma.\" \/>\n<meta property=\"og:url\" content=\"https:\/\/luaresort.com\/en\/culinary-bar-culture\/noon-bar\/\" \/>\n<meta property=\"og:site_name\" content=\"LUA Resort Balatonf\u00fcred\" \/>\n<meta property=\"article:publisher\" content=\"https:\/\/www.facebook.com\/luaresort\" \/>\n<meta property=\"article:modified_time\" content=\"2026-01-23T16:56:33+00:00\" \/>\n<meta property=\"og:image\" content=\"https:\/\/luaresort.com\/wp-content\/uploads\/2022\/07\/lua-resort-balatonfured-ZX_16674-1.jpg\" \/>\n\t<meta property=\"og:image:width\" content=\"2000\" \/>\n\t<meta property=\"og:image:height\" content=\"1333\" \/>\n\t<meta property=\"og:image:type\" content=\"image\/jpeg\" \/>\n<meta name=\"twitter:card\" content=\"summary_large_image\" \/>\n<meta name=\"twitter:label1\" content=\"Est. reading time\" \/>\n\t<meta name=\"twitter:data1\" content=\"1 minute\" \/>\n<script type=\"application\/ld+json\" class=\"yoast-schema-graph\">{\"@context\":\"https:\/\/schema.org\",\"@graph\":[{\"@type\":\"WebPage\",\"@id\":\"https:\/\/luaresort.com\/en\/culinary-bar-culture\/noon-bar\/\",\"url\":\"https:\/\/luaresort.com\/en\/culinary-bar-culture\/noon-bar\/\",\"name\":\"NOON Bar - LUA Resort Balatonf\u00fcred\",\"isPartOf\":{\"@id\":\"https:\/\/luaresort.com\/en\/#website\"},\"primaryImageOfPage\":{\"@id\":\"https:\/\/luaresort.com\/en\/culinary-bar-culture\/noon-bar\/#primaryimage\"},\"image\":{\"@id\":\"https:\/\/luaresort.com\/en\/culinary-bar-culture\/noon-bar\/#primaryimage\"},\"thumbnailUrl\":\"https:\/\/i0.wp.com\/luaresort.com\/wp-content\/uploads\/2022\/07\/lua-resort-balatonfured-ZX_16674-1.jpg?fit=2000%2C1333&ssl=1\",\"datePublished\":\"2022-05-11T19:00:29+00:00\",\"dateModified\":\"2026-01-23T16:56:33+00:00\",\"breadcrumb\":{\"@id\":\"https:\/\/luaresort.com\/en\/culinary-bar-culture\/noon-bar\/#breadcrumb\"},\"inLanguage\":\"en-US\",\"potentialAction\":[{\"@type\":\"ReadAction\",\"target\":[\"https:\/\/luaresort.com\/en\/culinary-bar-culture\/noon-bar\/\"]}]},{\"@type\":\"ImageObject\",\"inLanguage\":\"en-US\",\"@id\":\"https:\/\/luaresort.com\/en\/culinary-bar-culture\/noon-bar\/#primaryimage\",\"url\":\"https:\/\/i0.wp.com\/luaresort.com\/wp-content\/uploads\/2022\/07\/lua-resort-balatonfured-ZX_16674-1.jpg?fit=2000%2C1333&ssl=1\",\"contentUrl\":\"https:\/\/i0.wp.com\/luaresort.com\/wp-content\/uploads\/2022\/07\/lua-resort-balatonfured-ZX_16674-1.jpg?fit=2000%2C1333&ssl=1\",\"width\":2000,\"height\":1333},{\"@type\":\"BreadcrumbList\",\"@id\":\"https:\/\/luaresort.com\/en\/culinary-bar-culture\/noon-bar\/#breadcrumb\",\"itemListElement\":[{\"@type\":\"ListItem\",\"position\":1,\"name\":\"Kezd\u0151lap\",\"item\":\"https:\/\/luaresort.com\/en\/\"},{\"@type\":\"ListItem\",\"position\":2,\"name\":\"Culinary &#038; Bar culture\",\"item\":\"https:\/\/luaresort.com\/en\/culinary-bar-culture\/\"},{\"@type\":\"ListItem\",\"position\":3,\"name\":\"NOON Bar\"}]},{\"@type\":\"WebSite\",\"@id\":\"https:\/\/luaresort.com\/en\/#website\",\"url\":\"https:\/\/luaresort.com\/en\/\",\"name\":\"LUA Resort Balatonf\u00fcred\",\"description\":\"LUA Resort***** Balatonf\u00fcred. Az \u00faj resort sz\u00e1llod\u00e1j\u00e1ban a j\u00f3l\u00e9t j\u00f3ll\u00e9ttel p\u00e1rosul. Felel\u0151s hedonizmus, fenntarthat\u00f3 luxus, szem\u00e9lyre szabott szolg\u00e1ltat\u00e1sok.\",\"publisher\":{\"@id\":\"https:\/\/luaresort.com\/en\/#organization\"},\"potentialAction\":[{\"@type\":\"SearchAction\",\"target\":{\"@type\":\"EntryPoint\",\"urlTemplate\":\"https:\/\/luaresort.com\/en\/?s={search_term_string}\"},\"query-input\":{\"@type\":\"PropertyValueSpecification\",\"valueRequired\":true,\"valueName\":\"search_term_string\"}}],\"inLanguage\":\"en-US\"},{\"@type\":\"Organization\",\"@id\":\"https:\/\/luaresort.com\/en\/#organization\",\"name\":\"LUA Resort\",\"url\":\"https:\/\/luaresort.com\/en\/\",\"logo\":{\"@type\":\"ImageObject\",\"inLanguage\":\"en-US\",\"@id\":\"https:\/\/luaresort.com\/en\/#\/schema\/logo\/image\/\",\"url\":\"https:\/\/luaresort.com\/wp-content\/uploads\/2022\/04\/lua-resort-logo.png\",\"contentUrl\":\"https:\/\/luaresort.com\/wp-content\/uploads\/2022\/04\/lua-resort-logo.png\",\"width\":2048,\"height\":2048,\"caption\":\"LUA Resort\"},\"image\":{\"@id\":\"https:\/\/luaresort.com\/en\/#\/schema\/logo\/image\/\"},\"sameAs\":[\"https:\/\/www.facebook.com\/luaresort\",\"https:\/\/www.instagram.com\/luaresort\/\"]}]}<\/script>\n<!-- \/ Yoast SEO plugin. -->","yoast_head_json":{"title":"NOON Bar - LUA Resort Balatonf\u00fcred","robots":{"index":"index","follow":"follow","max-snippet":"max-snippet:-1","max-image-preview":"max-image-preview:large","max-video-preview":"max-video-preview:-1"},"canonical":"https:\/\/luaresort.com\/en\/culinary-bar-culture\/noon-bar\/","og_locale":"en_US","og_type":"article","og_title":"NOON Bar - LUA Resort Balatonf\u00fcred","og_description":"When the smoke is gone, the experience stays with you forever... Let us introduce you to the menu of the cocktail bar, where the experience comes from the harmonic unity of the following three things: visional experience, flavour and aroma.","og_url":"https:\/\/luaresort.com\/en\/culinary-bar-culture\/noon-bar\/","og_site_name":"LUA Resort Balatonf\u00fcred","article_publisher":"https:\/\/www.facebook.com\/luaresort","article_modified_time":"2026-01-23T16:56:33+00:00","og_image":[{"width":2000,"height":1333,"url":"https:\/\/luaresort.com\/wp-content\/uploads\/2022\/07\/lua-resort-balatonfured-ZX_16674-1.jpg","type":"image\/jpeg"}],"twitter_card":"summary_large_image","twitter_misc":{"Est. reading time":"1 minute"},"schema":{"@context":"https:\/\/schema.org","@graph":[{"@type":"WebPage","@id":"https:\/\/luaresort.com\/en\/culinary-bar-culture\/noon-bar\/","url":"https:\/\/luaresort.com\/en\/culinary-bar-culture\/noon-bar\/","name":"NOON Bar - LUA Resort Balatonf\u00fcred","isPartOf":{"@id":"https:\/\/luaresort.com\/en\/#website"},"primaryImageOfPage":{"@id":"https:\/\/luaresort.com\/en\/culinary-bar-culture\/noon-bar\/#primaryimage"},"image":{"@id":"https:\/\/luaresort.com\/en\/culinary-bar-culture\/noon-bar\/#primaryimage"},"thumbnailUrl":"https:\/\/i0.wp.com\/luaresort.com\/wp-content\/uploads\/2022\/07\/lua-resort-balatonfured-ZX_16674-1.jpg?fit=2000%2C1333&ssl=1","datePublished":"2022-05-11T19:00:29+00:00","dateModified":"2026-01-23T16:56:33+00:00","breadcrumb":{"@id":"https:\/\/luaresort.com\/en\/culinary-bar-culture\/noon-bar\/#breadcrumb"},"inLanguage":"en-US","potentialAction":[{"@type":"ReadAction","target":["https:\/\/luaresort.com\/en\/culinary-bar-culture\/noon-bar\/"]}]},{"@type":"ImageObject","inLanguage":"en-US","@id":"https:\/\/luaresort.com\/en\/culinary-bar-culture\/noon-bar\/#primaryimage","url":"https:\/\/i0.wp.com\/luaresort.com\/wp-content\/uploads\/2022\/07\/lua-resort-balatonfured-ZX_16674-1.jpg?fit=2000%2C1333&ssl=1","contentUrl":"https:\/\/i0.wp.com\/luaresort.com\/wp-content\/uploads\/2022\/07\/lua-resort-balatonfured-ZX_16674-1.jpg?fit=2000%2C1333&ssl=1","width":2000,"height":1333},{"@type":"BreadcrumbList","@id":"https:\/\/luaresort.com\/en\/culinary-bar-culture\/noon-bar\/#breadcrumb","itemListElement":[{"@type":"ListItem","position":1,"name":"Kezd\u0151lap","item":"https:\/\/luaresort.com\/en\/"},{"@type":"ListItem","position":2,"name":"Culinary &#038; Bar culture","item":"https:\/\/luaresort.com\/en\/culinary-bar-culture\/"},{"@type":"ListItem","position":3,"name":"NOON Bar"}]},{"@type":"WebSite","@id":"https:\/\/luaresort.com\/en\/#website","url":"https:\/\/luaresort.com\/en\/","name":"LUA Resort Balatonf\u00fcred","description":"LUA Resort***** Balatonf\u00fcred. Az \u00faj resort sz\u00e1llod\u00e1j\u00e1ban a j\u00f3l\u00e9t j\u00f3ll\u00e9ttel p\u00e1rosul. Felel\u0151s hedonizmus, fenntarthat\u00f3 luxus, szem\u00e9lyre szabott szolg\u00e1ltat\u00e1sok.","publisher":{"@id":"https:\/\/luaresort.com\/en\/#organization"},"potentialAction":[{"@type":"SearchAction","target":{"@type":"EntryPoint","urlTemplate":"https:\/\/luaresort.com\/en\/?s={search_term_string}"},"query-input":{"@type":"PropertyValueSpecification","valueRequired":true,"valueName":"search_term_string"}}],"inLanguage":"en-US"},{"@type":"Organization","@id":"https:\/\/luaresort.com\/en\/#organization","name":"LUA Resort","url":"https:\/\/luaresort.com\/en\/","logo":{"@type":"ImageObject","inLanguage":"en-US","@id":"https:\/\/luaresort.com\/en\/#\/schema\/logo\/image\/","url":"https:\/\/luaresort.com\/wp-content\/uploads\/2022\/04\/lua-resort-logo.png","contentUrl":"https:\/\/luaresort.com\/wp-content\/uploads\/2022\/04\/lua-resort-logo.png","width":2048,"height":2048,"caption":"LUA Resort"},"image":{"@id":"https:\/\/luaresort.com\/en\/#\/schema\/logo\/image\/"},"sameAs":["https:\/\/www.facebook.com\/luaresort","https:\/\/www.instagram.com\/luaresort\/"]}]}},"jetpack_sharing_enabled":true,"_links":{"self":[{"href":"https:\/\/luaresort.com\/en\/wp-json\/wp\/v2\/pages\/1243","targetHints":{"allow":["GET"]}}],"collection":[{"href":"https:\/\/luaresort.com\/en\/wp-json\/wp\/v2\/pages"}],"about":[{"href":"https:\/\/luaresort.com\/en\/wp-json\/wp\/v2\/types\/page"}],"author":[{"embeddable":true,"href":"https:\/\/luaresort.com\/en\/wp-json\/wp\/v2\/users\/1"}],"replies":[{"embeddable":true,"href":"https:\/\/luaresort.com\/en\/wp-json\/wp\/v2\/comments?post=1243"}],"version-history":[{"count":10,"href":"https:\/\/luaresort.com\/en\/wp-json\/wp\/v2\/pages\/1243\/revisions"}],"predecessor-version":[{"id":22794,"href":"https:\/\/luaresort.com\/en\/wp-json\/wp\/v2\/pages\/1243\/revisions\/22794"}],"up":[{"embeddable":true,"href":"https:\/\/luaresort.com\/en\/wp-json\/wp\/v2\/pages\/1245"}],"wp:featuredmedia":[{"embeddable":true,"href":"https:\/\/luaresort.com\/en\/wp-json\/wp\/v2\/media\/1720"}],"wp:attachment":[{"href":"https:\/\/luaresort.com\/en\/wp-json\/wp\/v2\/media?parent=1243"}],"curies":[{"name":"wp","href":"https:\/\/api.w.org\/{rel}","templated":true}]}}