{"id":123,"date":"2022-04-05T18:10:31","date_gmt":"2022-04-05T16:10:31","guid":{"rendered":"https:\/\/luaresort.local\/rooms\/"},"modified":"2023-07-18T19:09:44","modified_gmt":"2023-07-18T17:09:44","slug":"rooms","status":"publish","type":"page","link":"https:\/\/luaresort.com\/en\/rooms\/","title":{"rendered":"Rooms"},"content":{"rendered":"\n<p>There is a place where the noise of the busy city can&#8217;t reach you, where you can leave the hustle and bustle of everyday life behind. A place where luxury isn&#8217;t just about glamour, but about quality time, a chance to retreat. A place where we can allow ourselves to let go and take a natural approach to total renewal.<\/p>\n\n<p>A good night&#8217;s sleep is as important as a healthy lifestyle and good nutrition, all of which contribute to your well-being. As part of the LUA Sleep Well<sup>TM<\/sup> concept, we have developed a unique programme that lays the foundations for a restful night&#8217;s sleep. Each room features a box spring bed with extra-thick therapeutic mattress and blackout curtains. If you don&#8217;t find the pillows provided on the bed suitable, you can choose from a range of pillows to suit your lifestyle. Free of charge, of course. In our suites, Tihany lavender essential oil contributes to your total relaxation experience. Breakfast is one of the most important meals of the day, and the LUA Signature Reggeli<sup>TM<\/sup> is the perfect way to set the mood &#8211; and not just at weekends! Late risers can take advantage of room service until noon.<\/p>\n","protected":false},"excerpt":{"rendered":"<p>There is a place where the noise of the busy city can&#8217;t reach you, where you can leave the hustle and bustle of everyday life behind. A place where luxury isn&#8217;t just about glamour, but about quality time, a chance to retreat. A place where we can allow ourselves to let go and take a natural approach to total renewal. A good night&#8217;s sleep is as important as a healthy lifestyle and good nutrition, all of which contribute to your well-being. As part of the LUA Sleep WellTM concept, we have developed a unique programme that lays the foundations for&#8230;<\/p>\n","protected":false},"author":1,"featured_media":0,"parent":0,"menu_order":0,"comment_status":"closed","ping_status":"closed","template":"template-rooms.php","meta":{"inline_featured_image":false,"footnotes":""},"class_list":["post-123","page","type-page","status-publish","hentry"],"acf":[],"yoast_head":"<!-- This site is optimized with the Yoast SEO plugin v25.8 - https:\/\/yoast.com\/wordpress\/plugins\/seo\/ -->\n<title>Rooms - LUA Resort Balatonf\u00fcred<\/title>\n<meta name=\"robots\" content=\"index, follow, max-snippet:-1, max-image-preview:large, max-video-preview:-1\" \/>\n<link rel=\"canonical\" href=\"https:\/\/luaresort.com\/en\/rooms\/\" \/>\n<meta property=\"og:locale\" content=\"en_US\" \/>\n<meta property=\"og:type\" content=\"article\" \/>\n<meta property=\"og:title\" content=\"Rooms - LUA Resort Balatonf\u00fcred\" \/>\n<meta property=\"og:description\" content=\"There is a place where the noise of the busy city can&#8217;t reach you, where you can leave the hustle and bustle of everyday life behind. A place where luxury isn&#8217;t just about glamour, but about quality time, a chance to retreat. A place where we can allow ourselves to let go and take a natural approach to total renewal. A good night&#8217;s sleep is as important as a healthy lifestyle and good nutrition, all of which contribute to your well-being. As part of the LUA Sleep WellTM concept, we have developed a unique programme that lays the foundations for...\" \/>\n<meta property=\"og:url\" content=\"https:\/\/luaresort.com\/en\/rooms\/\" \/>\n<meta property=\"og:site_name\" content=\"LUA Resort Balatonf\u00fcred\" \/>\n<meta property=\"article:publisher\" content=\"https:\/\/www.facebook.com\/luaresort\" \/>\n<meta property=\"article:modified_time\" content=\"2023-07-18T17:09:44+00:00\" \/>\n<meta name=\"twitter:card\" content=\"summary_large_image\" \/>\n<meta name=\"twitter:label1\" content=\"Est. reading time\" \/>\n\t<meta name=\"twitter:data1\" content=\"2 minutes\" \/>\n<script type=\"application\/ld+json\" class=\"yoast-schema-graph\">{\"@context\":\"https:\/\/schema.org\",\"@graph\":[{\"@type\":\"WebPage\",\"@id\":\"https:\/\/luaresort.com\/en\/rooms\/\",\"url\":\"https:\/\/luaresort.com\/en\/rooms\/\",\"name\":\"Rooms - LUA Resort Balatonf\u00fcred\",\"isPartOf\":{\"@id\":\"https:\/\/luaresort.com\/en\/#website\"},\"datePublished\":\"2022-04-05T16:10:31+00:00\",\"dateModified\":\"2023-07-18T17:09:44+00:00\",\"breadcrumb\":{\"@id\":\"https:\/\/luaresort.com\/en\/rooms\/#breadcrumb\"},\"inLanguage\":\"en-US\",\"potentialAction\":[{\"@type\":\"ReadAction\",\"target\":[\"https:\/\/luaresort.com\/en\/rooms\/\"]}]},{\"@type\":\"BreadcrumbList\",\"@id\":\"https:\/\/luaresort.com\/en\/rooms\/#breadcrumb\",\"itemListElement\":[{\"@type\":\"ListItem\",\"position\":1,\"name\":\"Kezd\u0151lap\",\"item\":\"https:\/\/luaresort.com\/en\/\"},{\"@type\":\"ListItem\",\"position\":2,\"name\":\"Rooms\"}]},{\"@type\":\"WebSite\",\"@id\":\"https:\/\/luaresort.com\/en\/#website\",\"url\":\"https:\/\/luaresort.com\/en\/\",\"name\":\"LUA Resort Balatonf\u00fcred\",\"description\":\"LUA Resort***** Balatonf\u00fcred. Az \u00faj resort sz\u00e1llod\u00e1j\u00e1ban a j\u00f3l\u00e9t j\u00f3ll\u00e9ttel p\u00e1rosul. Felel\u0151s hedonizmus, fenntarthat\u00f3 luxus, szem\u00e9lyre szabott szolg\u00e1ltat\u00e1sok.\",\"publisher\":{\"@id\":\"https:\/\/luaresort.com\/en\/#organization\"},\"potentialAction\":[{\"@type\":\"SearchAction\",\"target\":{\"@type\":\"EntryPoint\",\"urlTemplate\":\"https:\/\/luaresort.com\/en\/?s={search_term_string}\"},\"query-input\":{\"@type\":\"PropertyValueSpecification\",\"valueRequired\":true,\"valueName\":\"search_term_string\"}}],\"inLanguage\":\"en-US\"},{\"@type\":\"Organization\",\"@id\":\"https:\/\/luaresort.com\/en\/#organization\",\"name\":\"LUA Resort\",\"url\":\"https:\/\/luaresort.com\/en\/\",\"logo\":{\"@type\":\"ImageObject\",\"inLanguage\":\"en-US\",\"@id\":\"https:\/\/luaresort.com\/en\/#\/schema\/logo\/image\/\",\"url\":\"https:\/\/luaresort.com\/wp-content\/uploads\/2022\/04\/lua-resort-logo.png\",\"contentUrl\":\"https:\/\/luaresort.com\/wp-content\/uploads\/2022\/04\/lua-resort-logo.png\",\"width\":2048,\"height\":2048,\"caption\":\"LUA Resort\"},\"image\":{\"@id\":\"https:\/\/luaresort.com\/en\/#\/schema\/logo\/image\/\"},\"sameAs\":[\"https:\/\/www.facebook.com\/luaresort\",\"https:\/\/www.instagram.com\/luaresort\/\"]}]}<\/script>\n<!-- \/ Yoast SEO plugin. -->","yoast_head_json":{"title":"Rooms - LUA Resort Balatonf\u00fcred","robots":{"index":"index","follow":"follow","max-snippet":"max-snippet:-1","max-image-preview":"max-image-preview:large","max-video-preview":"max-video-preview:-1"},"canonical":"https:\/\/luaresort.com\/en\/rooms\/","og_locale":"en_US","og_type":"article","og_title":"Rooms - LUA Resort Balatonf\u00fcred","og_description":"There is a place where the noise of the busy city can&#8217;t reach you, where you can leave the hustle and bustle of everyday life behind. A place where luxury isn&#8217;t just about glamour, but about quality time, a chance to retreat. A place where we can allow ourselves to let go and take a natural approach to total renewal. A good night&#8217;s sleep is as important as a healthy lifestyle and good nutrition, all of which contribute to your well-being. As part of the LUA Sleep WellTM concept, we have developed a unique programme that lays the foundations for...","og_url":"https:\/\/luaresort.com\/en\/rooms\/","og_site_name":"LUA Resort Balatonf\u00fcred","article_publisher":"https:\/\/www.facebook.com\/luaresort","article_modified_time":"2023-07-18T17:09:44+00:00","twitter_card":"summary_large_image","twitter_misc":{"Est. reading time":"2 minutes"},"schema":{"@context":"https:\/\/schema.org","@graph":[{"@type":"WebPage","@id":"https:\/\/luaresort.com\/en\/rooms\/","url":"https:\/\/luaresort.com\/en\/rooms\/","name":"Rooms - LUA Resort Balatonf\u00fcred","isPartOf":{"@id":"https:\/\/luaresort.com\/en\/#website"},"datePublished":"2022-04-05T16:10:31+00:00","dateModified":"2023-07-18T17:09:44+00:00","breadcrumb":{"@id":"https:\/\/luaresort.com\/en\/rooms\/#breadcrumb"},"inLanguage":"en-US","potentialAction":[{"@type":"ReadAction","target":["https:\/\/luaresort.com\/en\/rooms\/"]}]},{"@type":"BreadcrumbList","@id":"https:\/\/luaresort.com\/en\/rooms\/#breadcrumb","itemListElement":[{"@type":"ListItem","position":1,"name":"Kezd\u0151lap","item":"https:\/\/luaresort.com\/en\/"},{"@type":"ListItem","position":2,"name":"Rooms"}]},{"@type":"WebSite","@id":"https:\/\/luaresort.com\/en\/#website","url":"https:\/\/luaresort.com\/en\/","name":"LUA Resort Balatonf\u00fcred","description":"LUA Resort***** Balatonf\u00fcred. Az \u00faj resort sz\u00e1llod\u00e1j\u00e1ban a j\u00f3l\u00e9t j\u00f3ll\u00e9ttel p\u00e1rosul. Felel\u0151s hedonizmus, fenntarthat\u00f3 luxus, szem\u00e9lyre szabott szolg\u00e1ltat\u00e1sok.","publisher":{"@id":"https:\/\/luaresort.com\/en\/#organization"},"potentialAction":[{"@type":"SearchAction","target":{"@type":"EntryPoint","urlTemplate":"https:\/\/luaresort.com\/en\/?s={search_term_string}"},"query-input":{"@type":"PropertyValueSpecification","valueRequired":true,"valueName":"search_term_string"}}],"inLanguage":"en-US"},{"@type":"Organization","@id":"https:\/\/luaresort.com\/en\/#organization","name":"LUA Resort","url":"https:\/\/luaresort.com\/en\/","logo":{"@type":"ImageObject","inLanguage":"en-US","@id":"https:\/\/luaresort.com\/en\/#\/schema\/logo\/image\/","url":"https:\/\/luaresort.com\/wp-content\/uploads\/2022\/04\/lua-resort-logo.png","contentUrl":"https:\/\/luaresort.com\/wp-content\/uploads\/2022\/04\/lua-resort-logo.png","width":2048,"height":2048,"caption":"LUA Resort"},"image":{"@id":"https:\/\/luaresort.com\/en\/#\/schema\/logo\/image\/"},"sameAs":["https:\/\/www.facebook.com\/luaresort","https:\/\/www.instagram.com\/luaresort\/"]}]}},"jetpack_sharing_enabled":true,"_links":{"self":[{"href":"https:\/\/luaresort.com\/en\/wp-json\/wp\/v2\/pages\/123","targetHints":{"allow":["GET"]}}],"collection":[{"href":"https:\/\/luaresort.com\/en\/wp-json\/wp\/v2\/pages"}],"about":[{"href":"https:\/\/luaresort.com\/en\/wp-json\/wp\/v2\/types\/page"}],"author":[{"embeddable":true,"href":"https:\/\/luaresort.com\/en\/wp-json\/wp\/v2\/users\/1"}],"replies":[{"embeddable":true,"href":"https:\/\/luaresort.com\/en\/wp-json\/wp\/v2\/comments?post=123"}],"version-history":[{"count":4,"href":"https:\/\/luaresort.com\/en\/wp-json\/wp\/v2\/pages\/123\/revisions"}],"predecessor-version":[{"id":12574,"href":"https:\/\/luaresort.com\/en\/wp-json\/wp\/v2\/pages\/123\/revisions\/12574"}],"wp:attachment":[{"href":"https:\/\/luaresort.com\/en\/wp-json\/wp\/v2\/media?parent=123"}],"curies":[{"name":"wp","href":"https:\/\/api.w.org\/{rel}","templated":true}]}}