{"id":11680,"date":"2023-06-23T18:03:04","date_gmt":"2023-06-23T16:03:04","guid":{"rendered":"https:\/\/luaresort.com\/szobafoglalas\/"},"modified":"2025-08-11T00:25:25","modified_gmt":"2025-08-10T22:25:25","slug":"online-booking","status":"publish","type":"page","link":"https:\/\/luaresort.com\/en\/online-booking\/","title":{"rendered":"Online booking"},"content":{"rendered":"<div\n\t\t\t\n\t\t\tclass=\"so-widget-booking-selector so-widget-booking-selector-default-d75171398898\"\n\t\t\t\n\t\t><!-- Booking selector -->\n\n<div class=\"booking-selector\">\n  <div class=\"container\">\n    <div class=\"row\">\n            <div class=\"col-md-6 p-0\">\n        <div class=\"booking-selector-item\">\n          <div class=\"row\">\n\n            <div class=\"col-md-10 booking-selector-item-image-wrapper\">\n              <a href=\"https:\/\/book.luaresort.com\/en\/booking\/search\" class=\"booking-selector-item-image\">\n                <img decoding=\"async\" width=\"1024\" height=\"683\" src=\"https:\/\/i0.wp.com\/luaresort.com\/wp-content\/uploads\/2022\/05\/lua-resort-balatonfured-Szoba01-Lua-Resort-0001-.jpg?fit=1024%2C683&amp;ssl=1\" class=\"booking-selector-item-image-img\" alt=\"\" srcset=\"https:\/\/i0.wp.com\/luaresort.com\/wp-content\/uploads\/2022\/05\/lua-resort-balatonfured-Szoba01-Lua-Resort-0001-.jpg?w=2048&amp;ssl=1 2048w, https:\/\/i0.wp.com\/luaresort.com\/wp-content\/uploads\/2022\/05\/lua-resort-balatonfured-Szoba01-Lua-Resort-0001-.jpg?resize=300%2C200&amp;ssl=1 300w, https:\/\/i0.wp.com\/luaresort.com\/wp-content\/uploads\/2022\/05\/lua-resort-balatonfured-Szoba01-Lua-Resort-0001-.jpg?resize=1024%2C683&amp;ssl=1 1024w, https:\/\/i0.wp.com\/luaresort.com\/wp-content\/uploads\/2022\/05\/lua-resort-balatonfured-Szoba01-Lua-Resort-0001-.jpg?resize=768%2C512&amp;ssl=1 768w, https:\/\/i0.wp.com\/luaresort.com\/wp-content\/uploads\/2022\/05\/lua-resort-balatonfured-Szoba01-Lua-Resort-0001-.jpg?resize=1536%2C1025&amp;ssl=1 1536w, https:\/\/i0.wp.com\/luaresort.com\/wp-content\/uploads\/2022\/05\/lua-resort-balatonfured-Szoba01-Lua-Resort-0001-.jpg?resize=1920%2C1281&amp;ssl=1 1920w, https:\/\/i0.wp.com\/luaresort.com\/wp-content\/uploads\/2022\/05\/lua-resort-balatonfured-Szoba01-Lua-Resort-0001-.jpg?resize=1140%2C760&amp;ssl=1 1140w, https:\/\/i0.wp.com\/luaresort.com\/wp-content\/uploads\/2022\/05\/lua-resort-balatonfured-Szoba01-Lua-Resort-0001-.jpg?resize=473%2C315&amp;ssl=1 473w\" sizes=\"(max-width: 1024px) 100vw, 1024px\" \/>              <\/a>\n            <\/div>\n\n            <div class=\"col-md-10 offset-md-2 booking-selector-item-content-wrapper\">\n              <div class=\"booking-selector-item-bg\">\n                <div class=\"booking-selector-item-image\"><\/div>\n                <div class=\"booking-selector-item-content\">\n                  <a href=\"https:\/\/book.luaresort.com\/en\/booking\/search\">\n                    <h2 class=\"booking-selector-item-content-title\">LUA <br \/>Resort<\/h2>\n                  <\/a>\n                  <div class=\"booking-selector-item-content-text\">\n                    <p>Book our spacious rooms or exclusive suites in the main building and you\u2019ll be within easy reach of the hotel\u2019s spa &amp; wellness area and NOON Restaurant &amp; Lounge.<\/p>\n                  <\/div>\n                  <div class=\"booking-selector-item-content-link\">\n                    <a href=\"https:\/\/book.luaresort.com\/en\/booking\/search\" class=\"btn btn-outline-secondary btn-explore\">Price calculation &amp; booking<\/a>\n                  <\/div>\n                <\/div>\n              <\/div>\n            <\/div>\n\n          <\/div>\n        <\/div>\n      <\/div>\n            <div class=\"col-md-6 p-0\">\n        <div class=\"booking-selector-item\">\n          <div class=\"row\">\n\n            <div class=\"col-md-10 booking-selector-item-image-wrapper\">\n              <a href=\"https:\/\/book.boutiqueroomz.luaresort.com\/en\/booking\/search\" class=\"booking-selector-item-image\">\n                <img decoding=\"async\" width=\"1024\" height=\"768\" src=\"https:\/\/i0.wp.com\/luaresort.com\/wp-content\/uploads\/2023\/02\/lua-resort-balatonfured-LUA_Boutique_Roomz_3.jpg?fit=1024%2C768&amp;ssl=1\" class=\"booking-selector-item-image-img\" alt=\"\" srcset=\"https:\/\/i0.wp.com\/luaresort.com\/wp-content\/uploads\/2023\/02\/lua-resort-balatonfured-LUA_Boutique_Roomz_3.jpg?w=1920&amp;ssl=1 1920w, https:\/\/i0.wp.com\/luaresort.com\/wp-content\/uploads\/2023\/02\/lua-resort-balatonfured-LUA_Boutique_Roomz_3.jpg?resize=300%2C225&amp;ssl=1 300w, https:\/\/i0.wp.com\/luaresort.com\/wp-content\/uploads\/2023\/02\/lua-resort-balatonfured-LUA_Boutique_Roomz_3.jpg?resize=1024%2C768&amp;ssl=1 1024w, https:\/\/i0.wp.com\/luaresort.com\/wp-content\/uploads\/2023\/02\/lua-resort-balatonfured-LUA_Boutique_Roomz_3.jpg?resize=768%2C576&amp;ssl=1 768w, https:\/\/i0.wp.com\/luaresort.com\/wp-content\/uploads\/2023\/02\/lua-resort-balatonfured-LUA_Boutique_Roomz_3.jpg?resize=1536%2C1152&amp;ssl=1 1536w, https:\/\/i0.wp.com\/luaresort.com\/wp-content\/uploads\/2023\/02\/lua-resort-balatonfured-LUA_Boutique_Roomz_3.jpg?resize=720%2C540&amp;ssl=1 720w, https:\/\/i0.wp.com\/luaresort.com\/wp-content\/uploads\/2023\/02\/lua-resort-balatonfured-LUA_Boutique_Roomz_3.jpg?resize=240%2C180&amp;ssl=1 240w, https:\/\/i0.wp.com\/luaresort.com\/wp-content\/uploads\/2023\/02\/lua-resort-balatonfured-LUA_Boutique_Roomz_3.jpg?resize=1140%2C855&amp;ssl=1 1140w, https:\/\/i0.wp.com\/luaresort.com\/wp-content\/uploads\/2023\/02\/lua-resort-balatonfured-LUA_Boutique_Roomz_3.jpg?resize=473%2C355&amp;ssl=1 473w, https:\/\/i0.wp.com\/luaresort.com\/wp-content\/uploads\/2023\/02\/lua-resort-balatonfured-LUA_Boutique_Roomz_3.jpg?resize=854%2C640&amp;ssl=1 854w\" sizes=\"(max-width: 1024px) 100vw, 1024px\" \/>              <\/a>\n            <\/div>\n\n            <div class=\"col-md-10 offset-md-2 booking-selector-item-content-wrapper\">\n              <div class=\"booking-selector-item-bg\">\n                <div class=\"booking-selector-item-image\"><\/div>\n                <div class=\"booking-selector-item-content\">\n                  <a href=\"https:\/\/book.boutiqueroomz.luaresort.com\/en\/booking\/search\">\n                    <h2 class=\"booking-selector-item-content-title\">LUA <br \/>Boutique RoomZ<\/h2>\n                  <\/a>\n                  <div class=\"booking-selector-item-content-text\">\n                    <p>Discover the new possibilities offered by LUA Boutique RoomZ!<br \/>The rooms with panoramic views of Lake Balaton are located directly on the shores of Lake Balaton,<br \/>20 metres from the main building.<\/p>\n                  <\/div>\n                  <div class=\"booking-selector-item-content-link\">\n                    <a href=\"https:\/\/book.boutiqueroomz.luaresort.com\/en\/booking\/search\" class=\"btn btn-outline-secondary btn-explore\">Price calculation &amp; booking<\/a>\n                  <\/div>\n                <\/div>\n              <\/div>\n            <\/div>\n\n          <\/div>\n        <\/div>\n      <\/div>\n          <\/div>\n  <\/div>\n<\/div><\/div>","protected":false},"excerpt":{"rendered":"","protected":false},"author":1,"featured_media":0,"parent":0,"menu_order":0,"comment_status":"closed","ping_status":"closed","template":"","meta":{"inline_featured_image":false,"footnotes":""},"class_list":["post-11680","page","type-page","status-publish","hentry"],"acf":[],"yoast_head":"<!-- This site is optimized with the Yoast SEO plugin v25.8 - https:\/\/yoast.com\/wordpress\/plugins\/seo\/ -->\n<title>Online booking - LUA Resort Balatonf\u00fcred<\/title>\n<meta name=\"description\" content=\"Foglaljon szob\u00e1t a sz\u00e1lloda f\u0151\u00e9p\u00fclet\u00e9be vagy az \u00faj \u00e9p\u00fcletben tal\u00e1lhat\u00f3 LUA Boutique RoomZ-ba. \u00c9lvezz\u00e9k a sz\u00e1lloda exkluz\u00edv strandj\u00e1t, a LUA Beach-et \u00e9s a rooftop b\u00e1rt!\" \/>\n<meta name=\"robots\" content=\"index, follow, max-snippet:-1, max-image-preview:large, max-video-preview:-1\" \/>\n<link rel=\"canonical\" href=\"https:\/\/luaresort.com\/en\/online-booking\/\" \/>\n<meta property=\"og:locale\" content=\"en_US\" \/>\n<meta property=\"og:type\" content=\"article\" \/>\n<meta property=\"og:title\" content=\"Online booking - LUA Resort Balatonf\u00fcred\" \/>\n<meta property=\"og:description\" content=\"Foglaljon szob\u00e1t a sz\u00e1lloda f\u0151\u00e9p\u00fclet\u00e9be vagy az \u00faj \u00e9p\u00fcletben tal\u00e1lhat\u00f3 LUA Boutique RoomZ-ba. \u00c9lvezz\u00e9k a sz\u00e1lloda exkluz\u00edv strandj\u00e1t, a LUA Beach-et \u00e9s a rooftop b\u00e1rt!\" \/>\n<meta property=\"og:url\" content=\"https:\/\/luaresort.com\/en\/online-booking\/\" \/>\n<meta property=\"og:site_name\" content=\"LUA Resort Balatonf\u00fcred\" \/>\n<meta property=\"article:publisher\" content=\"https:\/\/www.facebook.com\/luaresort\" \/>\n<meta property=\"article:modified_time\" content=\"2025-08-10T22:25:25+00:00\" \/>\n<meta name=\"twitter:card\" content=\"summary_large_image\" \/>\n<script type=\"application\/ld+json\" class=\"yoast-schema-graph\">{\"@context\":\"https:\/\/schema.org\",\"@graph\":[{\"@type\":\"WebPage\",\"@id\":\"https:\/\/luaresort.com\/en\/online-booking\/\",\"url\":\"https:\/\/luaresort.com\/en\/online-booking\/\",\"name\":\"Online booking - LUA Resort Balatonf\u00fcred\",\"isPartOf\":{\"@id\":\"https:\/\/luaresort.com\/en\/#website\"},\"datePublished\":\"2023-06-23T16:03:04+00:00\",\"dateModified\":\"2025-08-10T22:25:25+00:00\",\"description\":\"Foglaljon szob\u00e1t a sz\u00e1lloda f\u0151\u00e9p\u00fclet\u00e9be vagy az \u00faj \u00e9p\u00fcletben tal\u00e1lhat\u00f3 LUA Boutique RoomZ-ba. \u00c9lvezz\u00e9k a sz\u00e1lloda exkluz\u00edv strandj\u00e1t, a LUA Beach-et \u00e9s a rooftop b\u00e1rt!\",\"breadcrumb\":{\"@id\":\"https:\/\/luaresort.com\/en\/online-booking\/#breadcrumb\"},\"inLanguage\":\"en-US\",\"potentialAction\":[{\"@type\":\"ReadAction\",\"target\":[\"https:\/\/luaresort.com\/en\/online-booking\/\"]}]},{\"@type\":\"BreadcrumbList\",\"@id\":\"https:\/\/luaresort.com\/en\/online-booking\/#breadcrumb\",\"itemListElement\":[{\"@type\":\"ListItem\",\"position\":1,\"name\":\"Kezd\u0151lap\",\"item\":\"https:\/\/luaresort.com\/en\/\"},{\"@type\":\"ListItem\",\"position\":2,\"name\":\"Online booking\"}]},{\"@type\":\"WebSite\",\"@id\":\"https:\/\/luaresort.com\/en\/#website\",\"url\":\"https:\/\/luaresort.com\/en\/\",\"name\":\"LUA Resort Balatonf\u00fcred\",\"description\":\"LUA Resort***** Balatonf\u00fcred. Az \u00faj resort sz\u00e1llod\u00e1j\u00e1ban a j\u00f3l\u00e9t j\u00f3ll\u00e9ttel p\u00e1rosul. Felel\u0151s hedonizmus, fenntarthat\u00f3 luxus, szem\u00e9lyre szabott szolg\u00e1ltat\u00e1sok.\",\"publisher\":{\"@id\":\"https:\/\/luaresort.com\/en\/#organization\"},\"potentialAction\":[{\"@type\":\"SearchAction\",\"target\":{\"@type\":\"EntryPoint\",\"urlTemplate\":\"https:\/\/luaresort.com\/en\/?s={search_term_string}\"},\"query-input\":{\"@type\":\"PropertyValueSpecification\",\"valueRequired\":true,\"valueName\":\"search_term_string\"}}],\"inLanguage\":\"en-US\"},{\"@type\":\"Organization\",\"@id\":\"https:\/\/luaresort.com\/en\/#organization\",\"name\":\"LUA Resort\",\"url\":\"https:\/\/luaresort.com\/en\/\",\"logo\":{\"@type\":\"ImageObject\",\"inLanguage\":\"en-US\",\"@id\":\"https:\/\/luaresort.com\/en\/#\/schema\/logo\/image\/\",\"url\":\"https:\/\/luaresort.com\/wp-content\/uploads\/2022\/04\/lua-resort-logo.png\",\"contentUrl\":\"https:\/\/luaresort.com\/wp-content\/uploads\/2022\/04\/lua-resort-logo.png\",\"width\":2048,\"height\":2048,\"caption\":\"LUA Resort\"},\"image\":{\"@id\":\"https:\/\/luaresort.com\/en\/#\/schema\/logo\/image\/\"},\"sameAs\":[\"https:\/\/www.facebook.com\/luaresort\",\"https:\/\/www.instagram.com\/luaresort\/\"]}]}<\/script>\n<!-- \/ Yoast SEO plugin. -->","yoast_head_json":{"title":"Online booking - LUA Resort Balatonf\u00fcred","description":"Foglaljon szob\u00e1t a sz\u00e1lloda f\u0151\u00e9p\u00fclet\u00e9be vagy az \u00faj \u00e9p\u00fcletben tal\u00e1lhat\u00f3 LUA Boutique RoomZ-ba. \u00c9lvezz\u00e9k a sz\u00e1lloda exkluz\u00edv strandj\u00e1t, a LUA Beach-et \u00e9s a rooftop b\u00e1rt!","robots":{"index":"index","follow":"follow","max-snippet":"max-snippet:-1","max-image-preview":"max-image-preview:large","max-video-preview":"max-video-preview:-1"},"canonical":"https:\/\/luaresort.com\/en\/online-booking\/","og_locale":"en_US","og_type":"article","og_title":"Online booking - LUA Resort Balatonf\u00fcred","og_description":"Foglaljon szob\u00e1t a sz\u00e1lloda f\u0151\u00e9p\u00fclet\u00e9be vagy az \u00faj \u00e9p\u00fcletben tal\u00e1lhat\u00f3 LUA Boutique RoomZ-ba. \u00c9lvezz\u00e9k a sz\u00e1lloda exkluz\u00edv strandj\u00e1t, a LUA Beach-et \u00e9s a rooftop b\u00e1rt!","og_url":"https:\/\/luaresort.com\/en\/online-booking\/","og_site_name":"LUA Resort Balatonf\u00fcred","article_publisher":"https:\/\/www.facebook.com\/luaresort","article_modified_time":"2025-08-10T22:25:25+00:00","twitter_card":"summary_large_image","schema":{"@context":"https:\/\/schema.org","@graph":[{"@type":"WebPage","@id":"https:\/\/luaresort.com\/en\/online-booking\/","url":"https:\/\/luaresort.com\/en\/online-booking\/","name":"Online booking - LUA Resort Balatonf\u00fcred","isPartOf":{"@id":"https:\/\/luaresort.com\/en\/#website"},"datePublished":"2023-06-23T16:03:04+00:00","dateModified":"2025-08-10T22:25:25+00:00","description":"Foglaljon szob\u00e1t a sz\u00e1lloda f\u0151\u00e9p\u00fclet\u00e9be vagy az \u00faj \u00e9p\u00fcletben tal\u00e1lhat\u00f3 LUA Boutique RoomZ-ba. \u00c9lvezz\u00e9k a sz\u00e1lloda exkluz\u00edv strandj\u00e1t, a LUA Beach-et \u00e9s a rooftop b\u00e1rt!","breadcrumb":{"@id":"https:\/\/luaresort.com\/en\/online-booking\/#breadcrumb"},"inLanguage":"en-US","potentialAction":[{"@type":"ReadAction","target":["https:\/\/luaresort.com\/en\/online-booking\/"]}]},{"@type":"BreadcrumbList","@id":"https:\/\/luaresort.com\/en\/online-booking\/#breadcrumb","itemListElement":[{"@type":"ListItem","position":1,"name":"Kezd\u0151lap","item":"https:\/\/luaresort.com\/en\/"},{"@type":"ListItem","position":2,"name":"Online booking"}]},{"@type":"WebSite","@id":"https:\/\/luaresort.com\/en\/#website","url":"https:\/\/luaresort.com\/en\/","name":"LUA Resort Balatonf\u00fcred","description":"LUA Resort***** Balatonf\u00fcred. Az \u00faj resort sz\u00e1llod\u00e1j\u00e1ban a j\u00f3l\u00e9t j\u00f3ll\u00e9ttel p\u00e1rosul. Felel\u0151s hedonizmus, fenntarthat\u00f3 luxus, szem\u00e9lyre szabott szolg\u00e1ltat\u00e1sok.","publisher":{"@id":"https:\/\/luaresort.com\/en\/#organization"},"potentialAction":[{"@type":"SearchAction","target":{"@type":"EntryPoint","urlTemplate":"https:\/\/luaresort.com\/en\/?s={search_term_string}"},"query-input":{"@type":"PropertyValueSpecification","valueRequired":true,"valueName":"search_term_string"}}],"inLanguage":"en-US"},{"@type":"Organization","@id":"https:\/\/luaresort.com\/en\/#organization","name":"LUA Resort","url":"https:\/\/luaresort.com\/en\/","logo":{"@type":"ImageObject","inLanguage":"en-US","@id":"https:\/\/luaresort.com\/en\/#\/schema\/logo\/image\/","url":"https:\/\/luaresort.com\/wp-content\/uploads\/2022\/04\/lua-resort-logo.png","contentUrl":"https:\/\/luaresort.com\/wp-content\/uploads\/2022\/04\/lua-resort-logo.png","width":2048,"height":2048,"caption":"LUA Resort"},"image":{"@id":"https:\/\/luaresort.com\/en\/#\/schema\/logo\/image\/"},"sameAs":["https:\/\/www.facebook.com\/luaresort","https:\/\/www.instagram.com\/luaresort\/"]}]}},"jetpack_sharing_enabled":true,"_links":{"self":[{"href":"https:\/\/luaresort.com\/en\/wp-json\/wp\/v2\/pages\/11680","targetHints":{"allow":["GET"]}}],"collection":[{"href":"https:\/\/luaresort.com\/en\/wp-json\/wp\/v2\/pages"}],"about":[{"href":"https:\/\/luaresort.com\/en\/wp-json\/wp\/v2\/types\/page"}],"author":[{"embeddable":true,"href":"https:\/\/luaresort.com\/en\/wp-json\/wp\/v2\/users\/1"}],"replies":[{"embeddable":true,"href":"https:\/\/luaresort.com\/en\/wp-json\/wp\/v2\/comments?post=11680"}],"version-history":[{"count":4,"href":"https:\/\/luaresort.com\/en\/wp-json\/wp\/v2\/pages\/11680\/revisions"}],"predecessor-version":[{"id":21615,"href":"https:\/\/luaresort.com\/en\/wp-json\/wp\/v2\/pages\/11680\/revisions\/21615"}],"wp:attachment":[{"href":"https:\/\/luaresort.com\/en\/wp-json\/wp\/v2\/media?parent=11680"}],"curies":[{"name":"wp","href":"https:\/\/api.w.org\/{rel}","templated":true}]}}