{"id":2314,"date":"2022-04-08T14:24:33","date_gmt":"2022-04-08T12:24:33","guid":{"rendered":"https:\/\/luaresort.com\/gaestebewertungen\/"},"modified":"2025-08-23T10:37:52","modified_gmt":"2025-08-23T08:37:52","slug":"gaestebewertungen","status":"publish","type":"page","link":"https:\/\/luaresort.com\/de\/gaestebewertungen\/","title":{"rendered":"G\u00e4stebewertungen"},"content":{"rendered":"\n<p>Qualit\u00e4t steckt im Detail.<\/p>\n\n<p>Zus\u00e4tzlich zu unseren qualitativ hochwertigen und personalisierten Dienstleistungen legen wir gro\u00dfen Wert auf kontinuierliche Verbesserung und Entwicklung. Bitte teilen Sie uns Ihre Erfahrungen, Erlebnisse und Anregungen mit, damit wir unsere Dienstleistungen kontinuierlich verbessern k\u00f6nnen und Sie bei Ihrem n\u00e4chsten Besuch wieder Willkommen hei\u00dfen k\u00f6nnen.<\/p>\n\n<p><\/p>\n\n<script>  \r\n  var hotel = 'luaresort'; \/\/ a sz\u00e1ll\u00e1shely rendszerben haszn\u00e1lt azonos\u00edt\u00f3ja\r\n  var lang = 'de'; \/\/ a vend\u00e9gv\u00e9lem\u00e9nyek oldal nyelve (gombok, feliratok)\r\n  var view = 5; \/\/ megjelen\u0151 vend\u00e9gv\u00e9lem\u00e9nyek sz\u00e1ma az oldal bet\u00f6lt\u00e9st k\u00f6vet\u0151en\r\n  var step = 5; \/\/ tov\u00e1bbi v\u00e9lem\u00e9nyek bet\u00f6lt\u00e9sekor alkalmazand\u00f3 mennyis\u00e9gi korl\u00e1t\r\n  var color = '8A6D4B'; \/\/ egyedi sz\u00edn hexadecim\u00e1lis sz\u00ednk\u00f3dja \u2018#\u2019 jel n\u00e9lk\u00fcl\r\n<\/script>\r\n<script src=\"https:\/\/nethotelbooking.net\/embedsp.js\"><\/script>\r\n","protected":false},"excerpt":{"rendered":"<p>Qualit\u00e4t steckt im Detail. Zus\u00e4tzlich zu unseren qualitativ hochwertigen und personalisierten Dienstleistungen legen wir gro\u00dfen Wert auf kontinuierliche Verbesserung und Entwicklung. Bitte teilen Sie uns Ihre Erfahrungen, Erlebnisse und Anregungen mit, damit wir unsere Dienstleistungen kontinuierlich verbessern k\u00f6nnen und Sie bei Ihrem n\u00e4chsten Besuch wieder Willkommen hei\u00dfen k\u00f6nnen.<\/p>\n","protected":false},"author":1,"featured_media":0,"parent":0,"menu_order":0,"comment_status":"closed","ping_status":"closed","template":"","meta":{"inline_featured_image":false,"footnotes":""},"class_list":["post-2314","page","type-page","status-publish","hentry"],"acf":[],"yoast_head":"<!-- This site is optimized with the Yoast SEO plugin v25.8 - https:\/\/yoast.com\/wordpress\/plugins\/seo\/ -->\n<title>G\u00e4stebewertungen - LUA Resort Balatonf\u00fcred<\/title>\n<meta name=\"robots\" content=\"index, follow, max-snippet:-1, max-image-preview:large, max-video-preview:-1\" \/>\n<link rel=\"canonical\" href=\"https:\/\/luaresort.com\/de\/gaestebewertungen\/\" \/>\n<meta property=\"og:locale\" content=\"de_DE\" \/>\n<meta property=\"og:type\" content=\"article\" \/>\n<meta property=\"og:title\" content=\"G\u00e4stebewertungen - LUA Resort Balatonf\u00fcred\" \/>\n<meta property=\"og:description\" content=\"Qualit\u00e4t steckt im Detail. Zus\u00e4tzlich zu unseren qualitativ hochwertigen und personalisierten Dienstleistungen legen wir gro\u00dfen Wert auf kontinuierliche Verbesserung und Entwicklung. Bitte teilen Sie uns Ihre Erfahrungen, Erlebnisse und Anregungen mit, damit wir unsere Dienstleistungen kontinuierlich verbessern k\u00f6nnen und Sie bei Ihrem n\u00e4chsten Besuch wieder Willkommen hei\u00dfen k\u00f6nnen.\" \/>\n<meta property=\"og:url\" content=\"https:\/\/luaresort.com\/de\/gaestebewertungen\/\" \/>\n<meta property=\"og:site_name\" content=\"LUA Resort Balatonf\u00fcred\" \/>\n<meta property=\"article:publisher\" content=\"https:\/\/www.facebook.com\/luaresort\" \/>\n<meta property=\"article:modified_time\" content=\"2025-08-23T08:37:52+00:00\" \/>\n<meta name=\"twitter:card\" content=\"summary_large_image\" \/>\n<script type=\"application\/ld+json\" class=\"yoast-schema-graph\">{\"@context\":\"https:\/\/schema.org\",\"@graph\":[{\"@type\":\"WebPage\",\"@id\":\"https:\/\/luaresort.com\/de\/gaestebewertungen\/\",\"url\":\"https:\/\/luaresort.com\/de\/gaestebewertungen\/\",\"name\":\"G\u00e4stebewertungen - LUA Resort Balatonf\u00fcred\",\"isPartOf\":{\"@id\":\"https:\/\/luaresort.com\/de\/#website\"},\"datePublished\":\"2022-04-08T12:24:33+00:00\",\"dateModified\":\"2025-08-23T08:37:52+00:00\",\"breadcrumb\":{\"@id\":\"https:\/\/luaresort.com\/de\/gaestebewertungen\/#breadcrumb\"},\"inLanguage\":\"de\",\"potentialAction\":[{\"@type\":\"ReadAction\",\"target\":[\"https:\/\/luaresort.com\/de\/gaestebewertungen\/\"]}]},{\"@type\":\"BreadcrumbList\",\"@id\":\"https:\/\/luaresort.com\/de\/gaestebewertungen\/#breadcrumb\",\"itemListElement\":[{\"@type\":\"ListItem\",\"position\":1,\"name\":\"Kezd\u0151lap\",\"item\":\"https:\/\/luaresort.com\/de\/\"},{\"@type\":\"ListItem\",\"position\":2,\"name\":\"G\u00e4stebewertungen\"}]},{\"@type\":\"WebSite\",\"@id\":\"https:\/\/luaresort.com\/de\/#website\",\"url\":\"https:\/\/luaresort.com\/de\/\",\"name\":\"LUA Resort Balatonf\u00fcred\",\"description\":\"LUA Resort***** Balatonf\u00fcred. Az \u00faj resort sz\u00e1llod\u00e1j\u00e1ban a j\u00f3l\u00e9t j\u00f3ll\u00e9ttel p\u00e1rosul. Felel\u0151s hedonizmus, fenntarthat\u00f3 luxus, szem\u00e9lyre szabott szolg\u00e1ltat\u00e1sok.\",\"publisher\":{\"@id\":\"https:\/\/luaresort.com\/de\/#organization\"},\"potentialAction\":[{\"@type\":\"SearchAction\",\"target\":{\"@type\":\"EntryPoint\",\"urlTemplate\":\"https:\/\/luaresort.com\/de\/?s={search_term_string}\"},\"query-input\":{\"@type\":\"PropertyValueSpecification\",\"valueRequired\":true,\"valueName\":\"search_term_string\"}}],\"inLanguage\":\"de\"},{\"@type\":\"Organization\",\"@id\":\"https:\/\/luaresort.com\/de\/#organization\",\"name\":\"LUA Resort\",\"url\":\"https:\/\/luaresort.com\/de\/\",\"logo\":{\"@type\":\"ImageObject\",\"inLanguage\":\"de\",\"@id\":\"https:\/\/luaresort.com\/de\/#\/schema\/logo\/image\/\",\"url\":\"https:\/\/luaresort.com\/wp-content\/uploads\/2022\/04\/lua-resort-logo.png\",\"contentUrl\":\"https:\/\/luaresort.com\/wp-content\/uploads\/2022\/04\/lua-resort-logo.png\",\"width\":2048,\"height\":2048,\"caption\":\"LUA Resort\"},\"image\":{\"@id\":\"https:\/\/luaresort.com\/de\/#\/schema\/logo\/image\/\"},\"sameAs\":[\"https:\/\/www.facebook.com\/luaresort\",\"https:\/\/www.instagram.com\/luaresort\/\"]}]}<\/script>\n<!-- \/ Yoast SEO plugin. -->","yoast_head_json":{"title":"G\u00e4stebewertungen - LUA Resort Balatonf\u00fcred","robots":{"index":"index","follow":"follow","max-snippet":"max-snippet:-1","max-image-preview":"max-image-preview:large","max-video-preview":"max-video-preview:-1"},"canonical":"https:\/\/luaresort.com\/de\/gaestebewertungen\/","og_locale":"de_DE","og_type":"article","og_title":"G\u00e4stebewertungen - LUA Resort Balatonf\u00fcred","og_description":"Qualit\u00e4t steckt im Detail. Zus\u00e4tzlich zu unseren qualitativ hochwertigen und personalisierten Dienstleistungen legen wir gro\u00dfen Wert auf kontinuierliche Verbesserung und Entwicklung. Bitte teilen Sie uns Ihre Erfahrungen, Erlebnisse und Anregungen mit, damit wir unsere Dienstleistungen kontinuierlich verbessern k\u00f6nnen und Sie bei Ihrem n\u00e4chsten Besuch wieder Willkommen hei\u00dfen k\u00f6nnen.","og_url":"https:\/\/luaresort.com\/de\/gaestebewertungen\/","og_site_name":"LUA Resort Balatonf\u00fcred","article_publisher":"https:\/\/www.facebook.com\/luaresort","article_modified_time":"2025-08-23T08:37:52+00:00","twitter_card":"summary_large_image","schema":{"@context":"https:\/\/schema.org","@graph":[{"@type":"WebPage","@id":"https:\/\/luaresort.com\/de\/gaestebewertungen\/","url":"https:\/\/luaresort.com\/de\/gaestebewertungen\/","name":"G\u00e4stebewertungen - LUA Resort Balatonf\u00fcred","isPartOf":{"@id":"https:\/\/luaresort.com\/de\/#website"},"datePublished":"2022-04-08T12:24:33+00:00","dateModified":"2025-08-23T08:37:52+00:00","breadcrumb":{"@id":"https:\/\/luaresort.com\/de\/gaestebewertungen\/#breadcrumb"},"inLanguage":"de","potentialAction":[{"@type":"ReadAction","target":["https:\/\/luaresort.com\/de\/gaestebewertungen\/"]}]},{"@type":"BreadcrumbList","@id":"https:\/\/luaresort.com\/de\/gaestebewertungen\/#breadcrumb","itemListElement":[{"@type":"ListItem","position":1,"name":"Kezd\u0151lap","item":"https:\/\/luaresort.com\/de\/"},{"@type":"ListItem","position":2,"name":"G\u00e4stebewertungen"}]},{"@type":"WebSite","@id":"https:\/\/luaresort.com\/de\/#website","url":"https:\/\/luaresort.com\/de\/","name":"LUA Resort Balatonf\u00fcred","description":"LUA Resort***** Balatonf\u00fcred. Az \u00faj resort sz\u00e1llod\u00e1j\u00e1ban a j\u00f3l\u00e9t j\u00f3ll\u00e9ttel p\u00e1rosul. Felel\u0151s hedonizmus, fenntarthat\u00f3 luxus, szem\u00e9lyre szabott szolg\u00e1ltat\u00e1sok.","publisher":{"@id":"https:\/\/luaresort.com\/de\/#organization"},"potentialAction":[{"@type":"SearchAction","target":{"@type":"EntryPoint","urlTemplate":"https:\/\/luaresort.com\/de\/?s={search_term_string}"},"query-input":{"@type":"PropertyValueSpecification","valueRequired":true,"valueName":"search_term_string"}}],"inLanguage":"de"},{"@type":"Organization","@id":"https:\/\/luaresort.com\/de\/#organization","name":"LUA Resort","url":"https:\/\/luaresort.com\/de\/","logo":{"@type":"ImageObject","inLanguage":"de","@id":"https:\/\/luaresort.com\/de\/#\/schema\/logo\/image\/","url":"https:\/\/luaresort.com\/wp-content\/uploads\/2022\/04\/lua-resort-logo.png","contentUrl":"https:\/\/luaresort.com\/wp-content\/uploads\/2022\/04\/lua-resort-logo.png","width":2048,"height":2048,"caption":"LUA Resort"},"image":{"@id":"https:\/\/luaresort.com\/de\/#\/schema\/logo\/image\/"},"sameAs":["https:\/\/www.facebook.com\/luaresort","https:\/\/www.instagram.com\/luaresort\/"]}]}},"jetpack_sharing_enabled":true,"_links":{"self":[{"href":"https:\/\/luaresort.com\/de\/wp-json\/wp\/v2\/pages\/2314","targetHints":{"allow":["GET"]}}],"collection":[{"href":"https:\/\/luaresort.com\/de\/wp-json\/wp\/v2\/pages"}],"about":[{"href":"https:\/\/luaresort.com\/de\/wp-json\/wp\/v2\/types\/page"}],"author":[{"embeddable":true,"href":"https:\/\/luaresort.com\/de\/wp-json\/wp\/v2\/users\/1"}],"replies":[{"embeddable":true,"href":"https:\/\/luaresort.com\/de\/wp-json\/wp\/v2\/comments?post=2314"}],"version-history":[{"count":1,"href":"https:\/\/luaresort.com\/de\/wp-json\/wp\/v2\/pages\/2314\/revisions"}],"predecessor-version":[{"id":2315,"href":"https:\/\/luaresort.com\/de\/wp-json\/wp\/v2\/pages\/2314\/revisions\/2315"}],"wp:attachment":[{"href":"https:\/\/luaresort.com\/de\/wp-json\/wp\/v2\/media?parent=2314"}],"curies":[{"name":"wp","href":"https:\/\/api.w.org\/{rel}","templated":true}]}}