{"id":2308,"date":"2022-05-12T18:37:32","date_gmt":"2022-05-12T16:37:32","guid":{"rendered":"https:\/\/luaresort.com\/lua-sleeping-concept\/"},"modified":"2023-07-03T10:30:30","modified_gmt":"2023-07-03T08:30:30","slug":"lua-sleeping-concept","status":"publish","type":"page","link":"https:\/\/luaresort.com\/de\/hotel\/lua-sleeping-concept\/","title":{"rendered":"LUA Sleeping Concept"},"content":{"rendered":"\n<div class=\"wp-block-group grouped-content\"><div class=\"wp-block-group__inner-container is-layout-flow wp-block-group-is-layout-flow\">\n<div class=\"wp-block-group is-layout-flex wp-block-group-is-layout-flex\">\n<div class=\"wp-block-columns row is-layout-flex wp-container-core-columns-is-layout-9d6595d7 wp-block-columns-is-layout-flex\">\n<div class=\"wp-block-column col-lg-4 is-layout-flow wp-block-column-is-layout-flow\" style=\"flex-basis:33.33%\"><\/div>\n\n\n\n<div class=\"wp-block-column col-lg-8 is-layout-flow wp-block-column-is-layout-flow\" style=\"flex-basis:66.66%\">\n<p>Ein erholsamer Schlaf ist ebenso wichtig wie ein gesunder Lebensstil und eine ausgewogene Ern\u00e4hrung, die alle zum pers\u00f6nlichen Wohlbefinden beitragen, und Ihre Erneuerung auf eine nat\u00fcrliche Art und Weise erm\u00f6glichen. Im Rahmen des <strong>LUA Sleep Well<sup>TM<\/sup><\/strong> onzepts haben wir ein einzigartiges Programm entwickelt, um einen erholsamen Schlaf zu f\u00f6rdern. Jedes Zimmer verf\u00fcgt \u00fcber ein Boxspringbett mit extradicker medizinischer Matratze und Blackout-Vorh\u00e4ngen. Sollten die vorbereiteten Kissen nicht Ihrem Wunsch entsprechen, dann k\u00f6nnen Sie vom Kissen-Men\u00fc eines ausw\u00e4hlen, welches zu Ihrem Schlafstil am besten passt. Selbstverst\u00e4ndlich kostenlos. In unseren Suiten tr\u00e4gt auch das Lavendelspr\u00fchwasser von Tihany zu einem v\u00f6llig entspannenden Erlebnis bei.<\/p>\n<\/div>\n<\/div>\n<\/div>\n<\/div><\/div>\n","protected":false},"excerpt":{"rendered":"<p>Ein erholsamer Schlaf ist ebenso wichtig wie ein gesunder Lebensstil und eine ausgewogene Ern\u00e4hrung, die alle zum pers\u00f6nlichen Wohlbefinden beitragen, und Ihre Erneuerung auf eine nat\u00fcrliche Art und Weise erm\u00f6glichen.<\/p>\n","protected":false},"author":1,"featured_media":9059,"parent":2325,"menu_order":0,"comment_status":"closed","ping_status":"closed","template":"template-product.php","meta":{"inline_featured_image":false,"footnotes":""},"class_list":["post-2308","page","type-page","status-publish","has-post-thumbnail","hentry"],"acf":[],"yoast_head":"<!-- This site is optimized with the Yoast SEO plugin v25.8 - https:\/\/yoast.com\/wordpress\/plugins\/seo\/ -->\n<title>LUA Sleeping Concept - LUA Resort Balatonf\u00fcred<\/title>\n<meta name=\"description\" content=\"Hervorragendes Schlaferlebnis, pers\u00f6nliches Wohlbefinden, Gelegenheit zur Erneuerung. In unserem Hotel nur f\u00fcr Erwachsene legen wir den Grundstein f\u00fcr eine gute Nachtruhe.\" \/>\n<meta name=\"robots\" content=\"index, follow, max-snippet:-1, max-image-preview:large, max-video-preview:-1\" \/>\n<link rel=\"canonical\" href=\"https:\/\/luaresort.com\/de\/hotel\/lua-sleeping-concept\/\" \/>\n<meta property=\"og:locale\" content=\"de_DE\" \/>\n<meta property=\"og:type\" content=\"article\" \/>\n<meta property=\"og:title\" content=\"LUA Sleeping Concept - LUA Resort Balatonf\u00fcred\" \/>\n<meta property=\"og:description\" content=\"Hervorragendes Schlaferlebnis, pers\u00f6nliches Wohlbefinden, Gelegenheit zur Erneuerung. In unserem Hotel nur f\u00fcr Erwachsene legen wir den Grundstein f\u00fcr eine gute Nachtruhe.\" \/>\n<meta property=\"og:url\" content=\"https:\/\/luaresort.com\/de\/hotel\/lua-sleeping-concept\/\" \/>\n<meta property=\"og:site_name\" content=\"LUA Resort Balatonf\u00fcred\" \/>\n<meta property=\"article:publisher\" content=\"https:\/\/www.facebook.com\/luaresort\" \/>\n<meta property=\"article:modified_time\" content=\"2023-07-03T08:30:30+00:00\" \/>\n<meta property=\"og:image\" content=\"https:\/\/luaresort.com\/wp-content\/uploads\/2023\/02\/lua-resort-balatonfured-DSC04527-scaled.jpg\" \/>\n\t<meta property=\"og:image:width\" content=\"2560\" \/>\n\t<meta property=\"og:image:height\" content=\"1707\" \/>\n\t<meta property=\"og:image:type\" content=\"image\/jpeg\" \/>\n<meta name=\"twitter:card\" content=\"summary_large_image\" \/>\n<meta name=\"twitter:label1\" content=\"Gesch\u00e4tzte Lesezeit\" \/>\n\t<meta name=\"twitter:data1\" content=\"1\u00a0Minute\" \/>\n<script type=\"application\/ld+json\" class=\"yoast-schema-graph\">{\"@context\":\"https:\/\/schema.org\",\"@graph\":[{\"@type\":\"WebPage\",\"@id\":\"https:\/\/luaresort.com\/de\/hotel\/lua-sleeping-concept\/\",\"url\":\"https:\/\/luaresort.com\/de\/hotel\/lua-sleeping-concept\/\",\"name\":\"LUA Sleeping Concept - LUA Resort Balatonf\u00fcred\",\"isPartOf\":{\"@id\":\"https:\/\/luaresort.com\/de\/#website\"},\"primaryImageOfPage\":{\"@id\":\"https:\/\/luaresort.com\/de\/hotel\/lua-sleeping-concept\/#primaryimage\"},\"image\":{\"@id\":\"https:\/\/luaresort.com\/de\/hotel\/lua-sleeping-concept\/#primaryimage\"},\"thumbnailUrl\":\"https:\/\/i0.wp.com\/luaresort.com\/wp-content\/uploads\/2023\/02\/lua-resort-balatonfured-DSC04527-scaled.jpg?fit=2560%2C1707&ssl=1\",\"datePublished\":\"2022-05-12T16:37:32+00:00\",\"dateModified\":\"2023-07-03T08:30:30+00:00\",\"description\":\"Hervorragendes Schlaferlebnis, pers\u00f6nliches Wohlbefinden, Gelegenheit zur Erneuerung. In unserem Hotel nur f\u00fcr Erwachsene legen wir den Grundstein f\u00fcr eine gute Nachtruhe.\",\"breadcrumb\":{\"@id\":\"https:\/\/luaresort.com\/de\/hotel\/lua-sleeping-concept\/#breadcrumb\"},\"inLanguage\":\"de\",\"potentialAction\":[{\"@type\":\"ReadAction\",\"target\":[\"https:\/\/luaresort.com\/de\/hotel\/lua-sleeping-concept\/\"]}]},{\"@type\":\"ImageObject\",\"inLanguage\":\"de\",\"@id\":\"https:\/\/luaresort.com\/de\/hotel\/lua-sleeping-concept\/#primaryimage\",\"url\":\"https:\/\/i0.wp.com\/luaresort.com\/wp-content\/uploads\/2023\/02\/lua-resort-balatonfured-DSC04527-scaled.jpg?fit=2560%2C1707&ssl=1\",\"contentUrl\":\"https:\/\/i0.wp.com\/luaresort.com\/wp-content\/uploads\/2023\/02\/lua-resort-balatonfured-DSC04527-scaled.jpg?fit=2560%2C1707&ssl=1\",\"width\":2560,\"height\":1707},{\"@type\":\"BreadcrumbList\",\"@id\":\"https:\/\/luaresort.com\/de\/hotel\/lua-sleeping-concept\/#breadcrumb\",\"itemListElement\":[{\"@type\":\"ListItem\",\"position\":1,\"name\":\"Kezd\u0151lap\",\"item\":\"https:\/\/luaresort.com\/de\/\"},{\"@type\":\"ListItem\",\"position\":2,\"name\":\"Hotel\",\"item\":\"https:\/\/luaresort.com\/de\/hotel\/\"},{\"@type\":\"ListItem\",\"position\":3,\"name\":\"LUA Sleeping Concept\"}]},{\"@type\":\"WebSite\",\"@id\":\"https:\/\/luaresort.com\/de\/#website\",\"url\":\"https:\/\/luaresort.com\/de\/\",\"name\":\"LUA Resort Balatonf\u00fcred\",\"description\":\"LUA Resort***** Balatonf\u00fcred. Az \u00faj resort sz\u00e1llod\u00e1j\u00e1ban a j\u00f3l\u00e9t j\u00f3ll\u00e9ttel p\u00e1rosul. Felel\u0151s hedonizmus, fenntarthat\u00f3 luxus, szem\u00e9lyre szabott szolg\u00e1ltat\u00e1sok.\",\"publisher\":{\"@id\":\"https:\/\/luaresort.com\/de\/#organization\"},\"potentialAction\":[{\"@type\":\"SearchAction\",\"target\":{\"@type\":\"EntryPoint\",\"urlTemplate\":\"https:\/\/luaresort.com\/de\/?s={search_term_string}\"},\"query-input\":{\"@type\":\"PropertyValueSpecification\",\"valueRequired\":true,\"valueName\":\"search_term_string\"}}],\"inLanguage\":\"de\"},{\"@type\":\"Organization\",\"@id\":\"https:\/\/luaresort.com\/de\/#organization\",\"name\":\"LUA Resort\",\"url\":\"https:\/\/luaresort.com\/de\/\",\"logo\":{\"@type\":\"ImageObject\",\"inLanguage\":\"de\",\"@id\":\"https:\/\/luaresort.com\/de\/#\/schema\/logo\/image\/\",\"url\":\"https:\/\/luaresort.com\/wp-content\/uploads\/2022\/04\/lua-resort-logo.png\",\"contentUrl\":\"https:\/\/luaresort.com\/wp-content\/uploads\/2022\/04\/lua-resort-logo.png\",\"width\":2048,\"height\":2048,\"caption\":\"LUA Resort\"},\"image\":{\"@id\":\"https:\/\/luaresort.com\/de\/#\/schema\/logo\/image\/\"},\"sameAs\":[\"https:\/\/www.facebook.com\/luaresort\",\"https:\/\/www.instagram.com\/luaresort\/\"]}]}<\/script>\n<!-- \/ Yoast SEO plugin. -->","yoast_head_json":{"title":"LUA Sleeping Concept - LUA Resort Balatonf\u00fcred","description":"Hervorragendes Schlaferlebnis, pers\u00f6nliches Wohlbefinden, Gelegenheit zur Erneuerung. In unserem Hotel nur f\u00fcr Erwachsene legen wir den Grundstein f\u00fcr eine gute Nachtruhe.","robots":{"index":"index","follow":"follow","max-snippet":"max-snippet:-1","max-image-preview":"max-image-preview:large","max-video-preview":"max-video-preview:-1"},"canonical":"https:\/\/luaresort.com\/de\/hotel\/lua-sleeping-concept\/","og_locale":"de_DE","og_type":"article","og_title":"LUA Sleeping Concept - LUA Resort Balatonf\u00fcred","og_description":"Hervorragendes Schlaferlebnis, pers\u00f6nliches Wohlbefinden, Gelegenheit zur Erneuerung. In unserem Hotel nur f\u00fcr Erwachsene legen wir den Grundstein f\u00fcr eine gute Nachtruhe.","og_url":"https:\/\/luaresort.com\/de\/hotel\/lua-sleeping-concept\/","og_site_name":"LUA Resort Balatonf\u00fcred","article_publisher":"https:\/\/www.facebook.com\/luaresort","article_modified_time":"2023-07-03T08:30:30+00:00","og_image":[{"width":2560,"height":1707,"url":"https:\/\/luaresort.com\/wp-content\/uploads\/2023\/02\/lua-resort-balatonfured-DSC04527-scaled.jpg","type":"image\/jpeg"}],"twitter_card":"summary_large_image","twitter_misc":{"Gesch\u00e4tzte Lesezeit":"1\u00a0Minute"},"schema":{"@context":"https:\/\/schema.org","@graph":[{"@type":"WebPage","@id":"https:\/\/luaresort.com\/de\/hotel\/lua-sleeping-concept\/","url":"https:\/\/luaresort.com\/de\/hotel\/lua-sleeping-concept\/","name":"LUA Sleeping Concept - LUA Resort Balatonf\u00fcred","isPartOf":{"@id":"https:\/\/luaresort.com\/de\/#website"},"primaryImageOfPage":{"@id":"https:\/\/luaresort.com\/de\/hotel\/lua-sleeping-concept\/#primaryimage"},"image":{"@id":"https:\/\/luaresort.com\/de\/hotel\/lua-sleeping-concept\/#primaryimage"},"thumbnailUrl":"https:\/\/i0.wp.com\/luaresort.com\/wp-content\/uploads\/2023\/02\/lua-resort-balatonfured-DSC04527-scaled.jpg?fit=2560%2C1707&ssl=1","datePublished":"2022-05-12T16:37:32+00:00","dateModified":"2023-07-03T08:30:30+00:00","description":"Hervorragendes Schlaferlebnis, pers\u00f6nliches Wohlbefinden, Gelegenheit zur Erneuerung. In unserem Hotel nur f\u00fcr Erwachsene legen wir den Grundstein f\u00fcr eine gute Nachtruhe.","breadcrumb":{"@id":"https:\/\/luaresort.com\/de\/hotel\/lua-sleeping-concept\/#breadcrumb"},"inLanguage":"de","potentialAction":[{"@type":"ReadAction","target":["https:\/\/luaresort.com\/de\/hotel\/lua-sleeping-concept\/"]}]},{"@type":"ImageObject","inLanguage":"de","@id":"https:\/\/luaresort.com\/de\/hotel\/lua-sleeping-concept\/#primaryimage","url":"https:\/\/i0.wp.com\/luaresort.com\/wp-content\/uploads\/2023\/02\/lua-resort-balatonfured-DSC04527-scaled.jpg?fit=2560%2C1707&ssl=1","contentUrl":"https:\/\/i0.wp.com\/luaresort.com\/wp-content\/uploads\/2023\/02\/lua-resort-balatonfured-DSC04527-scaled.jpg?fit=2560%2C1707&ssl=1","width":2560,"height":1707},{"@type":"BreadcrumbList","@id":"https:\/\/luaresort.com\/de\/hotel\/lua-sleeping-concept\/#breadcrumb","itemListElement":[{"@type":"ListItem","position":1,"name":"Kezd\u0151lap","item":"https:\/\/luaresort.com\/de\/"},{"@type":"ListItem","position":2,"name":"Hotel","item":"https:\/\/luaresort.com\/de\/hotel\/"},{"@type":"ListItem","position":3,"name":"LUA Sleeping Concept"}]},{"@type":"WebSite","@id":"https:\/\/luaresort.com\/de\/#website","url":"https:\/\/luaresort.com\/de\/","name":"LUA Resort Balatonf\u00fcred","description":"LUA Resort***** Balatonf\u00fcred. Az \u00faj resort sz\u00e1llod\u00e1j\u00e1ban a j\u00f3l\u00e9t j\u00f3ll\u00e9ttel p\u00e1rosul. Felel\u0151s hedonizmus, fenntarthat\u00f3 luxus, szem\u00e9lyre szabott szolg\u00e1ltat\u00e1sok.","publisher":{"@id":"https:\/\/luaresort.com\/de\/#organization"},"potentialAction":[{"@type":"SearchAction","target":{"@type":"EntryPoint","urlTemplate":"https:\/\/luaresort.com\/de\/?s={search_term_string}"},"query-input":{"@type":"PropertyValueSpecification","valueRequired":true,"valueName":"search_term_string"}}],"inLanguage":"de"},{"@type":"Organization","@id":"https:\/\/luaresort.com\/de\/#organization","name":"LUA Resort","url":"https:\/\/luaresort.com\/de\/","logo":{"@type":"ImageObject","inLanguage":"de","@id":"https:\/\/luaresort.com\/de\/#\/schema\/logo\/image\/","url":"https:\/\/luaresort.com\/wp-content\/uploads\/2022\/04\/lua-resort-logo.png","contentUrl":"https:\/\/luaresort.com\/wp-content\/uploads\/2022\/04\/lua-resort-logo.png","width":2048,"height":2048,"caption":"LUA Resort"},"image":{"@id":"https:\/\/luaresort.com\/de\/#\/schema\/logo\/image\/"},"sameAs":["https:\/\/www.facebook.com\/luaresort","https:\/\/www.instagram.com\/luaresort\/"]}]}},"jetpack_sharing_enabled":true,"_links":{"self":[{"href":"https:\/\/luaresort.com\/de\/wp-json\/wp\/v2\/pages\/2308","targetHints":{"allow":["GET"]}}],"collection":[{"href":"https:\/\/luaresort.com\/de\/wp-json\/wp\/v2\/pages"}],"about":[{"href":"https:\/\/luaresort.com\/de\/wp-json\/wp\/v2\/types\/page"}],"author":[{"embeddable":true,"href":"https:\/\/luaresort.com\/de\/wp-json\/wp\/v2\/users\/1"}],"replies":[{"embeddable":true,"href":"https:\/\/luaresort.com\/de\/wp-json\/wp\/v2\/comments?post=2308"}],"version-history":[{"count":1,"href":"https:\/\/luaresort.com\/de\/wp-json\/wp\/v2\/pages\/2308\/revisions"}],"predecessor-version":[{"id":2309,"href":"https:\/\/luaresort.com\/de\/wp-json\/wp\/v2\/pages\/2308\/revisions\/2309"}],"up":[{"embeddable":true,"href":"https:\/\/luaresort.com\/de\/wp-json\/wp\/v2\/pages\/2325"}],"wp:featuredmedia":[{"embeddable":true,"href":"https:\/\/luaresort.com\/de\/wp-json\/wp\/v2\/media\/9059"}],"wp:attachment":[{"href":"https:\/\/luaresort.com\/de\/wp-json\/wp\/v2\/media?parent=2308"}],"curies":[{"name":"wp","href":"https:\/\/api.w.org\/{rel}","templated":true}]}}