{"id":2298,"date":"2022-05-02T14:20:02","date_gmt":"2022-05-02T12:20:02","guid":{"rendered":"https:\/\/luaresort.com\/spa-wellness\/omorovicza\/"},"modified":"2022-07-29T13:05:26","modified_gmt":"2022-07-29T11:05:26","slug":"omorovicza","status":"publish","type":"page","link":"https:\/\/luaresort.com\/de\/spa-wellness\/omorovicza\/","title":{"rendered":"Omorovicza"},"content":{"rendered":"\n<div class=\"wp-block-group grouped-content\"><div class=\"wp-block-group__inner-container is-layout-flow wp-block-group-is-layout-flow\">\n<div class=\"wp-block-group is-layout-flex wp-block-group-is-layout-flex\">\n<div class=\"wp-block-columns row is-layout-flex wp-container-core-columns-is-layout-9d6595d7 wp-block-columns-is-layout-flex\">\n<div class=\"wp-block-column col-lg-4 is-layout-flow wp-block-column-is-layout-flow\" style=\"flex-basis:33.33%\"><\/div>\n\n\n\n<div class=\"wp-block-column col-lg-8 is-layout-flow wp-block-column-is-layout-flow\" style=\"flex-basis:66.66%\">\n<p>  <\/p>\n\n\n\n<p><p class=\"p1\">Die magische Wirkung des Thermalwassers liegt in seiner einzigartigen Kombination von Mineralien und Spurenelementen. Die wohltuende Wirkung des Thermalwassers auf die Haut ist allgemein bekannt, da im Wasser enthaltene Mineralien auf die Oberfl\u00e4che der Haut einwirken. Weniger bekannt ist die Tatsache, dass sie nicht absorbiert werden und biologisch nicht verwertbar sind.&#13;\nUm die wunderbare Heilwirkung zu erzielen, musste ein Weg gefunden werden, die Mineralien in die tieferen Schichten der Epidermis zu bringen.&#13;\nUm die Jahrtausendwende lebte Stephen de Heinrich de Omorovicza in Budapest, als er Margaret kennenlernte, eine amerikanische Diplomatin, die an der Botschaft der Vereinigten Staaten in Budapest arbeitete. Stephen nahm Margaret mit in die Thermalb\u00e4der, die seine Familie in den 1800-er Jahren erbaut hatte. Nachdem das Paar die heilenden Kr\u00e4fte des Wassers buchst\u00e4blich am eigenen Leib erfahren hatten, beschlossen sie, das Wasser genauer zu studieren um seine wunderbaren Heilkr\u00e4fte zug\u00e4nglich zu machen.&#13;\n&#13;\n&#13;\n&#13;\n<\/p><\/p>\n\n\n\n<p>Mit Hilfe renommierter Forscher der Universit\u00e4t Szeged wurde die Healing Concentrate\u2122-Technologie entwickelt und patentiert, eine einzigartige Methode, um heilende Mineralien in die tiefsten Schichten der Haut zu bringen.<\/p>\n\n\n\n<p>OMOROVICZA z\u00e4hlt heute zu den f\u00fchrenden und exklusivsten Luxuskosmetik- und Spa-Marken der Welt. Das Erfolgsgeheimnis liegt in der harmonischen Kombination der mit modernster Technik hergestellten Wirkstoffe erg\u00e4nzt mit nat\u00fcrlichen Inhaltsstoffen und speziellen Massagen, die auf menschlicher Ber\u00fchrung basieren. OMOROVICZA glaubt an eine reine, nat\u00fcrliche Hautpflege. Deshalb sind alle Produkte frei von risikoreichen synthetischen Inhaltsstoffen.<\/p>\n\n\n\n<p>  <\/p>\n<\/div>\n<\/div>\n<\/div>\n<\/div><\/div>\n","protected":false},"excerpt":{"rendered":"<p>Die Luxuskosmetikmarke, welche die hauterneuernde Wirkung des ungarischen Thermalwassers und der traditionellen ungarischen Gesichtsmassage in der ganzen Welt bekannt gemacht hat.<\/p>\n","protected":false},"author":1,"featured_media":2016,"parent":2284,"menu_order":2,"comment_status":"closed","ping_status":"closed","template":"template-product.php","meta":{"inline_featured_image":false,"footnotes":""},"class_list":["post-2298","page","type-page","status-publish","has-post-thumbnail","hentry"],"acf":[],"yoast_head":"<!-- This site is optimized with the Yoast SEO plugin v25.8 - https:\/\/yoast.com\/wordpress\/plugins\/seo\/ -->\n<title>Omorovicza - LUA Resort Balatonf\u00fcred<\/title>\n<meta name=\"description\" content=\"Die Luxuskosmetikmarke, welche die hauterneuernde Wirkung des ungarischen Thermalwassers und der traditionellen ungarischen Gesichtsmassage in der ganzen Welt bekannt gemacht hat.\" \/>\n<meta name=\"robots\" content=\"index, follow, max-snippet:-1, max-image-preview:large, max-video-preview:-1\" \/>\n<link rel=\"canonical\" href=\"https:\/\/luaresort.com\/de\/spa-wellness\/omorovicza\/\" \/>\n<meta property=\"og:locale\" content=\"de_DE\" \/>\n<meta property=\"og:type\" content=\"article\" \/>\n<meta property=\"og:title\" content=\"Omorovicza - LUA Resort Balatonf\u00fcred\" \/>\n<meta property=\"og:description\" content=\"Die Luxuskosmetikmarke, welche die hauterneuernde Wirkung des ungarischen Thermalwassers und der traditionellen ungarischen Gesichtsmassage in der ganzen Welt bekannt gemacht hat.\" \/>\n<meta property=\"og:url\" content=\"https:\/\/luaresort.com\/de\/spa-wellness\/omorovicza\/\" \/>\n<meta property=\"og:site_name\" content=\"LUA Resort Balatonf\u00fcred\" \/>\n<meta property=\"article:publisher\" content=\"https:\/\/www.facebook.com\/luaresort\" \/>\n<meta property=\"article:modified_time\" content=\"2022-07-29T11:05:26+00:00\" \/>\n<meta property=\"og:image\" content=\"https:\/\/i0.wp.com\/luaresort.com\/wp-content\/uploads\/2022\/05\/luaresort-omorovicza-thumbnail.jpg?fit=1440%2C1080&ssl=1\" \/>\n\t<meta property=\"og:image:width\" content=\"1440\" \/>\n\t<meta property=\"og:image:height\" content=\"1080\" \/>\n\t<meta property=\"og:image:type\" content=\"image\/jpeg\" \/>\n<meta name=\"twitter:card\" content=\"summary_large_image\" \/>\n<meta name=\"twitter:label1\" content=\"Gesch\u00e4tzte Lesezeit\" \/>\n\t<meta name=\"twitter:data1\" content=\"1\u00a0Minute\" \/>\n<script type=\"application\/ld+json\" class=\"yoast-schema-graph\">{\"@context\":\"https:\/\/schema.org\",\"@graph\":[{\"@type\":\"WebPage\",\"@id\":\"https:\/\/luaresort.com\/de\/spa-wellness\/omorovicza\/\",\"url\":\"https:\/\/luaresort.com\/de\/spa-wellness\/omorovicza\/\",\"name\":\"Omorovicza - LUA Resort Balatonf\u00fcred\",\"isPartOf\":{\"@id\":\"https:\/\/luaresort.com\/de\/#website\"},\"primaryImageOfPage\":{\"@id\":\"https:\/\/luaresort.com\/de\/spa-wellness\/omorovicza\/#primaryimage\"},\"image\":{\"@id\":\"https:\/\/luaresort.com\/de\/spa-wellness\/omorovicza\/#primaryimage\"},\"thumbnailUrl\":\"https:\/\/i0.wp.com\/luaresort.com\/wp-content\/uploads\/2022\/05\/luaresort-omorovicza-thumbnail.jpg?fit=1440%2C1080&ssl=1\",\"datePublished\":\"2022-05-02T12:20:02+00:00\",\"dateModified\":\"2022-07-29T11:05:26+00:00\",\"description\":\"Die Luxuskosmetikmarke, welche die hauterneuernde Wirkung des ungarischen Thermalwassers und der traditionellen ungarischen Gesichtsmassage in der ganzen Welt bekannt gemacht hat.\",\"breadcrumb\":{\"@id\":\"https:\/\/luaresort.com\/de\/spa-wellness\/omorovicza\/#breadcrumb\"},\"inLanguage\":\"de\",\"potentialAction\":[{\"@type\":\"ReadAction\",\"target\":[\"https:\/\/luaresort.com\/de\/spa-wellness\/omorovicza\/\"]}]},{\"@type\":\"ImageObject\",\"inLanguage\":\"de\",\"@id\":\"https:\/\/luaresort.com\/de\/spa-wellness\/omorovicza\/#primaryimage\",\"url\":\"https:\/\/i0.wp.com\/luaresort.com\/wp-content\/uploads\/2022\/05\/luaresort-omorovicza-thumbnail.jpg?fit=1440%2C1080&ssl=1\",\"contentUrl\":\"https:\/\/i0.wp.com\/luaresort.com\/wp-content\/uploads\/2022\/05\/luaresort-omorovicza-thumbnail.jpg?fit=1440%2C1080&ssl=1\",\"width\":1440,\"height\":1080},{\"@type\":\"BreadcrumbList\",\"@id\":\"https:\/\/luaresort.com\/de\/spa-wellness\/omorovicza\/#breadcrumb\",\"itemListElement\":[{\"@type\":\"ListItem\",\"position\":1,\"name\":\"Kezd\u0151lap\",\"item\":\"https:\/\/luaresort.com\/de\/\"},{\"@type\":\"ListItem\",\"position\":2,\"name\":\"Spa &#038; Wellness\",\"item\":\"https:\/\/luaresort.com\/de\/spa-wellness\/\"},{\"@type\":\"ListItem\",\"position\":3,\"name\":\"Omorovicza\"}]},{\"@type\":\"WebSite\",\"@id\":\"https:\/\/luaresort.com\/de\/#website\",\"url\":\"https:\/\/luaresort.com\/de\/\",\"name\":\"LUA Resort Balatonf\u00fcred\",\"description\":\"LUA Resort***** Balatonf\u00fcred. Az \u00faj resort sz\u00e1llod\u00e1j\u00e1ban a j\u00f3l\u00e9t j\u00f3ll\u00e9ttel p\u00e1rosul. Felel\u0151s hedonizmus, fenntarthat\u00f3 luxus, szem\u00e9lyre szabott szolg\u00e1ltat\u00e1sok.\",\"publisher\":{\"@id\":\"https:\/\/luaresort.com\/de\/#organization\"},\"potentialAction\":[{\"@type\":\"SearchAction\",\"target\":{\"@type\":\"EntryPoint\",\"urlTemplate\":\"https:\/\/luaresort.com\/de\/?s={search_term_string}\"},\"query-input\":{\"@type\":\"PropertyValueSpecification\",\"valueRequired\":true,\"valueName\":\"search_term_string\"}}],\"inLanguage\":\"de\"},{\"@type\":\"Organization\",\"@id\":\"https:\/\/luaresort.com\/de\/#organization\",\"name\":\"LUA Resort\",\"url\":\"https:\/\/luaresort.com\/de\/\",\"logo\":{\"@type\":\"ImageObject\",\"inLanguage\":\"de\",\"@id\":\"https:\/\/luaresort.com\/de\/#\/schema\/logo\/image\/\",\"url\":\"https:\/\/luaresort.com\/wp-content\/uploads\/2022\/04\/lua-resort-logo.png\",\"contentUrl\":\"https:\/\/luaresort.com\/wp-content\/uploads\/2022\/04\/lua-resort-logo.png\",\"width\":2048,\"height\":2048,\"caption\":\"LUA Resort\"},\"image\":{\"@id\":\"https:\/\/luaresort.com\/de\/#\/schema\/logo\/image\/\"},\"sameAs\":[\"https:\/\/www.facebook.com\/luaresort\",\"https:\/\/www.instagram.com\/luaresort\/\"]}]}<\/script>\n<!-- \/ Yoast SEO plugin. -->","yoast_head_json":{"title":"Omorovicza - LUA Resort Balatonf\u00fcred","description":"Die Luxuskosmetikmarke, welche die hauterneuernde Wirkung des ungarischen Thermalwassers und der traditionellen ungarischen Gesichtsmassage in der ganzen Welt bekannt gemacht hat.","robots":{"index":"index","follow":"follow","max-snippet":"max-snippet:-1","max-image-preview":"max-image-preview:large","max-video-preview":"max-video-preview:-1"},"canonical":"https:\/\/luaresort.com\/de\/spa-wellness\/omorovicza\/","og_locale":"de_DE","og_type":"article","og_title":"Omorovicza - LUA Resort Balatonf\u00fcred","og_description":"Die Luxuskosmetikmarke, welche die hauterneuernde Wirkung des ungarischen Thermalwassers und der traditionellen ungarischen Gesichtsmassage in der ganzen Welt bekannt gemacht hat.","og_url":"https:\/\/luaresort.com\/de\/spa-wellness\/omorovicza\/","og_site_name":"LUA Resort Balatonf\u00fcred","article_publisher":"https:\/\/www.facebook.com\/luaresort","article_modified_time":"2022-07-29T11:05:26+00:00","og_image":[{"width":1440,"height":1080,"url":"https:\/\/i0.wp.com\/luaresort.com\/wp-content\/uploads\/2022\/05\/luaresort-omorovicza-thumbnail.jpg?fit=1440%2C1080&ssl=1","type":"image\/jpeg"}],"twitter_card":"summary_large_image","twitter_misc":{"Gesch\u00e4tzte Lesezeit":"1\u00a0Minute"},"schema":{"@context":"https:\/\/schema.org","@graph":[{"@type":"WebPage","@id":"https:\/\/luaresort.com\/de\/spa-wellness\/omorovicza\/","url":"https:\/\/luaresort.com\/de\/spa-wellness\/omorovicza\/","name":"Omorovicza - LUA Resort Balatonf\u00fcred","isPartOf":{"@id":"https:\/\/luaresort.com\/de\/#website"},"primaryImageOfPage":{"@id":"https:\/\/luaresort.com\/de\/spa-wellness\/omorovicza\/#primaryimage"},"image":{"@id":"https:\/\/luaresort.com\/de\/spa-wellness\/omorovicza\/#primaryimage"},"thumbnailUrl":"https:\/\/i0.wp.com\/luaresort.com\/wp-content\/uploads\/2022\/05\/luaresort-omorovicza-thumbnail.jpg?fit=1440%2C1080&ssl=1","datePublished":"2022-05-02T12:20:02+00:00","dateModified":"2022-07-29T11:05:26+00:00","description":"Die Luxuskosmetikmarke, welche die hauterneuernde Wirkung des ungarischen Thermalwassers und der traditionellen ungarischen Gesichtsmassage in der ganzen Welt bekannt gemacht hat.","breadcrumb":{"@id":"https:\/\/luaresort.com\/de\/spa-wellness\/omorovicza\/#breadcrumb"},"inLanguage":"de","potentialAction":[{"@type":"ReadAction","target":["https:\/\/luaresort.com\/de\/spa-wellness\/omorovicza\/"]}]},{"@type":"ImageObject","inLanguage":"de","@id":"https:\/\/luaresort.com\/de\/spa-wellness\/omorovicza\/#primaryimage","url":"https:\/\/i0.wp.com\/luaresort.com\/wp-content\/uploads\/2022\/05\/luaresort-omorovicza-thumbnail.jpg?fit=1440%2C1080&ssl=1","contentUrl":"https:\/\/i0.wp.com\/luaresort.com\/wp-content\/uploads\/2022\/05\/luaresort-omorovicza-thumbnail.jpg?fit=1440%2C1080&ssl=1","width":1440,"height":1080},{"@type":"BreadcrumbList","@id":"https:\/\/luaresort.com\/de\/spa-wellness\/omorovicza\/#breadcrumb","itemListElement":[{"@type":"ListItem","position":1,"name":"Kezd\u0151lap","item":"https:\/\/luaresort.com\/de\/"},{"@type":"ListItem","position":2,"name":"Spa &#038; Wellness","item":"https:\/\/luaresort.com\/de\/spa-wellness\/"},{"@type":"ListItem","position":3,"name":"Omorovicza"}]},{"@type":"WebSite","@id":"https:\/\/luaresort.com\/de\/#website","url":"https:\/\/luaresort.com\/de\/","name":"LUA Resort Balatonf\u00fcred","description":"LUA Resort***** Balatonf\u00fcred. Az \u00faj resort sz\u00e1llod\u00e1j\u00e1ban a j\u00f3l\u00e9t j\u00f3ll\u00e9ttel p\u00e1rosul. Felel\u0151s hedonizmus, fenntarthat\u00f3 luxus, szem\u00e9lyre szabott szolg\u00e1ltat\u00e1sok.","publisher":{"@id":"https:\/\/luaresort.com\/de\/#organization"},"potentialAction":[{"@type":"SearchAction","target":{"@type":"EntryPoint","urlTemplate":"https:\/\/luaresort.com\/de\/?s={search_term_string}"},"query-input":{"@type":"PropertyValueSpecification","valueRequired":true,"valueName":"search_term_string"}}],"inLanguage":"de"},{"@type":"Organization","@id":"https:\/\/luaresort.com\/de\/#organization","name":"LUA Resort","url":"https:\/\/luaresort.com\/de\/","logo":{"@type":"ImageObject","inLanguage":"de","@id":"https:\/\/luaresort.com\/de\/#\/schema\/logo\/image\/","url":"https:\/\/luaresort.com\/wp-content\/uploads\/2022\/04\/lua-resort-logo.png","contentUrl":"https:\/\/luaresort.com\/wp-content\/uploads\/2022\/04\/lua-resort-logo.png","width":2048,"height":2048,"caption":"LUA Resort"},"image":{"@id":"https:\/\/luaresort.com\/de\/#\/schema\/logo\/image\/"},"sameAs":["https:\/\/www.facebook.com\/luaresort","https:\/\/www.instagram.com\/luaresort\/"]}]}},"jetpack_sharing_enabled":true,"_links":{"self":[{"href":"https:\/\/luaresort.com\/de\/wp-json\/wp\/v2\/pages\/2298","targetHints":{"allow":["GET"]}}],"collection":[{"href":"https:\/\/luaresort.com\/de\/wp-json\/wp\/v2\/pages"}],"about":[{"href":"https:\/\/luaresort.com\/de\/wp-json\/wp\/v2\/types\/page"}],"author":[{"embeddable":true,"href":"https:\/\/luaresort.com\/de\/wp-json\/wp\/v2\/users\/1"}],"replies":[{"embeddable":true,"href":"https:\/\/luaresort.com\/de\/wp-json\/wp\/v2\/comments?post=2298"}],"version-history":[{"count":3,"href":"https:\/\/luaresort.com\/de\/wp-json\/wp\/v2\/pages\/2298\/revisions"}],"predecessor-version":[{"id":2301,"href":"https:\/\/luaresort.com\/de\/wp-json\/wp\/v2\/pages\/2298\/revisions\/2301"}],"up":[{"embeddable":true,"href":"https:\/\/luaresort.com\/de\/wp-json\/wp\/v2\/pages\/2284"}],"wp:featuredmedia":[{"embeddable":true,"href":"https:\/\/luaresort.com\/de\/wp-json\/wp\/v2\/media\/2016"}],"wp:attachment":[{"href":"https:\/\/luaresort.com\/de\/wp-json\/wp\/v2\/media?parent=2298"}],"curies":[{"name":"wp","href":"https:\/\/api.w.org\/{rel}","templated":true}]}}