{"id":2294,"date":"2022-05-16T22:28:54","date_gmt":"2022-05-16T20:28:54","guid":{"rendered":"https:\/\/luaresort.com\/gastronomie-barkultur\/lua-coffee\/"},"modified":"2023-07-03T11:08:28","modified_gmt":"2023-07-03T09:08:28","slug":"lua-coffee","status":"publish","type":"page","link":"https:\/\/luaresort.com\/de\/gastronomie-barkultur\/lua-coffee\/","title":{"rendered":"LUA Coffee"},"content":{"rendered":"\n<div class=\"wp-block-group grouped-content\"><div class=\"wp-block-group__inner-container is-layout-flow wp-block-group-is-layout-flow\">\n<div class=\"wp-block-group is-layout-flex wp-block-group-is-layout-flex\">\n<div class=\"wp-block-columns row is-layout-flex wp-container-core-columns-is-layout-9d6595d7 wp-block-columns-is-layout-flex\">\n<div class=\"wp-block-column col-lg-4 is-layout-flow wp-block-column-is-layout-flow\" style=\"flex-basis:33.33%\">\n<h2 class=\"wp-block-heading\">Genie\u00dfen Sie eine mythische Harmonie mit Koffein<\/h2>\n<\/div>\n\n\n\n<div class=\"wp-block-column col-lg-8 is-layout-flow wp-block-column-is-layout-flow\" style=\"flex-basis:66.66%\">\n<p>Der einzigartig ger\u00f6stete, erstklassige OneEleven-Kaffee wird von erfahrenen H\u00e4nden an der Kaffeestation in der Mitte des Restaurants zubereitet. Wir bem\u00fchen uns gemeinsam mit unseren Mitarbeitern, \u00fcber den traditionellen Kaffeekonsum hinauszugehen und mit der pers\u00f6nlichen Unterst\u00fctzung unserer Barista eine hochwertige Alternative f\u00fcr diejenigen zu bieten, die in die Abh\u00e4ngigkeit der Kaffee-Kapsel geraten sind. Eine Besonderheit des Kaffee-Programms ist die saisonal gepr\u00e4gte R\u00f6stung, die den G\u00e4sten auch als Merchandising-Produkt in kleineren Mengen mit individueller Verpackung angeboten wird.<\/p>\n\n\n\n<p>Sollte das nicht reichen, haben wir die Zimmer mit Nespresso-Kaffeemaschinen und unserer eigenen Kaffee-R\u00f6stung LUA Speciality CoffeeTM ausgestattet. Die Kaffeer\u00f6stung ist saisonal gepr\u00e4gt und in kleineren Mengen mit individueller Verpackung als Merchandising-Angebot erh\u00e4ltlich &#8211; damit Sie auch zu Hause nicht auf das LUA-Kaffeeerlebnis verzichten m\u00fcssen.<\/p>\n<\/div>\n<\/div>\n<\/div>\n<\/div><\/div>\n","protected":false},"excerpt":{"rendered":"<p>Einzigartig ger\u00f6steter, erstklassiger OneEleven-Kaffee, zubereitet von professionellen Baristas an der Kaffeestation in der Mitte des Restaurants.<\/p>\n","protected":false},"author":1,"featured_media":2023,"parent":2283,"menu_order":5,"comment_status":"closed","ping_status":"closed","template":"template-product.php","meta":{"inline_featured_image":false,"footnotes":""},"class_list":["post-2294","page","type-page","status-publish","has-post-thumbnail","hentry"],"acf":[],"yoast_head":"<!-- This site is optimized with the Yoast SEO plugin v25.8 - https:\/\/yoast.com\/wordpress\/plugins\/seo\/ -->\n<title>LUA Coffee - LUA Resort Balatonf\u00fcred<\/title>\n<meta name=\"robots\" content=\"index, follow, max-snippet:-1, max-image-preview:large, max-video-preview:-1\" \/>\n<link rel=\"canonical\" href=\"https:\/\/luaresort.com\/de\/gastronomie-barkultur\/lua-coffee\/\" \/>\n<meta property=\"og:locale\" content=\"de_DE\" \/>\n<meta property=\"og:type\" content=\"article\" \/>\n<meta property=\"og:title\" content=\"LUA Coffee - LUA Resort Balatonf\u00fcred\" \/>\n<meta property=\"og:description\" content=\"Einzigartig ger\u00f6steter, erstklassiger OneEleven-Kaffee, zubereitet von professionellen Baristas an der Kaffeestation in der Mitte des Restaurants.\" \/>\n<meta property=\"og:url\" content=\"https:\/\/luaresort.com\/de\/gastronomie-barkultur\/lua-coffee\/\" \/>\n<meta property=\"og:site_name\" content=\"LUA Resort Balatonf\u00fcred\" \/>\n<meta property=\"article:publisher\" content=\"https:\/\/www.facebook.com\/luaresort\" \/>\n<meta property=\"article:modified_time\" content=\"2023-07-03T09:08:28+00:00\" \/>\n<meta property=\"og:image\" content=\"https:\/\/luaresort.com\/wp-content\/uploads\/2022\/05\/luaresort-coffee-thumbnail.jpg\" \/>\n\t<meta property=\"og:image:width\" content=\"1440\" \/>\n\t<meta property=\"og:image:height\" content=\"1080\" \/>\n\t<meta property=\"og:image:type\" content=\"image\/jpeg\" \/>\n<meta name=\"twitter:card\" content=\"summary_large_image\" \/>\n<meta name=\"twitter:label1\" content=\"Gesch\u00e4tzte Lesezeit\" \/>\n\t<meta name=\"twitter:data1\" content=\"1\u00a0Minute\" \/>\n<script type=\"application\/ld+json\" class=\"yoast-schema-graph\">{\"@context\":\"https:\/\/schema.org\",\"@graph\":[{\"@type\":\"WebPage\",\"@id\":\"https:\/\/luaresort.com\/de\/gastronomie-barkultur\/lua-coffee\/\",\"url\":\"https:\/\/luaresort.com\/de\/gastronomie-barkultur\/lua-coffee\/\",\"name\":\"LUA Coffee - LUA Resort Balatonf\u00fcred\",\"isPartOf\":{\"@id\":\"https:\/\/luaresort.com\/de\/#website\"},\"primaryImageOfPage\":{\"@id\":\"https:\/\/luaresort.com\/de\/gastronomie-barkultur\/lua-coffee\/#primaryimage\"},\"image\":{\"@id\":\"https:\/\/luaresort.com\/de\/gastronomie-barkultur\/lua-coffee\/#primaryimage\"},\"thumbnailUrl\":\"https:\/\/i0.wp.com\/luaresort.com\/wp-content\/uploads\/2022\/05\/luaresort-coffee-thumbnail.jpg?fit=1440%2C1080&ssl=1\",\"datePublished\":\"2022-05-16T20:28:54+00:00\",\"dateModified\":\"2023-07-03T09:08:28+00:00\",\"breadcrumb\":{\"@id\":\"https:\/\/luaresort.com\/de\/gastronomie-barkultur\/lua-coffee\/#breadcrumb\"},\"inLanguage\":\"de\",\"potentialAction\":[{\"@type\":\"ReadAction\",\"target\":[\"https:\/\/luaresort.com\/de\/gastronomie-barkultur\/lua-coffee\/\"]}]},{\"@type\":\"ImageObject\",\"inLanguage\":\"de\",\"@id\":\"https:\/\/luaresort.com\/de\/gastronomie-barkultur\/lua-coffee\/#primaryimage\",\"url\":\"https:\/\/i0.wp.com\/luaresort.com\/wp-content\/uploads\/2022\/05\/luaresort-coffee-thumbnail.jpg?fit=1440%2C1080&ssl=1\",\"contentUrl\":\"https:\/\/i0.wp.com\/luaresort.com\/wp-content\/uploads\/2022\/05\/luaresort-coffee-thumbnail.jpg?fit=1440%2C1080&ssl=1\",\"width\":1440,\"height\":1080},{\"@type\":\"BreadcrumbList\",\"@id\":\"https:\/\/luaresort.com\/de\/gastronomie-barkultur\/lua-coffee\/#breadcrumb\",\"itemListElement\":[{\"@type\":\"ListItem\",\"position\":1,\"name\":\"Kezd\u0151lap\",\"item\":\"https:\/\/luaresort.com\/de\/\"},{\"@type\":\"ListItem\",\"position\":2,\"name\":\"Gastronomie &#038; Barkultur\",\"item\":\"https:\/\/luaresort.com\/de\/gastronomie-barkultur\/\"},{\"@type\":\"ListItem\",\"position\":3,\"name\":\"LUA Coffee\"}]},{\"@type\":\"WebSite\",\"@id\":\"https:\/\/luaresort.com\/de\/#website\",\"url\":\"https:\/\/luaresort.com\/de\/\",\"name\":\"LUA Resort Balatonf\u00fcred\",\"description\":\"LUA Resort***** Balatonf\u00fcred. Az \u00faj resort sz\u00e1llod\u00e1j\u00e1ban a j\u00f3l\u00e9t j\u00f3ll\u00e9ttel p\u00e1rosul. Felel\u0151s hedonizmus, fenntarthat\u00f3 luxus, szem\u00e9lyre szabott szolg\u00e1ltat\u00e1sok.\",\"publisher\":{\"@id\":\"https:\/\/luaresort.com\/de\/#organization\"},\"potentialAction\":[{\"@type\":\"SearchAction\",\"target\":{\"@type\":\"EntryPoint\",\"urlTemplate\":\"https:\/\/luaresort.com\/de\/?s={search_term_string}\"},\"query-input\":{\"@type\":\"PropertyValueSpecification\",\"valueRequired\":true,\"valueName\":\"search_term_string\"}}],\"inLanguage\":\"de\"},{\"@type\":\"Organization\",\"@id\":\"https:\/\/luaresort.com\/de\/#organization\",\"name\":\"LUA Resort\",\"url\":\"https:\/\/luaresort.com\/de\/\",\"logo\":{\"@type\":\"ImageObject\",\"inLanguage\":\"de\",\"@id\":\"https:\/\/luaresort.com\/de\/#\/schema\/logo\/image\/\",\"url\":\"https:\/\/luaresort.com\/wp-content\/uploads\/2022\/04\/lua-resort-logo.png\",\"contentUrl\":\"https:\/\/luaresort.com\/wp-content\/uploads\/2022\/04\/lua-resort-logo.png\",\"width\":2048,\"height\":2048,\"caption\":\"LUA Resort\"},\"image\":{\"@id\":\"https:\/\/luaresort.com\/de\/#\/schema\/logo\/image\/\"},\"sameAs\":[\"https:\/\/www.facebook.com\/luaresort\",\"https:\/\/www.instagram.com\/luaresort\/\"]}]}<\/script>\n<!-- \/ Yoast SEO plugin. -->","yoast_head_json":{"title":"LUA Coffee - LUA Resort Balatonf\u00fcred","robots":{"index":"index","follow":"follow","max-snippet":"max-snippet:-1","max-image-preview":"max-image-preview:large","max-video-preview":"max-video-preview:-1"},"canonical":"https:\/\/luaresort.com\/de\/gastronomie-barkultur\/lua-coffee\/","og_locale":"de_DE","og_type":"article","og_title":"LUA Coffee - LUA Resort Balatonf\u00fcred","og_description":"Einzigartig ger\u00f6steter, erstklassiger OneEleven-Kaffee, zubereitet von professionellen Baristas an der Kaffeestation in der Mitte des Restaurants.","og_url":"https:\/\/luaresort.com\/de\/gastronomie-barkultur\/lua-coffee\/","og_site_name":"LUA Resort Balatonf\u00fcred","article_publisher":"https:\/\/www.facebook.com\/luaresort","article_modified_time":"2023-07-03T09:08:28+00:00","og_image":[{"width":1440,"height":1080,"url":"https:\/\/luaresort.com\/wp-content\/uploads\/2022\/05\/luaresort-coffee-thumbnail.jpg","type":"image\/jpeg"}],"twitter_card":"summary_large_image","twitter_misc":{"Gesch\u00e4tzte Lesezeit":"1\u00a0Minute"},"schema":{"@context":"https:\/\/schema.org","@graph":[{"@type":"WebPage","@id":"https:\/\/luaresort.com\/de\/gastronomie-barkultur\/lua-coffee\/","url":"https:\/\/luaresort.com\/de\/gastronomie-barkultur\/lua-coffee\/","name":"LUA Coffee - LUA Resort Balatonf\u00fcred","isPartOf":{"@id":"https:\/\/luaresort.com\/de\/#website"},"primaryImageOfPage":{"@id":"https:\/\/luaresort.com\/de\/gastronomie-barkultur\/lua-coffee\/#primaryimage"},"image":{"@id":"https:\/\/luaresort.com\/de\/gastronomie-barkultur\/lua-coffee\/#primaryimage"},"thumbnailUrl":"https:\/\/i0.wp.com\/luaresort.com\/wp-content\/uploads\/2022\/05\/luaresort-coffee-thumbnail.jpg?fit=1440%2C1080&ssl=1","datePublished":"2022-05-16T20:28:54+00:00","dateModified":"2023-07-03T09:08:28+00:00","breadcrumb":{"@id":"https:\/\/luaresort.com\/de\/gastronomie-barkultur\/lua-coffee\/#breadcrumb"},"inLanguage":"de","potentialAction":[{"@type":"ReadAction","target":["https:\/\/luaresort.com\/de\/gastronomie-barkultur\/lua-coffee\/"]}]},{"@type":"ImageObject","inLanguage":"de","@id":"https:\/\/luaresort.com\/de\/gastronomie-barkultur\/lua-coffee\/#primaryimage","url":"https:\/\/i0.wp.com\/luaresort.com\/wp-content\/uploads\/2022\/05\/luaresort-coffee-thumbnail.jpg?fit=1440%2C1080&ssl=1","contentUrl":"https:\/\/i0.wp.com\/luaresort.com\/wp-content\/uploads\/2022\/05\/luaresort-coffee-thumbnail.jpg?fit=1440%2C1080&ssl=1","width":1440,"height":1080},{"@type":"BreadcrumbList","@id":"https:\/\/luaresort.com\/de\/gastronomie-barkultur\/lua-coffee\/#breadcrumb","itemListElement":[{"@type":"ListItem","position":1,"name":"Kezd\u0151lap","item":"https:\/\/luaresort.com\/de\/"},{"@type":"ListItem","position":2,"name":"Gastronomie &#038; Barkultur","item":"https:\/\/luaresort.com\/de\/gastronomie-barkultur\/"},{"@type":"ListItem","position":3,"name":"LUA Coffee"}]},{"@type":"WebSite","@id":"https:\/\/luaresort.com\/de\/#website","url":"https:\/\/luaresort.com\/de\/","name":"LUA Resort Balatonf\u00fcred","description":"LUA Resort***** Balatonf\u00fcred. Az \u00faj resort sz\u00e1llod\u00e1j\u00e1ban a j\u00f3l\u00e9t j\u00f3ll\u00e9ttel p\u00e1rosul. Felel\u0151s hedonizmus, fenntarthat\u00f3 luxus, szem\u00e9lyre szabott szolg\u00e1ltat\u00e1sok.","publisher":{"@id":"https:\/\/luaresort.com\/de\/#organization"},"potentialAction":[{"@type":"SearchAction","target":{"@type":"EntryPoint","urlTemplate":"https:\/\/luaresort.com\/de\/?s={search_term_string}"},"query-input":{"@type":"PropertyValueSpecification","valueRequired":true,"valueName":"search_term_string"}}],"inLanguage":"de"},{"@type":"Organization","@id":"https:\/\/luaresort.com\/de\/#organization","name":"LUA Resort","url":"https:\/\/luaresort.com\/de\/","logo":{"@type":"ImageObject","inLanguage":"de","@id":"https:\/\/luaresort.com\/de\/#\/schema\/logo\/image\/","url":"https:\/\/luaresort.com\/wp-content\/uploads\/2022\/04\/lua-resort-logo.png","contentUrl":"https:\/\/luaresort.com\/wp-content\/uploads\/2022\/04\/lua-resort-logo.png","width":2048,"height":2048,"caption":"LUA Resort"},"image":{"@id":"https:\/\/luaresort.com\/de\/#\/schema\/logo\/image\/"},"sameAs":["https:\/\/www.facebook.com\/luaresort","https:\/\/www.instagram.com\/luaresort\/"]}]}},"jetpack_sharing_enabled":true,"_links":{"self":[{"href":"https:\/\/luaresort.com\/de\/wp-json\/wp\/v2\/pages\/2294","targetHints":{"allow":["GET"]}}],"collection":[{"href":"https:\/\/luaresort.com\/de\/wp-json\/wp\/v2\/pages"}],"about":[{"href":"https:\/\/luaresort.com\/de\/wp-json\/wp\/v2\/types\/page"}],"author":[{"embeddable":true,"href":"https:\/\/luaresort.com\/de\/wp-json\/wp\/v2\/users\/1"}],"replies":[{"embeddable":true,"href":"https:\/\/luaresort.com\/de\/wp-json\/wp\/v2\/comments?post=2294"}],"version-history":[{"count":1,"href":"https:\/\/luaresort.com\/de\/wp-json\/wp\/v2\/pages\/2294\/revisions"}],"predecessor-version":[{"id":2295,"href":"https:\/\/luaresort.com\/de\/wp-json\/wp\/v2\/pages\/2294\/revisions\/2295"}],"up":[{"embeddable":true,"href":"https:\/\/luaresort.com\/de\/wp-json\/wp\/v2\/pages\/2283"}],"wp:featuredmedia":[{"embeddable":true,"href":"https:\/\/luaresort.com\/de\/wp-json\/wp\/v2\/media\/2023"}],"wp:attachment":[{"href":"https:\/\/luaresort.com\/de\/wp-json\/wp\/v2\/media?parent=2294"}],"curies":[{"name":"wp","href":"https:\/\/api.w.org\/{rel}","templated":true}]}}