{"id":2286,"date":"2022-05-11T20:43:59","date_gmt":"2022-05-11T18:43:59","guid":{"rendered":"https:\/\/luaresort.com\/gastronomie-barkultur\/noon-restaurant-lounge\/"},"modified":"2026-05-05T12:38:41","modified_gmt":"2026-05-05T10:38:41","slug":"noon-restaurant-lounge","status":"publish","type":"page","link":"https:\/\/luaresort.com\/de\/gastronomie-barkultur\/noon-restaurant-lounge\/","title":{"rendered":"NOON Restaurant &#038; Lounge"},"content":{"rendered":"\n<div class=\"wp-block-group grouped-content\"><div class=\"wp-block-group__inner-container is-layout-flow wp-block-group-is-layout-flow\">\n<div class=\"wp-block-group is-layout-flex wp-block-group-is-layout-flex\">\n<div class=\"wp-block-columns row is-layout-flex wp-container-core-columns-is-layout-9d6595d7 wp-block-columns-is-layout-flex\">\n<div class=\"wp-block-column col-lg-4 is-layout-flow wp-block-column-is-layout-flow\" style=\"flex-basis:33.33%\"><\/div>\n\n\n\n<div class=\"wp-block-column col-lg-8 is-layout-flow wp-block-column-is-layout-flow\" style=\"flex-basis:66.66%\">\n<p>Unsere gastronomische Philosophie steht der modernen Einfachheit nahe, baut auf den Wurzeln der Vergangenheit auf, folgt aber den Bewegungen der Welt. In unserer zeitgen\u00f6ssischen K\u00fcche respektieren wir die Zutaten und erg\u00e4nzen traditionelle Methoden mit Aromen aus verschiedenen K\u00fcchen der Welt, mal zur\u00fcckhaltender, mal intensiver. Auf diese Weise bietet das erneuerte A&#8217;la carte-Men\u00fc von NOON eine ganzheitliche Erfahrung f\u00fcr alle unsere Sinne.<\/p>\n\n\n\n<p><strong>Ein kulinarisches Diner-Erlebnis<\/strong><\/p>\n\n\n\n<p>Genie\u00dfen Sie ein besonderes kulinarisches Erlebnis im NOON Restaurant &amp; Lounge mit einer Auswahl an \u00c0-la-carte-Men\u00fcs, die bei der Reservierung serviert werden. <\/p>\n\n\n\n<p><strong>Etikett, n\u00fctzliche Informationen<\/strong><\/p>\n\n\n\n<p>Bitte reservieren Sie in jedem Fall einen Tisch. Im Restaurant gilt ein legerer Dresscode. Bitte informieren Sie unser Personal 24 Stunden im Voraus, wenn Sie eine Lebensmittelallergie oder -unvertr\u00e4glichkeit haben oder ein vegetarisches Men\u00fc w\u00fcnschen. Bitte wenden Sie sich an unser Personal, damit es Ihnen bei der Auswahl der f\u00fcr Sie passenden Weinkombination behilflich ist. <\/p>\n\n\n\n<p>Haustiere oder andere Tiere, mit Ausnahme von Blinden- oder Assistenzhunden, sind im Restaurant nicht erlaubt. Wir danken Ihnen f\u00fcr Ihr Verst\u00e4ndnis.<\/p>\n\n\n\n<p>Je nach Verf\u00fcgbarkeit sind auch Nicht-Hotelg\u00e4ste willkommen. F\u00fcr Reservierungen rufen Sie bitte +36\/87-512-500 an. <\/p>\n\n\n\n<p>Unsere Speisekarte ist m\u00fchelos kosmopolitisch, mit Gerichten, die von unseren leidenschaftlichen K\u00f6chen unvergesslich gemacht werden.<\/p>\n<\/div>\n<\/div>\n<\/div>\n<\/div><\/div>\n","protected":false},"excerpt":{"rendered":"<p>In unserem vom Michelin empfohlenen zeitgen\u00f6ssischen Restaurant heben wir die Bistro-Gastronomie auf ein neues Niveau. In unserem Restaurant reagieren wir auf die Wurzeln der Vergangenheit und gleichzeitig auf den Puls der Welt. <\/p>\n","protected":false},"author":1,"featured_media":20669,"parent":2283,"menu_order":1,"comment_status":"closed","ping_status":"closed","template":"template-product.php","meta":{"inline_featured_image":false,"footnotes":""},"class_list":["post-2286","page","type-page","status-publish","has-post-thumbnail","hentry"],"acf":[],"yoast_head":"<!-- This site is optimized with the Yoast SEO plugin v25.8 - https:\/\/yoast.com\/wordpress\/plugins\/seo\/ -->\n<title>NOON Restaurant &amp; Lounge - LUA Resort Balatonf\u00fcred<\/title>\n<meta name=\"description\" content=\"In unserem vom Michelin empfohlenen zeitgen\u00f6ssischen Restaurant heben wir die Bistro-Gastronomie auf ein neues Niveau. In unserem Restaurant reagieren wir auf die Wurzeln der Vergangenheit und gleichzeitig auf den Puls der Welt.\" \/>\n<meta name=\"robots\" content=\"index, follow, max-snippet:-1, max-image-preview:large, max-video-preview:-1\" \/>\n<link rel=\"canonical\" href=\"https:\/\/luaresort.com\/de\/gastronomie-barkultur\/noon-restaurant-lounge\/\" \/>\n<meta property=\"og:locale\" content=\"de_DE\" \/>\n<meta property=\"og:type\" content=\"article\" \/>\n<meta property=\"og:title\" content=\"NOON Restaurant &amp; Lounge - LUA Resort Balatonf\u00fcred\" \/>\n<meta property=\"og:description\" content=\"In unserem vom Michelin empfohlenen zeitgen\u00f6ssischen Restaurant heben wir die Bistro-Gastronomie auf ein neues Niveau. In unserem Restaurant reagieren wir auf die Wurzeln der Vergangenheit und gleichzeitig auf den Puls der Welt.\" \/>\n<meta property=\"og:url\" content=\"https:\/\/luaresort.com\/de\/gastronomie-barkultur\/noon-restaurant-lounge\/\" \/>\n<meta property=\"og:site_name\" content=\"LUA Resort Balatonf\u00fcred\" \/>\n<meta property=\"article:publisher\" content=\"https:\/\/www.facebook.com\/luaresort\" \/>\n<meta property=\"article:modified_time\" content=\"2026-05-05T10:38:41+00:00\" \/>\n<meta property=\"og:image\" content=\"https:\/\/luaresort.com\/wp-content\/uploads\/2025\/03\/lua-resort-balatonfured-DSC06920-scaled.jpg\" \/>\n\t<meta property=\"og:image:width\" content=\"1707\" \/>\n\t<meta property=\"og:image:height\" content=\"2560\" \/>\n\t<meta property=\"og:image:type\" content=\"image\/jpeg\" \/>\n<meta name=\"twitter:card\" content=\"summary_large_image\" \/>\n<meta name=\"twitter:label1\" content=\"Gesch\u00e4tzte Lesezeit\" \/>\n\t<meta name=\"twitter:data1\" content=\"2\u00a0Minuten\" \/>\n<script type=\"application\/ld+json\" class=\"yoast-schema-graph\">{\"@context\":\"https:\/\/schema.org\",\"@graph\":[{\"@type\":\"WebPage\",\"@id\":\"https:\/\/luaresort.com\/de\/gastronomie-barkultur\/noon-restaurant-lounge\/\",\"url\":\"https:\/\/luaresort.com\/de\/gastronomie-barkultur\/noon-restaurant-lounge\/\",\"name\":\"NOON Restaurant & Lounge - LUA Resort Balatonf\u00fcred\",\"isPartOf\":{\"@id\":\"https:\/\/luaresort.com\/de\/#website\"},\"primaryImageOfPage\":{\"@id\":\"https:\/\/luaresort.com\/de\/gastronomie-barkultur\/noon-restaurant-lounge\/#primaryimage\"},\"image\":{\"@id\":\"https:\/\/luaresort.com\/de\/gastronomie-barkultur\/noon-restaurant-lounge\/#primaryimage\"},\"thumbnailUrl\":\"https:\/\/i0.wp.com\/luaresort.com\/wp-content\/uploads\/2025\/03\/lua-resort-balatonfured-DSC06920-scaled.jpg?fit=1707%2C2560&ssl=1\",\"datePublished\":\"2022-05-11T18:43:59+00:00\",\"dateModified\":\"2026-05-05T10:38:41+00:00\",\"description\":\"In unserem vom Michelin empfohlenen zeitgen\u00f6ssischen Restaurant heben wir die Bistro-Gastronomie auf ein neues Niveau. In unserem Restaurant reagieren wir auf die Wurzeln der Vergangenheit und gleichzeitig auf den Puls der Welt.\",\"breadcrumb\":{\"@id\":\"https:\/\/luaresort.com\/de\/gastronomie-barkultur\/noon-restaurant-lounge\/#breadcrumb\"},\"inLanguage\":\"de\",\"potentialAction\":[{\"@type\":\"ReadAction\",\"target\":[\"https:\/\/luaresort.com\/de\/gastronomie-barkultur\/noon-restaurant-lounge\/\"]}]},{\"@type\":\"ImageObject\",\"inLanguage\":\"de\",\"@id\":\"https:\/\/luaresort.com\/de\/gastronomie-barkultur\/noon-restaurant-lounge\/#primaryimage\",\"url\":\"https:\/\/i0.wp.com\/luaresort.com\/wp-content\/uploads\/2025\/03\/lua-resort-balatonfured-DSC06920-scaled.jpg?fit=1707%2C2560&ssl=1\",\"contentUrl\":\"https:\/\/i0.wp.com\/luaresort.com\/wp-content\/uploads\/2025\/03\/lua-resort-balatonfured-DSC06920-scaled.jpg?fit=1707%2C2560&ssl=1\",\"width\":1707,\"height\":2560},{\"@type\":\"BreadcrumbList\",\"@id\":\"https:\/\/luaresort.com\/de\/gastronomie-barkultur\/noon-restaurant-lounge\/#breadcrumb\",\"itemListElement\":[{\"@type\":\"ListItem\",\"position\":1,\"name\":\"Kezd\u0151lap\",\"item\":\"https:\/\/luaresort.com\/de\/\"},{\"@type\":\"ListItem\",\"position\":2,\"name\":\"Gastronomie &#038; Barkultur\",\"item\":\"https:\/\/luaresort.com\/de\/gastronomie-barkultur\/\"},{\"@type\":\"ListItem\",\"position\":3,\"name\":\"NOON Restaurant &#038; Lounge\"}]},{\"@type\":\"WebSite\",\"@id\":\"https:\/\/luaresort.com\/de\/#website\",\"url\":\"https:\/\/luaresort.com\/de\/\",\"name\":\"LUA Resort Balatonf\u00fcred\",\"description\":\"LUA Resort***** Balatonf\u00fcred. Az \u00faj resort sz\u00e1llod\u00e1j\u00e1ban a j\u00f3l\u00e9t j\u00f3ll\u00e9ttel p\u00e1rosul. Felel\u0151s hedonizmus, fenntarthat\u00f3 luxus, szem\u00e9lyre szabott szolg\u00e1ltat\u00e1sok.\",\"publisher\":{\"@id\":\"https:\/\/luaresort.com\/de\/#organization\"},\"potentialAction\":[{\"@type\":\"SearchAction\",\"target\":{\"@type\":\"EntryPoint\",\"urlTemplate\":\"https:\/\/luaresort.com\/de\/?s={search_term_string}\"},\"query-input\":{\"@type\":\"PropertyValueSpecification\",\"valueRequired\":true,\"valueName\":\"search_term_string\"}}],\"inLanguage\":\"de\"},{\"@type\":\"Organization\",\"@id\":\"https:\/\/luaresort.com\/de\/#organization\",\"name\":\"LUA Resort\",\"url\":\"https:\/\/luaresort.com\/de\/\",\"logo\":{\"@type\":\"ImageObject\",\"inLanguage\":\"de\",\"@id\":\"https:\/\/luaresort.com\/de\/#\/schema\/logo\/image\/\",\"url\":\"https:\/\/luaresort.com\/wp-content\/uploads\/2022\/04\/lua-resort-logo.png\",\"contentUrl\":\"https:\/\/luaresort.com\/wp-content\/uploads\/2022\/04\/lua-resort-logo.png\",\"width\":2048,\"height\":2048,\"caption\":\"LUA Resort\"},\"image\":{\"@id\":\"https:\/\/luaresort.com\/de\/#\/schema\/logo\/image\/\"},\"sameAs\":[\"https:\/\/www.facebook.com\/luaresort\",\"https:\/\/www.instagram.com\/luaresort\/\"]}]}<\/script>\n<!-- \/ Yoast SEO plugin. -->","yoast_head_json":{"title":"NOON Restaurant & Lounge - LUA Resort Balatonf\u00fcred","description":"In unserem vom Michelin empfohlenen zeitgen\u00f6ssischen Restaurant heben wir die Bistro-Gastronomie auf ein neues Niveau. In unserem Restaurant reagieren wir auf die Wurzeln der Vergangenheit und gleichzeitig auf den Puls der Welt.","robots":{"index":"index","follow":"follow","max-snippet":"max-snippet:-1","max-image-preview":"max-image-preview:large","max-video-preview":"max-video-preview:-1"},"canonical":"https:\/\/luaresort.com\/de\/gastronomie-barkultur\/noon-restaurant-lounge\/","og_locale":"de_DE","og_type":"article","og_title":"NOON Restaurant & Lounge - LUA Resort Balatonf\u00fcred","og_description":"In unserem vom Michelin empfohlenen zeitgen\u00f6ssischen Restaurant heben wir die Bistro-Gastronomie auf ein neues Niveau. In unserem Restaurant reagieren wir auf die Wurzeln der Vergangenheit und gleichzeitig auf den Puls der Welt.","og_url":"https:\/\/luaresort.com\/de\/gastronomie-barkultur\/noon-restaurant-lounge\/","og_site_name":"LUA Resort Balatonf\u00fcred","article_publisher":"https:\/\/www.facebook.com\/luaresort","article_modified_time":"2026-05-05T10:38:41+00:00","og_image":[{"width":1707,"height":2560,"url":"https:\/\/luaresort.com\/wp-content\/uploads\/2025\/03\/lua-resort-balatonfured-DSC06920-scaled.jpg","type":"image\/jpeg"}],"twitter_card":"summary_large_image","twitter_misc":{"Gesch\u00e4tzte Lesezeit":"2\u00a0Minuten"},"schema":{"@context":"https:\/\/schema.org","@graph":[{"@type":"WebPage","@id":"https:\/\/luaresort.com\/de\/gastronomie-barkultur\/noon-restaurant-lounge\/","url":"https:\/\/luaresort.com\/de\/gastronomie-barkultur\/noon-restaurant-lounge\/","name":"NOON Restaurant & Lounge - LUA Resort Balatonf\u00fcred","isPartOf":{"@id":"https:\/\/luaresort.com\/de\/#website"},"primaryImageOfPage":{"@id":"https:\/\/luaresort.com\/de\/gastronomie-barkultur\/noon-restaurant-lounge\/#primaryimage"},"image":{"@id":"https:\/\/luaresort.com\/de\/gastronomie-barkultur\/noon-restaurant-lounge\/#primaryimage"},"thumbnailUrl":"https:\/\/i0.wp.com\/luaresort.com\/wp-content\/uploads\/2025\/03\/lua-resort-balatonfured-DSC06920-scaled.jpg?fit=1707%2C2560&ssl=1","datePublished":"2022-05-11T18:43:59+00:00","dateModified":"2026-05-05T10:38:41+00:00","description":"In unserem vom Michelin empfohlenen zeitgen\u00f6ssischen Restaurant heben wir die Bistro-Gastronomie auf ein neues Niveau. In unserem Restaurant reagieren wir auf die Wurzeln der Vergangenheit und gleichzeitig auf den Puls der Welt.","breadcrumb":{"@id":"https:\/\/luaresort.com\/de\/gastronomie-barkultur\/noon-restaurant-lounge\/#breadcrumb"},"inLanguage":"de","potentialAction":[{"@type":"ReadAction","target":["https:\/\/luaresort.com\/de\/gastronomie-barkultur\/noon-restaurant-lounge\/"]}]},{"@type":"ImageObject","inLanguage":"de","@id":"https:\/\/luaresort.com\/de\/gastronomie-barkultur\/noon-restaurant-lounge\/#primaryimage","url":"https:\/\/i0.wp.com\/luaresort.com\/wp-content\/uploads\/2025\/03\/lua-resort-balatonfured-DSC06920-scaled.jpg?fit=1707%2C2560&ssl=1","contentUrl":"https:\/\/i0.wp.com\/luaresort.com\/wp-content\/uploads\/2025\/03\/lua-resort-balatonfured-DSC06920-scaled.jpg?fit=1707%2C2560&ssl=1","width":1707,"height":2560},{"@type":"BreadcrumbList","@id":"https:\/\/luaresort.com\/de\/gastronomie-barkultur\/noon-restaurant-lounge\/#breadcrumb","itemListElement":[{"@type":"ListItem","position":1,"name":"Kezd\u0151lap","item":"https:\/\/luaresort.com\/de\/"},{"@type":"ListItem","position":2,"name":"Gastronomie &#038; Barkultur","item":"https:\/\/luaresort.com\/de\/gastronomie-barkultur\/"},{"@type":"ListItem","position":3,"name":"NOON Restaurant &#038; Lounge"}]},{"@type":"WebSite","@id":"https:\/\/luaresort.com\/de\/#website","url":"https:\/\/luaresort.com\/de\/","name":"LUA Resort Balatonf\u00fcred","description":"LUA Resort***** Balatonf\u00fcred. Az \u00faj resort sz\u00e1llod\u00e1j\u00e1ban a j\u00f3l\u00e9t j\u00f3ll\u00e9ttel p\u00e1rosul. Felel\u0151s hedonizmus, fenntarthat\u00f3 luxus, szem\u00e9lyre szabott szolg\u00e1ltat\u00e1sok.","publisher":{"@id":"https:\/\/luaresort.com\/de\/#organization"},"potentialAction":[{"@type":"SearchAction","target":{"@type":"EntryPoint","urlTemplate":"https:\/\/luaresort.com\/de\/?s={search_term_string}"},"query-input":{"@type":"PropertyValueSpecification","valueRequired":true,"valueName":"search_term_string"}}],"inLanguage":"de"},{"@type":"Organization","@id":"https:\/\/luaresort.com\/de\/#organization","name":"LUA Resort","url":"https:\/\/luaresort.com\/de\/","logo":{"@type":"ImageObject","inLanguage":"de","@id":"https:\/\/luaresort.com\/de\/#\/schema\/logo\/image\/","url":"https:\/\/luaresort.com\/wp-content\/uploads\/2022\/04\/lua-resort-logo.png","contentUrl":"https:\/\/luaresort.com\/wp-content\/uploads\/2022\/04\/lua-resort-logo.png","width":2048,"height":2048,"caption":"LUA Resort"},"image":{"@id":"https:\/\/luaresort.com\/de\/#\/schema\/logo\/image\/"},"sameAs":["https:\/\/www.facebook.com\/luaresort","https:\/\/www.instagram.com\/luaresort\/"]}]}},"jetpack_sharing_enabled":true,"_links":{"self":[{"href":"https:\/\/luaresort.com\/de\/wp-json\/wp\/v2\/pages\/2286","targetHints":{"allow":["GET"]}}],"collection":[{"href":"https:\/\/luaresort.com\/de\/wp-json\/wp\/v2\/pages"}],"about":[{"href":"https:\/\/luaresort.com\/de\/wp-json\/wp\/v2\/types\/page"}],"author":[{"embeddable":true,"href":"https:\/\/luaresort.com\/de\/wp-json\/wp\/v2\/users\/1"}],"replies":[{"embeddable":true,"href":"https:\/\/luaresort.com\/de\/wp-json\/wp\/v2\/comments?post=2286"}],"version-history":[{"count":24,"href":"https:\/\/luaresort.com\/de\/wp-json\/wp\/v2\/pages\/2286\/revisions"}],"predecessor-version":[{"id":23045,"href":"https:\/\/luaresort.com\/de\/wp-json\/wp\/v2\/pages\/2286\/revisions\/23045"}],"up":[{"embeddable":true,"href":"https:\/\/luaresort.com\/de\/wp-json\/wp\/v2\/pages\/2283"}],"wp:featuredmedia":[{"embeddable":true,"href":"https:\/\/luaresort.com\/de\/wp-json\/wp\/v2\/media\/20669"}],"wp:attachment":[{"href":"https:\/\/luaresort.com\/de\/wp-json\/wp\/v2\/media?parent=2286"}],"curies":[{"name":"wp","href":"https:\/\/api.w.org\/{rel}","templated":true}]}}