{"id":2284,"date":"2022-04-04T12:31:36","date_gmt":"2022-04-04T10:31:36","guid":{"rendered":"https:\/\/luaresort.com\/spa-wellness\/"},"modified":"2025-02-27T13:27:46","modified_gmt":"2025-02-27T12:27:46","slug":"spa-wellness","status":"publish","type":"page","link":"https:\/\/luaresort.com\/de\/spa-wellness\/","title":{"rendered":"Spa &#038; Wellness"},"content":{"rendered":"\n<p><\/p>\n\n\n\n<p>Saunabaden ist weltweit eine der beliebtesten Methoden zum Stressabbau und zur Erhaltung der Gesundheit. Finnische, Infrarot- und Bio-Saunen und ein Entspannungsbereich vor den Saunen mit bequemen Liegebetten, erfrischenden Getr\u00e4nken und Fr\u00fcchten, um K\u00f6rper und Geist zu verj\u00fcngen.<\/p>\n\n\n\n<p>Unsere Behandlungen basieren auf der Omorovicza-Methode, die weltweit hohes Ansehen genie\u00dft. Diese wunderbare Kosmetikmarke hat die wunderbare Wirkung von ungarischem Thermalwasser und Heilschlamm auf die Haut erkannt. Die hochmodernen Wirkstoffe, die menschliche Note und der herausragende Mineralgehalt des Thermalwassers garantieren die un\u00fcbertroffenen Ergebnisse der Omorovicza-Gesichts- und K\u00f6rperbehandlungen.\r\n\r\nDie exklusiv f\u00fcr unser Hotel entwickelten LUA-Signature-Massagen beginnen mit einem Begr\u00fc\u00dfungsritual. Anschlie\u00dfend entspannen unsere geschulten Massagetherapeuten den K\u00f6rper mit sanften Dehnungen und muskeldehnenden Bewegungen, w\u00e4hrend magische D\u00fcfte und reine Wirkstoffe Haut und Sinne verw\u00f6hnen.<\/p>\n\n\n\n<p>Das LUA Spa ist ein Ort der Entspannung, Ruhe und vollkommenen Harmonie f\u00fcr unsere gesch\u00e4tzten G\u00e4ste. Bitte unterst\u00fctzen Sie uns dabei, diese friedliche Atmosph\u00e4re zu bewahren.<\/p>\n","protected":false},"excerpt":{"rendered":"<p>Saunabaden ist weltweit eine der beliebtesten Methoden zum Stressabbau und zur Erhaltung der Gesundheit. Finnische, Infrarot- und Bio-Saunen und ein Entspannungsbereich vor den Saunen mit bequemen Liegebetten, erfrischenden Getr\u00e4nken und Fr\u00fcchten, um K\u00f6rper und Geist zu verj\u00fcngen. Unsere Behandlungen basieren auf der Omorovicza-Methode, die weltweit hohes Ansehen genie\u00dft. Diese wunderbare Kosmetikmarke hat die wunderbare Wirkung von ungarischem Thermalwasser und Heilschlamm auf die Haut erkannt. Die hochmodernen Wirkstoffe, die menschliche Note und der herausragende Mineralgehalt des Thermalwassers garantieren die un\u00fcbertroffenen Ergebnisse der Omorovicza-Gesichts- und K\u00f6rperbehandlungen. Die exklusiv f\u00fcr unser Hotel entwickelten LUA-Signature-Massagen beginnen mit einem Begr\u00fc\u00dfungsritual. Anschlie\u00dfend entspannen unsere geschulten Massagetherapeuten&#8230;<\/p>\n","protected":false},"author":1,"featured_media":0,"parent":0,"menu_order":0,"comment_status":"closed","ping_status":"closed","template":"template-parent.php","meta":{"inline_featured_image":false,"footnotes":""},"class_list":["post-2284","page","type-page","status-publish","hentry"],"acf":[],"yoast_head":"<!-- This site is optimized with the Yoast SEO plugin v25.8 - https:\/\/yoast.com\/wordpress\/plugins\/seo\/ -->\n<title>Spa &amp; Wellness - LUA Resort Balatonf\u00fcred<\/title>\n<meta name=\"description\" content=\"Zeit f\u00fcr sich selbst und zum Auftanken ist kein Luxus, sondern eine Notwendigkeit. Das ist es, was wir in unserem Hotel nur f\u00fcr Erwachsene bieten.\" \/>\n<meta name=\"robots\" content=\"index, follow, max-snippet:-1, max-image-preview:large, max-video-preview:-1\" \/>\n<link rel=\"canonical\" href=\"https:\/\/luaresort.com\/de\/spa-wellness\/\" \/>\n<meta property=\"og:locale\" content=\"de_DE\" \/>\n<meta property=\"og:type\" content=\"article\" \/>\n<meta property=\"og:title\" content=\"Spa &amp; Wellness - LUA Resort Balatonf\u00fcred\" \/>\n<meta property=\"og:description\" content=\"Zeit f\u00fcr sich selbst und zum Auftanken ist kein Luxus, sondern eine Notwendigkeit. Das ist es, was wir in unserem Hotel nur f\u00fcr Erwachsene bieten.\" \/>\n<meta property=\"og:url\" content=\"https:\/\/luaresort.com\/de\/spa-wellness\/\" \/>\n<meta property=\"og:site_name\" content=\"LUA Resort Balatonf\u00fcred\" \/>\n<meta property=\"article:publisher\" content=\"https:\/\/www.facebook.com\/luaresort\" \/>\n<meta property=\"article:modified_time\" content=\"2025-02-27T12:27:46+00:00\" \/>\n<meta name=\"twitter:card\" content=\"summary_large_image\" \/>\n<meta name=\"twitter:label1\" content=\"Gesch\u00e4tzte Lesezeit\" \/>\n\t<meta name=\"twitter:data1\" content=\"1\u00a0Minute\" \/>\n<script type=\"application\/ld+json\" class=\"yoast-schema-graph\">{\"@context\":\"https:\/\/schema.org\",\"@graph\":[{\"@type\":\"WebPage\",\"@id\":\"https:\/\/luaresort.com\/de\/spa-wellness\/\",\"url\":\"https:\/\/luaresort.com\/de\/spa-wellness\/\",\"name\":\"Spa & Wellness - LUA Resort Balatonf\u00fcred\",\"isPartOf\":{\"@id\":\"https:\/\/luaresort.com\/de\/#website\"},\"datePublished\":\"2022-04-04T10:31:36+00:00\",\"dateModified\":\"2025-02-27T12:27:46+00:00\",\"description\":\"Zeit f\u00fcr sich selbst und zum Auftanken ist kein Luxus, sondern eine Notwendigkeit. Das ist es, was wir in unserem Hotel nur f\u00fcr Erwachsene bieten.\",\"breadcrumb\":{\"@id\":\"https:\/\/luaresort.com\/de\/spa-wellness\/#breadcrumb\"},\"inLanguage\":\"de\",\"potentialAction\":[{\"@type\":\"ReadAction\",\"target\":[\"https:\/\/luaresort.com\/de\/spa-wellness\/\"]}]},{\"@type\":\"BreadcrumbList\",\"@id\":\"https:\/\/luaresort.com\/de\/spa-wellness\/#breadcrumb\",\"itemListElement\":[{\"@type\":\"ListItem\",\"position\":1,\"name\":\"Kezd\u0151lap\",\"item\":\"https:\/\/luaresort.com\/de\/\"},{\"@type\":\"ListItem\",\"position\":2,\"name\":\"Spa &#038; Wellness\"}]},{\"@type\":\"WebSite\",\"@id\":\"https:\/\/luaresort.com\/de\/#website\",\"url\":\"https:\/\/luaresort.com\/de\/\",\"name\":\"LUA Resort Balatonf\u00fcred\",\"description\":\"LUA Resort***** Balatonf\u00fcred. Az \u00faj resort sz\u00e1llod\u00e1j\u00e1ban a j\u00f3l\u00e9t j\u00f3ll\u00e9ttel p\u00e1rosul. Felel\u0151s hedonizmus, fenntarthat\u00f3 luxus, szem\u00e9lyre szabott szolg\u00e1ltat\u00e1sok.\",\"publisher\":{\"@id\":\"https:\/\/luaresort.com\/de\/#organization\"},\"potentialAction\":[{\"@type\":\"SearchAction\",\"target\":{\"@type\":\"EntryPoint\",\"urlTemplate\":\"https:\/\/luaresort.com\/de\/?s={search_term_string}\"},\"query-input\":{\"@type\":\"PropertyValueSpecification\",\"valueRequired\":true,\"valueName\":\"search_term_string\"}}],\"inLanguage\":\"de\"},{\"@type\":\"Organization\",\"@id\":\"https:\/\/luaresort.com\/de\/#organization\",\"name\":\"LUA Resort\",\"url\":\"https:\/\/luaresort.com\/de\/\",\"logo\":{\"@type\":\"ImageObject\",\"inLanguage\":\"de\",\"@id\":\"https:\/\/luaresort.com\/de\/#\/schema\/logo\/image\/\",\"url\":\"https:\/\/luaresort.com\/wp-content\/uploads\/2022\/04\/lua-resort-logo.png\",\"contentUrl\":\"https:\/\/luaresort.com\/wp-content\/uploads\/2022\/04\/lua-resort-logo.png\",\"width\":2048,\"height\":2048,\"caption\":\"LUA Resort\"},\"image\":{\"@id\":\"https:\/\/luaresort.com\/de\/#\/schema\/logo\/image\/\"},\"sameAs\":[\"https:\/\/www.facebook.com\/luaresort\",\"https:\/\/www.instagram.com\/luaresort\/\"]}]}<\/script>\n<!-- \/ Yoast SEO plugin. -->","yoast_head_json":{"title":"Spa & Wellness - LUA Resort Balatonf\u00fcred","description":"Zeit f\u00fcr sich selbst und zum Auftanken ist kein Luxus, sondern eine Notwendigkeit. Das ist es, was wir in unserem Hotel nur f\u00fcr Erwachsene bieten.","robots":{"index":"index","follow":"follow","max-snippet":"max-snippet:-1","max-image-preview":"max-image-preview:large","max-video-preview":"max-video-preview:-1"},"canonical":"https:\/\/luaresort.com\/de\/spa-wellness\/","og_locale":"de_DE","og_type":"article","og_title":"Spa & Wellness - LUA Resort Balatonf\u00fcred","og_description":"Zeit f\u00fcr sich selbst und zum Auftanken ist kein Luxus, sondern eine Notwendigkeit. Das ist es, was wir in unserem Hotel nur f\u00fcr Erwachsene bieten.","og_url":"https:\/\/luaresort.com\/de\/spa-wellness\/","og_site_name":"LUA Resort Balatonf\u00fcred","article_publisher":"https:\/\/www.facebook.com\/luaresort","article_modified_time":"2025-02-27T12:27:46+00:00","twitter_card":"summary_large_image","twitter_misc":{"Gesch\u00e4tzte Lesezeit":"1\u00a0Minute"},"schema":{"@context":"https:\/\/schema.org","@graph":[{"@type":"WebPage","@id":"https:\/\/luaresort.com\/de\/spa-wellness\/","url":"https:\/\/luaresort.com\/de\/spa-wellness\/","name":"Spa & Wellness - LUA Resort Balatonf\u00fcred","isPartOf":{"@id":"https:\/\/luaresort.com\/de\/#website"},"datePublished":"2022-04-04T10:31:36+00:00","dateModified":"2025-02-27T12:27:46+00:00","description":"Zeit f\u00fcr sich selbst und zum Auftanken ist kein Luxus, sondern eine Notwendigkeit. Das ist es, was wir in unserem Hotel nur f\u00fcr Erwachsene bieten.","breadcrumb":{"@id":"https:\/\/luaresort.com\/de\/spa-wellness\/#breadcrumb"},"inLanguage":"de","potentialAction":[{"@type":"ReadAction","target":["https:\/\/luaresort.com\/de\/spa-wellness\/"]}]},{"@type":"BreadcrumbList","@id":"https:\/\/luaresort.com\/de\/spa-wellness\/#breadcrumb","itemListElement":[{"@type":"ListItem","position":1,"name":"Kezd\u0151lap","item":"https:\/\/luaresort.com\/de\/"},{"@type":"ListItem","position":2,"name":"Spa &#038; Wellness"}]},{"@type":"WebSite","@id":"https:\/\/luaresort.com\/de\/#website","url":"https:\/\/luaresort.com\/de\/","name":"LUA Resort Balatonf\u00fcred","description":"LUA Resort***** Balatonf\u00fcred. Az \u00faj resort sz\u00e1llod\u00e1j\u00e1ban a j\u00f3l\u00e9t j\u00f3ll\u00e9ttel p\u00e1rosul. Felel\u0151s hedonizmus, fenntarthat\u00f3 luxus, szem\u00e9lyre szabott szolg\u00e1ltat\u00e1sok.","publisher":{"@id":"https:\/\/luaresort.com\/de\/#organization"},"potentialAction":[{"@type":"SearchAction","target":{"@type":"EntryPoint","urlTemplate":"https:\/\/luaresort.com\/de\/?s={search_term_string}"},"query-input":{"@type":"PropertyValueSpecification","valueRequired":true,"valueName":"search_term_string"}}],"inLanguage":"de"},{"@type":"Organization","@id":"https:\/\/luaresort.com\/de\/#organization","name":"LUA Resort","url":"https:\/\/luaresort.com\/de\/","logo":{"@type":"ImageObject","inLanguage":"de","@id":"https:\/\/luaresort.com\/de\/#\/schema\/logo\/image\/","url":"https:\/\/luaresort.com\/wp-content\/uploads\/2022\/04\/lua-resort-logo.png","contentUrl":"https:\/\/luaresort.com\/wp-content\/uploads\/2022\/04\/lua-resort-logo.png","width":2048,"height":2048,"caption":"LUA Resort"},"image":{"@id":"https:\/\/luaresort.com\/de\/#\/schema\/logo\/image\/"},"sameAs":["https:\/\/www.facebook.com\/luaresort","https:\/\/www.instagram.com\/luaresort\/"]}]}},"jetpack_sharing_enabled":true,"_links":{"self":[{"href":"https:\/\/luaresort.com\/de\/wp-json\/wp\/v2\/pages\/2284","targetHints":{"allow":["GET"]}}],"collection":[{"href":"https:\/\/luaresort.com\/de\/wp-json\/wp\/v2\/pages"}],"about":[{"href":"https:\/\/luaresort.com\/de\/wp-json\/wp\/v2\/types\/page"}],"author":[{"embeddable":true,"href":"https:\/\/luaresort.com\/de\/wp-json\/wp\/v2\/users\/1"}],"replies":[{"embeddable":true,"href":"https:\/\/luaresort.com\/de\/wp-json\/wp\/v2\/comments?post=2284"}],"version-history":[{"count":4,"href":"https:\/\/luaresort.com\/de\/wp-json\/wp\/v2\/pages\/2284\/revisions"}],"predecessor-version":[{"id":20460,"href":"https:\/\/luaresort.com\/de\/wp-json\/wp\/v2\/pages\/2284\/revisions\/20460"}],"wp:attachment":[{"href":"https:\/\/luaresort.com\/de\/wp-json\/wp\/v2\/media?parent=2284"}],"curies":[{"name":"wp","href":"https:\/\/api.w.org\/{rel}","templated":true}]}}