{"id":2260,"date":"2022-04-05T18:10:31","date_gmt":"2022-04-05T16:10:31","guid":{"rendered":"https:\/\/luaresort.com\/zimmer\/"},"modified":"2023-07-18T19:10:55","modified_gmt":"2023-07-18T17:10:55","slug":"zimmer","status":"publish","type":"page","link":"https:\/\/luaresort.com\/de\/zimmer\/","title":{"rendered":"Zimmer"},"content":{"rendered":"\n<p>Hier ist ein Ort, wo der L\u00e4rm der Gro\u00dfstadt Sie nicht erreicht, wo Sie die Hektik des Alltags hinter sich lassen k\u00f6nnen. Ein Ort, wo Luxus nicht nur Glamour bedeutet, sondern auch Qualitytime und R\u00fcckzugsm\u00f6glichkeiten. Ein Ort, an dem wir lockerlassen k\u00f6nnen und eine nat\u00fcrliche Basis f\u00fcr vollst\u00e4ndige Erneuerung finden.<\/p>\n\n<p><p class=\"p1\">Ein erholsamer Schlaf ist ebenso wichtig wie ein gesunder Lebensstil und eine ausgewogene Ern\u00e4hrung, die alle zum pers\u00f6nlichen Wohlbefinden beitragen und Ihre Erneuerung auf eine nat\u00fcrliche Art und Weise erm\u00f6glichen. Im Rahmen des LUA Sleep Well<sup>TM<\/sup> Konzepts haben wir ein einzigartiges Programm entwickelt, um einen erholsamen Schlaf zu f\u00f6rdern. Jedes Zimmer verf\u00fcgt \u00fcber ein Boxspringbett mit extradicker medizinischer Matratze und Blackout-Vorh\u00e4ngen. Sollten die vorbereiteten Kissen nicht Ihrem Wunsch entsprechen, dann k\u00f6nnen Sie vom Kissen-Men\u00fc eines ausw\u00e4hlen, welches zu Ihrem Schlafstil am besten passt. Selbstverst\u00e4ndlich kostenlos. In unseren Suiten tragen das \u00e4therische Lavendel\u00f6l aus Tihany und ein k\u00f6stlicher Gute-Nacht-Tee zu einem vollkommenen Entspannungserlebnis bei. Das Fr\u00fchst\u00fcck ist eine der wichtigsten Mahlzeiten des Tages, und die erstklassige Auswahl an Fr\u00fchst\u00fccksangeboten von LUA Signature Breakfast<sup>TM<\/sup> sorgt sofort f\u00fcr gute Laune &#8211; und das nicht nur an den Wochenenden! Die Langschl\u00e4fer k\u00f6nnen den Zimmerservice bis zu Mittag in Anspruch nehmen.<\/p><\/p>\n","protected":false},"excerpt":{"rendered":"<p>Hier ist ein Ort, wo der L\u00e4rm der Gro\u00dfstadt Sie nicht erreicht, wo Sie die Hektik des Alltags hinter sich lassen k\u00f6nnen. Ein Ort, wo Luxus nicht nur Glamour bedeutet, sondern auch Qualitytime und R\u00fcckzugsm\u00f6glichkeiten. Ein Ort, an dem wir lockerlassen k\u00f6nnen und eine nat\u00fcrliche Basis f\u00fcr vollst\u00e4ndige Erneuerung finden. Ein erholsamer Schlaf ist ebenso wichtig wie ein gesunder Lebensstil und eine ausgewogene Ern\u00e4hrung, die alle zum pers\u00f6nlichen Wohlbefinden beitragen und Ihre Erneuerung auf eine nat\u00fcrliche Art und Weise erm\u00f6glichen. Im Rahmen des LUA Sleep WellTM Konzepts haben wir ein einzigartiges Programm entwickelt, um einen erholsamen Schlaf zu f\u00f6rdern. Jedes&#8230;<\/p>\n","protected":false},"author":1,"featured_media":0,"parent":0,"menu_order":0,"comment_status":"closed","ping_status":"closed","template":"template-rooms.php","meta":{"inline_featured_image":false,"footnotes":""},"class_list":["post-2260","page","type-page","status-publish","hentry"],"acf":[],"yoast_head":"<!-- This site is optimized with the Yoast SEO plugin v25.8 - https:\/\/yoast.com\/wordpress\/plugins\/seo\/ -->\n<title>Zimmer - LUA Resort Balatonf\u00fcred<\/title>\n<meta name=\"robots\" content=\"index, follow, max-snippet:-1, max-image-preview:large, max-video-preview:-1\" \/>\n<link rel=\"canonical\" href=\"https:\/\/luaresort.com\/de\/zimmer\/\" \/>\n<meta property=\"og:locale\" content=\"de_DE\" \/>\n<meta property=\"og:type\" content=\"article\" \/>\n<meta property=\"og:title\" content=\"Zimmer - LUA Resort Balatonf\u00fcred\" \/>\n<meta property=\"og:description\" content=\"Hier ist ein Ort, wo der L\u00e4rm der Gro\u00dfstadt Sie nicht erreicht, wo Sie die Hektik des Alltags hinter sich lassen k\u00f6nnen. Ein Ort, wo Luxus nicht nur Glamour bedeutet, sondern auch Qualitytime und R\u00fcckzugsm\u00f6glichkeiten. Ein Ort, an dem wir lockerlassen k\u00f6nnen und eine nat\u00fcrliche Basis f\u00fcr vollst\u00e4ndige Erneuerung finden. Ein erholsamer Schlaf ist ebenso wichtig wie ein gesunder Lebensstil und eine ausgewogene Ern\u00e4hrung, die alle zum pers\u00f6nlichen Wohlbefinden beitragen und Ihre Erneuerung auf eine nat\u00fcrliche Art und Weise erm\u00f6glichen. Im Rahmen des LUA Sleep WellTM Konzepts haben wir ein einzigartiges Programm entwickelt, um einen erholsamen Schlaf zu f\u00f6rdern. Jedes...\" \/>\n<meta property=\"og:url\" content=\"https:\/\/luaresort.com\/de\/zimmer\/\" \/>\n<meta property=\"og:site_name\" content=\"LUA Resort Balatonf\u00fcred\" \/>\n<meta property=\"article:publisher\" content=\"https:\/\/www.facebook.com\/luaresort\" \/>\n<meta property=\"article:modified_time\" content=\"2023-07-18T17:10:55+00:00\" \/>\n<meta name=\"twitter:card\" content=\"summary_large_image\" \/>\n<meta name=\"twitter:label1\" content=\"Gesch\u00e4tzte Lesezeit\" \/>\n\t<meta name=\"twitter:data1\" content=\"1\u00a0Minute\" \/>\n<script type=\"application\/ld+json\" class=\"yoast-schema-graph\">{\"@context\":\"https:\/\/schema.org\",\"@graph\":[{\"@type\":\"WebPage\",\"@id\":\"https:\/\/luaresort.com\/de\/zimmer\/\",\"url\":\"https:\/\/luaresort.com\/de\/zimmer\/\",\"name\":\"Zimmer - LUA Resort Balatonf\u00fcred\",\"isPartOf\":{\"@id\":\"https:\/\/luaresort.com\/de\/#website\"},\"datePublished\":\"2022-04-05T16:10:31+00:00\",\"dateModified\":\"2023-07-18T17:10:55+00:00\",\"breadcrumb\":{\"@id\":\"https:\/\/luaresort.com\/de\/zimmer\/#breadcrumb\"},\"inLanguage\":\"de\",\"potentialAction\":[{\"@type\":\"ReadAction\",\"target\":[\"https:\/\/luaresort.com\/de\/zimmer\/\"]}]},{\"@type\":\"BreadcrumbList\",\"@id\":\"https:\/\/luaresort.com\/de\/zimmer\/#breadcrumb\",\"itemListElement\":[{\"@type\":\"ListItem\",\"position\":1,\"name\":\"Kezd\u0151lap\",\"item\":\"https:\/\/luaresort.com\/de\/\"},{\"@type\":\"ListItem\",\"position\":2,\"name\":\"Zimmer\"}]},{\"@type\":\"WebSite\",\"@id\":\"https:\/\/luaresort.com\/de\/#website\",\"url\":\"https:\/\/luaresort.com\/de\/\",\"name\":\"LUA Resort Balatonf\u00fcred\",\"description\":\"LUA Resort***** Balatonf\u00fcred. Az \u00faj resort sz\u00e1llod\u00e1j\u00e1ban a j\u00f3l\u00e9t j\u00f3ll\u00e9ttel p\u00e1rosul. Felel\u0151s hedonizmus, fenntarthat\u00f3 luxus, szem\u00e9lyre szabott szolg\u00e1ltat\u00e1sok.\",\"publisher\":{\"@id\":\"https:\/\/luaresort.com\/de\/#organization\"},\"potentialAction\":[{\"@type\":\"SearchAction\",\"target\":{\"@type\":\"EntryPoint\",\"urlTemplate\":\"https:\/\/luaresort.com\/de\/?s={search_term_string}\"},\"query-input\":{\"@type\":\"PropertyValueSpecification\",\"valueRequired\":true,\"valueName\":\"search_term_string\"}}],\"inLanguage\":\"de\"},{\"@type\":\"Organization\",\"@id\":\"https:\/\/luaresort.com\/de\/#organization\",\"name\":\"LUA Resort\",\"url\":\"https:\/\/luaresort.com\/de\/\",\"logo\":{\"@type\":\"ImageObject\",\"inLanguage\":\"de\",\"@id\":\"https:\/\/luaresort.com\/de\/#\/schema\/logo\/image\/\",\"url\":\"https:\/\/luaresort.com\/wp-content\/uploads\/2022\/04\/lua-resort-logo.png\",\"contentUrl\":\"https:\/\/luaresort.com\/wp-content\/uploads\/2022\/04\/lua-resort-logo.png\",\"width\":2048,\"height\":2048,\"caption\":\"LUA Resort\"},\"image\":{\"@id\":\"https:\/\/luaresort.com\/de\/#\/schema\/logo\/image\/\"},\"sameAs\":[\"https:\/\/www.facebook.com\/luaresort\",\"https:\/\/www.instagram.com\/luaresort\/\"]}]}<\/script>\n<!-- \/ Yoast SEO plugin. -->","yoast_head_json":{"title":"Zimmer - LUA Resort Balatonf\u00fcred","robots":{"index":"index","follow":"follow","max-snippet":"max-snippet:-1","max-image-preview":"max-image-preview:large","max-video-preview":"max-video-preview:-1"},"canonical":"https:\/\/luaresort.com\/de\/zimmer\/","og_locale":"de_DE","og_type":"article","og_title":"Zimmer - LUA Resort Balatonf\u00fcred","og_description":"Hier ist ein Ort, wo der L\u00e4rm der Gro\u00dfstadt Sie nicht erreicht, wo Sie die Hektik des Alltags hinter sich lassen k\u00f6nnen. Ein Ort, wo Luxus nicht nur Glamour bedeutet, sondern auch Qualitytime und R\u00fcckzugsm\u00f6glichkeiten. Ein Ort, an dem wir lockerlassen k\u00f6nnen und eine nat\u00fcrliche Basis f\u00fcr vollst\u00e4ndige Erneuerung finden. Ein erholsamer Schlaf ist ebenso wichtig wie ein gesunder Lebensstil und eine ausgewogene Ern\u00e4hrung, die alle zum pers\u00f6nlichen Wohlbefinden beitragen und Ihre Erneuerung auf eine nat\u00fcrliche Art und Weise erm\u00f6glichen. Im Rahmen des LUA Sleep WellTM Konzepts haben wir ein einzigartiges Programm entwickelt, um einen erholsamen Schlaf zu f\u00f6rdern. Jedes...","og_url":"https:\/\/luaresort.com\/de\/zimmer\/","og_site_name":"LUA Resort Balatonf\u00fcred","article_publisher":"https:\/\/www.facebook.com\/luaresort","article_modified_time":"2023-07-18T17:10:55+00:00","twitter_card":"summary_large_image","twitter_misc":{"Gesch\u00e4tzte Lesezeit":"1\u00a0Minute"},"schema":{"@context":"https:\/\/schema.org","@graph":[{"@type":"WebPage","@id":"https:\/\/luaresort.com\/de\/zimmer\/","url":"https:\/\/luaresort.com\/de\/zimmer\/","name":"Zimmer - LUA Resort Balatonf\u00fcred","isPartOf":{"@id":"https:\/\/luaresort.com\/de\/#website"},"datePublished":"2022-04-05T16:10:31+00:00","dateModified":"2023-07-18T17:10:55+00:00","breadcrumb":{"@id":"https:\/\/luaresort.com\/de\/zimmer\/#breadcrumb"},"inLanguage":"de","potentialAction":[{"@type":"ReadAction","target":["https:\/\/luaresort.com\/de\/zimmer\/"]}]},{"@type":"BreadcrumbList","@id":"https:\/\/luaresort.com\/de\/zimmer\/#breadcrumb","itemListElement":[{"@type":"ListItem","position":1,"name":"Kezd\u0151lap","item":"https:\/\/luaresort.com\/de\/"},{"@type":"ListItem","position":2,"name":"Zimmer"}]},{"@type":"WebSite","@id":"https:\/\/luaresort.com\/de\/#website","url":"https:\/\/luaresort.com\/de\/","name":"LUA Resort Balatonf\u00fcred","description":"LUA Resort***** Balatonf\u00fcred. Az \u00faj resort sz\u00e1llod\u00e1j\u00e1ban a j\u00f3l\u00e9t j\u00f3ll\u00e9ttel p\u00e1rosul. Felel\u0151s hedonizmus, fenntarthat\u00f3 luxus, szem\u00e9lyre szabott szolg\u00e1ltat\u00e1sok.","publisher":{"@id":"https:\/\/luaresort.com\/de\/#organization"},"potentialAction":[{"@type":"SearchAction","target":{"@type":"EntryPoint","urlTemplate":"https:\/\/luaresort.com\/de\/?s={search_term_string}"},"query-input":{"@type":"PropertyValueSpecification","valueRequired":true,"valueName":"search_term_string"}}],"inLanguage":"de"},{"@type":"Organization","@id":"https:\/\/luaresort.com\/de\/#organization","name":"LUA Resort","url":"https:\/\/luaresort.com\/de\/","logo":{"@type":"ImageObject","inLanguage":"de","@id":"https:\/\/luaresort.com\/de\/#\/schema\/logo\/image\/","url":"https:\/\/luaresort.com\/wp-content\/uploads\/2022\/04\/lua-resort-logo.png","contentUrl":"https:\/\/luaresort.com\/wp-content\/uploads\/2022\/04\/lua-resort-logo.png","width":2048,"height":2048,"caption":"LUA Resort"},"image":{"@id":"https:\/\/luaresort.com\/de\/#\/schema\/logo\/image\/"},"sameAs":["https:\/\/www.facebook.com\/luaresort","https:\/\/www.instagram.com\/luaresort\/"]}]}},"jetpack_sharing_enabled":true,"_links":{"self":[{"href":"https:\/\/luaresort.com\/de\/wp-json\/wp\/v2\/pages\/2260","targetHints":{"allow":["GET"]}}],"collection":[{"href":"https:\/\/luaresort.com\/de\/wp-json\/wp\/v2\/pages"}],"about":[{"href":"https:\/\/luaresort.com\/de\/wp-json\/wp\/v2\/types\/page"}],"author":[{"embeddable":true,"href":"https:\/\/luaresort.com\/de\/wp-json\/wp\/v2\/users\/1"}],"replies":[{"embeddable":true,"href":"https:\/\/luaresort.com\/de\/wp-json\/wp\/v2\/comments?post=2260"}],"version-history":[{"count":2,"href":"https:\/\/luaresort.com\/de\/wp-json\/wp\/v2\/pages\/2260\/revisions"}],"predecessor-version":[{"id":12575,"href":"https:\/\/luaresort.com\/de\/wp-json\/wp\/v2\/pages\/2260\/revisions\/12575"}],"wp:attachment":[{"href":"https:\/\/luaresort.com\/de\/wp-json\/wp\/v2\/media?parent=2260"}],"curies":[{"name":"wp","href":"https:\/\/api.w.org\/{rel}","templated":true}]}}