{"id":13580,"date":"2022-07-12T09:09:44","date_gmt":"2022-07-12T07:09:44","guid":{"rendered":"https:\/\/luaresort.com\/lua-events\/"},"modified":"2025-02-27T13:29:49","modified_gmt":"2025-02-27T12:29:49","slug":"lua-events","status":"publish","type":"page","link":"https:\/\/luaresort.com\/de\/lua-events\/","title":{"rendered":"LUA Events"},"content":{"rendered":"\n<div class=\"wp-block-group\"><div class=\"wp-block-group__inner-container is-layout-flow wp-block-group-is-layout-flow\">\n<div class=\"wp-block-group grouped-content\"><div class=\"wp-block-group__inner-container is-layout-flow wp-block-group-is-layout-flow\">\n<div class=\"wp-block-group is-layout-flex wp-block-group-is-layout-flex\">\n<div class=\"wp-block-columns row is-layout-flex wp-container-core-columns-is-layout-9d6595d7 wp-block-columns-is-layout-flex\">\n<div class=\"wp-block-column col-lg-4 is-layout-flow wp-block-column-is-layout-flow\" style=\"flex-basis:33.33%\"><\/div>\n\n\n\n<div class=\"wp-block-column col-lg-8 is-layout-flow wp-block-column-is-layout-flow\" style=\"flex-basis:66.66%\">\n<h2 class=\"wp-block-heading\">Besonderer Veranstaltungsort direkt am Wasser \u2013 einzigartige Einrichtungen und Services an einem Ort.<\/h2>\n\n\n\n<p>Das ger\u00e4umige Geb\u00e4ude kann flexibel f\u00fcr Gro\u00dfveranstaltungen, Konferenzen, Ausstellungen, Weihnachtsfeiern und Hochzeiten genutzt werden. Es eignet sich ebenso f\u00fcr Workshops, Bildungsprogramme, Pressekonferenzen und externe Treffen. Der vielseitige Raum kann bei Bedarf erweitert werden, um Ausstellungen aus verschiedenen Branchen zu beherbergen. Dank seiner N\u00e4he zum Plattensee und dem wundersch\u00f6n angelegten Gel\u00e4nde bieten wir eine einzigartige Veranstaltungsumgebung.<\/p>\n\n\n\n<p><\/p>\n\n\n\n<p>Das Geb\u00e4ude besteht aus zwei R\u00e4umen, von denen jeder eine unterschiedliche Funktion erf\u00fcllt. Der erste Raum bietet eine gro\u00dfz\u00fcgige Fl\u00e4che von 231 m\u00b2 ohne st\u00f6rende S\u00e4ulen und bietet Platz f\u00fcr bis zu 220 Personen. Dieser Raum kann flexibel durch drei schallged\u00e4mmte, bewegliche Trennw\u00e4nde unterteilt werden und ist direkt mit dem Foyer verbunden. Alle drei Sektionsr\u00e4ume sind barrierefrei gestaltet und verf\u00fcgen \u00fcber wandhohe Glasfronten mit einem atemberaubenden Panoramablick auf den Plattensee. Zudem bieten sie vollst\u00e4ndige Verdunkelungsm\u00f6glichkeiten, um einen reibungslosen Ablauf Ihrer Veranstaltung zu gew\u00e4hrleisten. Der Raum ist au\u00dferdem klimatisiert und mit modernster audiovisueller Technik ausgestattet, einschlie\u00dflich einer 3 x 5 m gro\u00dfen integrierten LED-Wand.<\/p>\n\n\n\n<p>Die gro\u00dffl\u00e4chigen Glasw\u00e4nde der Veranstaltungshalle sind integraler Bestandteil des Yachthafens und des gegen\u00fcberliegenden 5-Sterne-Hotels. Wir legen gro\u00dfen Wert darauf, als umweltfreundlicher Veranstaltungsort zu agieren und setzen daher nachhaltige L\u00f6sungen ein. Dazu geh\u00f6rt auch ein umweltfreundliches K\u00fchl- und Heizsystem, um den Komfort unserer G\u00e4ste zu gew\u00e4hrleisten.<\/p>\n\n\n\n<p>Das gastronomische Konzept von LUA bietet ein m\u00fchelos elegantes Bistro-Gastronomie-Erlebnis.  Unsere Speisekarte wird sorgf\u00e4ltig aus saisonalen Zutaten von lokalen Erzeugern und nachhaltiger Landwirtschaft zusammengestellt. Dabei legen wir besonderen Wert auf die Grunds\u00e4tze gesunder Ern\u00e4hrung und ber\u00fccksichtigen auch Nahrungsmittelunvertr\u00e4glichkeiten und -empfindlichkeiten.<\/p>\n\n\n\n<div class=\"wp-block-buttons is-layout-flex wp-block-buttons-is-layout-flex\">\n<div class=\"wp-block-button\"><a class=\"wp-block-button__link wp-element-button\" href=\"https:\/\/luaresort.com\/mice-ajanlatok\/\" target=\"_blank\" rel=\"noreferrer noopener\">MICE Angebote<\/a><\/div>\n\n\n\n<div class=\"wp-block-button\"><a class=\"wp-block-button__link wp-element-button\" href=\"\" target=\"_blank\" rel=\"noreferrer noopener\">\u017diados\u0165 o n\u00e1vrh<\/a><\/div>\n<\/div>\n<\/div>\n<\/div>\n<\/div>\n<\/div><\/div>\n<\/div><\/div>\n\n\n\n&nbsp;\n\n\n\n<div class=\"wp-block-group\"><div class=\"wp-block-group__inner-container is-layout-flow wp-block-group-is-layout-flow\"><div\n\t\t\t\n\t\t\tclass=\"so-widget-sow-features so-widget-sow-features-default-bb67e3f14385\"\n\t\t\t\n\t\t><ul\n\tclass=\"sow-features-list\n\tsow-features-responsive\">\n\n\t\t\t<li\n\t\t\tclass=\"sow-features-feature sow-icon-container-position-right\"\n\t\t\tstyle=\"display: flex; flex-direction: row; width: calc(33.333% - 25px);\"\n\t\t>\n\t\t\t\n\t\t\t\t\t\t<div\t\t\t\tclass=\"sow-icon-container sow-container-none\"\n\t\t\t\tstyle=\"color: #ffffff; \"\n\t\t\t\t\n\t\t\t\t\t\t\t>\n\t\t\t\t<span class=\"sow-icon-ionicons\" data-sow-icon=\"&#xf264;\"\n\t\tstyle=\"font-size: 36px; color: #8a6d4b\" \n\t\taria-hidden=\"true\"><\/span>\t\t\t<\/div>\n\n\t\t\t<div class=\"textwidget\">\n\t\t\t\t\n\t\t\t\t\t\t\t\t\t<h4 class=\"sow-features-feature-title\">\n\t\t\t\t\t\t231 m2 s\u00e4ulenfreier Raum\t\t\t\t\t<\/h4>\n\t\t\t\t\n\t\t\t\t\t\t\t<\/div>\n\t\t\t\t\t\t\t\t<\/li>\n\n\t\t\t<li\n\t\t\tclass=\"sow-features-feature sow-icon-container-position-right\"\n\t\t\tstyle=\"display: flex; flex-direction: row; width: calc(33.333% - 25px);\"\n\t\t>\n\t\t\t\n\t\t\t\t\t\t<div\t\t\t\tclass=\"sow-icon-container sow-container-none\"\n\t\t\t\tstyle=\"color: #ffffff; \"\n\t\t\t\t\n\t\t\t\t\t\t\t>\n\t\t\t\t<span class=\"sow-icon-ionicons\" data-sow-icon=\"&#xf393;\"\n\t\tstyle=\"font-size: 36px; color: #8a6d4b\" \n\t\taria-hidden=\"true\"><\/span>\t\t\t<\/div>\n\n\t\t\t<div class=\"textwidget\">\n\t\t\t\t\n\t\t\t\t\t\t\t\t\t<h4 class=\"sow-features-feature-title\">\n\t\t\t\t\t\tKann in 3 R\u00e4ume unterteilt werden\t\t\t\t\t<\/h4>\n\t\t\t\t\n\t\t\t\t\t\t\t<\/div>\n\t\t\t\t\t\t\t\t<\/li>\n\n\t\t\t<li\n\t\t\tclass=\"sow-features-feature sow-icon-container-position-right\"\n\t\t\tstyle=\"display: flex; flex-direction: row; width: calc(33.333% - 25px);\"\n\t\t>\n\t\t\t\n\t\t\t\t\t\t<div\t\t\t\tclass=\"sow-icon-container sow-container-none\"\n\t\t\t\tstyle=\"color: #ffffff; \"\n\t\t\t\t\n\t\t\t\t\t\t\t>\n\t\t\t\t<span class=\"sow-icon-ionicons\" data-sow-icon=\"&#xf25e;\"\n\t\tstyle=\"font-size: 36px; color: #8a6d4b\" \n\t\taria-hidden=\"true\"><\/span>\t\t\t<\/div>\n\n\t\t\t<div class=\"textwidget\">\n\t\t\t\t\n\t\t\t\t\t\t\t\t\t<h4 class=\"sow-features-feature-title\">\n\t\t\t\t\t\tWand-zu-Wand-Glas oder vollst\u00e4ndige Verdunkelung m\u00f6glich\t\t\t\t\t<\/h4>\n\t\t\t\t\n\t\t\t\t\t\t\t<\/div>\n\t\t\t\t\t\t\t\t<\/li>\n\n\t\t\t<li\n\t\t\tclass=\"sow-features-feature sow-icon-container-position-right\"\n\t\t\tstyle=\"display: flex; flex-direction: row; width: calc(33.333% - 25px);\"\n\t\t>\n\t\t\t\n\t\t\t\t\t\t<div\t\t\t\tclass=\"sow-icon-container sow-container-none\"\n\t\t\t\tstyle=\"color: #ffffff; \"\n\t\t\t\t\n\t\t\t\t\t\t\t>\n\t\t\t\t<span class=\"sow-icon-ionicons\" data-sow-icon=\"&#xf4ae;\"\n\t\tstyle=\"font-size: 36px; color: #8a6d4b\" \n\t\taria-hidden=\"true\"><\/span>\t\t\t<\/div>\n\n\t\t\t<div class=\"textwidget\">\n\t\t\t\t\n\t\t\t\t\t\t\t\t\t<h4 class=\"sow-features-feature-title\">\n\t\t\t\t\t\tKlimatisiert\t\t\t\t\t<\/h4>\n\t\t\t\t\n\t\t\t\t\t\t\t<\/div>\n\t\t\t\t\t\t\t\t<\/li>\n\n\t\t\t<li\n\t\t\tclass=\"sow-features-feature sow-icon-container-position-right\"\n\t\t\tstyle=\"display: flex; flex-direction: row; width: calc(33.333% - 25px);\"\n\t\t>\n\t\t\t\n\t\t\t\t\t\t<div\t\t\t\tclass=\"sow-icon-container sow-container-none\"\n\t\t\t\tstyle=\"color: #ffffff; \"\n\t\t\t\t\n\t\t\t\t\t\t\t>\n\t\t\t\t<span class=\"sow-icon-ionicons\" data-sow-icon=\"&#xf3e4;\"\n\t\tstyle=\"font-size: 36px; color: #8a6d4b\" \n\t\taria-hidden=\"true\"><\/span>\t\t\t<\/div>\n\n\t\t\t<div class=\"textwidget\">\n\t\t\t\t\n\t\t\t\t\t\t\t\t\t<h4 class=\"sow-features-feature-title\">\n\t\t\t\t\t\tErreichbarkeit\t\t\t\t\t<\/h4>\n\t\t\t\t\n\t\t\t\t\t\t\t<\/div>\n\t\t\t\t\t\t\t\t<\/li>\n\n\t\t\t<li\n\t\t\tclass=\"sow-features-feature sow-icon-container-position-right\"\n\t\t\tstyle=\"display: flex; flex-direction: row; width: calc(33.333% - 25px);\"\n\t\t>\n\t\t\t\n\t\t\t\t\t\t<div\t\t\t\tclass=\"sow-icon-container sow-container-none\"\n\t\t\t\tstyle=\"color: #ffffff; \"\n\t\t\t\t\n\t\t\t\t\t\t\t>\n\t\t\t\t<span class=\"sow-icon-ionicons\" data-sow-icon=\"&#xf27a;\"\n\t\tstyle=\"font-size: 36px; color: #8a6d4b\" \n\t\taria-hidden=\"true\"><\/span>\t\t\t<\/div>\n\n\t\t\t<div class=\"textwidget\">\n\t\t\t\t\n\t\t\t\t\t\t\t\t\t<h4 class=\"sow-features-feature-title\">\n\t\t\t\t\t\tHochwertige Gastronomie\t\t\t\t\t<\/h4>\n\t\t\t\t\n\t\t\t\t\t\t\t<\/div>\n\t\t\t\t\t\t\t\t<\/li>\n\n\t\t\t<li\n\t\t\tclass=\"sow-features-feature sow-icon-container-position-right\"\n\t\t\tstyle=\"display: flex; flex-direction: row; width: calc(33.333% - 25px);\"\n\t\t>\n\t\t\t\n\t\t\t\t\t\t<div\t\t\t\tclass=\"sow-icon-container sow-container-none\"\n\t\t\t\tstyle=\"color: #ffffff; \"\n\t\t\t\t\n\t\t\t\t\t\t\t>\n\t\t\t\t<span class=\"sow-icon-fontawesome sow-fas\" data-sow-icon=\"&#xf3c9;\"\n\t\tstyle=\"font-size: 36px; color: #8a6d4b\" \n\t\taria-hidden=\"true\"><\/span>\t\t\t<\/div>\n\n\t\t\t<div class=\"textwidget\">\n\t\t\t\t\n\t\t\t\t\t\t\t\t\t<h4 class=\"sow-features-feature-title\">\n\t\t\t\t\t\tModerne audiovisuelle Technik\t\t\t\t\t<\/h4>\n\t\t\t\t\n\t\t\t\t\t\t\t<\/div>\n\t\t\t\t\t\t\t\t<\/li>\n\n\t\t\t<li\n\t\t\tclass=\"sow-features-feature sow-icon-container-position-right\"\n\t\t\tstyle=\"display: flex; flex-direction: row; width: calc(33.333% - 25px);\"\n\t\t>\n\t\t\t\n\t\t\t\t\t\t<div\t\t\t\tclass=\"sow-icon-container sow-container-none\"\n\t\t\t\tstyle=\"color: #ffffff; \"\n\t\t\t\t\n\t\t\t\t\t\t\t>\n\t\t\t\t<span class=\"sow-icon-fontawesome sow-fas\" data-sow-icon=\"&#xf1bb;\"\n\t\tstyle=\"font-size: 36px; color: #8a6d4b\" \n\t\taria-hidden=\"true\"><\/span>\t\t\t<\/div>\n\n\t\t\t<div class=\"textwidget\">\n\t\t\t\t\n\t\t\t\t\t\t\t\t\t<h4 class=\"sow-features-feature-title\">\n\t\t\t\t\t\tVeranstaltungsort im Freien am Wasser\t\t\t\t\t<\/h4>\n\t\t\t\t\n\t\t\t\t\t\t\t<\/div>\n\t\t\t\t\t\t\t\t<\/li>\n\n\t\t\t<li\n\t\t\tclass=\"sow-features-feature sow-icon-container-position-right\"\n\t\t\tstyle=\"display: flex; flex-direction: row; width: calc(33.333% - 25px);\"\n\t\t>\n\t\t\t\n\t\t\t\t\t\t<div\t\t\t\tclass=\"sow-icon-container sow-container-none\"\n\t\t\t\tstyle=\"color: #ffffff; \"\n\t\t\t\t\n\t\t\t\t\t\t\t>\n\t\t\t\t<span class=\"sow-icon-ionicons\" data-sow-icon=\"&#xf2fc;\"\n\t\tstyle=\"font-size: 36px; color: #8a6d4b\" \n\t\taria-hidden=\"true\"><\/span>\t\t\t<\/div>\n\n\t\t\t<div class=\"textwidget\">\n\t\t\t\t\n\t\t\t\t\t\t\t\t\t<h4 class=\"sow-features-feature-title\">\n\t\t\t\t\t\t5-Sterne-Hotel (in unmittelbarer N\u00e4he)\t\t\t\t\t<\/h4>\n\t\t\t\t\n\t\t\t\t\t\t\t<\/div>\n\t\t\t\t\t\t\t\t<\/li>\n\n\t\t\t<li\n\t\t\tclass=\"sow-features-feature sow-icon-container-position-right\"\n\t\t\tstyle=\"display: flex; flex-direction: row; width: calc(33.333% - 25px);\"\n\t\t>\n\t\t\t\n\t\t\t\t\t\t<div\t\t\t\tclass=\"sow-icon-container sow-container-none\"\n\t\t\t\tstyle=\"color: #ffffff; \"\n\t\t\t\t\n\t\t\t\t\t\t\t>\n\t\t\t\t<span class=\"sow-icon-ionicons\" data-sow-icon=\"&#xf36c;\"\n\t\tstyle=\"font-size: 36px; color: #8a6d4b\" \n\t\taria-hidden=\"true\"><\/span>\t\t\t<\/div>\n\n\t\t\t<div class=\"textwidget\">\n\t\t\t\t\n\t\t\t\t\t\t\t\t\t<h4 class=\"sow-features-feature-title\">\n\t\t\t\t\t\tEventmanagement\t\t\t\t\t<\/h4>\n\t\t\t\t\n\t\t\t\t\t\t\t<\/div>\n\t\t\t\t\t\t\t\t<\/li>\n\n\t\t\t<li\n\t\t\tclass=\"sow-features-feature sow-icon-container-position-right\"\n\t\t\tstyle=\"display: flex; flex-direction: row; width: calc(33.333% - 25px);\"\n\t\t>\n\t\t\t\n\t\t\t\t\t\t<div\t\t\t\tclass=\"sow-icon-container sow-container-none\"\n\t\t\t\tstyle=\"color: #ffffff; \"\n\t\t\t\t\n\t\t\t\t\t\t\t>\n\t\t\t\t<span class=\"sow-icon-ionicons\" data-sow-icon=\"&#xf2d8;\"\n\t\tstyle=\"font-size: 36px; color: #8a6d4b\" \n\t\taria-hidden=\"true\"><\/span>\t\t\t<\/div>\n\n\t\t\t<div class=\"textwidget\">\n\t\t\t\t\n\t\t\t\t\t\t\t\t\t<h4 class=\"sow-features-feature-title\">\n\t\t\t\t\t\tHochzeitsplanerin\t\t\t\t\t<\/h4>\n\t\t\t\t\n\t\t\t\t\t\t\t<\/div>\n\t\t\t\t\t\t\t\t<\/li>\n\n\t\t\t<li\n\t\t\tclass=\"sow-features-feature sow-icon-container-position-right\"\n\t\t\tstyle=\"display: flex; flex-direction: row; width: calc(33.333% - 25px);\"\n\t\t>\n\t\t\t\n\t\t\t\t\t\t<div\t\t\t\tclass=\"sow-icon-container sow-container-none\"\n\t\t\t\tstyle=\"color: #ffffff; \"\n\t\t\t\t\n\t\t\t\t\t\t\t>\n\t\t\t\t<span class=\"sow-icon-ionicons\" data-sow-icon=\"&#xf1fd;\"\n\t\tstyle=\"font-size: 36px; color: #8a6d4b\" \n\t\taria-hidden=\"true\"><\/span>\t\t\t<\/div>\n\n\t\t\t<div class=\"textwidget\">\n\t\t\t\t\n\t\t\t\t\t\t\t\t\t<h4 class=\"sow-features-feature-title\">\n\t\t\t\t\t\tUmweltbewusst (Standort)\t\t\t\t\t<\/h4>\n\t\t\t\t\n\t\t\t\t\t\t\t<\/div>\n\t\t\t\t\t\t\t\t<\/li>\n\n\t<\/ul>\n<\/div><\/div><\/div>\n\n\n\n<div style=\"height:35px\" aria-hidden=\"true\" class=\"wp-block-spacer\"><\/div>\n\n\n\n<div class=\"wp-block-group text-center\"><div class=\"wp-block-group__inner-container is-layout-flow wp-block-group-is-layout-flow\">\n<a href=\"https:\/\/luaresort.com\/wp-content\/uploads\/2022\/09\/lua-resort-balatonfured-LUA_Events_kiajanlo.pdf\" class=\"btn btn-secondary\" target=\"_blank\" rel=\"noopener\">Fact Sheet<\/a>\n<\/div><\/div>\n\n\n\n<div style=\"height:71px\" aria-hidden=\"true\" class=\"wp-block-spacer\"><\/div>\n\n\n\n<div class=\"wp-block-group alignfull grouped-content has-turquoise-background-color has-background\"><div class=\"wp-block-group__inner-container is-layout-flow wp-block-group-is-layout-flow\">\n<div class=\"wp-block-group grouped-content\"><div class=\"wp-block-group__inner-container is-layout-flow wp-block-group-is-layout-flow\">\n<div class=\"wp-block-group container\"><div class=\"wp-block-group__inner-container is-layout-flow wp-block-group-is-layout-flow\">\n<div class=\"wp-block-group grouped-content\"><div class=\"wp-block-group__inner-container is-layout-flow wp-block-group-is-layout-flow\">\n<div class=\"wp-block-group is-layout-flex wp-block-group-is-layout-flex\">\n<div class=\"wp-block-columns row is-layout-flex wp-container-core-columns-is-layout-9d6595d7 wp-block-columns-is-layout-flex\">\n<div class=\"wp-block-column col-lg-4 is-layout-flow wp-block-column-is-layout-flow\" style=\"flex-basis:33.33%\"><\/div>\n\n\n\n<div class=\"wp-block-column col-lg-8 is-layout-flow wp-block-column-is-layout-flow\" style=\"flex-basis:66.66%\">\n<h2 class=\"wp-block-heading has-text-align-left\">Kapazit\u00e4tstabelle und Etagenplan<\/h2>\n\n\n\n<div class=\"wp-block-file btn btn-secondary btn-block\"><a id=\"wp-block-file--media-4fe7764e-3f81-40db-8e7e-78d70ffb19c6\" href=\"https:\/\/luaresort.com\/wp-content\/uploads\/2022\/08\/lua-resort-balatonfured-kapacitas-alaprajz-1.pdf\" target=\"_blank\" rel=\"noreferrer noopener\">Herunterladen<\/a><\/div>\n<\/div>\n<\/div>\n<\/div>\n<\/div><\/div>\n\n\n\n<figure class=\"wp-block-image alignwide size-large\"><img data-recalc-dims=\"1\" decoding=\"async\" src=\"https:\/\/i0.wp.com\/luaresort.com\/wp-content\/uploads\/2022\/08\/lua-resort-balatonfured-kapacitas-alaprajz-1.png?w=1140&#038;ssl=1\" alt=\"\" class=\"wp-image-3260\"\/><\/figure>\n\n\n\n<div style=\"height:56px\" aria-hidden=\"true\" class=\"wp-block-spacer\"><\/div>\n\n\n\n<div class=\"text-center\"><a href=\"https:\/\/luaresort.com\/de\/angebotsanfrage\/\" class=\"btn btn-secondary\">Aj\u00e1nlatk\u00e9r\u00e9s<\/a><\/div>\n<\/div><\/div>\n<\/div><\/div>\n<\/div><\/div>\n","protected":false},"excerpt":{"rendered":"<p>Besonderer Veranstaltungsort direkt am Wasser \u2013 einzigartige Einrichtungen und Services an einem Ort. Das ger\u00e4umige Geb\u00e4ude kann flexibel f\u00fcr Gro\u00dfveranstaltungen, Konferenzen, Ausstellungen, Weihnachtsfeiern und Hochzeiten genutzt werden. Es eignet sich ebenso f\u00fcr Workshops, Bildungsprogramme, Pressekonferenzen und externe Treffen. Der vielseitige Raum kann bei Bedarf erweitert werden, um Ausstellungen aus verschiedenen Branchen zu beherbergen. Dank seiner N\u00e4he zum Plattensee und dem wundersch\u00f6n angelegten Gel\u00e4nde bieten wir eine einzigartige Veranstaltungsumgebung. Das Geb\u00e4ude besteht aus zwei R\u00e4umen, von denen jeder eine unterschiedliche Funktion erf\u00fcllt. Der erste Raum bietet eine gro\u00dfz\u00fcgige Fl\u00e4che von 231 m\u00b2 ohne st\u00f6rende S\u00e4ulen und bietet Platz f\u00fcr bis zu&#8230;<\/p>\n","protected":false},"author":2,"featured_media":8009,"parent":0,"menu_order":0,"comment_status":"closed","ping_status":"closed","template":"template-events.php","meta":{"inline_featured_image":false,"footnotes":""},"class_list":["post-13580","page","type-page","status-publish","has-post-thumbnail","hentry"],"acf":[],"yoast_head":"<!-- This site is optimized with the Yoast SEO plugin v25.8 - https:\/\/yoast.com\/wordpress\/plugins\/seo\/ -->\n<title>LUA Events - LUA Resort Balatonf\u00fcred<\/title>\n<meta name=\"description\" content=\"Veranstaltungsort am Wasser mit Panoramablick auf den Plattensee. 220 Pl\u00e4tze, ein Raum ohne st\u00f6rende S\u00e4ulen, 3 Sektionsr\u00e4ume, moderne audiovisuelle Technik und erstklassige Gastronomie.\" \/>\n<meta name=\"robots\" content=\"index, follow, max-snippet:-1, max-image-preview:large, max-video-preview:-1\" \/>\n<link rel=\"canonical\" href=\"https:\/\/luaresort.com\/de\/lua-events\/\" \/>\n<meta property=\"og:locale\" content=\"de_DE\" \/>\n<meta property=\"og:type\" content=\"article\" \/>\n<meta property=\"og:title\" content=\"LUA Events - LUA Resort Balatonf\u00fcred\" \/>\n<meta property=\"og:description\" content=\"Veranstaltungsort am Wasser mit Panoramablick auf den Plattensee. 220 Pl\u00e4tze, ein Raum ohne st\u00f6rende S\u00e4ulen, 3 Sektionsr\u00e4ume, moderne audiovisuelle Technik und erstklassige Gastronomie.\" \/>\n<meta property=\"og:url\" content=\"https:\/\/luaresort.com\/de\/lua-events\/\" \/>\n<meta property=\"og:site_name\" content=\"LUA Resort Balatonf\u00fcred\" \/>\n<meta property=\"article:publisher\" content=\"https:\/\/www.facebook.com\/luaresort\" \/>\n<meta property=\"article:modified_time\" content=\"2025-02-27T12:29:49+00:00\" \/>\n<meta property=\"og:image\" content=\"https:\/\/luaresort.com\/wp-content\/uploads\/2022\/10\/lua-resort-balatonfured-003-Lua-Rendezveny-helyszin-1024x684.jpg\" \/>\n\t<meta property=\"og:image:width\" content=\"1024\" \/>\n\t<meta property=\"og:image:height\" content=\"684\" \/>\n\t<meta property=\"og:image:type\" content=\"image\/jpeg\" \/>\n<meta name=\"twitter:card\" content=\"summary_large_image\" \/>\n<meta name=\"twitter:label1\" content=\"Gesch\u00e4tzte Lesezeit\" \/>\n\t<meta name=\"twitter:data1\" content=\"2\u00a0Minuten\" \/>\n<script type=\"application\/ld+json\" class=\"yoast-schema-graph\">{\"@context\":\"https:\/\/schema.org\",\"@graph\":[{\"@type\":\"WebPage\",\"@id\":\"https:\/\/luaresort.com\/de\/lua-events\/\",\"url\":\"https:\/\/luaresort.com\/de\/lua-events\/\",\"name\":\"LUA Events - LUA Resort Balatonf\u00fcred\",\"isPartOf\":{\"@id\":\"https:\/\/luaresort.com\/de\/#website\"},\"primaryImageOfPage\":{\"@id\":\"https:\/\/luaresort.com\/de\/lua-events\/#primaryimage\"},\"image\":{\"@id\":\"https:\/\/luaresort.com\/de\/lua-events\/#primaryimage\"},\"thumbnailUrl\":\"https:\/\/i0.wp.com\/luaresort.com\/wp-content\/uploads\/2022\/10\/lua-resort-balatonfured-003-Lua-Rendezveny-helyszin.jpg?fit=2048%2C1367&ssl=1\",\"datePublished\":\"2022-07-12T07:09:44+00:00\",\"dateModified\":\"2025-02-27T12:29:49+00:00\",\"description\":\"Veranstaltungsort am Wasser mit Panoramablick auf den Plattensee. 220 Pl\u00e4tze, ein Raum ohne st\u00f6rende S\u00e4ulen, 3 Sektionsr\u00e4ume, moderne audiovisuelle Technik und erstklassige Gastronomie.\",\"breadcrumb\":{\"@id\":\"https:\/\/luaresort.com\/de\/lua-events\/#breadcrumb\"},\"inLanguage\":\"de\",\"potentialAction\":[{\"@type\":\"ReadAction\",\"target\":[\"https:\/\/luaresort.com\/de\/lua-events\/\"]}]},{\"@type\":\"ImageObject\",\"inLanguage\":\"de\",\"@id\":\"https:\/\/luaresort.com\/de\/lua-events\/#primaryimage\",\"url\":\"https:\/\/i0.wp.com\/luaresort.com\/wp-content\/uploads\/2022\/10\/lua-resort-balatonfured-003-Lua-Rendezveny-helyszin.jpg?fit=2048%2C1367&ssl=1\",\"contentUrl\":\"https:\/\/i0.wp.com\/luaresort.com\/wp-content\/uploads\/2022\/10\/lua-resort-balatonfured-003-Lua-Rendezveny-helyszin.jpg?fit=2048%2C1367&ssl=1\",\"width\":2048,\"height\":1367},{\"@type\":\"BreadcrumbList\",\"@id\":\"https:\/\/luaresort.com\/de\/lua-events\/#breadcrumb\",\"itemListElement\":[{\"@type\":\"ListItem\",\"position\":1,\"name\":\"Kezd\u0151lap\",\"item\":\"https:\/\/luaresort.com\/de\/\"},{\"@type\":\"ListItem\",\"position\":2,\"name\":\"LUA Events\"}]},{\"@type\":\"WebSite\",\"@id\":\"https:\/\/luaresort.com\/de\/#website\",\"url\":\"https:\/\/luaresort.com\/de\/\",\"name\":\"LUA Resort Balatonf\u00fcred\",\"description\":\"LUA Resort***** Balatonf\u00fcred. Az \u00faj resort sz\u00e1llod\u00e1j\u00e1ban a j\u00f3l\u00e9t j\u00f3ll\u00e9ttel p\u00e1rosul. Felel\u0151s hedonizmus, fenntarthat\u00f3 luxus, szem\u00e9lyre szabott szolg\u00e1ltat\u00e1sok.\",\"publisher\":{\"@id\":\"https:\/\/luaresort.com\/de\/#organization\"},\"potentialAction\":[{\"@type\":\"SearchAction\",\"target\":{\"@type\":\"EntryPoint\",\"urlTemplate\":\"https:\/\/luaresort.com\/de\/?s={search_term_string}\"},\"query-input\":{\"@type\":\"PropertyValueSpecification\",\"valueRequired\":true,\"valueName\":\"search_term_string\"}}],\"inLanguage\":\"de\"},{\"@type\":\"Organization\",\"@id\":\"https:\/\/luaresort.com\/de\/#organization\",\"name\":\"LUA Resort\",\"url\":\"https:\/\/luaresort.com\/de\/\",\"logo\":{\"@type\":\"ImageObject\",\"inLanguage\":\"de\",\"@id\":\"https:\/\/luaresort.com\/de\/#\/schema\/logo\/image\/\",\"url\":\"https:\/\/luaresort.com\/wp-content\/uploads\/2022\/04\/lua-resort-logo.png\",\"contentUrl\":\"https:\/\/luaresort.com\/wp-content\/uploads\/2022\/04\/lua-resort-logo.png\",\"width\":2048,\"height\":2048,\"caption\":\"LUA Resort\"},\"image\":{\"@id\":\"https:\/\/luaresort.com\/de\/#\/schema\/logo\/image\/\"},\"sameAs\":[\"https:\/\/www.facebook.com\/luaresort\",\"https:\/\/www.instagram.com\/luaresort\/\"]}]}<\/script>\n<!-- \/ Yoast SEO plugin. -->","yoast_head_json":{"title":"LUA Events - LUA Resort Balatonf\u00fcred","description":"Veranstaltungsort am Wasser mit Panoramablick auf den Plattensee. 220 Pl\u00e4tze, ein Raum ohne st\u00f6rende S\u00e4ulen, 3 Sektionsr\u00e4ume, moderne audiovisuelle Technik und erstklassige Gastronomie.","robots":{"index":"index","follow":"follow","max-snippet":"max-snippet:-1","max-image-preview":"max-image-preview:large","max-video-preview":"max-video-preview:-1"},"canonical":"https:\/\/luaresort.com\/de\/lua-events\/","og_locale":"de_DE","og_type":"article","og_title":"LUA Events - LUA Resort Balatonf\u00fcred","og_description":"Veranstaltungsort am Wasser mit Panoramablick auf den Plattensee. 220 Pl\u00e4tze, ein Raum ohne st\u00f6rende S\u00e4ulen, 3 Sektionsr\u00e4ume, moderne audiovisuelle Technik und erstklassige Gastronomie.","og_url":"https:\/\/luaresort.com\/de\/lua-events\/","og_site_name":"LUA Resort Balatonf\u00fcred","article_publisher":"https:\/\/www.facebook.com\/luaresort","article_modified_time":"2025-02-27T12:29:49+00:00","og_image":[{"width":1024,"height":684,"url":"https:\/\/luaresort.com\/wp-content\/uploads\/2022\/10\/lua-resort-balatonfured-003-Lua-Rendezveny-helyszin-1024x684.jpg","type":"image\/jpeg"}],"twitter_card":"summary_large_image","twitter_misc":{"Gesch\u00e4tzte Lesezeit":"2\u00a0Minuten"},"schema":{"@context":"https:\/\/schema.org","@graph":[{"@type":"WebPage","@id":"https:\/\/luaresort.com\/de\/lua-events\/","url":"https:\/\/luaresort.com\/de\/lua-events\/","name":"LUA Events - LUA Resort Balatonf\u00fcred","isPartOf":{"@id":"https:\/\/luaresort.com\/de\/#website"},"primaryImageOfPage":{"@id":"https:\/\/luaresort.com\/de\/lua-events\/#primaryimage"},"image":{"@id":"https:\/\/luaresort.com\/de\/lua-events\/#primaryimage"},"thumbnailUrl":"https:\/\/i0.wp.com\/luaresort.com\/wp-content\/uploads\/2022\/10\/lua-resort-balatonfured-003-Lua-Rendezveny-helyszin.jpg?fit=2048%2C1367&ssl=1","datePublished":"2022-07-12T07:09:44+00:00","dateModified":"2025-02-27T12:29:49+00:00","description":"Veranstaltungsort am Wasser mit Panoramablick auf den Plattensee. 220 Pl\u00e4tze, ein Raum ohne st\u00f6rende S\u00e4ulen, 3 Sektionsr\u00e4ume, moderne audiovisuelle Technik und erstklassige Gastronomie.","breadcrumb":{"@id":"https:\/\/luaresort.com\/de\/lua-events\/#breadcrumb"},"inLanguage":"de","potentialAction":[{"@type":"ReadAction","target":["https:\/\/luaresort.com\/de\/lua-events\/"]}]},{"@type":"ImageObject","inLanguage":"de","@id":"https:\/\/luaresort.com\/de\/lua-events\/#primaryimage","url":"https:\/\/i0.wp.com\/luaresort.com\/wp-content\/uploads\/2022\/10\/lua-resort-balatonfured-003-Lua-Rendezveny-helyszin.jpg?fit=2048%2C1367&ssl=1","contentUrl":"https:\/\/i0.wp.com\/luaresort.com\/wp-content\/uploads\/2022\/10\/lua-resort-balatonfured-003-Lua-Rendezveny-helyszin.jpg?fit=2048%2C1367&ssl=1","width":2048,"height":1367},{"@type":"BreadcrumbList","@id":"https:\/\/luaresort.com\/de\/lua-events\/#breadcrumb","itemListElement":[{"@type":"ListItem","position":1,"name":"Kezd\u0151lap","item":"https:\/\/luaresort.com\/de\/"},{"@type":"ListItem","position":2,"name":"LUA Events"}]},{"@type":"WebSite","@id":"https:\/\/luaresort.com\/de\/#website","url":"https:\/\/luaresort.com\/de\/","name":"LUA Resort Balatonf\u00fcred","description":"LUA Resort***** Balatonf\u00fcred. Az \u00faj resort sz\u00e1llod\u00e1j\u00e1ban a j\u00f3l\u00e9t j\u00f3ll\u00e9ttel p\u00e1rosul. Felel\u0151s hedonizmus, fenntarthat\u00f3 luxus, szem\u00e9lyre szabott szolg\u00e1ltat\u00e1sok.","publisher":{"@id":"https:\/\/luaresort.com\/de\/#organization"},"potentialAction":[{"@type":"SearchAction","target":{"@type":"EntryPoint","urlTemplate":"https:\/\/luaresort.com\/de\/?s={search_term_string}"},"query-input":{"@type":"PropertyValueSpecification","valueRequired":true,"valueName":"search_term_string"}}],"inLanguage":"de"},{"@type":"Organization","@id":"https:\/\/luaresort.com\/de\/#organization","name":"LUA Resort","url":"https:\/\/luaresort.com\/de\/","logo":{"@type":"ImageObject","inLanguage":"de","@id":"https:\/\/luaresort.com\/de\/#\/schema\/logo\/image\/","url":"https:\/\/luaresort.com\/wp-content\/uploads\/2022\/04\/lua-resort-logo.png","contentUrl":"https:\/\/luaresort.com\/wp-content\/uploads\/2022\/04\/lua-resort-logo.png","width":2048,"height":2048,"caption":"LUA Resort"},"image":{"@id":"https:\/\/luaresort.com\/de\/#\/schema\/logo\/image\/"},"sameAs":["https:\/\/www.facebook.com\/luaresort","https:\/\/www.instagram.com\/luaresort\/"]}]}},"jetpack_sharing_enabled":true,"_links":{"self":[{"href":"https:\/\/luaresort.com\/de\/wp-json\/wp\/v2\/pages\/13580","targetHints":{"allow":["GET"]}}],"collection":[{"href":"https:\/\/luaresort.com\/de\/wp-json\/wp\/v2\/pages"}],"about":[{"href":"https:\/\/luaresort.com\/de\/wp-json\/wp\/v2\/types\/page"}],"author":[{"embeddable":true,"href":"https:\/\/luaresort.com\/de\/wp-json\/wp\/v2\/users\/2"}],"replies":[{"embeddable":true,"href":"https:\/\/luaresort.com\/de\/wp-json\/wp\/v2\/comments?post=13580"}],"version-history":[{"count":4,"href":"https:\/\/luaresort.com\/de\/wp-json\/wp\/v2\/pages\/13580\/revisions"}],"predecessor-version":[{"id":20461,"href":"https:\/\/luaresort.com\/de\/wp-json\/wp\/v2\/pages\/13580\/revisions\/20461"}],"wp:featuredmedia":[{"embeddable":true,"href":"https:\/\/luaresort.com\/de\/wp-json\/wp\/v2\/media\/8009"}],"wp:attachment":[{"href":"https:\/\/luaresort.com\/de\/wp-json\/wp\/v2\/media?parent=13580"}],"curies":[{"name":"wp","href":"https:\/\/api.w.org\/{rel}","templated":true}]}}