{"id":13423,"date":"2022-08-30T21:13:08","date_gmt":"2022-08-30T19:13:08","guid":{"rendered":"https:\/\/luaresort.com\/anfrage-fuer-ein-angebot\/"},"modified":"2023-08-29T10:55:32","modified_gmt":"2023-08-29T08:55:32","slug":"anfrage-fuer-ein-angebot","status":"publish","type":"page","link":"https:\/\/luaresort.com\/de\/lua-events\/anfrage-fuer-ein-angebot\/","title":{"rendered":"Anfrage f\u00fcr ein Angebot"},"content":{"rendered":"\n<div class=\"wp-block-group\"><div class=\"wp-block-group__inner-container is-layout-flow wp-block-group-is-layout-flow\">\n<div class=\"wp-block-contact-form-7-contact-form-selector\"><p class=\"wpcf7-contact-form-not-found\"><strong>Fehler:<\/strong> Kontaktformular wurde nicht gefunden.<\/p><\/div>\r\n<\/div><\/div>\n","protected":false},"excerpt":{"rendered":"","protected":false},"author":1,"featured_media":0,"parent":13580,"menu_order":0,"comment_status":"closed","ping_status":"closed","template":"template-events.php","meta":{"inline_featured_image":false,"footnotes":""},"class_list":["post-13423","page","type-page","status-publish","hentry"],"acf":[],"yoast_head":"<!-- This site is optimized with the Yoast SEO plugin v25.8 - https:\/\/yoast.com\/wordpress\/plugins\/seo\/ -->\n<title>Anfrage f\u00fcr ein Angebot - LUA Resort Balatonf\u00fcred<\/title>\n<meta name=\"robots\" content=\"index, follow, max-snippet:-1, max-image-preview:large, max-video-preview:-1\" \/>\n<link rel=\"canonical\" href=\"https:\/\/luaresort.com\/de\/lua-events\/anfrage-fuer-ein-angebot\/\" \/>\n<meta property=\"og:locale\" content=\"de_DE\" \/>\n<meta property=\"og:type\" content=\"article\" \/>\n<meta property=\"og:title\" content=\"Anfrage f\u00fcr ein Angebot - LUA Resort Balatonf\u00fcred\" \/>\n<meta property=\"og:url\" content=\"https:\/\/luaresort.com\/de\/lua-events\/anfrage-fuer-ein-angebot\/\" \/>\n<meta property=\"og:site_name\" content=\"LUA Resort Balatonf\u00fcred\" \/>\n<meta property=\"article:publisher\" content=\"https:\/\/www.facebook.com\/luaresort\" \/>\n<meta property=\"article:modified_time\" content=\"2023-08-29T08:55:32+00:00\" \/>\n<meta name=\"twitter:card\" content=\"summary_large_image\" \/>\n<script type=\"application\/ld+json\" class=\"yoast-schema-graph\">{\"@context\":\"https:\/\/schema.org\",\"@graph\":[{\"@type\":\"WebPage\",\"@id\":\"https:\/\/luaresort.com\/de\/lua-events\/anfrage-fuer-ein-angebot\/\",\"url\":\"https:\/\/luaresort.com\/de\/lua-events\/anfrage-fuer-ein-angebot\/\",\"name\":\"Anfrage f\u00fcr ein Angebot - LUA Resort Balatonf\u00fcred\",\"isPartOf\":{\"@id\":\"https:\/\/luaresort.com\/de\/#website\"},\"datePublished\":\"2022-08-30T19:13:08+00:00\",\"dateModified\":\"2023-08-29T08:55:32+00:00\",\"breadcrumb\":{\"@id\":\"https:\/\/luaresort.com\/de\/lua-events\/anfrage-fuer-ein-angebot\/#breadcrumb\"},\"inLanguage\":\"de\",\"potentialAction\":[{\"@type\":\"ReadAction\",\"target\":[\"https:\/\/luaresort.com\/de\/lua-events\/anfrage-fuer-ein-angebot\/\"]}]},{\"@type\":\"BreadcrumbList\",\"@id\":\"https:\/\/luaresort.com\/de\/lua-events\/anfrage-fuer-ein-angebot\/#breadcrumb\",\"itemListElement\":[{\"@type\":\"ListItem\",\"position\":1,\"name\":\"Kezd\u0151lap\",\"item\":\"https:\/\/luaresort.com\/de\/\"},{\"@type\":\"ListItem\",\"position\":2,\"name\":\"Anfrage f\u00fcr ein Angebot\"}]},{\"@type\":\"WebSite\",\"@id\":\"https:\/\/luaresort.com\/de\/#website\",\"url\":\"https:\/\/luaresort.com\/de\/\",\"name\":\"LUA Resort Balatonf\u00fcred\",\"description\":\"LUA Resort***** Balatonf\u00fcred. Az \u00faj resort sz\u00e1llod\u00e1j\u00e1ban a j\u00f3l\u00e9t j\u00f3ll\u00e9ttel p\u00e1rosul. Felel\u0151s hedonizmus, fenntarthat\u00f3 luxus, szem\u00e9lyre szabott szolg\u00e1ltat\u00e1sok.\",\"publisher\":{\"@id\":\"https:\/\/luaresort.com\/de\/#organization\"},\"potentialAction\":[{\"@type\":\"SearchAction\",\"target\":{\"@type\":\"EntryPoint\",\"urlTemplate\":\"https:\/\/luaresort.com\/de\/?s={search_term_string}\"},\"query-input\":{\"@type\":\"PropertyValueSpecification\",\"valueRequired\":true,\"valueName\":\"search_term_string\"}}],\"inLanguage\":\"de\"},{\"@type\":\"Organization\",\"@id\":\"https:\/\/luaresort.com\/de\/#organization\",\"name\":\"LUA Resort\",\"url\":\"https:\/\/luaresort.com\/de\/\",\"logo\":{\"@type\":\"ImageObject\",\"inLanguage\":\"de\",\"@id\":\"https:\/\/luaresort.com\/de\/#\/schema\/logo\/image\/\",\"url\":\"https:\/\/luaresort.com\/wp-content\/uploads\/2022\/04\/lua-resort-logo.png\",\"contentUrl\":\"https:\/\/luaresort.com\/wp-content\/uploads\/2022\/04\/lua-resort-logo.png\",\"width\":2048,\"height\":2048,\"caption\":\"LUA Resort\"},\"image\":{\"@id\":\"https:\/\/luaresort.com\/de\/#\/schema\/logo\/image\/\"},\"sameAs\":[\"https:\/\/www.facebook.com\/luaresort\",\"https:\/\/www.instagram.com\/luaresort\/\"]}]}<\/script>\n<!-- \/ Yoast SEO plugin. -->","yoast_head_json":{"title":"Anfrage f\u00fcr ein Angebot - LUA Resort Balatonf\u00fcred","robots":{"index":"index","follow":"follow","max-snippet":"max-snippet:-1","max-image-preview":"max-image-preview:large","max-video-preview":"max-video-preview:-1"},"canonical":"https:\/\/luaresort.com\/de\/lua-events\/anfrage-fuer-ein-angebot\/","og_locale":"de_DE","og_type":"article","og_title":"Anfrage f\u00fcr ein Angebot - LUA Resort Balatonf\u00fcred","og_url":"https:\/\/luaresort.com\/de\/lua-events\/anfrage-fuer-ein-angebot\/","og_site_name":"LUA Resort Balatonf\u00fcred","article_publisher":"https:\/\/www.facebook.com\/luaresort","article_modified_time":"2023-08-29T08:55:32+00:00","twitter_card":"summary_large_image","schema":{"@context":"https:\/\/schema.org","@graph":[{"@type":"WebPage","@id":"https:\/\/luaresort.com\/de\/lua-events\/anfrage-fuer-ein-angebot\/","url":"https:\/\/luaresort.com\/de\/lua-events\/anfrage-fuer-ein-angebot\/","name":"Anfrage f\u00fcr ein Angebot - LUA Resort Balatonf\u00fcred","isPartOf":{"@id":"https:\/\/luaresort.com\/de\/#website"},"datePublished":"2022-08-30T19:13:08+00:00","dateModified":"2023-08-29T08:55:32+00:00","breadcrumb":{"@id":"https:\/\/luaresort.com\/de\/lua-events\/anfrage-fuer-ein-angebot\/#breadcrumb"},"inLanguage":"de","potentialAction":[{"@type":"ReadAction","target":["https:\/\/luaresort.com\/de\/lua-events\/anfrage-fuer-ein-angebot\/"]}]},{"@type":"BreadcrumbList","@id":"https:\/\/luaresort.com\/de\/lua-events\/anfrage-fuer-ein-angebot\/#breadcrumb","itemListElement":[{"@type":"ListItem","position":1,"name":"Kezd\u0151lap","item":"https:\/\/luaresort.com\/de\/"},{"@type":"ListItem","position":2,"name":"Anfrage f\u00fcr ein Angebot"}]},{"@type":"WebSite","@id":"https:\/\/luaresort.com\/de\/#website","url":"https:\/\/luaresort.com\/de\/","name":"LUA Resort Balatonf\u00fcred","description":"LUA Resort***** Balatonf\u00fcred. Az \u00faj resort sz\u00e1llod\u00e1j\u00e1ban a j\u00f3l\u00e9t j\u00f3ll\u00e9ttel p\u00e1rosul. Felel\u0151s hedonizmus, fenntarthat\u00f3 luxus, szem\u00e9lyre szabott szolg\u00e1ltat\u00e1sok.","publisher":{"@id":"https:\/\/luaresort.com\/de\/#organization"},"potentialAction":[{"@type":"SearchAction","target":{"@type":"EntryPoint","urlTemplate":"https:\/\/luaresort.com\/de\/?s={search_term_string}"},"query-input":{"@type":"PropertyValueSpecification","valueRequired":true,"valueName":"search_term_string"}}],"inLanguage":"de"},{"@type":"Organization","@id":"https:\/\/luaresort.com\/de\/#organization","name":"LUA Resort","url":"https:\/\/luaresort.com\/de\/","logo":{"@type":"ImageObject","inLanguage":"de","@id":"https:\/\/luaresort.com\/de\/#\/schema\/logo\/image\/","url":"https:\/\/luaresort.com\/wp-content\/uploads\/2022\/04\/lua-resort-logo.png","contentUrl":"https:\/\/luaresort.com\/wp-content\/uploads\/2022\/04\/lua-resort-logo.png","width":2048,"height":2048,"caption":"LUA Resort"},"image":{"@id":"https:\/\/luaresort.com\/de\/#\/schema\/logo\/image\/"},"sameAs":["https:\/\/www.facebook.com\/luaresort","https:\/\/www.instagram.com\/luaresort\/"]}]}},"jetpack_sharing_enabled":true,"_links":{"self":[{"href":"https:\/\/luaresort.com\/de\/wp-json\/wp\/v2\/pages\/13423","targetHints":{"allow":["GET"]}}],"collection":[{"href":"https:\/\/luaresort.com\/de\/wp-json\/wp\/v2\/pages"}],"about":[{"href":"https:\/\/luaresort.com\/de\/wp-json\/wp\/v2\/types\/page"}],"author":[{"embeddable":true,"href":"https:\/\/luaresort.com\/de\/wp-json\/wp\/v2\/users\/1"}],"replies":[{"embeddable":true,"href":"https:\/\/luaresort.com\/de\/wp-json\/wp\/v2\/comments?post=13423"}],"version-history":[{"count":1,"href":"https:\/\/luaresort.com\/de\/wp-json\/wp\/v2\/pages\/13423\/revisions"}],"predecessor-version":[{"id":13424,"href":"https:\/\/luaresort.com\/de\/wp-json\/wp\/v2\/pages\/13423\/revisions\/13424"}],"up":[{"embeddable":true,"href":"https:\/\/luaresort.com\/de\/wp-json\/wp\/v2\/pages\/13580"}],"wp:attachment":[{"href":"https:\/\/luaresort.com\/de\/wp-json\/wp\/v2\/media?parent=13423"}],"curies":[{"name":"wp","href":"https:\/\/api.w.org\/{rel}","templated":true}]}}