{"id":13101,"date":"2023-08-20T19:25:45","date_gmt":"2023-08-20T17:25:45","guid":{"rendered":"https:\/\/luaresort.com\/spa-etikette\/"},"modified":"2023-08-20T19:37:33","modified_gmt":"2023-08-20T17:37:33","slug":"spa-etikette","status":"publish","type":"page","link":"https:\/\/luaresort.com\/de\/spa-etikette\/","title":{"rendered":"Spa-Etikette"},"content":{"rendered":"\n<p>Lieber Gast!<\/p>\n\n<p>Das LUA Spa ist ein Ort der Entspannung, Ruhe und vollkommenen Harmonie f\u00fcr unsere gesch\u00e4tzten G\u00e4ste. Bitte unterst\u00fctzen Sie uns dabei, diese friedliche Atmosph\u00e4re zu bewahren.<\/p>\n\n<ul class=\"wp-block-list\">\n<li>Tragen Sie bitte stets angemessene Kleidung. Die Saunen im LUA Spa k\u00f6nnen mit Badeanzug oder auf einer Saunamatte genutzt werden.<\/li>\n\n\n\n<li>Handt\u00fccher werden von LUA Spa im Wellness- und Fitnessbereich zur Verf\u00fcgung gestellt.<\/li>\n\n\n\n<li>Um Ihr Erlebnis zu verbessern, empfehlen wir, vor der Nutzung des Pools oder der Sauna Ihre K\u00f6rpertemperatur durch eine Kaltwasserdusche zu senken, beginnend bei den F\u00fc\u00dfen und dann schrittweise den gesamten K\u00f6rper abzuk\u00fchlen.<\/li>\n\n\n\n<li>Bevor Sie die Vorz\u00fcge unserer Saunen genie\u00dfen, sollten Sie ausreichend Wasser trinken, um sicherzustellen, dass Ihr K\u00f6rper ausreichend hydratisiert ist.<\/li>\n\n\n\n<li>Es wird empfohlen, nach 5-10 Minuten Saunaaufenthalt eine Pause von 5-10 Minuten einzulegen, um Ihren Fl\u00fcssigkeitshaushalt wieder auszugleichen.<\/li>\n\n\n\n<li>Wenn Sie eine im Voraus gebuchte Spa- oder Sch\u00f6nheitsbehandlung nicht wahrnehmen k\u00f6nnen, bitte sagen Sie diese mindestens 4 Stunden vor dem Termin ab.<\/li>\n\n\n\n<li>LUA Resort*****Balatonf\u00fcred ist ein Hotel, das ausschlie\u00dflich f\u00fcr Erwachsene konzipiert ist. Daher ist der Zutritt zum LUA Spa nur G\u00e4sten ab 14 Jahren gestattet.<\/li>\n\n\n\n<li>Bitte beachten Sie, dass LUA Resort*****Balatonf\u00fcred keine Verantwortung f\u00fcr Ihre Gesundheit w\u00e4hrend Ihres Besuchs im LUA Spa \u00fcbernimmt.<\/li>\n\n\n\n<li>Zudem haftet LUA Resort*****Balatonf\u00fcred nicht f\u00fcr verlorene pers\u00f6nliche Gegenst\u00e4nde. W\u00e4hrend Ihres Aufenthalts im LUA Spa stellen wir unseren G\u00e4sten gerne kostenfrei abschlie\u00dfbare Schlie\u00dff\u00e4cher zur Verf\u00fcgung.<\/li>\n<\/ul>\n\n<p>Vielen Dank, dass Sie das LUA Spa gew\u00e4hlt haben. Wir w\u00fcnschen Ihnen einen entspannten und erfrischenden Aufenthalt.<\/p>\n\n<p>Mit freundlichen Gr\u00fc\u00dfen, Die Hotelleitung<\/p>\n","protected":false},"excerpt":{"rendered":"<p>Lieber Gast! Das LUA Spa ist ein Ort der Entspannung, Ruhe und vollkommenen Harmonie f\u00fcr unsere gesch\u00e4tzten G\u00e4ste. Bitte unterst\u00fctzen Sie uns dabei, diese friedliche Atmosph\u00e4re zu bewahren. Vielen Dank, dass Sie das LUA Spa gew\u00e4hlt haben. Wir w\u00fcnschen Ihnen einen entspannten und erfrischenden Aufenthalt. Mit freundlichen Gr\u00fc\u00dfen, Die Hotelleitung<\/p>\n","protected":false},"author":2,"featured_media":0,"parent":0,"menu_order":0,"comment_status":"closed","ping_status":"closed","template":"template-contact.php","meta":{"inline_featured_image":false,"footnotes":""},"class_list":["post-13101","page","type-page","status-publish","hentry"],"acf":[],"yoast_head":"<!-- This site is optimized with the Yoast SEO plugin v25.8 - https:\/\/yoast.com\/wordpress\/plugins\/seo\/ -->\n<title>Spa-Etikette - LUA Resort Balatonf\u00fcred<\/title>\n<meta name=\"robots\" content=\"index, follow, max-snippet:-1, max-image-preview:large, max-video-preview:-1\" \/>\n<link rel=\"canonical\" href=\"https:\/\/luaresort.com\/de\/spa-etikette\/\" \/>\n<meta property=\"og:locale\" content=\"de_DE\" \/>\n<meta property=\"og:type\" content=\"article\" \/>\n<meta property=\"og:title\" content=\"Spa-Etikette - LUA Resort Balatonf\u00fcred\" \/>\n<meta property=\"og:description\" content=\"Lieber Gast! Das LUA Spa ist ein Ort der Entspannung, Ruhe und vollkommenen Harmonie f\u00fcr unsere gesch\u00e4tzten G\u00e4ste. Bitte unterst\u00fctzen Sie uns dabei, diese friedliche Atmosph\u00e4re zu bewahren. Vielen Dank, dass Sie das LUA Spa gew\u00e4hlt haben. Wir w\u00fcnschen Ihnen einen entspannten und erfrischenden Aufenthalt. Mit freundlichen Gr\u00fc\u00dfen, Die Hotelleitung\" \/>\n<meta property=\"og:url\" content=\"https:\/\/luaresort.com\/de\/spa-etikette\/\" \/>\n<meta property=\"og:site_name\" content=\"LUA Resort Balatonf\u00fcred\" \/>\n<meta property=\"article:publisher\" content=\"https:\/\/www.facebook.com\/luaresort\" \/>\n<meta property=\"article:modified_time\" content=\"2023-08-20T17:37:33+00:00\" \/>\n<meta name=\"twitter:card\" content=\"summary_large_image\" \/>\n<meta name=\"twitter:label1\" content=\"Gesch\u00e4tzte Lesezeit\" \/>\n\t<meta name=\"twitter:data1\" content=\"1\u00a0Minute\" \/>\n<script type=\"application\/ld+json\" class=\"yoast-schema-graph\">{\"@context\":\"https:\/\/schema.org\",\"@graph\":[{\"@type\":\"WebPage\",\"@id\":\"https:\/\/luaresort.com\/de\/spa-etikette\/\",\"url\":\"https:\/\/luaresort.com\/de\/spa-etikette\/\",\"name\":\"Spa-Etikette - LUA Resort Balatonf\u00fcred\",\"isPartOf\":{\"@id\":\"https:\/\/luaresort.com\/de\/#website\"},\"datePublished\":\"2023-08-20T17:25:45+00:00\",\"dateModified\":\"2023-08-20T17:37:33+00:00\",\"breadcrumb\":{\"@id\":\"https:\/\/luaresort.com\/de\/spa-etikette\/#breadcrumb\"},\"inLanguage\":\"de\",\"potentialAction\":[{\"@type\":\"ReadAction\",\"target\":[\"https:\/\/luaresort.com\/de\/spa-etikette\/\"]}]},{\"@type\":\"BreadcrumbList\",\"@id\":\"https:\/\/luaresort.com\/de\/spa-etikette\/#breadcrumb\",\"itemListElement\":[{\"@type\":\"ListItem\",\"position\":1,\"name\":\"Kezd\u0151lap\",\"item\":\"https:\/\/luaresort.com\/de\/\"},{\"@type\":\"ListItem\",\"position\":2,\"name\":\"Spa-Etikette\"}]},{\"@type\":\"WebSite\",\"@id\":\"https:\/\/luaresort.com\/de\/#website\",\"url\":\"https:\/\/luaresort.com\/de\/\",\"name\":\"LUA Resort Balatonf\u00fcred\",\"description\":\"LUA Resort***** Balatonf\u00fcred. Az \u00faj resort sz\u00e1llod\u00e1j\u00e1ban a j\u00f3l\u00e9t j\u00f3ll\u00e9ttel p\u00e1rosul. Felel\u0151s hedonizmus, fenntarthat\u00f3 luxus, szem\u00e9lyre szabott szolg\u00e1ltat\u00e1sok.\",\"publisher\":{\"@id\":\"https:\/\/luaresort.com\/de\/#organization\"},\"potentialAction\":[{\"@type\":\"SearchAction\",\"target\":{\"@type\":\"EntryPoint\",\"urlTemplate\":\"https:\/\/luaresort.com\/de\/?s={search_term_string}\"},\"query-input\":{\"@type\":\"PropertyValueSpecification\",\"valueRequired\":true,\"valueName\":\"search_term_string\"}}],\"inLanguage\":\"de\"},{\"@type\":\"Organization\",\"@id\":\"https:\/\/luaresort.com\/de\/#organization\",\"name\":\"LUA Resort\",\"url\":\"https:\/\/luaresort.com\/de\/\",\"logo\":{\"@type\":\"ImageObject\",\"inLanguage\":\"de\",\"@id\":\"https:\/\/luaresort.com\/de\/#\/schema\/logo\/image\/\",\"url\":\"https:\/\/luaresort.com\/wp-content\/uploads\/2022\/04\/lua-resort-logo.png\",\"contentUrl\":\"https:\/\/luaresort.com\/wp-content\/uploads\/2022\/04\/lua-resort-logo.png\",\"width\":2048,\"height\":2048,\"caption\":\"LUA Resort\"},\"image\":{\"@id\":\"https:\/\/luaresort.com\/de\/#\/schema\/logo\/image\/\"},\"sameAs\":[\"https:\/\/www.facebook.com\/luaresort\",\"https:\/\/www.instagram.com\/luaresort\/\"]}]}<\/script>\n<!-- \/ Yoast SEO plugin. -->","yoast_head_json":{"title":"Spa-Etikette - LUA Resort Balatonf\u00fcred","robots":{"index":"index","follow":"follow","max-snippet":"max-snippet:-1","max-image-preview":"max-image-preview:large","max-video-preview":"max-video-preview:-1"},"canonical":"https:\/\/luaresort.com\/de\/spa-etikette\/","og_locale":"de_DE","og_type":"article","og_title":"Spa-Etikette - LUA Resort Balatonf\u00fcred","og_description":"Lieber Gast! Das LUA Spa ist ein Ort der Entspannung, Ruhe und vollkommenen Harmonie f\u00fcr unsere gesch\u00e4tzten G\u00e4ste. Bitte unterst\u00fctzen Sie uns dabei, diese friedliche Atmosph\u00e4re zu bewahren. Vielen Dank, dass Sie das LUA Spa gew\u00e4hlt haben. Wir w\u00fcnschen Ihnen einen entspannten und erfrischenden Aufenthalt. Mit freundlichen Gr\u00fc\u00dfen, Die Hotelleitung","og_url":"https:\/\/luaresort.com\/de\/spa-etikette\/","og_site_name":"LUA Resort Balatonf\u00fcred","article_publisher":"https:\/\/www.facebook.com\/luaresort","article_modified_time":"2023-08-20T17:37:33+00:00","twitter_card":"summary_large_image","twitter_misc":{"Gesch\u00e4tzte Lesezeit":"1\u00a0Minute"},"schema":{"@context":"https:\/\/schema.org","@graph":[{"@type":"WebPage","@id":"https:\/\/luaresort.com\/de\/spa-etikette\/","url":"https:\/\/luaresort.com\/de\/spa-etikette\/","name":"Spa-Etikette - LUA Resort Balatonf\u00fcred","isPartOf":{"@id":"https:\/\/luaresort.com\/de\/#website"},"datePublished":"2023-08-20T17:25:45+00:00","dateModified":"2023-08-20T17:37:33+00:00","breadcrumb":{"@id":"https:\/\/luaresort.com\/de\/spa-etikette\/#breadcrumb"},"inLanguage":"de","potentialAction":[{"@type":"ReadAction","target":["https:\/\/luaresort.com\/de\/spa-etikette\/"]}]},{"@type":"BreadcrumbList","@id":"https:\/\/luaresort.com\/de\/spa-etikette\/#breadcrumb","itemListElement":[{"@type":"ListItem","position":1,"name":"Kezd\u0151lap","item":"https:\/\/luaresort.com\/de\/"},{"@type":"ListItem","position":2,"name":"Spa-Etikette"}]},{"@type":"WebSite","@id":"https:\/\/luaresort.com\/de\/#website","url":"https:\/\/luaresort.com\/de\/","name":"LUA Resort Balatonf\u00fcred","description":"LUA Resort***** Balatonf\u00fcred. Az \u00faj resort sz\u00e1llod\u00e1j\u00e1ban a j\u00f3l\u00e9t j\u00f3ll\u00e9ttel p\u00e1rosul. Felel\u0151s hedonizmus, fenntarthat\u00f3 luxus, szem\u00e9lyre szabott szolg\u00e1ltat\u00e1sok.","publisher":{"@id":"https:\/\/luaresort.com\/de\/#organization"},"potentialAction":[{"@type":"SearchAction","target":{"@type":"EntryPoint","urlTemplate":"https:\/\/luaresort.com\/de\/?s={search_term_string}"},"query-input":{"@type":"PropertyValueSpecification","valueRequired":true,"valueName":"search_term_string"}}],"inLanguage":"de"},{"@type":"Organization","@id":"https:\/\/luaresort.com\/de\/#organization","name":"LUA Resort","url":"https:\/\/luaresort.com\/de\/","logo":{"@type":"ImageObject","inLanguage":"de","@id":"https:\/\/luaresort.com\/de\/#\/schema\/logo\/image\/","url":"https:\/\/luaresort.com\/wp-content\/uploads\/2022\/04\/lua-resort-logo.png","contentUrl":"https:\/\/luaresort.com\/wp-content\/uploads\/2022\/04\/lua-resort-logo.png","width":2048,"height":2048,"caption":"LUA Resort"},"image":{"@id":"https:\/\/luaresort.com\/de\/#\/schema\/logo\/image\/"},"sameAs":["https:\/\/www.facebook.com\/luaresort","https:\/\/www.instagram.com\/luaresort\/"]}]}},"jetpack_sharing_enabled":true,"_links":{"self":[{"href":"https:\/\/luaresort.com\/de\/wp-json\/wp\/v2\/pages\/13101","targetHints":{"allow":["GET"]}}],"collection":[{"href":"https:\/\/luaresort.com\/de\/wp-json\/wp\/v2\/pages"}],"about":[{"href":"https:\/\/luaresort.com\/de\/wp-json\/wp\/v2\/types\/page"}],"author":[{"embeddable":true,"href":"https:\/\/luaresort.com\/de\/wp-json\/wp\/v2\/users\/2"}],"replies":[{"embeddable":true,"href":"https:\/\/luaresort.com\/de\/wp-json\/wp\/v2\/comments?post=13101"}],"version-history":[{"count":1,"href":"https:\/\/luaresort.com\/de\/wp-json\/wp\/v2\/pages\/13101\/revisions"}],"predecessor-version":[{"id":13102,"href":"https:\/\/luaresort.com\/de\/wp-json\/wp\/v2\/pages\/13101\/revisions\/13102"}],"wp:attachment":[{"href":"https:\/\/luaresort.com\/de\/wp-json\/wp\/v2\/media?parent=13101"}],"curies":[{"name":"wp","href":"https:\/\/api.w.org\/{rel}","templated":true}]}}